{"id":34,"date":"2011-08-22T18:31:01","date_gmt":"2011-08-22T18:31:01","guid":{"rendered":"http:\/\/blogs.dickinson.edu\/aldiladelponte\/?page_id=34"},"modified":"2022-12-28T20:55:38","modified_gmt":"2022-12-28T20:55:38","slug":"podcast","status":"publish","type":"page","link":"https:\/\/blogs.dickinson.edu\/aldiladelponte\/podcast\/","title":{"rendered":"Podcast"},"content":{"rendered":"<p style=\"text-align: center\"><strong>Learning Italian<\/strong><\/p>\n<ul>\n<li><a href=\"http:\/\/player.fm\/series\/learn-italian-italianpod101com\">ItalianPod101.com<\/a><\/li>\n<li><a href=\"http:\/\/player.fm\/series\/lets-speak-italian\/\">Let&#8217;s speak italian<\/a><\/li>\n<li><a href=\"http:\/\/www.learnoutloud.com\/Podcast-Directory\/Languages\/Italian\/SurvivalPhrases--Italian-Podcast\/30514#plink\">Survival Phrases<\/a><\/li>\n<li><a href=\"http:\/\/www.learnoutloud.com\/Podcast-Directory\/Languages\/Italian\/One-Minute-Italian-Podcast\/47521#plink\">One Minute Italian<\/a><\/li>\n<li><a href=\"http:\/\/coerll.utexas.edu\/ra\/sitemap.php\">Radio Arlecchino Podcast<\/a><\/li>\n<li><a href=\"https:\/\/itunes.apple.com\/us\/podcast\/coffee-break-italian\/id958179457?mt=2\">Coffee Break Italian<\/a><\/li>\n<li><a href=\"https:\/\/podcastitaliano.com\/\">Podcast italiano<\/a><\/li>\n<li><a href=\"https:\/\/www.youtube.com\/lucreziaoddone\">Learn Italian with Lucrezia<\/a><\/li>\n<\/ul>\n<p style=\"text-align: center\"><strong>News<\/strong><\/p>\n<ul>\n<li style=\"text-align: left\"><a href=\"http:\/\/player.fm\/series\/italian-podcast\">News in Slow Italian<\/a><\/li>\n<\/ul>\n<p style=\"text-align: center\"><strong>RAI<\/strong><\/p>\n<ul>\n<li><a href=\"https:\/\/www.raiplaysound.it\/generi\">All Podcasts Provided by the RAI<\/a><\/li>\n<\/ul>\n<p style=\"text-align: center\"><strong>Politica americana (in italiano)<\/strong><\/p>\n<ul>\n<li><a href=\"https:\/\/itunes.apple.com\/us\/podcast\/da-costa-a-costa\/id1111787236?mt=2\">Da Costa a Costa <\/a>&#8211;\u00a0Dopo le elezioni pi\u00f9 incredibili della storia, continua il viaggio di Francesco Costa nella societ\u00e0 e nella politica americane. Prodotto da Piano P.<\/li>\n<\/ul>\n<p>&nbsp;<\/p>\n<p style=\"text-align: center\"><strong>Podcast sull&#8217;Italia e sull&#8217;italiano<\/strong><\/p>\n<ul>\n<li><a href=\"http:\/\/www.grparlamento.rai.it\/dl\/portaleRadio\/media\/ContentItem-dbedd1a8-5b53-4b5e-8486-bccbd36f3309.html\" target=\"_blank\" rel=\"noopener noreferrer\">L&#8217;Italia che va<\/a> &#8211;\u00a0Daniel Della Seta ci racconta l&#8217;Italia, il paese delle eccellenze con i suoi fatti, notizie e curiosit\u00e0. Tante storie, incontri ed esperienze dall&#8217;Italia che lavora. Il programma si articola in tre rubriche: I mestieri dell&#8217;Italia che va: tradizione, formazione, innovazione, tecnologia; Incontri allo specchio: i protagonisti dell&#8217;Italia che va; Due minuti per&#8230;: suggerimenti, annotazioni, curiosit\u00e0.<\/li>\n<li><a href=\"https:\/\/www.raiplaysound.it\/programmi\/lalinguabatte\" target=\"_blank\" rel=\"noopener noreferrer\">La Lingua Batte<\/a> &#8211;\u00a0La lingua batte \u00e8, un osservatorio sullo stato e sull&#8217;evoluzione della lingua italiana nei suoi vari aspetti: l&#8217;italiano della comunicazione e l&#8217;e-taliano digitale, l&#8217;italiano che si sente nelle canzoni e quello che s&#8217;insegna (agli italiani e agli stranieri), il lessico e la grammatica, i linguaggi tecnici e i dialetti.<\/li>\n<\/ul>\n<p style=\"text-align: center\"><strong>Programmi Radio<\/strong><\/p>\n<ul>\n<li><a href=\"https:\/\/www.raiplaysound.it\/programmi\/ilruggitodelconiglio\" target=\"_blank\" rel=\"noopener noreferrer\">Il Ruggito del Coniglio<\/a> &#8211;\u00a0Le battute fulminanti di Marco Presta e Antonello Dose che commentano le notizie lette in diretta dalle prime pagine dei quotidiani, selezionndole e interpretandole con la loro pungente ironia.<\/li>\n<li><a href=\"https:\/\/www.raiplaysound.it\/programmi\/caterpillar\" target=\"_blank\" rel=\"noopener noreferrer\">Caterpillar<\/a> &#8211;\u00a0Attualit\u00e0, collegamenti telefonici dall&#8217;Italia e dal mondo intero. Massimo Cirri, Paolo Maggioni e Sara Zambotti affrontano gli argomenti con curiosit\u00e0 e ironia scegliendo i brani pi\u00f9 originali e ricercati.<\/li>\n<li><a href=\"https:\/\/www.deejay.it\/programmi\/ciao-belli\/puntate\/\" target=\"_blank\" rel=\"noopener noreferrer\">Ciao Belli!<\/a> &#8211;\u00a0Entra nel mondo di Ciao Belli con Roberto Ferrari, Digei Angelo e tutti i loro personaggi!<\/li>\n<li><a href=\"https:\/\/www.raiplaysound.it\/programmi\/lilloegreg610\" target=\"_blank\" rel=\"noopener noreferrer\">Lillo e Greg 610 <\/a>&#8211;\u00a0La Premiata Agenzia di Sei Uno Zero: Lillo, Greg e Alex Braga a caccia di nuovi talenti.<\/li>\n<li><a href=\"https:\/\/www.raiplaysound.it\/programmi\/lagranderadio\" target=\"_blank\" rel=\"noopener noreferrer\">La Grande Radio<\/a> &#8211;\u00a0Dall&#8217;archivio storico della radio: i programmi che hanno accompagnato la nostra storia personale, dai &#8220;classici&#8221; a quelli che hanno rivoluzionato il linguaggio radiofonico.<\/li>\n<li><a href=\"https:\/\/www.radio24.ilsole24ore.com\/programmi\/lazanzara\" target=\"_blank\" rel=\"noopener noreferrer\">La Zanzara<\/a> &#8211;\u00a0Giuseppe Cruciani conduce &#8220;La zanzara&#8221;, l&#8217;attualit\u00e0 senza tab\u00f9, senza censure, senza tagli alle vostre opinioni. Alla fine della giornata, con i titoli dei telegiornali in diretta, inchieste, voci catturate dalle tv di tutto il mondo e ospiti che non avete mai sentito, &#8220;La zanzara&#8221; diventa la zona franca degli ascoltatori, uno spazio nemico della banalit\u00e0, l&#8217;arena dove il primo comandamento \u00e8 parlare chiaro.<\/li>\n<\/ul>\n<p style=\"text-align: center\"><strong>Notizie<\/strong><\/p>\n<ul>\n<li><a href=\"https:\/\/www.raiplaysound.it\/programmi\/primapagina\" target=\"_blank\" rel=\"noopener noreferrer\">Prima Pagina<\/a> &#8211;\u00a0Trasmissione dedicata alla lettura e al commento quotidiano dei giornali.<\/li>\n<li><a href=\"https:\/\/www.raiplaysound.it\/programmi\/radioanchio\" target=\"_blank\" rel=\"noopener noreferrer\">Radio anch&#8217;io<\/a> &#8211; I protagonisti della politica, dell&#8217;economia, della vita sociale, culturale e religiosa a confronto con i cittadini sui grandi temi di attualit\u00e0. Inviati sul campo, inchieste, musica di qualit\u00e0. E voci, tante voci: numero verde per le telefonate, mail, sms, facebook, twitter. Sempre di pi\u00f9 una grande conversazione nazionale.<\/li>\n<li><a href=\"https:\/\/www.raiplaysound.it\/programmi\/radio3mondo\" target=\"_blank\" rel=\"noopener noreferrer\">Radio3mondo <\/a>&#8211;\u00a0il programma racconta ogni mattina l&#8217;attualit\u00e0 internazionale, guardando all&#8217;Italia, all&#8217;Europa e agli altri continenti. Offre quotidianamente una scelta ragionata degli articoli delle maggiori testate straniere nella rassegna stampa in onda alle 6.50. E continua a parlare di mondo con i suoi protagonisti alle ore 11.30 mettendo a fuoco eventi, luoghi e storie.<\/li>\n<li><a href=\"https:\/\/www.raiplaysound.it\/programmi\/tuttalacittaneparla\" target=\"_blank\" rel=\"noopener noreferrer\">Tutta la citt\u00e0 ne parla<\/a> &#8211;\u00a0La citt\u00e0 \u00e8 il luogo dove vogliamo indagare e discutere i temi proposti dagli ascoltatori di Radio3. Ogni giorno, a partire dalle telefonate che arrivano nel corso di Prima Pagina, le domande, gli spunti, i nodi della contemporaneit\u00e0, e le risposte dei nostri ospiti.<\/li>\n<li><a href=\"https:\/\/www.raiplaysound.it\/programmi\/vocidalmondo\" target=\"_blank\" rel=\"noopener noreferrer\">Voci dal mondo<\/a> &#8211;\u00a0&#8220;Voci dal mondo&#8221; \u00e8 il settimanale di attualit\u00e0 e politica estera del Giornale Radio Rai. Un approfondimento in diretta degli avvenimenti internazionali con gli inviati della redazione esteri e le interviste ad analisti ed esperti. Conduce Gabriella Lepre.<\/li>\n<\/ul>\n<p style=\"text-align: center\"><strong>Cultura<\/strong><\/p>\n<ul>\n<li><a href=\"https:\/\/www.raiplaysound.it\/programmi\/fahrenheit\" target=\"_blank\" rel=\"noopener noreferrer\">Fahrenheit <\/a>&#8211;\u00a0Dal lunedi` al venerdi`, dalle 15.00 alle 18.00, gli scrittori italiani e stranieri, i dibattiti, i giochi, le interviste, la poesia.<\/li>\n<li><a href=\"https:\/\/www.raiplaysound.it\/programmi\/hollywoodparty-ilcinemaallaradio\">Hollywood Party: Il Cinema alla Radio<\/a><\/li>\n<li><a href=\"https:\/\/www.radio24.ilsole24ore.com\/programmi\/il-gastronauta?refresh_ce=1\">Il Gastronauta<\/a><\/li>\n<\/ul>\n<p style=\"text-align: center\"><strong>Scienza<\/strong><\/p>\n<ul>\n<li><a href=\"https:\/\/www.raiplaysound.it\/programmi\/radio3scienza\" target=\"_blank\" rel=\"noopener noreferrer\">Radio3scienza <\/a>&#8211;\u00a0Radio3 Scienza \u00e8 il quotidiano scientifico della terza rete, in diretta dal luned\u00ec al venerd\u00ec dalle 11.00 alle 11.30. Interviste, dibattiti, approfondimenti e reportage sui temi dell&#8217;attualit\u00e0 dal mondo della scienza. Ma anche lo sguardo della scienza sul mondo.<\/li>\n<li><a href=\"https:\/\/open.spotify.com\/show\/4sxzCnd3PutlzWpW46052R\" target=\"_blank\" rel=\"noopener noreferrer\">Scientificast <\/a>&#8211;\u00a0Scientificast \u00e8 stato il primo podcast indipendente a tema scientifico in Italia. Fondato nel 2007, Scientificast si propone di portare alle orecchie di un pubblico appassionato, informazioni, news e concetti di carattere scientifico con un taglio divulgativo, semplice ma rigoroso. Da Marzo 2012 Scientificast diventa Associazione Culturale per la divulgazione scientifica utilizzando il blogging e il podcasting come principali strumenti di comunicazione avvalendosi di validi collaboratori provenienti dal mondo della ricerca e della divulgazione scientifica.<\/li>\n<\/ul>\n<p>&nbsp;<\/p>\n","protected":false},"excerpt":{"rendered":"<p>Learning Italian ItalianPod101.com Let&#8217;s speak italian Survival Phrases One Minute Italian Radio Arlecchino Podcast Coffee Break Italian Podcast italiano Learn Italian with Lucrezia News News in Slow Italian RAI All Podcasts Provided by the RAI Politica americana (in italiano) Da &hellip; <a href=\"https:\/\/blogs.dickinson.edu\/aldiladelponte\/podcast\/\">Continue reading <span class=\"meta-nav\">&rarr;<\/span><\/a><\/p>\n","protected":false},"author":874,"featured_media":0,"parent":0,"menu_order":0,"comment_status":"closed","ping_status":"closed","template":"","meta":{"footnotes":""},"class_list":["post-34","page","type-page","status-publish","hentry"],"_links":{"self":[{"href":"https:\/\/blogs.dickinson.edu\/aldiladelponte\/wp-json\/wp\/v2\/pages\/34","targetHints":{"allow":["GET"]}}],"collection":[{"href":"https:\/\/blogs.dickinson.edu\/aldiladelponte\/wp-json\/wp\/v2\/pages"}],"about":[{"href":"https:\/\/blogs.dickinson.edu\/aldiladelponte\/wp-json\/wp\/v2\/types\/page"}],"author":[{"embeddable":true,"href":"https:\/\/blogs.dickinson.edu\/aldiladelponte\/wp-json\/wp\/v2\/users\/874"}],"replies":[{"embeddable":true,"href":"https:\/\/blogs.dickinson.edu\/aldiladelponte\/wp-json\/wp\/v2\/comments?post=34"}],"version-history":[{"count":0,"href":"https:\/\/blogs.dickinson.edu\/aldiladelponte\/wp-json\/wp\/v2\/pages\/34\/revisions"}],"wp:attachment":[{"href":"https:\/\/blogs.dickinson.edu\/aldiladelponte\/wp-json\/wp\/v2\/media?parent=34"}],"curies":[{"name":"wp","href":"https:\/\/api.w.org\/{rel}","templated":true}]}}