{"id":2,"date":"2022-03-09T13:22:18","date_gmt":"2022-03-09T13:22:18","guid":{"rendered":"https:\/\/blogs.dickinson.edu\/argentina\/?page_id=2"},"modified":"2025-09-24T15:36:10","modified_gmt":"2025-09-24T18:36:10","slug":"sample-page","status":"publish","type":"page","link":"https:\/\/blogs.dickinson.edu\/argentina\/","title":{"rendered":"Dickinson in Argentina"},"content":{"rendered":"<p><img loading=\"lazy\" decoding=\"async\" class=\"size-medium wp-image-68 alignleft\" src=\"http:\/\/blogs.dickinson.edu\/argentina\/files\/2025\/09\/Potrerillo-2025-09-04-at-13.59.10-225x300.jpeg\" alt=\"\" width=\"225\" height=\"300\" srcset=\"https:\/\/blogs.dickinson.edu\/argentina\/files\/2025\/09\/Potrerillo-2025-09-04-at-13.59.10-225x300.jpeg 225w, https:\/\/blogs.dickinson.edu\/argentina\/files\/2025\/09\/Potrerillo-2025-09-04-at-13.59.10-768x1024.jpeg 768w, https:\/\/blogs.dickinson.edu\/argentina\/files\/2025\/09\/Potrerillo-2025-09-04-at-13.59.10-1152x1536.jpeg 1152w, https:\/\/blogs.dickinson.edu\/argentina\/files\/2025\/09\/Potrerillo-2025-09-04-at-13.59.10.jpeg 1200w\" sizes=\"auto, (max-width: 225px) 100vw, 225px\" \/> <img loading=\"lazy\" decoding=\"async\" class=\"alignnone size-medium wp-image-69\" src=\"http:\/\/blogs.dickinson.edu\/argentina\/files\/2025\/09\/Potrerillos1-Image-2025-09-04-at-13.59.11-2-300x225.jpeg\" alt=\"\" width=\"300\" height=\"225\" srcset=\"https:\/\/blogs.dickinson.edu\/argentina\/files\/2025\/09\/Potrerillos1-Image-2025-09-04-at-13.59.11-2-300x225.jpeg 300w, https:\/\/blogs.dickinson.edu\/argentina\/files\/2025\/09\/Potrerillos1-Image-2025-09-04-at-13.59.11-2-1024x768.jpeg 1024w, https:\/\/blogs.dickinson.edu\/argentina\/files\/2025\/09\/Potrerillos1-Image-2025-09-04-at-13.59.11-2-768x576.jpeg 768w, https:\/\/blogs.dickinson.edu\/argentina\/files\/2025\/09\/Potrerillos1-Image-2025-09-04-at-13.59.11-2-1536x1152.jpeg 1536w, https:\/\/blogs.dickinson.edu\/argentina\/files\/2025\/09\/Potrerillos1-Image-2025-09-04-at-13.59.11-2-1200x900.jpeg 1200w, https:\/\/blogs.dickinson.edu\/argentina\/files\/2025\/09\/Potrerillos1-Image-2025-09-04-at-13.59.11-2.jpeg 1600w\" sizes=\"auto, (max-width: 300px) 100vw, 300px\" \/><img loading=\"lazy\" decoding=\"async\" class=\"alignnone size-medium wp-image-23\" src=\"http:\/\/blogs.dickinson.edu\/argentina\/files\/2022\/03\/Catena-Zapata-Vineyard-Andes-Mendoza-300x200.jpg\" alt=\"\" width=\"300\" height=\"200\" srcset=\"https:\/\/blogs.dickinson.edu\/argentina\/files\/2022\/03\/Catena-Zapata-Vineyard-Andes-Mendoza-300x200.jpg 300w, https:\/\/blogs.dickinson.edu\/argentina\/files\/2022\/03\/Catena-Zapata-Vineyard-Andes-Mendoza.jpg 720w\" sizes=\"auto, (max-width: 300px) 100vw, 300px\" \/><\/p>\n<p><span style=\"color: #000000\"><strong>Today, the opportunity to study abroad is a unique and essential experience for the world we live in. Experiencing another culture allows us to question and appreciate both our own and others\u2019. We need to build a global society with greater empathy and understanding. <\/strong><\/span><\/p>\n<p><span style=\"color: #000000\"><strong>Eliana Torres<\/strong><\/span><\/p>\n<p data-start=\"81\" data-end=\"451\"><strong data-start=\"81\" data-end=\"136\">El programa Dickinson en Argentina comenz\u00f3 en 2013.<\/strong><br data-start=\"136\" data-end=\"139\" \/>Es una experiencia de inmersi\u00f3n cultural de cuatro meses en la ciudad de Mendoza. Durante el semestre, los y las estudiantes cursan dos materias dictadas por docentes de Dickinson College y otras dos en universidades locales: la <strong data-start=\"368\" data-end=\"409\">Universidad Nacional de Cuyo (UNCuyo)<\/strong> o la <strong data-start=\"415\" data-end=\"450\">Universidad del Aconcagua (UDA)<\/strong>.<\/p>\n<p data-start=\"453\" data-end=\"883\">El programa incluye alojamiento con familias anfitrionas mendocinas, lo que favorece la integraci\u00f3n cultural y ling\u00fc\u00edstica. Adem\u00e1s, los y las estudiantes participan en <strong data-start=\"621\" data-end=\"647\">pasant\u00edas comunitarias<\/strong> vinculadas a sus intereses acad\u00e9micos y profesionales. La propuesta se completa con <strong data-start=\"732\" data-end=\"758\">excursiones educativas<\/strong> que permiten conocer distintas regiones de Argentina y profundizar en el aprendizaje a trav\u00e9s de experiencias en territorio.<\/p>\n<p data-start=\"61\" data-end=\"409\"><strong data-start=\"61\" data-end=\"114\">The Dickinson in Argentina program began in 2013.<\/strong><br data-start=\"114\" data-end=\"117\" \/>It is a four-month cultural immersion experience based in Mendoza, Argentina.<span data-olk-copy-source=\"MessageBody\">During the semesters, students take two Dickinson courses taught by local faculty and our resident director<\/span> and two additional courses at local universities: <strong data-start=\"328\" data-end=\"369\">Universidad Nacional de Cuyo (UNCuyo)<\/strong> or <strong data-start=\"373\" data-end=\"408\">Universidad del Aconcagua (UDA)<\/strong>.<\/p>\n<p data-start=\"411\" data-end=\"814\">The program includes <strong data-start=\"432\" data-end=\"465\">homestays with local families<\/strong>, which fosters cultural and linguistic integration. In addition, students participate in <strong data-start=\"555\" data-end=\"586\">community-based internships<\/strong> tailored to their academic and professional interests. The experience is enriched by <strong data-start=\"672\" data-end=\"698\">educational excursions<\/strong> to various regions of Argentina, offering opportunities for place-based learning and deeper cultural understanding.<\/p>\n","protected":false},"excerpt":{"rendered":"<p>Today, the opportunity to study abroad is a unique and essential experience for the world we live in. Experiencing another culture allows us to question and appreciate both our own&#8230; <a class=\"read-more-link\" href=\"https:\/\/blogs.dickinson.edu\/argentina\/\">Read more &raquo;<\/a><\/p>\n","protected":false},"author":4919,"featured_media":0,"parent":0,"menu_order":0,"comment_status":"closed","ping_status":"open","template":"","meta":{"footnotes":""},"class_list":["post-2","page","type-page","status-publish","hentry"],"_links":{"self":[{"href":"https:\/\/blogs.dickinson.edu\/argentina\/wp-json\/wp\/v2\/pages\/2","targetHints":{"allow":["GET"]}}],"collection":[{"href":"https:\/\/blogs.dickinson.edu\/argentina\/wp-json\/wp\/v2\/pages"}],"about":[{"href":"https:\/\/blogs.dickinson.edu\/argentina\/wp-json\/wp\/v2\/types\/page"}],"author":[{"embeddable":true,"href":"https:\/\/blogs.dickinson.edu\/argentina\/wp-json\/wp\/v2\/users\/4919"}],"replies":[{"embeddable":true,"href":"https:\/\/blogs.dickinson.edu\/argentina\/wp-json\/wp\/v2\/comments?post=2"}],"version-history":[{"count":4,"href":"https:\/\/blogs.dickinson.edu\/argentina\/wp-json\/wp\/v2\/pages\/2\/revisions"}],"predecessor-version":[{"id":142,"href":"https:\/\/blogs.dickinson.edu\/argentina\/wp-json\/wp\/v2\/pages\/2\/revisions\/142"}],"wp:attachment":[{"href":"https:\/\/blogs.dickinson.edu\/argentina\/wp-json\/wp\/v2\/media?parent=2"}],"curies":[{"name":"wp","href":"https:\/\/api.w.org\/{rel}","templated":true}]}}