{"id":35,"date":"2021-06-27T13:53:38","date_gmt":"2021-06-27T13:53:38","guid":{"rendered":"http:\/\/blogs.dickinson.edu\/arte-a-bologna\/?page_id=35"},"modified":"2022-05-19T14:41:03","modified_gmt":"2022-05-19T14:41:03","slug":"riflessioni-finali","status":"publish","type":"page","link":"https:\/\/blogs.dickinson.edu\/arte-a-bologna\/riflessioni-finali\/","title":{"rendered":"Riflessioni Finali"},"content":{"rendered":"<h2><span style=\"color: #ff0000\"><em>Conclusione<\/em><\/span><\/h2>\n<p><img loading=\"lazy\" decoding=\"async\" class=\"alignnone wp-image-181\" src=\"https:\/\/blogs.dickinson.edu\/arte-a-bologna\/files\/2021\/09\/Bologna-Carracci-300x202.jpg\" alt=\"\" width=\"342\" height=\"230\" \/><\/p>\n<h3>In preparazione all\u2019incontro finale, gli studenti dovranno scrivere 2 pagine (500\/600 parole) di descrizione, riassunto e considerazioni personali sulle opere studiate nei diversi <em>Itinerari<\/em>. Si raccomanda anche l\u2019inserimento di fotografie scattate durante le visite.<\/h3>\n<h3>Tutti gli scritti dovranno essere inviati al Prof. Grazioli entro luned\u00ec 29 novembre. Sar\u00e0 poi lui a caricarli sul Blog, nella sezione \u201cConclusione\u201d, in maniera che siano visibili marted\u00ec 30. Nell\u2019incontro finale, gli studenti esporranno brevemente le proprie considerazioni davanti alla classe, e seguir\u00e0 una discussione conclusiva.<\/h3>\n<h3><img loading=\"lazy\" decoding=\"async\" class=\"alignnone wp-image-245 \" src=\"https:\/\/blogs.dickinson.edu\/arte-a-bologna\/files\/2021\/11\/44098a8f-604a-4c44-902f-714acc1398de-e1638249222101-224x300.jpg\" alt=\"\" width=\"146\" height=\"195\" srcset=\"https:\/\/blogs.dickinson.edu\/arte-a-bologna\/files\/2021\/11\/44098a8f-604a-4c44-902f-714acc1398de-e1638249222101-224x300.jpg 224w, https:\/\/blogs.dickinson.edu\/arte-a-bologna\/files\/2021\/11\/44098a8f-604a-4c44-902f-714acc1398de-e1638249222101-765x1024.jpg 765w, https:\/\/blogs.dickinson.edu\/arte-a-bologna\/files\/2021\/11\/44098a8f-604a-4c44-902f-714acc1398de-e1638249222101-768x1028.jpg 768w, https:\/\/blogs.dickinson.edu\/arte-a-bologna\/files\/2021\/11\/44098a8f-604a-4c44-902f-714acc1398de-e1638249222101.jpg 955w\" sizes=\"auto, (max-width: 146px) 100vw, 146px\" \/> <span style=\"text-decoration: underline\"><span style=\"color: #0000ff\"><a style=\"color: #0000ff;text-decoration: underline\" href=\"https:\/\/blogs.dickinson.edu\/arte-a-bologna\/files\/2021\/11\/Anna-Harvey-FLIC-RIflessioni-Finali.pdf\">Anna Harvey FLIC Riflessioni Finali <\/a><\/span><\/span><\/h3>\n<h4>&#8220;L\u2019opera [che] mi ha colpita [di pi\u00f9] \u00e8 la prima opera di Michelangelo che abbiamo visto. Lui ha scolpito la scultura dell\u2019angelo in basso a destra dell\u2019arco, e ricordo di aver pensato che la scultura fosse pi\u00f9 bella delle altre.&#8221;<\/h4>\n<h3><img loading=\"lazy\" decoding=\"async\" class=\"alignnone wp-image-248 \" src=\"https:\/\/blogs.dickinson.edu\/arte-a-bologna\/files\/2021\/11\/f9d0fb93-fa17-4692-80ad-d57cb919a1e2-e1638249195595-203x300.jpg\" alt=\"\" width=\"142\" height=\"210\" srcset=\"https:\/\/blogs.dickinson.edu\/arte-a-bologna\/files\/2021\/11\/f9d0fb93-fa17-4692-80ad-d57cb919a1e2-e1638249195595-203x300.jpg 203w, https:\/\/blogs.dickinson.edu\/arte-a-bologna\/files\/2021\/11\/f9d0fb93-fa17-4692-80ad-d57cb919a1e2-e1638249195595-694x1024.jpg 694w, https:\/\/blogs.dickinson.edu\/arte-a-bologna\/files\/2021\/11\/f9d0fb93-fa17-4692-80ad-d57cb919a1e2-e1638249195595-768x1134.jpg 768w, https:\/\/blogs.dickinson.edu\/arte-a-bologna\/files\/2021\/11\/f9d0fb93-fa17-4692-80ad-d57cb919a1e2-e1638249195595-1040x1536.jpg 1040w, https:\/\/blogs.dickinson.edu\/arte-a-bologna\/files\/2021\/11\/f9d0fb93-fa17-4692-80ad-d57cb919a1e2-e1638249195595.jpg 1085w\" sizes=\"auto, (max-width: 142px) 100vw, 142px\" \/> <span style=\"text-decoration: underline\"><span style=\"color: #0000ff\"><a style=\"color: #0000ff;text-decoration: underline\" href=\"https:\/\/blogs.dickinson.edu\/arte-a-bologna\/files\/2021\/11\/Damian-Garrubbo-FLIC-Riflessioni-Finali.pdf\">Damian Garrubbo FLIC Riflessioni Finali<\/a><\/span><\/span><\/h3>\n<h4>&#8220;L&#8217;itinerario pi\u00f9 interessante \u00e8 stato il terzo sull&#8217;opera di Raffaello. Questo perch\u00e9 mi piace molto il periodo rinascimentale dell&#8217;arte, a causa della maggiore attenzione agli elementi naturali e ai colori pi\u00f9 brillanti&#8221;<\/h4>\n<h3><img loading=\"lazy\" decoding=\"async\" class=\"alignnone wp-image-247 \" src=\"https:\/\/blogs.dickinson.edu\/arte-a-bologna\/files\/2021\/11\/b45e80c1-cfc7-4771-84ec-69663ab6a18f-e1638249273954-208x300.jpg\" alt=\"\" width=\"143\" height=\"206\" srcset=\"https:\/\/blogs.dickinson.edu\/arte-a-bologna\/files\/2021\/11\/b45e80c1-cfc7-4771-84ec-69663ab6a18f-e1638249273954-208x300.jpg 208w, https:\/\/blogs.dickinson.edu\/arte-a-bologna\/files\/2021\/11\/b45e80c1-cfc7-4771-84ec-69663ab6a18f-e1638249273954-709x1024.jpg 709w, https:\/\/blogs.dickinson.edu\/arte-a-bologna\/files\/2021\/11\/b45e80c1-cfc7-4771-84ec-69663ab6a18f-e1638249273954-768x1110.jpg 768w, https:\/\/blogs.dickinson.edu\/arte-a-bologna\/files\/2021\/11\/b45e80c1-cfc7-4771-84ec-69663ab6a18f-e1638249273954.jpg 913w\" sizes=\"auto, (max-width: 143px) 100vw, 143px\" \/> <span style=\"text-decoration: underline;color: #0000ff\"><a style=\"color: #0000ff;text-decoration: underline\" href=\"https:\/\/blogs.dickinson.edu\/arte-a-bologna\/files\/2021\/11\/Hannah-Grothusen-FLIC-Riflessioni-Finali.pdf\">Hannah Grothusen FLIC Riflessioni Finali<\/a><\/span><\/h3>\n<h4>&#8220;Primo di questo corso, non ho saputo che Bologna era una citt\u00e0 importante per la storia dell\u2019arte [&#8230;] Il fatto che tanti artisti famosi erano a Bologna mostra come Bologna [fosse] un bivio per cultura&#8221;<\/h4>\n<h3><img loading=\"lazy\" decoding=\"async\" class=\"alignnone wp-image-252 \" src=\"https:\/\/blogs.dickinson.edu\/arte-a-bologna\/files\/2021\/11\/6e150d57-45bb-47d9-aa48-f5d0754ccaa8-e1638255590732-212x300.jpg\" alt=\"\" width=\"139\" height=\"197\" srcset=\"https:\/\/blogs.dickinson.edu\/arte-a-bologna\/files\/2021\/11\/6e150d57-45bb-47d9-aa48-f5d0754ccaa8-e1638255590732-212x300.jpg 212w, https:\/\/blogs.dickinson.edu\/arte-a-bologna\/files\/2021\/11\/6e150d57-45bb-47d9-aa48-f5d0754ccaa8-e1638255590732-722x1024.jpg 722w, https:\/\/blogs.dickinson.edu\/arte-a-bologna\/files\/2021\/11\/6e150d57-45bb-47d9-aa48-f5d0754ccaa8-e1638255590732-768x1089.jpg 768w, https:\/\/blogs.dickinson.edu\/arte-a-bologna\/files\/2021\/11\/6e150d57-45bb-47d9-aa48-f5d0754ccaa8-e1638255590732-1084x1536.jpg 1084w, https:\/\/blogs.dickinson.edu\/arte-a-bologna\/files\/2021\/11\/6e150d57-45bb-47d9-aa48-f5d0754ccaa8-e1638255590732.jpg 1296w\" sizes=\"auto, (max-width: 139px) 100vw, 139px\" \/> <span style=\"text-decoration: underline\"><span style=\"color: #0000ff\"><a style=\"color: #0000ff;text-decoration: underline\" href=\"https:\/\/blogs.dickinson.edu\/arte-a-bologna\/files\/2021\/11\/Mary-Ritter-FLIC-Riflessioni-Finali.pdf\">Mary Ritter FLIC Riflessioni Finali<\/a><\/span><\/span><\/h3>\n<h4>&#8220;Da Vitale da Bologna e i Carracci, che erano di Bologna, a Nicola Pisano, Michelangelo e Raffaello che sono venuti a Bologna, tutte le loro opere che abbiamo studiato hanno influenzato gli artisti futuri&#8221;<\/h4>\n<h3><img loading=\"lazy\" decoding=\"async\" class=\"alignnone wp-image-246 \" src=\"https:\/\/blogs.dickinson.edu\/arte-a-bologna\/files\/2021\/11\/ac9c777e-b272-4aa8-83a2-aa1b35648a17-e1638249316247-221x300.jpg\" alt=\"\" width=\"136\" height=\"184\" srcset=\"https:\/\/blogs.dickinson.edu\/arte-a-bologna\/files\/2021\/11\/ac9c777e-b272-4aa8-83a2-aa1b35648a17-e1638249316247-221x300.jpg 221w, https:\/\/blogs.dickinson.edu\/arte-a-bologna\/files\/2021\/11\/ac9c777e-b272-4aa8-83a2-aa1b35648a17-e1638249316247-754x1024.jpg 754w, https:\/\/blogs.dickinson.edu\/arte-a-bologna\/files\/2021\/11\/ac9c777e-b272-4aa8-83a2-aa1b35648a17-e1638249316247-768x1043.jpg 768w, https:\/\/blogs.dickinson.edu\/arte-a-bologna\/files\/2021\/11\/ac9c777e-b272-4aa8-83a2-aa1b35648a17-e1638249316247-1131x1536.jpg 1131w, https:\/\/blogs.dickinson.edu\/arte-a-bologna\/files\/2021\/11\/ac9c777e-b272-4aa8-83a2-aa1b35648a17-e1638249316247.jpg 1195w\" sizes=\"auto, (max-width: 136px) 100vw, 136px\" \/> <span style=\"text-decoration: underline;color: #0000ff\"><a style=\"color: #0000ff;text-decoration: underline\" href=\"https:\/\/blogs.dickinson.edu\/arte-a-bologna\/files\/2021\/11\/Will-Giguere-FLIC-Riflessioni-Finali.pdf\">Will Giguere FLIC Riflessioni Finali<\/a><\/span><\/h3>\n<h4>&#8220;[Questa classe,] queste conversazioni e anche queste esperienze mi ha dato la possibilit\u00e0 di pensare in modo critico delle opere d\u2019arte [&#8230;] Ho una maggiore comprensione delle opere e di come gli stili si intrecciano tra di loro.&#8221;<\/h4>\n","protected":false},"excerpt":{"rendered":"<p>Conclusione In preparazione all\u2019incontro finale, gli studenti dovranno scrivere 2 pagine (500\/600 parole) di descrizione, riassunto e considerazioni personali sulle opere studiate nei diversi Itinerari. Si raccomanda anche l\u2019inserimento di fotografie scattate durante le visite. Tutti gli scritti dovranno essere inviati al Prof. Grazioli entro luned\u00ec 29 novembre. Sar\u00e0 poi lui a caricarli sul Blog, &hellip; <\/p>\n<p class=\"link-more\"><a href=\"https:\/\/blogs.dickinson.edu\/arte-a-bologna\/riflessioni-finali\/\" class=\"more-link\">Continue reading<span class=\"screen-reader-text\"> &#8220;Riflessioni Finali&#8221;<\/span><\/a><\/p>\n","protected":false},"author":4343,"featured_media":0,"parent":0,"menu_order":5,"comment_status":"closed","ping_status":"closed","template":"","meta":{"footnotes":""},"class_list":["post-35","page","type-page","status-publish","hentry"],"_links":{"self":[{"href":"https:\/\/blogs.dickinson.edu\/arte-a-bologna\/wp-json\/wp\/v2\/pages\/35","targetHints":{"allow":["GET"]}}],"collection":[{"href":"https:\/\/blogs.dickinson.edu\/arte-a-bologna\/wp-json\/wp\/v2\/pages"}],"about":[{"href":"https:\/\/blogs.dickinson.edu\/arte-a-bologna\/wp-json\/wp\/v2\/types\/page"}],"author":[{"embeddable":true,"href":"https:\/\/blogs.dickinson.edu\/arte-a-bologna\/wp-json\/wp\/v2\/users\/4343"}],"replies":[{"embeddable":true,"href":"https:\/\/blogs.dickinson.edu\/arte-a-bologna\/wp-json\/wp\/v2\/comments?post=35"}],"version-history":[{"count":0,"href":"https:\/\/blogs.dickinson.edu\/arte-a-bologna\/wp-json\/wp\/v2\/pages\/35\/revisions"}],"wp:attachment":[{"href":"https:\/\/blogs.dickinson.edu\/arte-a-bologna\/wp-json\/wp\/v2\/media?parent=35"}],"curies":[{"name":"wp","href":"https:\/\/api.w.org\/{rel}","templated":true}]}}