{"id":47,"date":"2020-09-16T15:47:39","date_gmt":"2020-09-16T15:47:39","guid":{"rendered":"http:\/\/blogs.dickinson.edu\/frenchstudyabroad\/?page_id=47"},"modified":"2022-12-19T21:01:18","modified_gmt":"2022-12-19T21:01:18","slug":"study-abroad-in-toulouse","status":"publish","type":"page","link":"https:\/\/blogs.dickinson.edu\/frenchstudyabroad\/","title":{"rendered":"Home  &#8211; Page d&#8217;Accueil"},"content":{"rendered":"<p>Bienvenue sur la page de la mobilit\u00e9 francophone \u00e0 Dickinson College!\u00a0 Vous pourrez y d\u00e9couvrir des billets culturels consacr\u00e9s aux villes de Rabat, au Maroc;\u00a0 Toulouse, en France; et Yaound\u00e9, au Cameroun. De la page d&#8217;accueil (&#8220;Home&#8221;), cliquez sur le lien du programme qui vous int\u00e9resse!<\/p>\n<p>Merci \u00e0 tous.tes les \u00e9tudiant.e.s de FREN 202 pour leur contribution \u00e0 ce projet.<\/p>\n<p>Welcome to the Francophone study abroad page at Dickinson College! From here you can browse cultural posts about Rabat, Morocco; Toulouse, France; and Yaound\u00e9, Cameroon.\u00a0 From the landing page, click on the link for the program in which you are interested!<\/p>\n<p>&nbsp;<\/p>\n","protected":false},"excerpt":{"rendered":"<p>Bienvenue sur la page de la mobilit\u00e9 francophone \u00e0 Dickinson College!\u00a0 Vous pourrez y d\u00e9couvrir des billets culturels consacr\u00e9s aux villes de Rabat, au Maroc;\u00a0 Toulouse, en France; et Yaound\u00e9, au Cameroun. De la page d&#8217;accueil (&#8220;Home&#8221;), cliquez sur le lien du programme qui vous int\u00e9resse! Merci \u00e0 tous.tes les \u00e9tudiant.e.s de FREN 202 pour [&hellip;]<\/p>\n","protected":false},"author":708,"featured_media":229,"parent":0,"menu_order":0,"comment_status":"closed","ping_status":"closed","template":"templates\/template-cover.php","meta":{"footnotes":""},"class_list":["post-47","page","type-page","status-publish","has-post-thumbnail","hentry"],"_links":{"self":[{"href":"https:\/\/blogs.dickinson.edu\/frenchstudyabroad\/wp-json\/wp\/v2\/pages\/47","targetHints":{"allow":["GET"]}}],"collection":[{"href":"https:\/\/blogs.dickinson.edu\/frenchstudyabroad\/wp-json\/wp\/v2\/pages"}],"about":[{"href":"https:\/\/blogs.dickinson.edu\/frenchstudyabroad\/wp-json\/wp\/v2\/types\/page"}],"author":[{"embeddable":true,"href":"https:\/\/blogs.dickinson.edu\/frenchstudyabroad\/wp-json\/wp\/v2\/users\/708"}],"replies":[{"embeddable":true,"href":"https:\/\/blogs.dickinson.edu\/frenchstudyabroad\/wp-json\/wp\/v2\/comments?post=47"}],"version-history":[{"count":0,"href":"https:\/\/blogs.dickinson.edu\/frenchstudyabroad\/wp-json\/wp\/v2\/pages\/47\/revisions"}],"wp:featuredmedia":[{"embeddable":true,"href":"https:\/\/blogs.dickinson.edu\/frenchstudyabroad\/wp-json\/wp\/v2\/media\/229"}],"wp:attachment":[{"href":"https:\/\/blogs.dickinson.edu\/frenchstudyabroad\/wp-json\/wp\/v2\/media?parent=47"}],"curies":[{"name":"wp","href":"https:\/\/api.w.org\/{rel}","templated":true}]}}