{"id":425,"date":"2012-08-20T17:42:31","date_gmt":"2012-08-20T17:42:31","guid":{"rendered":"http:\/\/blogs.dickinson.edu\/german\/?page_id=425"},"modified":"2012-08-21T14:21:13","modified_gmt":"2012-08-21T14:21:13","slug":"werbung","status":"publish","type":"page","link":"https:\/\/blogs.dickinson.edu\/german\/werbung\/","title":{"rendered":"Werbung"},"content":{"rendered":"<p>Schreiben Sie einen Beitrag \u00fcber eine Werbung (http:\/\/www.youtube.com\/playlist?list=PL8BA3E7DCA5042D03)<\/p>\n<p>Was verkaufen sie?<\/p>\n<ul>\n<li>Sie verkaufen &#8230;<\/li>\n<\/ul>\n<p>Wer sind die Hauptfiguren?<\/p>\n<ul>\n<li>Es gibt &#8230; (einen Mann, eine Frau, ein M\u00e4dchen, ein Jung, zwei M\u00e4nner, zwei Frauen, usw.)<\/li>\n<\/ul>\n<p>Welche neue W\u00f6rter haben Sie gelernt. (mindestens drei)<\/p>\n<ul>\n<li>Ich habe &#8220;die Seife&#8221;, &#8220;sch\u00f6n&#8221;, und &#8220;sauber&#8221; gelernt.<\/li>\n<\/ul>\n","protected":false},"excerpt":{"rendered":"<p>Schreiben Sie einen Beitrag \u00fcber eine Werbung (http:\/\/www.youtube.com\/playlist?list=PL8BA3E7DCA5042D03) Was verkaufen sie? Sie verkaufen &#8230; Wer sind die Hauptfiguren? Es gibt &#8230; (einen Mann, eine Frau, ein M\u00e4dchen, ein Jung, zwei M\u00e4nner, zwei Frauen, usw.) Welche neue W\u00f6rter haben Sie gelernt. (mindestens drei) Ich habe &#8220;die Seife&#8221;, &#8220;sch\u00f6n&#8221;, und &#8220;sauber&#8221; gelernt.<\/p>\n","protected":false},"author":1,"featured_media":0,"parent":0,"menu_order":0,"comment_status":"open","ping_status":"open","template":"","meta":{"footnotes":""},"class_list":["post-425","page","type-page","status-publish","hentry"],"_links":{"self":[{"href":"https:\/\/blogs.dickinson.edu\/german\/wp-json\/wp\/v2\/pages\/425","targetHints":{"allow":["GET"]}}],"collection":[{"href":"https:\/\/blogs.dickinson.edu\/german\/wp-json\/wp\/v2\/pages"}],"about":[{"href":"https:\/\/blogs.dickinson.edu\/german\/wp-json\/wp\/v2\/types\/page"}],"author":[{"embeddable":true,"href":"https:\/\/blogs.dickinson.edu\/german\/wp-json\/wp\/v2\/users\/1"}],"replies":[{"embeddable":true,"href":"https:\/\/blogs.dickinson.edu\/german\/wp-json\/wp\/v2\/comments?post=425"}],"version-history":[{"count":0,"href":"https:\/\/blogs.dickinson.edu\/german\/wp-json\/wp\/v2\/pages\/425\/revisions"}],"wp:attachment":[{"href":"https:\/\/blogs.dickinson.edu\/german\/wp-json\/wp\/v2\/media?parent=425"}],"curies":[{"name":"wp","href":"https:\/\/api.w.org\/{rel}","templated":true}]}}