{"id":126,"date":"2020-12-15T11:41:52","date_gmt":"2020-12-15T16:41:52","guid":{"rendered":"http:\/\/blogs.dickinson.edu\/glossen\/"},"modified":"2024-03-09T14:19:33","modified_gmt":"2024-03-09T19:19:33","slug":"herausgeber","status":"publish","type":"page","link":"https:\/\/blogs.dickinson.edu\/glossen\/herausgeber\/","title":{"rendered":"Editors and Board"},"content":{"rendered":"<p>&nbsp;<\/p>\n<p><strong>Managing Editors | <a href=\"mailto: glossenjournal@dickinson.edu\">glossenjournal(at)dickinson.edu<\/a><br \/>\n<\/strong><strong>Janine Ludwig (Germany)<br \/>\n<\/strong>Academic Director, Durden Dickinson in Bremen Program<br \/>\nContributing Faculty Member of German, Dickinson College<\/p>\n<p><strong>Sarah McGaughey (USA)<br \/>\n<\/strong>Associate Professor of German, Dickinson College<\/p>\n<p style=\"padding-left: 40px;\">Editorial Staff | Dickinson College <a href=\"https:\/\/www.dickinson.edu\/info\/20067\/research_and_development_committees\/1351\/dana_research_assistantship\" target=\"_blank\" rel=\"noopener\">Dana Research Assistants<\/a><br \/>\n<strong>Abby Jones<\/strong> (AY 2022-23)<br \/>\n<strong>Sofia Perrone<\/strong> (Spring 2022)<br \/>\n<strong>Nick Rickert<\/strong> (Fall 2021)<\/p>\n<p>&nbsp;<\/p>\n<p><strong>Technical Support and Tech Guru<br \/>\nTodd Bryant (USA)<br \/>\n<\/strong>Dickinson College<\/p>\n<p>&nbsp;<\/p>\n<p><strong>Advisory Board<\/strong><\/p>\n<p><strong>Gabrielle Alioth (Ireland)<br \/>\n<\/strong>Author<br \/>\nwww.gabriellealioth.com<\/p>\n<p><strong>Michael Augustin (Germany)<br \/>\n<\/strong>Author at Radio Bremen<br \/>\nmichael.augustin (at) radiobremen.de<\/p>\n<p><strong>Gerrit-Jan Berendse (UK)<br \/>\n<\/strong>Professor of European Studies, Cardiff University<br \/>\nberendsegj (at) cardiff.ac.uk<\/p>\n<p><strong>Heinz Blumensath (Germany)<br \/>\n<\/strong>Independent screenwriter and director at E-Motion, Film &amp; Video Production, Berlin<br \/>\nheinz (at) blumensath.de<\/p>\n<p><strong>Michael Blumenthal (USA)<br \/>\n<\/strong>Author and Professor of Law at West Virginia University<br \/>\nno e-mail available<\/p>\n<p><strong>Ingo Cornils (UK)<br \/>\n<\/strong>Senior Lecturer in German, University of Leeds<br \/>\ni.cornils (at) leeds.ac.uk<\/p>\n<p><strong>Christine Cosentino-Dougherty (USA)<br \/>\n<\/strong>Professor II of German, Rutgers University<br \/>\ncdougher (at) camden.rutgers.edu<\/p>\n<p><strong>Gabriele Eckart (USA)<br \/>\n<\/strong>Author and Professor of Global Cultures and Languages, Southeast Missouri State University<br \/>\ngeckart (at) semo.edu<\/p>\n<p><strong>Michael Eskin (USA)<br \/>\n<\/strong>Author and cofounder and Vice President of Upper West Side Philosophers, Inc. \u2013 Studio &amp; Publishing<br \/>\nno e-mail available<\/p>\n<p><strong>Silke Falkner (Canada)<br \/>\n<\/strong>Associate Professor, German Studies, University of Saskatchewan<br \/>\nsilke.falkner (at) usask.ca<\/p>\n<p><strong>Gisela Holfter (Ireland)<br \/>\n<\/strong>Senior Lecturer in German, University of Limerick<br \/>\nGisela.holfter (at) ui.ie<\/p>\n<p><strong>Elke-Vera Kotowski (Germany)<br \/>\n<\/strong>Research Associate and Coordinator of the Walther Rathenau Graduate Program, Moses Mendelssohn Zentrum, Europ\u00e4isch-J\u00fcdische Studien, Universit\u00e4t Potsdam<br \/>\nno e-mail available<\/p>\n<p><strong>Marko Martin (Germany)<br \/>\n<\/strong>Author and publisher<br \/>\nno e-mail available<\/p>\n<p><strong>Hans Mayer (Germany)<br \/>\n<\/strong>Author and independent scholar<br \/>\nno e-mail available<\/p>\n<p><strong>Stephan Resch (New Zealand)<br \/>\n<\/strong>Senior Lecturer in German, The University of Auckland<br \/>\ns.resch (at) auckland.ac.nz<\/p>\n<p><strong>Jay Rosellini (USA)<br \/>\n<\/strong>Professor, Department of World Languages and Cultural Studies, Suffolk University Boston<br \/>\njrosellini (at) suffolk.edu<\/p>\n<p><strong>Anna Rosmus (USA)<br \/>\n<\/strong>Author<br \/>\nno e-mail available<\/p>\n<p><strong>Kerstin Steitz (USA)<br \/>\n<\/strong>Assistant Professor, Department of Foreign Languages and Literatures, Old Dominion University<br \/>\nksteitz (at) odu.edu<\/p>\n<p><strong>Rainer Stollmann (Germany)<br \/>\n<\/strong>Professor of Cultural Theory and Cultural History in Cultural Studies, University of Bremen<br \/>\nstollman (at) uni-bremen.de<\/p>\n<p><strong>Peter Wortsman (USA)<br \/>\n<\/strong>Author and translator<br \/>\nno e-mail available<\/p>\n<p><strong>Fred Viebahn (USA)<br \/>\n<\/strong>Author and translator<br \/>\nno e-mail available<\/p>\n","protected":false},"excerpt":{"rendered":"<p>&nbsp; Managing Editors | glossenjournal(at)dickinson.edu Janine Ludwig (Germany) Academic Director, Durden Dickinson in Bremen Program Contributing Faculty Member of German, Dickinson College Sarah McGaughey (USA) Associate Professor of German, Dickinson College Editorial Staff | Dickinson College Dana Research Assistants Abby Jones (AY 2022-23) Sofia Perrone (Spring 2022) Nick Rickert (Fall 2021) &nbsp; Technical Support and [&hellip;]<\/p>\n","protected":false},"author":394,"featured_media":0,"parent":0,"menu_order":5,"comment_status":"open","ping_status":"closed","template":"","meta":{"footnotes":""},"class_list":["post-126","page","type-page","status-publish","hentry"],"_links":{"self":[{"href":"https:\/\/blogs.dickinson.edu\/glossen\/wp-json\/wp\/v2\/pages\/126","targetHints":{"allow":["GET"]}}],"collection":[{"href":"https:\/\/blogs.dickinson.edu\/glossen\/wp-json\/wp\/v2\/pages"}],"about":[{"href":"https:\/\/blogs.dickinson.edu\/glossen\/wp-json\/wp\/v2\/types\/page"}],"author":[{"embeddable":true,"href":"https:\/\/blogs.dickinson.edu\/glossen\/wp-json\/wp\/v2\/users\/394"}],"replies":[{"embeddable":true,"href":"https:\/\/blogs.dickinson.edu\/glossen\/wp-json\/wp\/v2\/comments?post=126"}],"version-history":[{"count":0,"href":"https:\/\/blogs.dickinson.edu\/glossen\/wp-json\/wp\/v2\/pages\/126\/revisions"}],"wp:attachment":[{"href":"https:\/\/blogs.dickinson.edu\/glossen\/wp-json\/wp\/v2\/media?parent=126"}],"curies":[{"name":"wp","href":"https:\/\/api.w.org\/{rel}","templated":true}]}}