{"id":1511,"date":"2011-11-19T15:48:06","date_gmt":"2011-11-19T19:48:06","guid":{"rendered":"http:\/\/blogs.dickinson.edu\/glossen\/?page_id=1511"},"modified":"2012-04-23T13:28:22","modified_gmt":"2012-04-23T17:28:22","slug":"most-recent-issue-glossen-332011","status":"publish","type":"page","link":"https:\/\/blogs.dickinson.edu\/glossen\/archive\/most-recent-issue-glossen-332011\/","title":{"rendered":"Most recent Issue &#8212; Glossen 33\/2011"},"content":{"rendered":"<h3>Lyrik<\/h3>\n<p><a href=\"..\/archive\/hans-bender-glossen-33\">Hans Bender: Immer noch &#8211; Neue Vierzeiler<\/a><br \/>\n<a href=\"..\/archive\/mirko-glossen-33\">Mirko Bonn\u00e9: F\u00fcnf Gedichte<\/a><br \/>\n<a href=\"..\/archive\/gunter-kunert-glossen-33\">G\u00fcnter Kunert: An Pater Augustinus &#8212; F\u00fcnf neue Gedichte<\/a><br \/>\n<a href=\"..\/archive\/helga-kurzchalia-glossen-33\">Helga Kurzchalia: ist es nacht<\/a><br \/>\n<a href=\"..\/archive\/erwin-messmer-glossen-33\">Erwin Messmer: F\u00fcnf Gedichte<\/a><br \/>\n<a href=\"..\/archive\/dirk-von-petersdorff-glossen-33\">Dirk von Petersdorff: Erinnerungen<\/a><br \/>\n<a href=\"..\/archive\/arne-rautenberg-glossen-33\">Arne Rautenberg: Vier Gedichte<\/a><\/p>\n<h3>Prosa<\/h3>\n<p><a title=\"Michael Augustin\" href=\"http:\/\/blogs.dickinson.edu\/glossen\/most-recent-issue-glossen-332011\/michael-augustin-glossen-33\/\">Michael Augustin: In Flensburg<\/a><br \/>\n<a href=\"..\/archive\/Uwe-Kolbe-glossen-33\">Uwe Kolbe: Abendland<\/a><br \/>\n<a href=\"..\/archive\/nyk-de-vries-glossen33\">Nyk de Vries: Prosagedichte\/ Ultra short stories<\/a><\/p>\n<h3>Essay<\/h3>\n<p><a href=\"..\/archive\/gabriele-haefs-glossen-33\">Gabriele Haefs: Hirsedieb, oder: von Ludwig Bechstein lernen, hei\u00dft \u2026<\/a><\/p>\n<h3>Gespr\u00e4ch<\/h3>\n<p><a title=\"Gespr\u00e4ch mit Wolfgang Ertl\" href=\"http:\/\/blogs.dickinson.edu\/glossen\/most-recent-issue-glossen-332011\/gesprachmitwolfgangertlglossen-33\/\">Wolfgang Ertl im Gespr\u00e4ch mit <em>Glossen<\/em><\/a><\/p>\n<h3>Artikel<\/h3>\n<p><a href=\"..\/archive\/gabriele-eckart-intertextual-traces\">Gabriele Eckart: Intertextual Traces: Cervantes\u2019s <em>The Ingenious Don Quixote of La Mancha<\/em> in GDR Poetry<\/a><br \/>\n<a href=\"..\/archive\/britta-kallin-glossen-33\">Britta Kallin: Intertextualities in Elfriede Jelinek\u2019s <em>Rechnitz<\/em> <em>(Der W\u00fcrgeengel)<\/em>, Luis Bu\u00f1uel\u2019s <em>Exterminating Angel<\/em>, the <em>Bible<\/em>, and T.S. Eliot\u2019s \u201cThe Hollow Men\u201d<\/a><br \/>\n<a href=\"..\/archive\/jay-julian-rosellini-glossen-33\">Jay Julian Rosellini: Neues Serbien? \u2013 Neuer Handke?<\/a><br \/>\n<a href=\"http:\/\/blogs.dickinson.edu\/glossen\/most-recent-issue-glossen-332011\/reinhard-zachau-glossen-33\">Reinhard Zachau: Death Images in <em>The Baader Meinhof Complex <\/em><\/a><\/p>\n<h3>Rezension<\/h3>\n<p><a title=\"Wolfgang M\u00fcller\" href=\"http:\/\/blogs.dickinson.edu\/glossen\/most-recent-issue-glossen-332011\/wolfgang-muller-2-glossen-33\/\">Wolfgang M\u00fcller: Thea Dorn und Richard Wagner: <em>Die deutsche Seele <\/em><\/a><br \/>\n&nbsp;<\/p>\n<h3>Autoren<\/h3>\n<p><a title=\"Autoren, Glossen 33\/2011\" href=\"http:\/\/blogs.dickinson.edu\/glossen\/most-recent-issue-glossen-332011\/autoren-glossen-33\/\">Autoren Glossen 33\/2011<\/a><\/p>\n<p>&nbsp;<\/p>\n","protected":false},"excerpt":{"rendered":"<p>Lyrik Hans Bender: Immer noch &#8211; Neue Vierzeiler Mirko Bonn\u00e9: F\u00fcnf Gedichte G\u00fcnter Kunert: An Pater Augustinus &#8212; F\u00fcnf neue Gedichte Helga Kurzchalia: ist es nacht Erwin Messmer: F\u00fcnf Gedichte Dirk von Petersdorff: Erinnerungen Arne Rautenberg: Vier Gedichte Prosa Michael Augustin: In Flensburg Uwe Kolbe: Abendland Nyk de Vries: Prosagedichte\/ Ultra short stories Essay Gabriele [&hellip;]<\/p>\n","protected":false},"author":394,"featured_media":0,"parent":119,"menu_order":0,"comment_status":"open","ping_status":"open","template":"","meta":{"footnotes":""},"class_list":["post-1511","page","type-page","status-publish","hentry"],"_links":{"self":[{"href":"https:\/\/blogs.dickinson.edu\/glossen\/wp-json\/wp\/v2\/pages\/1511","targetHints":{"allow":["GET"]}}],"collection":[{"href":"https:\/\/blogs.dickinson.edu\/glossen\/wp-json\/wp\/v2\/pages"}],"about":[{"href":"https:\/\/blogs.dickinson.edu\/glossen\/wp-json\/wp\/v2\/types\/page"}],"author":[{"embeddable":true,"href":"https:\/\/blogs.dickinson.edu\/glossen\/wp-json\/wp\/v2\/users\/394"}],"replies":[{"embeddable":true,"href":"https:\/\/blogs.dickinson.edu\/glossen\/wp-json\/wp\/v2\/comments?post=1511"}],"version-history":[{"count":0,"href":"https:\/\/blogs.dickinson.edu\/glossen\/wp-json\/wp\/v2\/pages\/1511\/revisions"}],"up":[{"embeddable":true,"href":"https:\/\/blogs.dickinson.edu\/glossen\/wp-json\/wp\/v2\/pages\/119"}],"wp:attachment":[{"href":"https:\/\/blogs.dickinson.edu\/glossen\/wp-json\/wp\/v2\/media?parent=1511"}],"curies":[{"name":"wp","href":"https:\/\/api.w.org\/{rel}","templated":true}]}}