{"id":1514,"date":"2011-11-23T15:26:22","date_gmt":"2011-11-23T20:26:22","guid":{"rendered":"http:\/\/blogs.dickinson.edu\/glossen\/?page_id=1514"},"modified":"2021-12-30T14:37:40","modified_gmt":"2021-12-30T19:37:40","slug":"autoren-glossen-33","status":"publish","type":"page","link":"https:\/\/blogs.dickinson.edu\/glossen\/archive\/most-recent-issue-glossen-332011\/autoren-glossen-33\/","title":{"rendered":"Autoren, Glossen 33\/2011"},"content":{"rendered":"<p><strong>Michael Augustin<\/strong> ist ein deutscher Autor und Radiojournalist. Au\u00dferdem ist er \u00fcberzeugter Bremer und \u00fcberwiegend gl\u00fccklicher Werder Bremen Fan.<\/p>\n<p><strong>Hans Bender<\/strong> ist als Herausgeber der <em>Akzente<\/em> zu Ruhm gekommen. Er ist ein legend\u00e4rer Anthologist, Autor und Lyriker. Geboren in Nachkriegsjahr 1919 in M\u00fchlhausen lebt und arbeitet er heute in K\u00f6ln.<\/p>\n<p><strong>Mirko Bonn\u00e9 <\/strong>ist Lyriker, Romancier und \u00dcbersetzer von Gedichten und Prosa. Er lebt in Hamburg.<\/p>\n<p><strong>Gabriele Eckart<\/strong> ist eine deutsche Autorin und \u201cProfessor of German and Spanish&#8221; an der &#8220;Southeast Missouri State University\u201d.<\/p>\n<p><strong>Wolfgang Ertl<\/strong> war Professor f\u00fcr deutsche Sprache und Literatur an der &#8220;University of Iowa&#8221; und widmet sich seit seiner Emeritierung seiner alten Liebe, der Malerei, die man vor allem in verschiedenen Ausstellungen in New England sehen kann.<\/p>\n<p><strong>Gabriele Haefs<\/strong> ist eine deutsche Autorin und \u00dcbersetzerin aus dem Norwegischen, D\u00e4nischen, Schwedischen, Englischen, Niederl\u00e4ndischen und G\u00e4lischen. F\u00fcr ihre \u00dcbersetzungen aus dem Norwegischen ist sie zur Tr\u00e4gerin des norwegischen Verdienstordens seiner K\u00f6niglichen Hoheit, Ritter 1. Klasse ernannt worden. Sie lebt in Hamburg.<\/p>\n<p><strong>Britta Kallin<\/strong> ist &#8220;Associate Professor of German&#8221; an der &#8220;School of Modern Languages, Georgia Institute of Technology&#8221; in Atlanta.<\/p>\n<p><strong>Uwe Kolbe<\/strong> ist ein deutscher Autor, vor allem Lyriker, der in Berlin lebt.<\/p>\n<p><strong>G\u00fcnter Kunert<\/strong> ist einer der bedeutendsten deutschen Autoren und Grafiker. Urspr\u00fcnglich Berliner, lebt er seit seiner Ausreise aus dem Staat der Arbeiter und Bauern in Kaisborstel.<\/p>\n<p><strong>Helga Kurzchalia<\/strong> ist eine Berliner Psychologin und Autorin.<\/p>\n<p><strong>Erwin Messmer<\/strong> lebt als Musiker, Autor und freier Publizist in Bern. Au\u00dferdem ist er Lehrer am Konservatorium in Freiburg im Uechtland.<\/p>\n<p><strong>Wolfgang M\u00fcller<\/strong> ist Herausgeber und Direktor des Kade Centers am Dickinson College. In Berlin aufgewachsen, lebt er seit mehr Jahren, als er sich vorstellen kann, in Carlisle, Pennsylvanien.<\/p>\n<p><strong>Dirk von Petersdorff<\/strong> ist ein deutscher Lyriker, Essayist, Buchautor, Journalist, K\u00fcnstler und Professor an der Friedrich-Schiller-Universit\u00e4t in Jena. Allerdings findet man ihn im akademischen Jahr 2011\/2012 eher in Berlin, wo er z. Zt. Fellow am Wissenschaftskolleg ist.<\/p>\n<p><strong>Arne Rautenberg<\/strong> ist ein deutscher Schriftsteller, Kulturjournalist und K\u00fcnstler. Er lebt in Kiel.<\/p>\n<p><strong>Jay Julian Rosellini <\/strong>ist &#8220;Professor of German&#8221; an der Suffolk University in Boston.<\/p>\n<p><strong>Nyk de Vries<\/strong> ist Musiker und Autor von Lyrik und Kurzprosa in Friesischer und Holl\u00e4ndischer Sprache. Er wurde in Nordborgum, Friesland, geboren und lebt heute in Amsterdam.<\/p>\n<p><strong>Reinhard Zachau<\/strong> ist Professor in &#8220;the Department of German&#8221; und &#8220;Chair of the Film Studies Program&#8221; an der University of the South in Sewanee, Tennessee.<\/p>\n","protected":false},"excerpt":{"rendered":"<p>Michael Augustin ist ein deutscher Autor und Radiojournalist. Au\u00dferdem ist er \u00fcberzeugter Bremer und \u00fcberwiegend gl\u00fccklicher Werder Bremen Fan. Hans Bender ist als Herausgeber der Akzente zu Ruhm gekommen. Er ist ein legend\u00e4rer Anthologist, Autor und Lyriker. Geboren in Nachkriegsjahr 1919 in M\u00fchlhausen lebt und arbeitet er heute in K\u00f6ln. Mirko Bonn\u00e9 ist Lyriker, Romancier [&hellip;]<\/p>\n","protected":false},"author":394,"featured_media":0,"parent":1511,"menu_order":0,"comment_status":"closed","ping_status":"closed","template":"","meta":{"footnotes":""},"class_list":["post-1514","page","type-page","status-publish","hentry"],"_links":{"self":[{"href":"https:\/\/blogs.dickinson.edu\/glossen\/wp-json\/wp\/v2\/pages\/1514","targetHints":{"allow":["GET"]}}],"collection":[{"href":"https:\/\/blogs.dickinson.edu\/glossen\/wp-json\/wp\/v2\/pages"}],"about":[{"href":"https:\/\/blogs.dickinson.edu\/glossen\/wp-json\/wp\/v2\/types\/page"}],"author":[{"embeddable":true,"href":"https:\/\/blogs.dickinson.edu\/glossen\/wp-json\/wp\/v2\/users\/394"}],"replies":[{"embeddable":true,"href":"https:\/\/blogs.dickinson.edu\/glossen\/wp-json\/wp\/v2\/comments?post=1514"}],"version-history":[{"count":0,"href":"https:\/\/blogs.dickinson.edu\/glossen\/wp-json\/wp\/v2\/pages\/1514\/revisions"}],"up":[{"embeddable":true,"href":"https:\/\/blogs.dickinson.edu\/glossen\/wp-json\/wp\/v2\/pages\/1511"}],"wp:attachment":[{"href":"https:\/\/blogs.dickinson.edu\/glossen\/wp-json\/wp\/v2\/media?parent=1514"}],"curies":[{"name":"wp","href":"https:\/\/api.w.org\/{rel}","templated":true}]}}