{"id":2124,"date":"2012-04-20T18:26:12","date_gmt":"2012-04-20T22:26:12","guid":{"rendered":"http:\/\/blogs.dickinson.edu\/glossen\/?page_id=2124"},"modified":"2012-10-31T11:25:31","modified_gmt":"2012-10-31T15:25:31","slug":"most-recent-issue-glossen-342012","status":"publish","type":"page","link":"https:\/\/blogs.dickinson.edu\/glossen\/archive\/most-recent-issue-glossen-342012\/","title":{"rendered":"Most recent Issue &#8212; Glossen 34\/2012"},"content":{"rendered":"<h3>Lyrik<\/h3>\n<p><a href=\"http:\/\/blogs.dickinson.edu\/glossen\/most-recent-issue-glossen-342012\/mirko-bonne-glossen-34\">Mirko Bonn\u00e9: F\u00fcnf Gedichte<\/a><br \/>\n<a href=\"http:\/\/blogs.dickinson.edu\/glossen\/most-recent-issue-glossen-342012\/frederick-lubich-glossen-34\">Frederick Lubich: Collagen\u2014Gedichte<\/a><\/p>\n<h3>Prosa<\/h3>\n<p><a href=\"http:\/\/blogs.dickinson.edu\/glossen\/most-recent-issue-glossen-342012\/erwin-messmer-glossen-34\">Erwin Messmer: Drei Geschichten<\/a><br \/>\n<a href=\"http:\/\/blogs.dickinson.edu\/glossen\/most-recent-issue-glossen-342012\/brigitte-struzyk-glossen-34\">Brigitte Struzyk: Vorspiel<\/a><\/p>\n<h3>Artikel<\/h3>\n<p><a href=\"http:\/\/blogs.dickinson.edu\/glossen\/most-recent-issue-glossen-342012\/billy-badger-glossen-34\">Billy Badger: Zur Ware gibt\u2019s Werbung. Lyrische Werbung und ko-pr\u00e4sente Kommunikation bei Bas B\u00f6ttcher<\/a><br \/>\n<a href=\"http:\/\/blogs.dickinson.edu\/glossen\/most-recent-issue-glossen-342012\/utz-rachowski-glossen-34\">Utz Rachowski: Die zw\u00f6lf St\u00fchle des Siegfried Heinrichs<\/a><br \/>\n<a href=\"http:\/\/blogs.dickinson.edu\/glossen\/most-recent-issue-glossen-342012\/julian-reidy-glossen-34\/\">Julian Reidy: Mehr als ein \u201aunendlicher Spa\u00df\u2019: Figurationen von David Foster Wallace in Clemens Setz\u2019 Erz\u00e4hlung <em>Kleine braune Tiere.<\/em> Von Interauktorialit\u00e4t, Intertextualit\u00e4t und Selbstmorden<\/a><\/p>\n<h3>Gespr\u00e4ch<\/h3>\n<p><a href=\"http:\/\/blogs.dickinson.edu\/glossen\/most-recent-issue-glossen-342012\/arne-de-winde-glossen-34\/\">Arne De Winde: Von der Dramaturgie des Trojanischen Pferdes \u2014 Ein Gespr\u00e4ch mit Andreas Hutter<\/p>\n<h3>Autoren<\/h3>\n<p><a href=\"http:\/\/blogs.dickinson.edu\/glossen\/most-recent-issue-glossen-342012\/autoren-glossen-34\">Autoren Glossen 34\/2012<\/a><\/p>\n","protected":false},"excerpt":{"rendered":"<p>Lyrik Mirko Bonn\u00e9: F\u00fcnf Gedichte Frederick Lubich: Collagen\u2014Gedichte Prosa Erwin Messmer: Drei Geschichten Brigitte Struzyk: Vorspiel Artikel Billy Badger: Zur Ware gibt\u2019s Werbung. Lyrische Werbung und ko-pr\u00e4sente Kommunikation bei Bas B\u00f6ttcher Utz Rachowski: Die zw\u00f6lf St\u00fchle des Siegfried Heinrichs Julian Reidy: Mehr als ein \u201aunendlicher Spa\u00df\u2019: Figurationen von David Foster Wallace in Clemens Setz\u2019 Erz\u00e4hlung [&hellip;]<\/p>\n","protected":false},"author":394,"featured_media":0,"parent":119,"menu_order":0,"comment_status":"open","ping_status":"open","template":"","meta":{"footnotes":""},"class_list":["post-2124","page","type-page","status-publish","hentry"],"_links":{"self":[{"href":"https:\/\/blogs.dickinson.edu\/glossen\/wp-json\/wp\/v2\/pages\/2124","targetHints":{"allow":["GET"]}}],"collection":[{"href":"https:\/\/blogs.dickinson.edu\/glossen\/wp-json\/wp\/v2\/pages"}],"about":[{"href":"https:\/\/blogs.dickinson.edu\/glossen\/wp-json\/wp\/v2\/types\/page"}],"author":[{"embeddable":true,"href":"https:\/\/blogs.dickinson.edu\/glossen\/wp-json\/wp\/v2\/users\/394"}],"replies":[{"embeddable":true,"href":"https:\/\/blogs.dickinson.edu\/glossen\/wp-json\/wp\/v2\/comments?post=2124"}],"version-history":[{"count":0,"href":"https:\/\/blogs.dickinson.edu\/glossen\/wp-json\/wp\/v2\/pages\/2124\/revisions"}],"up":[{"embeddable":true,"href":"https:\/\/blogs.dickinson.edu\/glossen\/wp-json\/wp\/v2\/pages\/119"}],"wp:attachment":[{"href":"https:\/\/blogs.dickinson.edu\/glossen\/wp-json\/wp\/v2\/media?parent=2124"}],"curies":[{"name":"wp","href":"https:\/\/api.w.org\/{rel}","templated":true}]}}