{"id":2735,"date":"2012-10-31T12:54:10","date_gmt":"2012-10-31T16:54:10","guid":{"rendered":"http:\/\/blogs.dickinson.edu\/glossen\/?page_id=2735"},"modified":"2012-10-31T12:54:10","modified_gmt":"2012-10-31T16:54:10","slug":"arne-rautenberg-glossen-35","status":"publish","type":"page","link":"https:\/\/blogs.dickinson.edu\/glossen\/archive\/most-recent-issue-glossen-352012\/arne-rautenberg-glossen-35\/","title":{"rendered":"Arne Rautenberg"},"content":{"rendered":"<p>&nbsp;<\/p>\n<p align=\"center\"><strong>tiefschlaf<\/strong><\/p>\n<p align=\"center\"><strong><em>m\u00fccke<\/em><\/strong><\/p>\n<p align=\"center\"><strong><em>\u00a0<\/em><\/strong><\/p>\n<p align=\"center\"><strong><em>\u00a0<\/em><\/strong><\/p>\n<p align=\"center\"><strong>aschewolke<\/strong><\/p>\n<p align=\"center\"><strong><em>seerose<\/em><\/strong><\/p>\n<p align=\"center\"><strong><em>\u00a0<\/em><\/strong><\/p>\n<p align=\"center\"><strong><em>\u00a0<\/em><\/strong><\/p>\n<p align=\"center\"><strong>schneeflocke<\/strong><\/p>\n<p align=\"center\"><strong><em>zunge<\/em><\/strong><\/p>\n<p align=\"center\"><strong><em>\u00a0<\/em><\/strong><\/p>\n<p><strong>\u00a0<\/strong><\/p>\n<p><strong>\u00a0<\/strong><\/p>\n<p align=\"center\"><strong>gr\u00e4berfeld<\/strong><\/p>\n<p align=\"center\"><strong><em>herzrasen<\/em><\/strong><\/p>\n<\/p>\n<p>&nbsp;<br \/>\n&nbsp;<br \/>\n<span style=\"color: #999999\"><\/p>\n<hr width=\"100%\" \/><\/span><\/p>\n<p>&nbsp;<\/p>\n<p><span style=\"color: #999999\">tiefschlaf, m\u00fccke: aus: <em>gebrochene naturen<\/em> luxbooks, Wiebaden 2009.<\/span><\/p>\n<p><span style=\"color: #999999\">gr\u00e4berfeld, aus: <em>mundfauler staub<\/em>, Horlemann Verlag 2012.<\/span><\/p>\n<p><span style=\"color: #999999\">aschewolke: Arne Rautenberg<\/span><\/p>\n<p><span style=\"color: #999999\">\u00a9 Arne Rautenberg<\/span><span style=\"color: #999999\"><br \/>\n<\/span><span style=\"color: #999999\"> www.arnerautenberg.de<\/span><\/p>\n","protected":false},"excerpt":{"rendered":"<p>&nbsp; tiefschlaf m\u00fccke \u00a0 \u00a0 aschewolke seerose \u00a0 \u00a0 schneeflocke zunge \u00a0 \u00a0 \u00a0 gr\u00e4berfeld herzrasen &nbsp; &nbsp; &nbsp; tiefschlaf, m\u00fccke: aus: gebrochene naturen luxbooks, Wiebaden 2009. gr\u00e4berfeld, aus: mundfauler staub, Horlemann Verlag 2012. aschewolke: Arne Rautenberg \u00a9 Arne Rautenberg www.arnerautenberg.de<\/p>\n","protected":false},"author":394,"featured_media":0,"parent":2534,"menu_order":0,"comment_status":"open","ping_status":"open","template":"","meta":{"footnotes":""},"class_list":["post-2735","page","type-page","status-publish","hentry"],"_links":{"self":[{"href":"https:\/\/blogs.dickinson.edu\/glossen\/wp-json\/wp\/v2\/pages\/2735","targetHints":{"allow":["GET"]}}],"collection":[{"href":"https:\/\/blogs.dickinson.edu\/glossen\/wp-json\/wp\/v2\/pages"}],"about":[{"href":"https:\/\/blogs.dickinson.edu\/glossen\/wp-json\/wp\/v2\/types\/page"}],"author":[{"embeddable":true,"href":"https:\/\/blogs.dickinson.edu\/glossen\/wp-json\/wp\/v2\/users\/394"}],"replies":[{"embeddable":true,"href":"https:\/\/blogs.dickinson.edu\/glossen\/wp-json\/wp\/v2\/comments?post=2735"}],"version-history":[{"count":0,"href":"https:\/\/blogs.dickinson.edu\/glossen\/wp-json\/wp\/v2\/pages\/2735\/revisions"}],"up":[{"embeddable":true,"href":"https:\/\/blogs.dickinson.edu\/glossen\/wp-json\/wp\/v2\/pages\/2534"}],"wp:attachment":[{"href":"https:\/\/blogs.dickinson.edu\/glossen\/wp-json\/wp\/v2\/media?parent=2735"}],"curies":[{"name":"wp","href":"https:\/\/api.w.org\/{rel}","templated":true}]}}