{"id":2759,"date":"2012-10-31T12:52:29","date_gmt":"2012-10-31T16:52:29","guid":{"rendered":"http:\/\/blogs.dickinson.edu\/glossen\/?page_id=2759"},"modified":"2012-10-31T12:52:29","modified_gmt":"2012-10-31T16:52:29","slug":"michael-augustin-glossen-35","status":"publish","type":"page","link":"https:\/\/blogs.dickinson.edu\/glossen\/archive\/most-recent-issue-glossen-352012\/michael-augustin-glossen-35\/","title":{"rendered":"Michael Augustin"},"content":{"rendered":"<div id=\"attachment_2764\" style=\"width: 310px\" class=\"wp-caption alignleft\"><a href=\"http:\/\/blogs.dickinson.edu\/glossen\/files\/2012\/10\/Kolbe.jpg\"><img loading=\"lazy\" decoding=\"async\" aria-describedby=\"caption-attachment-2764\" class=\"size-medium wp-image-2764\" src=\"http:\/\/blogs.dickinson.edu\/glossen\/files\/2012\/10\/Kolbe-300x243.jpg\" alt=\"\" width=\"300\" height=\"243\" srcset=\"https:\/\/blogs.dickinson.edu\/glossen\/files\/2012\/10\/Kolbe-300x243.jpg 300w, https:\/\/blogs.dickinson.edu\/glossen\/files\/2012\/10\/Kolbe-1024x830.jpg 1024w\" sizes=\"auto, (max-width: 300px) 100vw, 300px\" \/><\/a><p id=\"caption-attachment-2764\" class=\"wp-caption-text\">Uwe Kolbe, Berlin 2009 (Foto: Walter Weber)<\/p><\/div>\n<p><strong>Im Kr\u00e4hennest und anderswo \u2014 Zu Uwe Kolbe<\/strong><\/p>\n<p>Wo der Wanderer hink\u00f6mmt: Kolbe. Auch in Buxtehude, klar, wo denn sonst, ist er schon da. Nur schade: nicht mehr in Stade. Oder in Worpswede, bei den Pferdeweiden, Kleie an den G\u00e4nsef\u00fc\u00dfchen, wo er einstmals rilkte, da\u00df den Schwarzbunten die M\u00fclch in die Euter scho\u00df und alle K\u00e4lber sich auf das Feinste reimten. Auf den Wasserwegen unterwegs: Torfkanal, Panama-, Suez-, Nordostsee-, Landwehr- und wie sie alle hei\u00dfen. Ich seh ihn ja eh als Matrosen, m\u00fctzenbandbewimpelt, als Mann im Ausguck, kr\u00e4chzend im Kr\u00e4hennest, mit schlacksigen Armen freiluftrudernd, musenumflattert: kein Land in Sicht, gottseidank, immer nur Horizont aus Luft, Wasser und Hoffnung, ahoi und auwei! Sailor\u2019s homeless \u00fcberall:\u00a0 In Pamunjom zum Beispiel, wo sich die altkaltkriegerischen Kontinentalplatten aneinander reiben, da\u00df es kn\u00fcrscht und du mit brennender Zunge zu sp\u00fcren meinst, wie es dir die Schneidez\u00e4hne wegfr\u00e4st, wie es splittert und kracht, das h\u00f6rst du. Dabei ist doch l\u00e4ngst Fr\u00fchling: das blaue Band, der linde Hauch, auf den Todestreifen auch. Priwall, Schlutup, Dassow, Brocken, Bernauer Stra\u00dfe. Oder:\u00a0 In seinem unterw\u00e4\u00dfrigen Vineta\u2019schen Archiv. Von oben her gluckert diffuses Sonnenlicht herein, er mit seiner pa\u00dfgenauen Schirmm\u00fctze auf dem kantig-kantischen Sch\u00e4del, \u00a0\u00c4rmelschoner ( stammen vom Wrack eines untergegangenen Bremer Schoners im \u00c4rmelkanal), Seekarten vor sich ausgebreitet, Gru\u00dfbotschaften aus Atlantis, Ansichtskarten aus Pompeji, ausgetrunkne Flaschenpost, versenkte Buddelschiffe , ein Modell der \u201eMichael Kohlhaas\u201c (drei\u00a0 Masten und f\u00fcnfzehn Kanonen an Bord), ein signiertes Bild vom ollen Graf Luckner an der Bretterwand, wie der grad das Telefonbuch von Westberlin zerrei\u00dft, Hans Albers daneben, der Maharaja von Whiskypur und\u00a0 der barrikadentauberige Ernst Busch aus Kiel,\u00a0 schon \u201evon der Fresse der Zeiten benagt\u201c\u00a0 (Walter Mehring). \u00a0Oder: \u00a0In meinem Buchregal, eingequetscht, zwischen Oschka Kokoschka (aha!) und Erwin Guido Kolbenheyer (oh shit!), das kann ihm nicht behagen. Herr Kunert, ruft er, H\u00fclfe, kommen Sie!\u00a0 Doch K wie Kunert kann nicht, er k\u00e4mpft selber: umstellt von Kulka (ganz ok) und von Kurella (ach Jott, ach Jott!).\u00a0 Oder:\u00a0 In Amerika. Mal wieder. Wo einst er\u2019s rumpeln h\u00f6ren konnte aus der Ferne nur (in seinem Kr\u00e4hennest zu Austin) und doch so gern vor Ort gewesen w\u00e4re, als mit Spechtgepick und Bullgedozre man auf neuen Pfaden schritt. (Nu werd man nich\u2018 pathetisch).\u00a0 Oder: \u00a0Auf der B\u00fchne, Vatersohn &amp; Sohnvater, durch die poetischen Rapsfelder rappend.\u00a0 Gut weitergereicht, das Staffelholz, Alter! \u00a0Nein sagen, wenn alle alles andere sagen als nein: Ja, das ist es.\u00a0 You\u2019re \u00a0home, Sailor.\u00a0 And the beat goes on.<\/p>\n<p><em>Mumbai\/Bremen 2012<\/em><\/p>\n<hr \/>\n<p>Aus: Elit, Stefan (Hrsg.): <em>&#8220;&#8230; notwendig und sch\u00f6n zu wissen, auf welchem Boden man geht&#8221;. Arbeitsbuch Uwe Kolbe<\/em>. Frankfurt\/Main, Berlin, Bern, Br\u00fcssel, New York, Oxford, Wien: <a href=\"www.peterlang.com\/?263499.\" target=\"_blank\">Peter Lang<\/a> 2012 (Literarisches Leben heute \/ Band 2 \/ ISBN 978-3-631-63499-8). Mit freundlicher Genehmigung des Verlages und Michael Augustin.<\/p>\n","protected":false},"excerpt":{"rendered":"<p>Im Kr\u00e4hennest und anderswo \u2014 Zu Uwe Kolbe Wo der Wanderer hink\u00f6mmt: Kolbe. Auch in Buxtehude, klar, wo denn sonst, ist er schon da. Nur schade: nicht mehr in Stade. Oder in Worpswede, bei den Pferdeweiden, Kleie an den G\u00e4nsef\u00fc\u00dfchen, wo er einstmals rilkte, da\u00df den Schwarzbunten die M\u00fclch in die Euter scho\u00df und alle [&hellip;]<\/p>\n","protected":false},"author":394,"featured_media":0,"parent":2534,"menu_order":0,"comment_status":"open","ping_status":"open","template":"","meta":{"footnotes":""},"class_list":["post-2759","page","type-page","status-publish","hentry"],"_links":{"self":[{"href":"https:\/\/blogs.dickinson.edu\/glossen\/wp-json\/wp\/v2\/pages\/2759","targetHints":{"allow":["GET"]}}],"collection":[{"href":"https:\/\/blogs.dickinson.edu\/glossen\/wp-json\/wp\/v2\/pages"}],"about":[{"href":"https:\/\/blogs.dickinson.edu\/glossen\/wp-json\/wp\/v2\/types\/page"}],"author":[{"embeddable":true,"href":"https:\/\/blogs.dickinson.edu\/glossen\/wp-json\/wp\/v2\/users\/394"}],"replies":[{"embeddable":true,"href":"https:\/\/blogs.dickinson.edu\/glossen\/wp-json\/wp\/v2\/comments?post=2759"}],"version-history":[{"count":0,"href":"https:\/\/blogs.dickinson.edu\/glossen\/wp-json\/wp\/v2\/pages\/2759\/revisions"}],"up":[{"embeddable":true,"href":"https:\/\/blogs.dickinson.edu\/glossen\/wp-json\/wp\/v2\/pages\/2534"}],"wp:attachment":[{"href":"https:\/\/blogs.dickinson.edu\/glossen\/wp-json\/wp\/v2\/media?parent=2759"}],"curies":[{"name":"wp","href":"https:\/\/api.w.org\/{rel}","templated":true}]}}