{"id":2768,"date":"2012-10-31T12:47:26","date_gmt":"2012-10-31T16:47:26","guid":{"rendered":"http:\/\/blogs.dickinson.edu\/glossen\/?page_id=2768"},"modified":"2012-10-31T12:47:26","modified_gmt":"2012-10-31T16:47:26","slug":"michael-augustin-das-meer-glossen-35","status":"publish","type":"page","link":"https:\/\/blogs.dickinson.edu\/glossen\/archive\/most-recent-issue-glossen-352012\/michael-augustin-das-meer-glossen-35\/","title":{"rendered":"Michael Augustin"},"content":{"rendered":"<p><strong>Das Meer<\/strong><\/p>\n<p>Das Meer, das Meer<br \/>\ndas voller Wasser ist<br \/>\nund voller Fische.<\/p>\n<p>&nbsp;<\/p>\n<p>Auf dessen Oberfl\u00e4che<br \/>\nSchiffe fahrn<br \/>\nund \u00fcber dem in hoher Luft<br \/>\ndie M\u00f6wen ihre Kreise ziehn.<\/p>\n<p>&nbsp;<\/p>\n<p>Das Meer, das Meer:<br \/>\ndu trittst hinein in trockner Hose<br \/>\nund trittst (wenn \u00fcberhaupt)<br \/>\nheraus in einer nassen.<\/p>\n<p>&nbsp;<\/p>\n<p>Das Meer, das Meer<br \/>\ndas voller Wasser ist.<\/p>\n<p>&nbsp;<\/p>\n<hr>\n<p>&nbsp;<br \/>\n<a href=\"http:\/\/www.youtube.com\/watch?v=O7HDRLLa-8s\">Das Meer<\/a>\u00a0\u00a0(Video: Jenny Augustin, Conil de la Frontera 2012)<\/p>\n","protected":false},"excerpt":{"rendered":"<p>Das Meer Das Meer, das Meer das voller Wasser ist und voller Fische. &nbsp; Auf dessen Oberfl\u00e4che Schiffe fahrn und \u00fcber dem in hoher Luft die M\u00f6wen ihre Kreise ziehn. &nbsp; Das Meer, das Meer: du trittst hinein in trockner Hose und trittst (wenn \u00fcberhaupt) heraus in einer nassen. &nbsp; Das Meer, das Meer das [&hellip;]<\/p>\n","protected":false},"author":394,"featured_media":0,"parent":2534,"menu_order":0,"comment_status":"open","ping_status":"open","template":"","meta":{"footnotes":""},"class_list":["post-2768","page","type-page","status-publish","hentry"],"_links":{"self":[{"href":"https:\/\/blogs.dickinson.edu\/glossen\/wp-json\/wp\/v2\/pages\/2768","targetHints":{"allow":["GET"]}}],"collection":[{"href":"https:\/\/blogs.dickinson.edu\/glossen\/wp-json\/wp\/v2\/pages"}],"about":[{"href":"https:\/\/blogs.dickinson.edu\/glossen\/wp-json\/wp\/v2\/types\/page"}],"author":[{"embeddable":true,"href":"https:\/\/blogs.dickinson.edu\/glossen\/wp-json\/wp\/v2\/users\/394"}],"replies":[{"embeddable":true,"href":"https:\/\/blogs.dickinson.edu\/glossen\/wp-json\/wp\/v2\/comments?post=2768"}],"version-history":[{"count":0,"href":"https:\/\/blogs.dickinson.edu\/glossen\/wp-json\/wp\/v2\/pages\/2768\/revisions"}],"up":[{"embeddable":true,"href":"https:\/\/blogs.dickinson.edu\/glossen\/wp-json\/wp\/v2\/pages\/2534"}],"wp:attachment":[{"href":"https:\/\/blogs.dickinson.edu\/glossen\/wp-json\/wp\/v2\/media?parent=2768"}],"curies":[{"name":"wp","href":"https:\/\/api.w.org\/{rel}","templated":true}]}}