{"id":3097,"date":"2013-06-11T06:45:30","date_gmt":"2013-06-11T10:45:30","guid":{"rendered":"http:\/\/blogs.dickinson.edu\/glossen\/?page_id=3097"},"modified":"2021-12-30T14:36:57","modified_gmt":"2021-12-30T19:36:57","slug":"autoren-glossen-36-2013glossen-36-2013","status":"publish","type":"page","link":"https:\/\/blogs.dickinson.edu\/glossen\/archive\/archive-most-recent-issue-glossen-362013\/autoren-glossen-36-2013glossen-36-2013\/","title":{"rendered":"Autoren Glossen 36\/2013"},"content":{"rendered":"<p><strong>Christine Cosentino<\/strong> ist \u201cProfessor of German&#8221; an der Rutgers University in Camden und Mitherausgeberin der 1997 gegr\u00fcndeten Literatur und Kulturzeitschrift <em>Glossen<\/em>.<\/p>\n<p><strong>Gabriele Eckart<\/strong> ist eine deutsche Autorin und \u201cProfessor of German and Spanish\u201d an der Southeast Missouri State University.<\/p>\n<p><strong>Klaus Rainer Goll<\/strong> ist ein L\u00fcbecker Schriftsteller, der seit 1965 vor allem durch seine Gedichte und Kurzprosa bekannt geworden ist. Er ist Gr\u00fcnder des L\u00fcbecker Autorenkreises und Empf\u00e4nger verschiedener Literaturpreise.  Im Jahre 2010 wurde er mit der Verdienstmedaille des Bundesverdienstkreuzes ausgezeichnet. <a href=\"http:\/\/www.kr-goll.de\/\">Homepage<\/a><\/p>\n<p><strong>Ralph Gr\u00fcneberger<\/strong> ist ein aus Leipzig stammender Autor. Seit 1978 publizierte er vor allem Liedertexte, Lyrik, Prosa, Essays, Monographien, Literaturkritik, H\u00f6rb\u00fccher und Texte f\u00fcr Kinder. Er ist Erster Vorsitzender der Gesellschaft f\u00fcr zeitgen\u00f6ssische Lyrik und seit 2007 Herausgeber der Lyrikanthologie <em>Poesiealbum<\/em>. <a href=\"http:\/\/www.ralphgrueneberger.de\/\">Homepage<\/a><\/p>\n<p><strong>Frederick Lubich<\/strong> ist \u201cProfessor of German\u201d an der Old Dominion University in Norfolk, VA.<\/p>\n<p><strong>Salli Sallmann<\/strong> wurde  in Karl-Marx-Stadt geboren.  Er ist ein deutscher Lyriker und Liedermacher. Bis zu seiner Abschiebung aus war er in der kritischen DDR-K\u00fcnstlerszene aktiv. Heute arbeitet er als Rundfunk-Redakteur und Moderator in Berlin. <a href=\"http:\/\/www.salli-sallmann.de\/\">Homepage<\/a><\/p>\n<p><strong>Susanne Sch\u00e4dlich<\/strong> ist eine deutsche Autorin, die in Berlin lebt. <a href=\"http:\/\/www.susanneschaedlich.de\/\">Homepage<\/a><\/p>\n<p><strong>Michael Speier<\/strong> ist ein deutscher Autor, \u00dcbersetzer, Literaturwissenschaftler und Herausgeber. Er ist in Berlin aufgewachsen und hat an der Berliner FU \u00fcber Jean Paul promoviert. Trotzdem zieht es ihn des \u00f6fteren in die Vereinigten Staaten wo er zur Zeit als Gastprofessor an der der University of Cincinnati unterrichtet. Sein neuestes Buch, <em>Haupt Stadt Studio. Gedichte, mit einem Vorwort von Michael Braun,<\/em> ist im Jahre 2012 im Berliner Aphaia Verlag erschienen.<\/p>\n","protected":false},"excerpt":{"rendered":"<p>Christine Cosentino ist \u201cProfessor of German&#8221; an der Rutgers University in Camden und Mitherausgeberin der 1997 gegr\u00fcndeten Literatur und Kulturzeitschrift Glossen. Gabriele Eckart ist eine deutsche Autorin und \u201cProfessor of German and Spanish\u201d an der Southeast Missouri State University. Klaus Rainer Goll ist ein L\u00fcbecker Schriftsteller, der seit 1965 vor allem durch seine Gedichte und [&hellip;]<\/p>\n","protected":false},"author":394,"featured_media":0,"parent":3092,"menu_order":0,"comment_status":"closed","ping_status":"closed","template":"","meta":{"footnotes":""},"class_list":["post-3097","page","type-page","status-publish","hentry"],"_links":{"self":[{"href":"https:\/\/blogs.dickinson.edu\/glossen\/wp-json\/wp\/v2\/pages\/3097","targetHints":{"allow":["GET"]}}],"collection":[{"href":"https:\/\/blogs.dickinson.edu\/glossen\/wp-json\/wp\/v2\/pages"}],"about":[{"href":"https:\/\/blogs.dickinson.edu\/glossen\/wp-json\/wp\/v2\/types\/page"}],"author":[{"embeddable":true,"href":"https:\/\/blogs.dickinson.edu\/glossen\/wp-json\/wp\/v2\/users\/394"}],"replies":[{"embeddable":true,"href":"https:\/\/blogs.dickinson.edu\/glossen\/wp-json\/wp\/v2\/comments?post=3097"}],"version-history":[{"count":0,"href":"https:\/\/blogs.dickinson.edu\/glossen\/wp-json\/wp\/v2\/pages\/3097\/revisions"}],"up":[{"embeddable":true,"href":"https:\/\/blogs.dickinson.edu\/glossen\/wp-json\/wp\/v2\/pages\/3092"}],"wp:attachment":[{"href":"https:\/\/blogs.dickinson.edu\/glossen\/wp-json\/wp\/v2\/media?parent=3097"}],"curies":[{"name":"wp","href":"https:\/\/api.w.org\/{rel}","templated":true}]}}