{"id":333,"date":"2011-01-11T08:50:35","date_gmt":"2011-01-11T13:50:35","guid":{"rendered":"http:\/\/blogs.dickinson.edu\/glossen\/"},"modified":"2022-09-07T16:24:31","modified_gmt":"2022-09-07T20:24:31","slug":"heft31","status":"publish","type":"page","link":"https:\/\/blogs.dickinson.edu\/glossen\/archive\/heft31\/","title":{"rendered":"Most Recent Issue &#8212; 31\/2011"},"content":{"rendered":"<h3>Lyrik<\/h3>\n<p><a href=\"..\/archive\/gabriele-eckart\/\">Gabriele Eckart: Acht Gedichte<\/a><br \/>\n<a href=\"..\/archiv\/andreas-altmann\/\">Andreas Altmann: F\u00fcnf Gedichte<\/a><\/p>\n<h3>Prosa<\/h3>\n<p><a href=\"..\/archive\/susanne-schadlich-2\">Susanne Sch\u00e4dlich: Manchmal nur ein Wort<\/a><\/p>\n<h3>Artikel<\/h3>\n<p><a href=\"..\/archive\/gerrit-jan-berendse\/\">Gerrit-Jan Berendse: Shakespeares Kinder \u00a0&#8212; Heiner M\u00fcller im Dialog mit Erich Fried<\/a><\/p>\n<p><a href=\"..\/archive\/christine-cosentino\/\">Christine Cosentino: Selbstfindungsanalysen im Gewand der fiktiven Autobiographie &#8212;\u00a0Einige Gedanken zu Christa Wolfs <em>Stadt der Engel  oder The Overcoat of  Dr. Freud <\/em> und Kathrin Schmidts <em>Du stirbst nicht<\/em><\/a><\/p>\n<p><a href=\"..\/archive\/christine-cosentino\/\"><\/a><a href=\"..\/archive\/neil-h-donahue\/\">Neil Donahue: The Unbearable <em>Ich<\/em>: The Hunt for the Self on the Verge of Extinction  in Gerhard Falkner\u2019s <em>Bruno<\/em> (2008)<\/a><\/p>\n<h3>Zum 75. Geburtstag Hans Joachim Sch\u00e4dlichs<\/h3>\n<p><a href=\"..\/archive\/468-2\/\">Herta M\u00fcller: Laudatio auf Hans Joachim Sch\u00e4dlich zur Verleihung des Samuel-Bogumi\u0142-Linde-Literaturpreises<\/a><\/p>\n<p><a href=\"..\/archive\/wolfgang-muller-2\">Wolfgang M\u00fcller: &#8220;Lied an!&#8221;<\/a><\/p>\n<p><a href=\"..\/archive\/utz-rachowski\/\">Utz Rachowski: Wiederg\u00e4nger Pirna<\/a><\/p>\n<p><a href=\"..\/archive\/susanne-schadlich\/\">Susanne Sch\u00e4dlich: The best to those who wait<\/a><\/p>\n<p><a href=\"..\/archive\/richard-wagner\/\">Richard Wagner: &#8220;Dass ich nicht Zubeh\u00f6r bin des Landes.&#8221; \u00dcber die k\u00fcrzeste Geschichte von Hans Joachim Sch\u00e4dlich<br \/>\n<\/a><\/p>\n<h3>Rezensionen<\/h3>\n<p><a href=\"..\/archive\/christine-cosentino-2\/\">Christine Cosentino: Uwe Tellkamp, <em>Der Eisvogel. Roman<\/em> (Hamburg: rororo, 2006)  318 Seiten.<\/a><\/p>\n<p><a href=\"..\/archive\/christine-cosentino-2\/\">Wolfgang M\u00fcller: Helga Kurzchalia, <em>Lamaras Briefe oder vom Untergang des Kommunismus<\/em>. Roman. (Berlin: Verlag Lichtig, 2010) 125 Seiten.<\/a><\/p>\n<p><a href=\"..\/archive\/christine-cosentino-2\/\">Wolfgang M\u00fcller: Thea Dorn,\u00a0<em>Ach, Harmonistan. Deutsche Zust\u00e4nde.<\/em> M\u00fcnchen: Knaus Verlag, 2010.  251 Seiten.<\/a><\/p>\n<h3>Autoren<\/h3>\n<p><a href=\"..\/archive\/neue-glossen-12010-autoren\/\">Autoren Heft 31<\/a><\/p>\n","protected":false},"excerpt":{"rendered":"<p>Lyrik Gabriele Eckart: Acht Gedichte Andreas Altmann: F\u00fcnf Gedichte Prosa Susanne Sch\u00e4dlich: Manchmal nur ein Wort Artikel Gerrit-Jan Berendse: Shakespeares Kinder \u00a0&#8212; Heiner M\u00fcller im Dialog mit Erich Fried Christine Cosentino: Selbstfindungsanalysen im Gewand der fiktiven Autobiographie &#8212;\u00a0Einige Gedanken zu Christa Wolfs Stadt der Engel oder The Overcoat of Dr. Freud und Kathrin Schmidts Du [&hellip;]<\/p>\n","protected":false},"author":394,"featured_media":0,"parent":119,"menu_order":2,"comment_status":"closed","ping_status":"closed","template":"","meta":{"footnotes":""},"class_list":["post-333","page","type-page","status-publish","hentry"],"_links":{"self":[{"href":"https:\/\/blogs.dickinson.edu\/glossen\/wp-json\/wp\/v2\/pages\/333","targetHints":{"allow":["GET"]}}],"collection":[{"href":"https:\/\/blogs.dickinson.edu\/glossen\/wp-json\/wp\/v2\/pages"}],"about":[{"href":"https:\/\/blogs.dickinson.edu\/glossen\/wp-json\/wp\/v2\/types\/page"}],"author":[{"embeddable":true,"href":"https:\/\/blogs.dickinson.edu\/glossen\/wp-json\/wp\/v2\/users\/394"}],"replies":[{"embeddable":true,"href":"https:\/\/blogs.dickinson.edu\/glossen\/wp-json\/wp\/v2\/comments?post=333"}],"version-history":[{"count":0,"href":"https:\/\/blogs.dickinson.edu\/glossen\/wp-json\/wp\/v2\/pages\/333\/revisions"}],"up":[{"embeddable":true,"href":"https:\/\/blogs.dickinson.edu\/glossen\/wp-json\/wp\/v2\/pages\/119"}],"wp:attachment":[{"href":"https:\/\/blogs.dickinson.edu\/glossen\/wp-json\/wp\/v2\/media?parent=333"}],"curies":[{"name":"wp","href":"https:\/\/api.w.org\/{rel}","templated":true}]}}