{"id":3481,"date":"2013-11-07T14:57:19","date_gmt":"2013-11-07T19:57:19","guid":{"rendered":"http:\/\/blogs.dickinson.edu\/glossen\/?page_id=3481"},"modified":"2021-12-30T14:37:25","modified_gmt":"2021-12-30T19:37:25","slug":"autoren-glossen-37-2013","status":"publish","type":"page","link":"https:\/\/blogs.dickinson.edu\/glossen\/archive\/most-recent-issue-glossen-372014\/autoren-glossen-37-2013\/","title":{"rendered":"Autoren \u2013 Glossen 37\/2013"},"content":{"rendered":"<p><strong>Christine Cosentino<\/strong> ist \u201cProfessor of German&#8221; an der Rutgers University in Camden und Mitherausgeberin der 1997 gegr\u00fcndeten Literatur und Kulturzeitschrift <em>Glossen<\/em>.<\/p>\n<p><strong>Gabriele Eckart<\/strong> ist eine deutsche Autorin und \u201cProfessor of German and Spanish\u201d an der Southeast Missouri State University.<\/p>\n<p><strong>Harri Engelmann<\/strong> ist ein deutscher Autor, den es Zeit seines Lebens an der &#8220;Waterkant&#8221; gehalten hat und heute in Klein Nienhagen in der N\u00e4he von Rostock zu Hause ist.<\/p>\n<p><strong>Thomas Ferdinand<\/strong> ist als Autor, \u00dcbersetzer und Publizist in Berlin und anderswo zu Hause.<\/p>\n<p><strong>Kyle Frackman<\/strong>\u00a0ist &#8220;Assistant Professor&#8221; an der Abteilung f\u00fcr Central, Eastern und Northern European Studies und au\u00dferdem Teil der Associate Faculty am Institute for Gender, Race, Sexuality und Social Justice an der University of British Columbia.<\/p>\n<p><strong>Britta Kallin<\/strong> ist \u201cAssociate Professor of German\u201d an der \u201cSchool of Modern Languages, Georgia Institute of Technology\u201d in Atlanta.<\/p>\n<p><strong>Frederick A. Lubich<\/strong> ist \u201cProfessor of German\u201d an der Old Dominion University in Norfolk, VA.<\/p>\n<p><strong>Rupprecht Mayer<\/strong> ist u. a. Sinologe, Galerist, Verlagsbuchh\u00e4ndler, \u00dcbersetzer, Herausgeber chinesischer Literatur und Autor von Kurz- und K\u00fcrzestgeschichten.<\/p>\n<p>Julian Reidy\u00a0ist Germanist und Anglist und \u201cPost Doc.\u201d an der Universit\u00e9 de Gen\u00e8ve.<\/p>\n<p><strong>Jay Julian Rosellini<\/strong> ist \u201cProfessor of German\u201d an der Suffolk University in Boston.<\/p>\n","protected":false},"excerpt":{"rendered":"<p>Christine Cosentino ist \u201cProfessor of German&#8221; an der Rutgers University in Camden und Mitherausgeberin der 1997 gegr\u00fcndeten Literatur und Kulturzeitschrift Glossen. Gabriele Eckart ist eine deutsche Autorin und \u201cProfessor of German and Spanish\u201d an der Southeast Missouri State University. Harri Engelmann ist ein deutscher Autor, den es Zeit seines Lebens an der &#8220;Waterkant&#8221; gehalten hat [&hellip;]<\/p>\n","protected":false},"author":394,"featured_media":0,"parent":3479,"menu_order":0,"comment_status":"closed","ping_status":"closed","template":"","meta":{"footnotes":""},"class_list":["post-3481","page","type-page","status-publish","hentry"],"_links":{"self":[{"href":"https:\/\/blogs.dickinson.edu\/glossen\/wp-json\/wp\/v2\/pages\/3481","targetHints":{"allow":["GET"]}}],"collection":[{"href":"https:\/\/blogs.dickinson.edu\/glossen\/wp-json\/wp\/v2\/pages"}],"about":[{"href":"https:\/\/blogs.dickinson.edu\/glossen\/wp-json\/wp\/v2\/types\/page"}],"author":[{"embeddable":true,"href":"https:\/\/blogs.dickinson.edu\/glossen\/wp-json\/wp\/v2\/users\/394"}],"replies":[{"embeddable":true,"href":"https:\/\/blogs.dickinson.edu\/glossen\/wp-json\/wp\/v2\/comments?post=3481"}],"version-history":[{"count":0,"href":"https:\/\/blogs.dickinson.edu\/glossen\/wp-json\/wp\/v2\/pages\/3481\/revisions"}],"up":[{"embeddable":true,"href":"https:\/\/blogs.dickinson.edu\/glossen\/wp-json\/wp\/v2\/pages\/3479"}],"wp:attachment":[{"href":"https:\/\/blogs.dickinson.edu\/glossen\/wp-json\/wp\/v2\/media?parent=3481"}],"curies":[{"name":"wp","href":"https:\/\/api.w.org\/{rel}","templated":true}]}}