{"id":3512,"date":"2013-11-07T14:51:05","date_gmt":"2013-11-07T19:51:05","guid":{"rendered":"http:\/\/blogs.dickinson.edu\/glossen\/?page_id=3512"},"modified":"2023-03-19T16:09:42","modified_gmt":"2023-03-19T20:09:42","slug":"frederick-a-lubichglossen-37-2013","status":"publish","type":"page","link":"https:\/\/blogs.dickinson.edu\/glossen\/archive\/most-recent-issue-glossen-372014\/frederick-a-lubichglossen-37-2013\/","title":{"rendered":"Frederick A. Lubich"},"content":{"rendered":"<p><strong><em>Literaturpapst mit Frau<\/em> &#8212; In Erinnerung an Marcel Reich-Ranicki (1920 &#8211; 2013)<\/strong><\/p>\n<p>Nach der gro\u00dfen Flucht vor Richtern und Henkern,<br \/>\nnach der lebenslangen Suche nach Dichtern und Denkern,<br \/>\nnach all den Feinden und Freunden,<br \/>\nden vielen Weggef\u00e4hrten ins Gedeih und Verderben &#8230;<br \/>\ndurch Abgr\u00fcnde und Sehns\u00fcchte &#8230;<\/p>\n<p>Endstation Deutschland &#8212; Caf\u00e9 Einstein:<br \/>\nBitte eine Melange und ein stilles Wasser.<\/p>\n<p>Frederick A. Lubich<\/p>\n<p><a href=\"http:\/\/blogs.dickinson.edu\/glossen\/files\/2013\/10\/MRR1.jpg\"><img loading=\"lazy\" decoding=\"async\" class=\"aligncenter size-large wp-image-3520\" alt=\"MRR\" src=\"http:\/\/blogs.dickinson.edu\/glossen\/files\/2013\/10\/MRR1-1024x772.jpg\" width=\"624\" height=\"472\" srcset=\"https:\/\/blogs.dickinson.edu\/glossen\/files\/2013\/10\/MRR1-300x226.jpg 300w, https:\/\/blogs.dickinson.edu\/glossen\/files\/2013\/10\/MRR1.jpg 1506w\" sizes=\"auto, (max-width: 624px) 100vw, 624px\" \/><\/a><\/p>\n<p>Marcel Reich-Ranicki und Frau Theofila im Berliner Caf\u00e9 Einstein Unter den Linden<\/p>\n<p>&nbsp;<\/p>\n<p>__________________<\/p>\n<p>(Bild und Text sind ein Wiederabdruck aus Gerald Uhlig-Romero (Hrsg.), <em>Berliner Melange. Geschichten und Rezepte aus dem Caf\u00e9 Einstein Unter den Linden<\/em>. M\u00fcnchen: Collection Rolf Heyne, 2006, S. 105.<\/p>\n","protected":false},"excerpt":{"rendered":"<p>Literaturpapst mit Frau &#8212; In Erinnerung an Marcel Reich-Ranicki (1920 &#8211; 2013) Nach der gro\u00dfen Flucht vor Richtern und Henkern, nach der lebenslangen Suche nach Dichtern und Denkern, nach all den Feinden und Freunden, den vielen Weggef\u00e4hrten ins Gedeih und Verderben &#8230; durch Abgr\u00fcnde und Sehns\u00fcchte &#8230; Endstation Deutschland &#8212; Caf\u00e9 Einstein: Bitte eine Melange [&hellip;]<\/p>\n","protected":false},"author":394,"featured_media":0,"parent":3479,"menu_order":0,"comment_status":"closed","ping_status":"closed","template":"","meta":{"footnotes":""},"class_list":["post-3512","page","type-page","status-publish","hentry"],"_links":{"self":[{"href":"https:\/\/blogs.dickinson.edu\/glossen\/wp-json\/wp\/v2\/pages\/3512","targetHints":{"allow":["GET"]}}],"collection":[{"href":"https:\/\/blogs.dickinson.edu\/glossen\/wp-json\/wp\/v2\/pages"}],"about":[{"href":"https:\/\/blogs.dickinson.edu\/glossen\/wp-json\/wp\/v2\/types\/page"}],"author":[{"embeddable":true,"href":"https:\/\/blogs.dickinson.edu\/glossen\/wp-json\/wp\/v2\/users\/394"}],"replies":[{"embeddable":true,"href":"https:\/\/blogs.dickinson.edu\/glossen\/wp-json\/wp\/v2\/comments?post=3512"}],"version-history":[{"count":0,"href":"https:\/\/blogs.dickinson.edu\/glossen\/wp-json\/wp\/v2\/pages\/3512\/revisions"}],"up":[{"embeddable":true,"href":"https:\/\/blogs.dickinson.edu\/glossen\/wp-json\/wp\/v2\/pages\/3479"}],"wp:attachment":[{"href":"https:\/\/blogs.dickinson.edu\/glossen\/wp-json\/wp\/v2\/media?parent=3512"}],"curies":[{"name":"wp","href":"https:\/\/api.w.org\/{rel}","templated":true}]}}