{"id":3694,"date":"2014-06-12T14:48:34","date_gmt":"2014-06-12T18:48:34","guid":{"rendered":"http:\/\/blogs.dickinson.edu\/glossen\/?page_id=3694"},"modified":"2021-12-30T14:37:04","modified_gmt":"2021-12-30T19:37:04","slug":"autoren-glossen-382014","status":"publish","type":"page","link":"https:\/\/blogs.dickinson.edu\/glossen\/archive\/most-recent-issue-glossen-382014\/autoren-glossen-382014\/","title":{"rendered":"Autoren Glossen 38\/2014"},"content":{"rendered":"<p><strong>Michael Augustin<\/strong> ist ein in L\u00fcbeck geborener Bremer Lyriker, Essayist, Autor kurzer Prosa und Dramen. Au\u00dferdem ist er Redakteur bei Radio Bremen.<\/p>\n<p><strong>Peter U. Beicken<\/strong> ist &#8220;Professor of German&#8221; an der Universit\u00e4t of Maryland, College Park.<\/p>\n<p><strong>Christine Cosentino<\/strong>\u00a0ist \u201cProfessor of German&#8221; an der Rutgers University in Camden und Mitherausgeberin der 1997 gegr\u00fcndeten Literatur und Kulturzeitschrift\u00a0<em>Glossen<\/em>.<\/p>\n<p><strong>Gabriele Eckart<\/strong>\u00a0ist eine deutsche Autorin und \u201cProfessor of German and Spanish\u201d an der Southeast Missouri State University.<\/p>\n<p><strong>G\u00fcnter Kunert<\/strong> ist ein deutscher Autor und Lyriker.<\/p>\n<p><strong>Helga Kurzchalia<\/strong> ist eine Berliner Autorin und Lyrikerin.<\/p>\n<p><strong>Frederick A. Lubich<\/strong> ist &#8220;Professor of German&#8221; an der Old Dominion University, Norfolk, Virginia.<\/p>\n<p><strong>Utz Rachowski<\/strong> ist ein deutscher und vor allem Vogtl\u00e4ndischer Autor.<\/p>\n<p><strong>Axel Reitel<\/strong> ist ein deutscher Autor und Lyriker.<\/p>\n<p><strong> Walter Weber<\/strong> ist Redakteur bei Radio Bremen.<\/p>\n","protected":false},"excerpt":{"rendered":"<p>Michael Augustin ist ein in L\u00fcbeck geborener Bremer Lyriker, Essayist, Autor kurzer Prosa und Dramen. Au\u00dferdem ist er Redakteur bei Radio Bremen. Peter U. Beicken ist &#8220;Professor of German&#8221; an der Universit\u00e4t of Maryland, College Park. Christine Cosentino\u00a0ist \u201cProfessor of German&#8221; an der Rutgers University in Camden und Mitherausgeberin der 1997 gegr\u00fcndeten Literatur und Kulturzeitschrift\u00a0Glossen. [&hellip;]<\/p>\n","protected":false},"author":394,"featured_media":0,"parent":3681,"menu_order":0,"comment_status":"closed","ping_status":"closed","template":"","meta":{"footnotes":""},"class_list":["post-3694","page","type-page","status-publish","hentry"],"_links":{"self":[{"href":"https:\/\/blogs.dickinson.edu\/glossen\/wp-json\/wp\/v2\/pages\/3694","targetHints":{"allow":["GET"]}}],"collection":[{"href":"https:\/\/blogs.dickinson.edu\/glossen\/wp-json\/wp\/v2\/pages"}],"about":[{"href":"https:\/\/blogs.dickinson.edu\/glossen\/wp-json\/wp\/v2\/types\/page"}],"author":[{"embeddable":true,"href":"https:\/\/blogs.dickinson.edu\/glossen\/wp-json\/wp\/v2\/users\/394"}],"replies":[{"embeddable":true,"href":"https:\/\/blogs.dickinson.edu\/glossen\/wp-json\/wp\/v2\/comments?post=3694"}],"version-history":[{"count":0,"href":"https:\/\/blogs.dickinson.edu\/glossen\/wp-json\/wp\/v2\/pages\/3694\/revisions"}],"up":[{"embeddable":true,"href":"https:\/\/blogs.dickinson.edu\/glossen\/wp-json\/wp\/v2\/pages\/3681"}],"wp:attachment":[{"href":"https:\/\/blogs.dickinson.edu\/glossen\/wp-json\/wp\/v2\/media?parent=3694"}],"curies":[{"name":"wp","href":"https:\/\/api.w.org\/{rel}","templated":true}]}}