{"id":3913,"date":"2014-12-07T10:57:14","date_gmt":"2014-12-07T15:57:14","guid":{"rendered":"http:\/\/blogs.dickinson.edu\/glossen\/?page_id=3913"},"modified":"2022-09-07T16:24:49","modified_gmt":"2022-09-07T20:24:49","slug":"autoren-heft-39","status":"publish","type":"page","link":"https:\/\/blogs.dickinson.edu\/glossen\/archive\/most-recent-issue-glossen-392014\/autoren-heft-39\/","title":{"rendered":"Autoren Glossen Heft 39, 2014"},"content":{"rendered":"<p><a href=\"http:\/\/www.gabriellealioth.com\/home.html\"><strong>Gabrielle Alioth<\/strong><\/a> ist eine in Basel geborene Journalistin, \u00dcbersetzerin und Autorin, die seit 2004 an der Hochschule Luzern f\u00fcr Design und Kunst t\u00e4tig ist. Seit 2010 unterrichtet sie Schreibkurse am Literaturhaus und der Volkshochschule in Basel.<\/p>\n<p><a href=\"http:\/\/www.utas.edu.au\/humanities\/home\/english\/english-research\/popular-culture\/zur-ware-gibts-werbung-das-gedicht-als-lyrische-werbung-und-konsumware\/Billy-Badger\"><strong>Billy Badger<\/strong><\/a> is a Lecturer and co-ordinator of German in the School of English, Journalism and European Languages at the University of Tasmania.<\/p>\n<p><a href=\"http:\/\/michael-blumenthal.com\"><strong>Michael Blumenthal<\/strong><\/a> is an American poet and translator from German, French and Hungarian. He is currently a Visiting Professor of Law at the West Virginia University College of Law, where he has taught since 2009.<\/p>\n<p><a href=\"https:\/\/foreignlanguages.camden.rutgers.edu\/faculty\/christine-cosentino-dougherty\/\"><strong>Christine Cosentino<\/strong><\/a> ist \u201cProfessor of German\u201d an der Rutgers University in Camden und Mitherausgeberin der 1997 gegr\u00fcndeten Literatur und Kulturzeitschrift Glossen.<\/p>\n<p><a href=\"http:\/\/people.hofstra.edu\/Neil_H_Donahue\/\"><strong>Neil Donahue<\/strong><\/a> is Professor of German and Comparative Literature and Senior Associate Dean at Hofstra University in Hempstead, NY<\/p>\n<p><a href=\"https:\/\/www.odu.edu\/directory\/people\/f\/flubich\"><strong>Frederick Lubich<\/strong><\/a> ist \u201cProfessor of German\u201d an der Old Dominion University in Norfolk, VA.<\/p>\n<p><a href=\"http:\/\/jewishva.org\/node\/3123\"><strong>Michael Panitz<\/strong><\/a> is a Rabbi at Temple Israel of Norfolk and Adjunct Professor at Old Dominion University in Norfolk, VA.<\/p>\n<p><a href=\"https:\/\/www.suffolk.edu\/college\/12146.php\"><strong>Jay Julian Rosellini<\/strong><\/a> ist \u201cProfessor of German\u201d an der Suffolk University in Boston.<\/p>\n<p><a href=\"http:\/\/de.wikipedia.org\/wiki\/Anna_Elisabeth_Rosmus\"><strong>Anna Rosmus<\/strong><\/a> ist eine in Passsau geborene Autorin, Forscherin und Publizistin zur deutschen und besonders zur Passauer Geschichte w\u00e4hrend der Zeit des Nationalsozialismus. Auf ihrem Leben basiert der von Michael Verhoeven inszenierte Film <em>Das schreckliche M\u00e4dchen<\/em>. Seit 1994 lebt sie in den Vereinigten Staaten.<\/p>\n<p><a href=\"http:\/\/www.literaturport.de\/Utz.Rachowski\/\"><strong>Utz Rachowski<\/strong><\/a>ist ein deutscher Autor und Lyriker. Obwohl er ein \u00fcberzeugter\u00a0Vogtlandes ist, wohnt er ab und an auch in Berlin, wenn er nicht gerade auf Reisen ist, z. B. in den USA.<\/p>\n<p><a href=\"http:\/\/www.literaturport.de\/Axel.Reitel\/\"><strong>Axel Reitel<\/strong><\/a> wurde in PLauen\/Vogtland geboren, lebte aber seit seinem Freikauf aus der DDR-Haft im Jahre 1982 in der Bundesrepublik und in Westberlin. Er ist ein deutscher Journalist, Sozialwissenschaftler und Autor.<\/p>\n<p><a href=\"http:\/\/www.br.de\/fernsehen\/ard-alpha\/sendungen\/alpha-forum\/rainer-stollmann-sendung-100.html\"><strong>Rainer Stollmann<\/strong><\/a> ist Professor Emeritus f\u00fcr Kulturgeschichte an der Universit\u00e4t Bremen. Er forscht i.w. zu zwei Themen: Geschichte des Lachens und Alexander Kluge. Letzte Publikation: \u201cAngst ist ein gutes Mittel gegen Verstopfung.\u201d Aus der <em>Geschichte des Lachens<\/em>. Berlin: Vorwerk 8, 2010. N\u00e4chste Publikation: <em>Begriffe putzen. Zwei Interviews mit Alexander Kluge<\/em>. Berlin 2013.<\/p>\n<p><a href=\"http:\/\/de.wikipedia.org\/wiki\/Gerald_Uhlig\"><strong>Gerald Uhlig-Romero<\/strong><\/a> wurde in Heidelberg geboren. Er studierte Musik und darstellende Kunst in Wien und ist Regisseur, Schauspieler, Gr\u00fcnder des Cafe und der Galerie Einstein in Berlin, wo er Fotoausstellungen mit internationalen Fotok\u00fcnstlern wie Dennis Hopper, Wim Wenders, Helmut Newton realisiert.<\/p>\n<p><a href=\"http:\/\/susanwansink.com\/about\/\"><strong>Susan Wansink<\/strong><\/a> ist \u201cProfessor of German\u201d am Virginia Wesleyan College in Norfolk, VA und Architekturfotografin.\u00a0<\/p>\n<p><a href=\"http:\/\/www.americanacademy.de\/home\/person\/peter-wortsman\"><strong>Peter Wortsman<\/strong><\/a> a journalist, author and translator who lives in New York. He is the recipient of the 2008 Geertje Potash-Suhr Prosapreis of the Society for Contemporary American Literature in German.<\/p>\n","protected":false},"excerpt":{"rendered":"<p>Gabrielle Alioth ist eine in Basel geborene Journalistin, \u00dcbersetzerin und Autorin, die seit 2004 an der Hochschule Luzern f\u00fcr Design und Kunst t\u00e4tig ist. Seit 2010 unterrichtet sie Schreibkurse am Literaturhaus und der Volkshochschule in Basel. Billy Badger is a Lecturer and co-ordinator of German in the School of English, Journalism and European Languages at [&hellip;]<\/p>\n","protected":false},"author":394,"featured_media":0,"parent":3907,"menu_order":0,"comment_status":"closed","ping_status":"closed","template":"","meta":{"footnotes":""},"class_list":["post-3913","page","type-page","status-publish","hentry"],"_links":{"self":[{"href":"https:\/\/blogs.dickinson.edu\/glossen\/wp-json\/wp\/v2\/pages\/3913","targetHints":{"allow":["GET"]}}],"collection":[{"href":"https:\/\/blogs.dickinson.edu\/glossen\/wp-json\/wp\/v2\/pages"}],"about":[{"href":"https:\/\/blogs.dickinson.edu\/glossen\/wp-json\/wp\/v2\/types\/page"}],"author":[{"embeddable":true,"href":"https:\/\/blogs.dickinson.edu\/glossen\/wp-json\/wp\/v2\/users\/394"}],"replies":[{"embeddable":true,"href":"https:\/\/blogs.dickinson.edu\/glossen\/wp-json\/wp\/v2\/comments?post=3913"}],"version-history":[{"count":0,"href":"https:\/\/blogs.dickinson.edu\/glossen\/wp-json\/wp\/v2\/pages\/3913\/revisions"}],"up":[{"embeddable":true,"href":"https:\/\/blogs.dickinson.edu\/glossen\/wp-json\/wp\/v2\/pages\/3907"}],"wp:attachment":[{"href":"https:\/\/blogs.dickinson.edu\/glossen\/wp-json\/wp\/v2\/media?parent=3913"}],"curies":[{"name":"wp","href":"https:\/\/api.w.org\/{rel}","templated":true}]}}