{"id":4372,"date":"2015-06-05T13:32:35","date_gmt":"2015-06-05T17:32:35","guid":{"rendered":"http:\/\/blogs.dickinson.edu\/glossen\/?page_id=4372"},"modified":"2018-04-09T13:12:08","modified_gmt":"2018-04-09T17:12:08","slug":"most-recent-issue-glossen-402015","status":"publish","type":"page","link":"https:\/\/blogs.dickinson.edu\/glossen\/archive\/most-recent-issue-glossen-402015\/","title":{"rendered":"Most Recent Issue \u2013 Glossen 40\/2015"},"content":{"rendered":"<h3>Lyrik<\/h3>\n<p><a title=\"Susanne Eules\" href=\"http:\/\/blogs.dickinson.edu\/glossen\/most-recent-issue-glossen-402015\/susanne-eules\/\"><strong>Susanne Eules<\/strong>, poems from: <em>herding the queen&#8217;s hares<\/em><\/a><\/p>\n<p><a href=\"http:\/\/blogs.dickinson.edu\/glossen\/most-recent-issue-glossen-402015\/klaus-rainer-goll-glossen40-2015\/\"><strong>Klaus Rainer Goll<\/strong>, &#8220;Fremd bin ich eingezogen\/ fremd zieh ich wieder aus&#8221; \u2014 f\u00fcnf Gedichte<\/a><\/p>\n<p><a href=\"http:\/\/blogs.dickinson.edu\/glossen\/most-recent-issue-glossen-402015\/richard-leising-glossen40-2015\/\"> <strong>Richard Leising<\/strong>, Bodden<\/a><\/p>\n<p><a href=\"http:\/\/blogs.dickinson.edu\/glossen\/most-recent-issue-glossen-402015\/axel-reitel-glossen40-2015\/\"> <strong>Axel Reitel<\/strong>, Sommerofferte<\/a><\/p>\n<h3>Interview<\/h3>\n<p><a href=\"http:\/\/blogs.dickinson.edu\/glossen\/most-recent-issue-glossen-402015\/frederick-a-lubich-glossen40-2015-2\/\"><strong>Frederick A. Lubich<\/strong>, Interview with Michael Eskin, Scholar, Author and Co-Founder of the German-American Publishing House Upper West Side Philosophers<\/a><\/p>\n<h3>Anekdote<\/h3>\n<p><a href=\"http:\/\/blogs.dickinson.edu\/glossen\/most-recent-issue-glossen-392015\/gerald-uhlig-romero2\/\"><strong>Gerald Uhlig-Romero<\/strong>, Popstar, Genie und Wahnsinn: Der Nobelpreistr\u00e4ger f\u00fcr Mathematik John Nash besuchte schon 1996 das &#8220;Cafe Einstein Unter den Linden&#8221; in Berlin<\/a><\/p>\n<h3>Essay<\/h3>\n<p><a href=\"http:\/\/blogs.dickinson.edu\/glossen\/most-recent-issue-glossen-402015\/frederick-a-lubich-glossen40-2015\/\"> <strong>Frederick A. Lubich<\/strong>,\u00a0Mauerschauen und Kassandrarufe: Von Oswald Spenglers <em>Untergang des Abendlandes<\/em> zu Samuel Huntingtons <em>Clash<\/em><em> of Civilizations<\/em> und dar\u00fcberhinaus<\/a><\/p>\n<p><a href=\"http:\/\/blogs.dickinson.edu\/glossen\/most-recent-issue-glossen-402015\/frederick-a-lubich3-glossen40-2015\/\"> <strong>Frederick A. Lubich<\/strong>, \u201eSchlag noch einmal die Bogen\u201c. Reisebilder und Wandergeschichten im Wandel der Zeiten. Zweiter und dritter Teil der Serie &#8220;L\u2019Apr\u00e8s Midi \u00c9ternel: Vom langen Atem der Liebe&#8221;<\/a><\/p>\n<h3>Artikel<\/h3>\n<p><a href=\"http:\/\/blogs.dickinson.edu\/glossen\/most-recent-issue-glossen-402015\/christine-cosentino-glossen40-2015\/\"> <strong>Christine Cosentino<\/strong>, \u201cDeformierte Verh\u00e4ltnisse\u201d vs. \u201cunmittelbare Gemeinschaft\u201d: Freiheitsutopien in Lutz Seilers Roman <em>Kruso<\/em>.<\/a><\/p>\n<p><a href=\"http:\/\/blogs.dickinson.edu\/glossen\/most-recent-issue-glossen-402015\/gabriele-eckart-glossen40-2015\/\"> <strong>Gabriele Eckart<\/strong>, The Functions of Multilingual Language Use in Katja Petrowskaja\u2019s <em>Vielleicht Esther<\/em><\/a><\/p>\n<p><a href=\"http:\/\/blogs.dickinson.edu\/glossen\/most-recent-issue-glossen-402015\/margrit-zinggeler-glossen40-2015\/\"> <strong>Margrit Zinggeler<\/strong>,\u00a0The \u201cEastern European Memory\u201d in Contemporary German Swiss Literature<\/a><\/p>\n<h3>Laudatio<\/h3>\n<p><a href=\"http:\/\/blogs.dickinson.edu\/glossen\/most-recent-issue-glossen-402015\/michael-augustin\/\"><strong>Michael Augustin<\/strong>,\u00a0Laudatio auf G\u00fcnter Kunert anl\u00e4\u00dflich der Verleihung des Kunstpreises des Landes Schleswig-Holstein am 30.Oktober 2014 in der Kieler Kunsthalle<\/a><\/p>\n<p><a href=\"http:\/\/blogs.dickinson.edu\/glossen\/archive\/most-recent-issue-glossen-402015\/utz-rachowski-glossen40-2015\/\"> <strong>Utz Rachowski<\/strong>, Der Sinngeber<strong> \u2014\u00a0<\/strong>Meine wunderbaren Jahre mit Reiner Kunze als Leser, Mitwirkender und Kollege.<\/a><\/p>\n<h3>Autoren<\/h3>\n<p><a href=\"http:\/\/blogs.dickinson.edu\/glossen\/most-recent-issue-glossen-402015\/autoren-glossen40-2015\/\">Autoren Glossen 40, 2015<\/a><\/p>\n","protected":false},"excerpt":{"rendered":"<p>Lyrik Susanne Eules, poems from: herding the queen&#8217;s hares Klaus Rainer Goll, &#8220;Fremd bin ich eingezogen\/ fremd zieh ich wieder aus&#8221; \u2014 f\u00fcnf Gedichte Richard Leising, Bodden Axel Reitel, Sommerofferte Interview Frederick A. Lubich, Interview with Michael Eskin, Scholar, Author and Co-Founder of the German-American Publishing House Upper West Side Philosophers Anekdote Gerald Uhlig-Romero, Popstar, [&hellip;]<\/p>\n","protected":false},"author":394,"featured_media":0,"parent":119,"menu_order":0,"comment_status":"open","ping_status":"closed","template":"","meta":{"footnotes":""},"class_list":["post-4372","page","type-page","status-publish","hentry"],"_links":{"self":[{"href":"https:\/\/blogs.dickinson.edu\/glossen\/wp-json\/wp\/v2\/pages\/4372","targetHints":{"allow":["GET"]}}],"collection":[{"href":"https:\/\/blogs.dickinson.edu\/glossen\/wp-json\/wp\/v2\/pages"}],"about":[{"href":"https:\/\/blogs.dickinson.edu\/glossen\/wp-json\/wp\/v2\/types\/page"}],"author":[{"embeddable":true,"href":"https:\/\/blogs.dickinson.edu\/glossen\/wp-json\/wp\/v2\/users\/394"}],"replies":[{"embeddable":true,"href":"https:\/\/blogs.dickinson.edu\/glossen\/wp-json\/wp\/v2\/comments?post=4372"}],"version-history":[{"count":0,"href":"https:\/\/blogs.dickinson.edu\/glossen\/wp-json\/wp\/v2\/pages\/4372\/revisions"}],"up":[{"embeddable":true,"href":"https:\/\/blogs.dickinson.edu\/glossen\/wp-json\/wp\/v2\/pages\/119"}],"wp:attachment":[{"href":"https:\/\/blogs.dickinson.edu\/glossen\/wp-json\/wp\/v2\/media?parent=4372"}],"curies":[{"name":"wp","href":"https:\/\/api.w.org\/{rel}","templated":true}]}}