{"id":4384,"date":"2015-06-05T17:37:19","date_gmt":"2015-06-05T21:37:19","guid":{"rendered":"http:\/\/blogs.dickinson.edu\/glossen\/?page_id=4384"},"modified":"2021-12-30T14:37:12","modified_gmt":"2021-12-30T19:37:12","slug":"autoren-glossen40-2015","status":"publish","type":"page","link":"https:\/\/blogs.dickinson.edu\/glossen\/archive\/most-recent-issue-glossen-402015\/autoren-glossen40-2015\/","title":{"rendered":"Autoren Glossen 40\/2015"},"content":{"rendered":"<p><strong>Michael Augustin<\/strong> ist ein in L\u00fcbeck geborener Bremer Lyriker, Essayist, Autor kurzer Prosa und Dramen. Au\u00dferdem ist er Redakteur bei Radio Bremen.<\/p>\n<p><strong>Christine Cosentino<\/strong>\u00a0ist \u201cProfessor of German\u201d an der Rutgers University in Camden und Mitherausgeberin der 1997 gegr\u00fcndeten Literatur und Kulturzeitschrift Glossen.<\/p>\n<p><strong>Susanne Eules<\/strong> ist eine deutsche Autorin, Lyrikerin und \u00dcbersetzerin. Sie lebt in DeLand, Florida. <a href=\"http:\/\/www.susanneeules.net\">(Homepage)<\/a><\/p>\n<p><strong>Gabriele Eckart<\/strong>\u00a0ist eine deutsche Autorin und \u201cProfessor of German and Spanish\u201d an der Southeast Missouri State University.<\/p>\n<p><strong>Klaus Rainer Goll<\/strong> \u00a0ist ein L\u00fcbecker Schriftsteller, der seit 1965 vor allem durch seine Gedichte und Kurzprosa bekannt geworden ist. Er ist Gr\u00fcnder des L\u00fcbecker Autorenkreises und Empf\u00e4nger verschiedener Literaturpreise. Im Jahre 2010 wurde er mit der Verdienstmedaille des Bundesverdienstkreuzes ausgezeichnet. <a href=\"http:\/\/www.kr-goll.de\/\"><span class=\"s2\">Homepage<\/span><\/a><\/p>\n<p><strong>Richard Leising<\/strong>  (* 24. M\u00e4rz 1934 in Chemnitz; \u2020 20. Mai 1997 in Berlin) ist ein deutscher Lyriker, der oft S\u00e4chsischen Dichterschule zugeordnet wird. 1992 wurde ihm der Christian-Wagner-Preis verliehen.<\/p>\n<p><strong>Frederick Lubich<\/strong>\u00a0ist \u201cProfessor of German\u201d an der Old Dominion University in Norfolk, VA.<\/p>\n<p><strong>Utz Rachowski\u00a0<\/strong>ist ein deutscher Autor und Lyriker. Obwohl er ein \u00fcberzeugter\u00a0Vogtlandes ist, wohnt er ab und an auch in Berlin, wenn er nicht gerade auf Reisen ist, z. B. in den USA.<\/p>\n<p><strong>Axel Reitel<\/strong>\u00a0wurde in PLauen\/Vogtland geboren, lebte aber seit seinem Freikauf aus der DDR-Haft im Jahre 1982 in der Bundesrepublik und in Westberlin. Er ist ein deutscher Journalist, Sozialwissenschaftler und Autor.<\/p>\n<p><strong>Susanne Sch\u00e4dlich<\/strong> ist eine deutsche Autorin, die in Berlin lebt. <a href=\"http:\/\/www.susanneschaedlich.de\/\"><span class=\"s2\">Homepage<\/span><\/a><\/span><\/p>\n<p><strong>Gerd Uhlig-Romero\u00a0<\/strong>wurde in Heidelberg geboren. Er studierte Musik und darstellende Kunst in Wien und ist Regisseur, Schauspieler, Gr\u00fcnder des Cafe und der Galerie Einstein in Berlin, wo er Fotoausstellungen mit internationalen Fotok\u00fcnstlern wie Dennis Hopper, Wim Wenders, Helmut Newton realisiert.<\/p>\n<p><strong>Margrit\u00a0Zinggeler<\/strong> ist &#8220;Professor of German&#8221;. Sie unterrichtet deutsche Sprache sowie deutsche und schweizer Kultur an der Eastern Michigan University in Ypsilanti, MI.<\/p>\n<p>&nbsp;<\/p>\n","protected":false},"excerpt":{"rendered":"<p>Michael Augustin ist ein in L\u00fcbeck geborener Bremer Lyriker, Essayist, Autor kurzer Prosa und Dramen. Au\u00dferdem ist er Redakteur bei Radio Bremen. Christine Cosentino\u00a0ist \u201cProfessor of German\u201d an der Rutgers University in Camden und Mitherausgeberin der 1997 gegr\u00fcndeten Literatur und Kulturzeitschrift Glossen. Susanne Eules ist eine deutsche Autorin, Lyrikerin und \u00dcbersetzerin. Sie lebt in DeLand, [&hellip;]<\/p>\n","protected":false},"author":394,"featured_media":0,"parent":4372,"menu_order":0,"comment_status":"closed","ping_status":"closed","template":"","meta":{"footnotes":""},"class_list":["post-4384","page","type-page","status-publish","hentry"],"_links":{"self":[{"href":"https:\/\/blogs.dickinson.edu\/glossen\/wp-json\/wp\/v2\/pages\/4384","targetHints":{"allow":["GET"]}}],"collection":[{"href":"https:\/\/blogs.dickinson.edu\/glossen\/wp-json\/wp\/v2\/pages"}],"about":[{"href":"https:\/\/blogs.dickinson.edu\/glossen\/wp-json\/wp\/v2\/types\/page"}],"author":[{"embeddable":true,"href":"https:\/\/blogs.dickinson.edu\/glossen\/wp-json\/wp\/v2\/users\/394"}],"replies":[{"embeddable":true,"href":"https:\/\/blogs.dickinson.edu\/glossen\/wp-json\/wp\/v2\/comments?post=4384"}],"version-history":[{"count":0,"href":"https:\/\/blogs.dickinson.edu\/glossen\/wp-json\/wp\/v2\/pages\/4384\/revisions"}],"up":[{"embeddable":true,"href":"https:\/\/blogs.dickinson.edu\/glossen\/wp-json\/wp\/v2\/pages\/4372"}],"wp:attachment":[{"href":"https:\/\/blogs.dickinson.edu\/glossen\/wp-json\/wp\/v2\/media?parent=4384"}],"curies":[{"name":"wp","href":"https:\/\/api.w.org\/{rel}","templated":true}]}}