{"id":4619,"date":"2015-06-05T15:19:38","date_gmt":"2015-06-05T19:19:38","guid":{"rendered":"http:\/\/blogs.dickinson.edu\/glossen\/?page_id=4619"},"modified":"2015-06-05T15:45:14","modified_gmt":"2015-06-05T19:45:14","slug":"susanne-eules-glossen40-2015","status":"publish","type":"page","link":"https:\/\/blogs.dickinson.edu\/glossen\/archive\/most-recent-issue-glossen-402015\/susanne-eules-glossen40-2015\/","title":{"rendered":"Susanne Eules"},"content":{"rendered":"<p><a href=\"http:\/\/blogs.dickinson.edu\/glossen\/most-recent-issue-glossen-402015\/susanne-eules-glossen40-2015\/\" target=\"_blank\"><strong>poems from: <em>herding the queen&#8217;s hares<\/em><\/strong><\/a><\/p>\n<p>&nbsp;<\/p>\n<p><strong>hare paw notes<\/strong><br \/>\nItalics: from Friederike Mayr\u00f6cker&#8217;s dieses J\u00e4ckchen (n\u00e4mlich) des Vogel Greif (that little jacket (namely) of the bird Griffin), Suhrkamp 2009 and \u00e9tudes, Suhrkamp 2013, Frankfurt am Main, Germany.<br \/>\nMayr\u00f6cker&#8217;s first mentioned title refers to the Brothers Grimm fairytale of the Bird Griffin, KHM 165 in which another type of fairy tales AT 570 Herding the King\u2019s hares is included.<\/p>\n<p>&nbsp;<\/p>\n<p><strong>coinevale<\/strong><\/p>\n<p>lights turned off : there is this drumfare : the game fair @ 4 : am : the fanfare<\/p>\n<p>of whistles as in procession for warfare : the cort\u00e8ge : the inner ring with tickell&#8217;s<\/p>\n<p>&amp; naumann&#8217;s ouzeling : the outer clockwise counter with true thrushes in dark<\/p>\n<p>bushes : a wayward ring : o : how they on trailers : throwing sweets or treats :<\/p>\n<p>waggis &amp; r\u00e4ppli<em> : <\/em>copious amounts of coinfetti : unicoloured : redwinged : rufous<\/p>\n<p>bellied cliques of nullarbored quails : mutediuos : crimson winged : white crested<\/p>\n<p>bluethroats : marching with tottering pipes : schyssdr\u00e4ggziigli : in the end all<\/p>\n<p>masqueraded nightingales : eyebrowed fieldfares : h\u00e2[r]z coinstumed forever<\/p>\n<p>&nbsp;<\/p>\n<p><strong>Notes<\/strong><\/p>\n<p><a href=\"https:\/\/en.wikipedia.org\/wiki\/Carnival_of_Basel\">https:\/\/en.wikipedia.org\/wiki\/Carnival_of_Basel<\/a><\/p>\n<p><a href=\"http:\/\/www.youtube.com\/watch?v=iT8Capo9o9M\">http:\/\/www.youtube.com\/watch?v=iT8Capo9o9M<\/a><\/p>\n<p><a href=\"http:\/\/www.youtube.com\/watch?v=9ZTn3TQE3UM\">http:\/\/www.youtube.com\/watch?v=9ZTn3TQE3UM<\/a><\/p>\n<p>&nbsp;<\/p>\n<p>h\u00e2[r]z: combination of hare and h\u00e2z (old high German) for clothing<\/p>\n<p>&nbsp;<\/p>\n<hr \/>\n<p>&nbsp;<\/p>\n<p><strong>coinnale<\/strong><\/p>\n<p>germania&#8217;s title taken down from the neoclassicist facade stairwell pathetic<\/p>\n<p>gesture &amp; placed interiorly on the half round wall : imperial eagle &amp; preyed<\/p>\n<p>hare as swastika : recoined : an oversized Deutsche Mark framed by oaks&#8217;<\/p>\n<p>leaves : reunified &amp; coinversioned in 1990 : a monetary monastery : trans<\/p>\n<p>cendent : superior : unavailable in monst[e]rance transsubstanti[n]ation :<\/p>\n<p>demonstration of thaler by coin : a temporary measure : a provisional<\/p>\n<p>arrangement of wooden slats supporting the magnificently red staged photo<\/p>\n<p>graph of italy&#8217;s &amp; germany&#8217;s leaders&#8217; 1934 biennale visit : a marbled floor<\/p>\n<p>approved in 1937 by aspiring artist a.h. : abandoned after ww2 : adopted<\/p>\n<p>in 1950 by the ecoinomic miracle : smashed in 1993 &amp; exp<sup>a<\/sup><sub>e<\/sub>n<sup>d<\/sup><sub>s<\/sub>ed in rubble<\/p>\n<p>: ding dong : hark now i hear them : ding dong bones not coral made :<\/p>\n<p>full fathom five our fathers &amp; enemies lie : the sound of mortal bu<sub>s<\/sub><sup>zz<\/sup>iness<\/p>\n<p>: icy &amp; shattered ship wrecks :\u00a0\u00a0 <sup>de<\/sup>min<sup>d<\/sup><sub>t<\/sub>ed\u00a0\u00a0 capitali<sub>z<\/sub><sup>n<\/sup>ation<\/p>\n<p>&nbsp;<\/p>\n<p><strong>Notes<\/strong><\/p>\n<p>In reference to Hans Haacke&#8217;s contribution to the 1993 Venice Biennale \u2018Germania\u2019 &amp; William Shakespeare&#8217;s Ariel&#8217;s Song.<\/p>\n<p>In Nazi Germany, the emblematic hare was replaced by a swastika, see: Simon Carnell: <em>Hare<\/em>, London 2010, p. 55.<\/p>\n<p>&nbsp;<\/p>\n<hr \/>\n<p>&nbsp;<\/p>\n<p>&nbsp;<\/p>\n<p><strong>microgram<\/strong><\/p>\n<p>evening settles<\/p>\n<p>into a conversed<\/p>\n<p>canvas glowing<\/p>\n<p>at the first flake<\/p>\n<p>then without<\/p>\n<p>sound &amp; word<\/p>\n<p>i am beside myself<\/p>\n<p>robert walser said<\/p>\n<p>succumbing : stum<\/p>\n<p>bling at the slope :<\/p>\n<p>his hat rolled on<\/p>\n<p>for a while from<\/p>\n<p>a low angle a last<\/p>\n<p>full stop on the<\/p>\n<p>overly exposed<\/p>\n<p>photographic plate<\/p>\n<p>&nbsp;<\/p>\n<p><strong>Notes<\/strong><\/p>\n<p>Robert Walser, born April 15, 1878 was a German-speaking Swiss writer who loved long, lonely walks. From 1929 on, after a mental breakdown, he lived in the sanatorium Herisau. More and more, he used the way of writing he called the <em>pencil method<\/em>: He wrote poems and prose in a diminutive S\u00fctterlin hand, letters measuring about a millimeter of height. On the 25th of December 1956 he was found, dead of a heart attack, in a field of snow near the sanatorium. The photographs of the dead walker in the snow resemble a similar image of the dead poet Sebastian in the snow in Walser&#8217;s first novel, <em>Geschwister Tanner<\/em>.<\/p>\n<p>&nbsp;<\/p>\n<p>Werner Morlang and Bernhard Echte were the first ones who deciphered Robert Walser&#8217;s microscripts. In the 1990s, they published a six-volume edition, <em>Aus dem Bleistiftgebiet<\/em> (<em>From the pencil area<\/em>).<\/p>\n<p>&nbsp;<\/p>\n<hr \/>\n<p>&nbsp;<\/p>\n<p><strong>sea haress at the pool<\/strong><\/p>\n<p>you have to get used<\/p>\n<p>you have to get used<\/p>\n<p>to the fact that every<\/p>\n<p>pool is filled with diff<\/p>\n<p>erent water &amp; people<\/p>\n<p>though the old women<\/p>\n<p>seem to have come all<\/p>\n<p>the way from my origi<\/p>\n<p>nal home place across<\/p>\n<p>the atlantic they talk<\/p>\n<p>about the same old<\/p>\n<p>things only in a foreign<\/p>\n<p>language &amp; meanwhile<\/p>\n<p>to the 85 year old the<\/p>\n<p>grown toenail had bro<\/p>\n<p>ken into a deadly wea<\/p>\n<p>pon requiring shears<\/p>\n<p>handled by her swim<\/p>\n<p>mate but this is after the<\/p>\n<p>workout with my tinted<\/p>\n<p>goggles usually protect<\/p>\n<p>ing me against eternal<\/p>\n<p>sunshine which turn the<\/p>\n<p>water up state into a de<\/p>\n<p>ep see from which i e<\/p>\n<p>merge with an <em>undulating<\/em><\/p>\n<p><em>chest <\/em>&amp; vermount fuji in<\/p>\n<p>my <em>chirping<\/em> <em>twitching<\/em> eye<\/p>\n<p>&nbsp;<\/p>\n<p><strong>johnsdaughter, vt<\/strong><\/p>\n<p><strong>[dropping the real<\/strong><\/p>\n<p><strong>state of my belong<\/strong><\/p>\n<p><strong>ing\/eternal sunshine]<\/strong><\/p>\n<p>&nbsp;<\/p>\n<p>almost the whole day<\/p>\n<p>i have concealed with<\/p>\n<p>in myself : this lostness<\/p>\n<p>\u2013 verlorenheit \u2013 of my<\/p>\n<p>tongue : how far have<\/p>\n<p>i come departing in north<\/p>\n<p>baden or as we call it<\/p>\n<p>badisch siberia with stop<\/p>\n<p>overs in dull workplaces<\/p>\n<p>w\/o intimate relations<\/p>\n<p>other than far voices<\/p>\n<p><em>oh i was wandering a<\/em><\/p>\n<p><em>round <\/em>like today in half<\/p>\n<p>leaved woods &amp; fields<\/p>\n<p><em>every thing only bricolage <\/em><\/p>\n<p>a tinkering with words<\/p>\n<p>by min<sup>d<\/sup>ing pencils<\/p>\n<p>&nbsp;<\/p>\n<p><strong>hybrids : sustain your energy<\/strong><\/p>\n<div id=\"attachment_4622\" style=\"width: 310px\" class=\"wp-caption aligncenter\"><a href=\"http:\/\/blogs.dickinson.edu\/glossen\/files\/2015\/06\/Lepus-Cornutus.jpg\"><img loading=\"lazy\" decoding=\"async\" aria-describedby=\"caption-attachment-4622\" class=\"size-medium wp-image-4622\" src=\"http:\/\/blogs.dickinson.edu\/glossen\/files\/2015\/06\/Lepus-Cornutus-300x251.jpg\" alt=\"Lepus Cornutus\" width=\"300\" height=\"251\" srcset=\"https:\/\/blogs.dickinson.edu\/glossen\/files\/2015\/06\/Lepus-Cornutus-300x251.jpg 300w, https:\/\/blogs.dickinson.edu\/glossen\/files\/2015\/06\/Lepus-Cornutus.jpg 640w\" sizes=\"auto, (max-width: 300px) 100vw, 300px\" \/><\/a><p id=\"caption-attachment-4622\" class=\"wp-caption-text\">Lepus Cornutus<\/p><\/div>\n<p>the lepus cornutus is not what you think of a haress\u2019 cuckolded husband but has been leaping through historiae animalium : theatra universalis since medieval times making it on the 1662 frontispiece of physica curiosa with even farther illustration : in 1743 it has been sighted in jacob theodor klein\u2019s summa dubiorum : furthermore was listed as having crossed the borders in 1817 to appear in the nouveau dictionnaire d&#8217;histoire naturelle but that\u2019s just an assumption because of its extreme shyness :\u00a0although there are reports of rare cases where some female had \u2013 as sleeping belly up \u2013 been milked for the purpose of various medicinal treatments in cases of lascivious &amp; hypersexual behavior : homesickness : bouts of melancholy or virgin births &amp; one case of resurrection : faithfully miraculous &amp; mysterious they only breed during winter electrical storms &amp; are extremely dangerous if approached : defending their territory luring intruders away by convincingly imitating the human voice sometimes even pointing the path towards saxony : there it goes : that way :<\/p>\n<p>&nbsp;<\/p>\n<hr \/>\n<p>&nbsp;<\/p>\n<p><strong>children\u2019s song<\/strong><\/p>\n<p>not yet cast the coat<\/p>\n<p>the handmade paper<\/p>\n<p>lantern lit by stars &amp;<\/p>\n<p>ourselves : still in fog<\/p>\n<p>liolage i wait for ink<\/p>\n<p>ing time : not the short<\/p>\n<p>breathed lines of sheet<\/p>\n<p>cut patterns : but the<\/p>\n<p><em>cuplets of snow <\/em>rabim<\/p>\n<p>mel rabammel rabum<\/p>\n<p>&nbsp;<\/p>\n<p><strong>Notes<\/strong><\/p>\n<p>&nbsp;<\/p>\n<p>St. Martin&#8217;s Day, also known as the Feast of St. Martin, Martinstag or Martinmas, the Feast of St. Martin of Tours or Martin le Mis\u00e9ricordieux, is a time for feasting celebrations. St. Martin was known as friend of the children and patron of the poor. In Germany, on the night of Nov. 11, children walk in processions carrying lanterns, which they made in school, and sing Martin songs. Usually, the walk starts at a church and goes to a public square. A man on horseback dressed like St. Martin accompanies the children. When they reach the square, Martin\u2019s bonfire is lit and Martin\u2019s pretzels are distributed<\/p>\n<p>&nbsp;<\/p>\n<hr \/>\n<p>&nbsp;<\/p>\n<p><strong>portrait of the stargazer field<\/strong><\/p>\n<p>&nbsp;<\/p>\n<p>is there anguish that swirls<\/p>\n<p>&amp; whirls &amp; will never end les<\/p>\n<p>bons mots carried their furo<\/p>\n<p>sophical exclamation mark<\/p>\n<p>tonicity idiomaticity inaudible<\/p>\n<p>furibility that mix &amp; port\u00e9e the<\/p>\n<p>german tongue the taste of self<\/p>\n<p>: hares : ein verm\u00f6gen : possessed<\/p>\n<p>costing a fortune &amp; nearly impo<\/p>\n<p>ssible to bound outside the circle<\/p>\n<p>of assassins kafka would say :<\/p>\n<p>now after the night the day you<\/p>\n<p>would say where are we where<\/p>\n<p>do we awaken where do we keep<\/p>\n<p>watch on awakening this new us<\/p>\n<p>&nbsp;<\/p>\n<p>&nbsp;<\/p>\n<p><strong>thamnocoloi<\/strong><\/p>\n<p><strong>at spychernplatz, <\/strong><\/p>\n<p><strong>berlin germany<\/strong><\/p>\n<p><strong>\u00a0<\/strong><\/p>\n<p>meene beene<\/p>\n<p>tun so wehe<\/p>\n<p>down to core<\/p>\n<p>&amp; pith i wish<\/p>\n<p>hoppel di po<\/p>\n<p>ppel myself<\/p>\n<p>to beat the ho<\/p>\n<p>oks to mingle<\/p>\n<p>for a blissful<\/p>\n<p>supper in their<\/p>\n<p>island&#8217;s shrubs<\/p>\n<p>&nbsp;<\/p>\n<p><strong>Notes<\/strong><\/p>\n<p>&nbsp;<\/p>\n<p>thamnocolous: shrub inhabiting species (Dictionary of Ecology and Environment).<\/p>\n<p>meene beene tun so wehe: Berlinian for my legs hurt so much.<\/p>\n<hr \/>\n","protected":false},"excerpt":{"rendered":"<p>poems from: herding the queen&#8217;s hares &nbsp; hare paw notes Italics: from Friederike Mayr\u00f6cker&#8217;s dieses J\u00e4ckchen (n\u00e4mlich) des Vogel Greif (that little jacket (namely) of the bird Griffin), Suhrkamp 2009 and \u00e9tudes, Suhrkamp 2013, Frankfurt am Main, Germany. Mayr\u00f6cker&#8217;s first mentioned title refers to the Brothers Grimm fairytale of the Bird Griffin, KHM 165 in [&hellip;]<\/p>\n","protected":false},"author":394,"featured_media":0,"parent":4372,"menu_order":0,"comment_status":"open","ping_status":"open","template":"","meta":{"footnotes":""},"class_list":["post-4619","page","type-page","status-publish","hentry"],"_links":{"self":[{"href":"https:\/\/blogs.dickinson.edu\/glossen\/wp-json\/wp\/v2\/pages\/4619","targetHints":{"allow":["GET"]}}],"collection":[{"href":"https:\/\/blogs.dickinson.edu\/glossen\/wp-json\/wp\/v2\/pages"}],"about":[{"href":"https:\/\/blogs.dickinson.edu\/glossen\/wp-json\/wp\/v2\/types\/page"}],"author":[{"embeddable":true,"href":"https:\/\/blogs.dickinson.edu\/glossen\/wp-json\/wp\/v2\/users\/394"}],"replies":[{"embeddable":true,"href":"https:\/\/blogs.dickinson.edu\/glossen\/wp-json\/wp\/v2\/comments?post=4619"}],"version-history":[{"count":0,"href":"https:\/\/blogs.dickinson.edu\/glossen\/wp-json\/wp\/v2\/pages\/4619\/revisions"}],"up":[{"embeddable":true,"href":"https:\/\/blogs.dickinson.edu\/glossen\/wp-json\/wp\/v2\/pages\/4372"}],"wp:attachment":[{"href":"https:\/\/blogs.dickinson.edu\/glossen\/wp-json\/wp\/v2\/media?parent=4619"}],"curies":[{"name":"wp","href":"https:\/\/api.w.org\/{rel}","templated":true}]}}