{"id":4873,"date":"2015-07-13T19:15:42","date_gmt":"2015-07-13T23:15:42","guid":{"rendered":"http:\/\/blogs.dickinson.edu\/glossen\/?page_id=4873"},"modified":"2015-07-13T22:07:56","modified_gmt":"2015-07-14T02:07:56","slug":"gerald-uhlig-romero2","status":"publish","type":"page","link":"https:\/\/blogs.dickinson.edu\/glossen\/archive\/most-recent-issue-glossen-402015\/gerald-uhlig-romero2\/","title":{"rendered":"Gerald Uhlig-Romeo"},"content":{"rendered":"<p><strong>Popstar, Genie und Wahnsinn: Der Nobelpreistr\u00e4ger f\u00fcr Mathematik John Nash besuchte schon 1996 das &#8220;Cafe Einstein Unter den Linden&#8221; in Berlin\u00a0<\/strong><br \/>\n\u00a0<br \/>\nBeim festlichen Dinner auf Schloss Mainau im Rahmen der &#8220;Stiftung Lindauer Nobelpreistr\u00e4gertreffen am Bodensee&#8221;, sa\u00df ich\u00a0am Tisch des Wirtschaftsnobelpreistr\u00e4gers Robert Mundell, der fast den ganzen Abend\u00a0schwieg. Umso gespr\u00e4chiger war sein Sohn, der mir erz\u00e4hlte, dass er seinen Vater bereits im Schachspiel\u00a0schlage. In einem kleinen B\u00fcchlein arbeitete er an einer Zeichnung, die alle geladenen Nobelpreistr\u00e4ger, seinen Vater inklusive, als vortragende M\u00e4use abbildete. Nikolaus Turner, Gesch\u00e4ftsf\u00fchrer der Stiftung,\u00a0kam an unseren Tisch und berichtete mir, dass ihm John Nash erz\u00e4hlte, dass er bereits 1996 in Berlin gewesen sei und das Caf\u00e9 &#8220;Einstein Unter den Linden&#8221; besucht habe und ob ich nicht Lust h\u00e4tte, an Nashs Tisch zu kommen. Er w\u00fcrde mich gerne kennenlernen.<\/p>\n<p>\u201eSie sind also der Kaffeehaus-Einstein-Gr\u00fcnder&#8221;, begann er das Gespr\u00e4ch. &#8220;Euer Topfenpalatschinken und die Kunstausstellungen in eurer Galerie: das hat mir sehr geschmeckt.&#8221;<\/p>\n<p>\u201c1996 waren Sie der erste Nobelpreistr\u00e4ger \u00fcberhaupt, der das &#8216;Einstein Unter den Linden besucht hat&#8217;\u201c, entgegnete ich und setzte mich neben Nash, der sehr zerbrechlich wirkte. Pl\u00f6tzlich griff er meine Hand und sagte mit ruhiger, leiser Stimme:<\/p>\n<p>\u201cAlle wollen mich st\u00e4ndig fotografieren\u201c.\u00a0<\/p>\n<p>\u201eSie sind eben ein wirklicher Popstar\u201c,antwortete ich, \u201cNobelpreis, schizophrene Sch\u00fcbe mit Anstaltsaufenthalten, Hollywood verfilmt ihr Leben (<em>A beautiful Mind<\/em>), und der Film bekommt 4 Oscars. Das ist eben der Soff, aus dem der Starkult w\u00e4chst.\u201c\u00a0<\/p>\n<p>Nach einer l\u00e4ngeren Pause sagte Nash: \u201cSeit einiger Zeit nehme ich einfach meine Kamera und fotografiere zur\u00fcck.&#8221; &#8220;Das ist ja wunderbar\u201c, sagte ich, \u201cdann machen wir demn\u00e4chst in unserer Galerie eine John-Nash-Ausstellung mit dem Titel:\u00a0&#8220;John F. Nash fotografiert die Menschen, die gerade John F. Nash fotografieren.&#8221;\u00a0Was halten Sie davon?<\/p>\n<p>Nach einer kurzen Bedenkzeit sagte er: \u201eDar\u00fcber muss ich mal nachdenken.\u00a0Spieltheoretisch m\u00fcsste das m\u00f6glich sein.\u00a0Auf jeden Fall g\u00e4be es so einen Grund, mal wieder nach Berlin zu kommen, um einen Topfenpalatschinken im &#8220;Einstein&#8221; zu essen\u201c.\u00a0<br \/>\n\u00a0<\/p>\n<p><a href=\"http:\/\/blogs.dickinson.edu\/glossen\/files\/2015\/07\/unnamed.jpg\"><img loading=\"lazy\" decoding=\"async\" src=\"http:\/\/blogs.dickinson.edu\/glossen\/files\/2015\/07\/unnamed-200x300.jpg\" alt=\"unnamed\" width=\"200\" height=\"300\" class=\"alignleft size-medium wp-image-4878\" srcset=\"https:\/\/blogs.dickinson.edu\/glossen\/files\/2015\/07\/unnamed-200x300.jpg 200w, https:\/\/blogs.dickinson.edu\/glossen\/files\/2015\/07\/unnamed-682x1024.jpg 682w, https:\/\/blogs.dickinson.edu\/glossen\/files\/2015\/07\/unnamed.jpg 852w\" sizes=\"auto, (max-width: 200px) 100vw, 200px\" \/><\/a><\/p>\n<p>&nbsp;<\/p>\n<p>John Nash mit Gerald Uhlig-Romero im &#8220;Cafe Einstein unter den Linden Berlin&#8221;. Im Hintergrund die John Nash-Ausstellung &#8220;Spieltheorie&#8221;.<\/p>\n<p style=\"text-align: right\"><a href=\"http:\/\/blogs.dickinson.edu\/glossen\/files\/2015\/07\/unnamed.png\"><img loading=\"lazy\" decoding=\"async\" src=\"http:\/\/blogs.dickinson.edu\/glossen\/files\/2015\/07\/unnamed-300x200.png\" alt=\"unnamed\" width=\"300\" height=\"200\" class=\"alignright size-medium wp-image-4877\" srcset=\"https:\/\/blogs.dickinson.edu\/glossen\/files\/2015\/07\/unnamed-300x200.png 300w, https:\/\/blogs.dickinson.edu\/glossen\/files\/2015\/07\/unnamed-1024x682.png 1024w, https:\/\/blogs.dickinson.edu\/glossen\/files\/2015\/07\/unnamed.png 1280w\" sizes=\"auto, (max-width: 300px) 100vw, 300px\" \/><\/a><\/p>\n<p>&nbsp;<\/p>\n<p>Gerald Uhlig-Romero und John F. Nash beim Nobelpreistr\u00e4gertreffen in Lindau am Bodensee.<\/p>\n","protected":false},"excerpt":{"rendered":"<p>Popstar, Genie und Wahnsinn: Der Nobelpreistr\u00e4ger f\u00fcr Mathematik John Nash besuchte schon 1996 das &#8220;Cafe Einstein Unter den Linden&#8221; in Berlin\u00a0 \u00a0 Beim festlichen Dinner auf Schloss Mainau im Rahmen der &#8220;Stiftung Lindauer Nobelpreistr\u00e4gertreffen am Bodensee&#8221;, sa\u00df ich\u00a0am Tisch des Wirtschaftsnobelpreistr\u00e4gers Robert Mundell, der fast den ganzen Abend\u00a0schwieg. Umso gespr\u00e4chiger war sein Sohn, der mir [&hellip;]<\/p>\n","protected":false},"author":394,"featured_media":0,"parent":4372,"menu_order":0,"comment_status":"open","ping_status":"open","template":"","meta":{"footnotes":""},"class_list":["post-4873","page","type-page","status-publish","hentry"],"_links":{"self":[{"href":"https:\/\/blogs.dickinson.edu\/glossen\/wp-json\/wp\/v2\/pages\/4873","targetHints":{"allow":["GET"]}}],"collection":[{"href":"https:\/\/blogs.dickinson.edu\/glossen\/wp-json\/wp\/v2\/pages"}],"about":[{"href":"https:\/\/blogs.dickinson.edu\/glossen\/wp-json\/wp\/v2\/types\/page"}],"author":[{"embeddable":true,"href":"https:\/\/blogs.dickinson.edu\/glossen\/wp-json\/wp\/v2\/users\/394"}],"replies":[{"embeddable":true,"href":"https:\/\/blogs.dickinson.edu\/glossen\/wp-json\/wp\/v2\/comments?post=4873"}],"version-history":[{"count":0,"href":"https:\/\/blogs.dickinson.edu\/glossen\/wp-json\/wp\/v2\/pages\/4873\/revisions"}],"up":[{"embeddable":true,"href":"https:\/\/blogs.dickinson.edu\/glossen\/wp-json\/wp\/v2\/pages\/4372"}],"wp:attachment":[{"href":"https:\/\/blogs.dickinson.edu\/glossen\/wp-json\/wp\/v2\/media?parent=4873"}],"curies":[{"name":"wp","href":"https:\/\/api.w.org\/{rel}","templated":true}]}}