{"id":4915,"date":"2016-08-16T12:43:49","date_gmt":"2016-08-16T16:43:49","guid":{"rendered":"http:\/\/blogs.dickinson.edu\/glossen\/?page_id=4915"},"modified":"2017-12-29T14:51:55","modified_gmt":"2017-12-29T19:51:55","slug":"glossen-41-august-2016","status":"publish","type":"page","link":"https:\/\/blogs.dickinson.edu\/glossen\/archive\/glossen-41-august-2016\/","title":{"rendered":"Glossen 41 | 2016"},"content":{"rendered":"<p>Frederick Lubich, Interim Managing Editor | <a href=\"http:\/\/blogs.dickinson.edu\/glossen\/?page_id=5107&amp;preview=true\">&#8220;&#8216;Habent sua fata libelli&#8217;&#8230;&#8221; Begleitwort zur Weiterf\u00fchrung von <em>Glossen<\/em><\/a><\/p>\n<p><a href=\"http:\/\/blogs.dickinson.edu\/glossen\/?page_id=5116&amp;preview=true\">Call for Contributions | <em>Glossen <\/em>42: Mauerbau und Mauerschau | Einsendetermin 30. November 2016<\/a><\/p>\n<h3>Interviews<\/h3>\n<p>Frederick Lubich | <a href=\"http:\/\/blogs.dickinson.edu\/glossen\/interview-mit-wolfgang-muller\/\">&#8220;\u00dcber das &#8216;Gef\u00fchl des Gl\u00fccks \u2026 einfach raus zu sein&#8217;: Von Ostberlin an die Ostk\u00fcste Amerikas. Ein Gespr\u00e4ch mit Wolfgang M\u00fcller, dem langj\u00e4hrigen Herausgeber des transatlantischen Online-Journals <em>Glossen<\/em>&#8220;<\/a><br \/>\nRachel Halverson | <a href=\"http:\/\/blogs.dickinson.edu\/glossen\/interview-mit-tobias-hulswitt\/\">&#8220;\u00dcber das Schriftstellerdasein im 21. Jahrhundert \u2013 Interview mit Tobias H\u00fclswitt, Autor des Romans <em>Dinge bei Licht<\/em>, Blogger, und Performance-Intellektueller&#8221;<\/a><\/p>\n<h3>Essays<\/h3>\n<p>Anna Rosmus | <a href=\"http:\/\/blogs.dickinson.edu\/glossen\/land-unter-die-migranten-sind-da-ein-lagebericht-zur-geographischen-mitte-europas\/\">&#8220;Land unter: die Migranten sind da!&#8221;<\/a><br \/>\nHans Mayer | <a href=\"http:\/\/blogs.dickinson.edu\/glossen\/meine-vorvater-im-remstal-treue-soldaten-ihres-kaisers-und-fuhrers\/\">&#8220;Meine Vorv\u00e4ter im Remstal: Treue Soldaten ihres Kaisers und F\u00fchrers&#8221;<\/a><\/p>\n<h3>Artikel<\/h3>\n<p>Gabriele Eckart | <a href=\"http:\/\/blogs.dickinson.edu\/glossen\/the-critical-questioning-of-autobiographical-writing-in-heinz-czechowskis-die-pole-der-erinnerung-the-poles-of-remembrance-2006\/\">&#8220;The Critical Questioning of Autobiographical Writing in Heinz Czechowski&#8221;<\/a><br \/>\nBeret Norman | <a href=\"http:\/\/blogs.dickinson.edu\/glossen\/gdr-residue-in-works-by-julia-schoch-and-antje-ravic-strubel\/\">&#8220;GDR Residue in Works by Julia Schoch and Antje Ravic Strubel&#8221;<\/a><br \/>\nReinhard Andress | <a href=\"http:\/\/blogs.dickinson.edu\/glossen\/fritz-kalmars-das-wunder-von-buttelsburg-eine-osterreichische-stimme-aus-dem-sudamerikanischen-exil-zur-vergangenheitsbewaltigung\/\">&#8220;Fritz Kalmars &#8216;Das Wunder von B\u00fcttelburg'&#8221;<\/a><\/p>\n<h3>Rezensionen<\/h3>\n<p>Gabriele Eckart | <a href=\"http:\/\/blogs.dickinson.edu\/glossen\/rezension-roberto-schopflocher-das-komplott-zu-lima\/\">Rezension von Schopflochers <em>Das Komplott zu Lima<\/em><\/a><br \/>\nKurt Maier | <a href=\"http:\/\/blogs.dickinson.edu\/glossen\/rezension-anna-rosmus-hitlers-nibelungen-niederbayern-im-aufbruch-zu-krieg-und-untergang\/\">Rezension von Rosmus&#8217; <em>Hitlers Nibelungen<\/em><\/a><\/p>\n<h3>Lyrik<\/h3>\n<p>Klaus Rainer Goll | <a href=\"http:\/\/blogs.dickinson.edu\/glossen\/in-memoriam-gunter-grass-poetische-reminiszenzen-eines-lubeckers-an-einen-wahl-lubecker\/\">&#8220;In Memoriam G\u00fcnter Grass: Poetische Reminiszenzen eines L\u00fcbeckers an einen Wahl-L\u00fcbecker&#8221;<\/a><br \/>\nGabrielle Alioth | <a href=\"http:\/\/blogs.dickinson.edu\/glossen\/poems-from-the-emerald-island\/\">&#8220;Poems from the Emerald Island&#8221;<\/a><\/p>\n<h3>Erinnerungen<\/h3>\n<p>Reinhard Andress | <a href=\"http:\/\/blogs.dickinson.edu\/glossen\/erinnerungen-an-roberto-schopflocher-ein-multikulturelles-leben-als-vorbild\/\">Erinnerungen an Robert(o) Schopflocher: Ein multikulturelles Leben als Vorbild<\/a><br \/>\nFrederick Lubich (Text) und Susan Wansink (Fotografie) | <a href=\"http:\/\/blogs.dickinson.edu\/glossen\/the-stars-look-very-different-today\/\">&#8220;The Stars Look Very Different Today&#8221; Transatlantische Erinnerungen an David Bowie (1947-2016)<\/a><\/p>\n<h3>Autoren<\/h3>\n<p><a href=\"http:\/\/blogs.dickinson.edu\/glossen\/autoren-glossen-41-2016\/\">Autorenbiografien zu <em>Glossen<\/em> 41, August 2016<\/a><\/p>\n","protected":false},"excerpt":{"rendered":"<p>Frederick Lubich, Interim Managing Editor | &#8220;&#8216;Habent sua fata libelli&#8217;&#8230;&#8221; Begleitwort zur Weiterf\u00fchrung von Glossen Call for Contributions | Glossen 42: Mauerbau und Mauerschau | Einsendetermin 30. November 2016 Interviews Frederick Lubich | &#8220;\u00dcber das &#8216;Gef\u00fchl des Gl\u00fccks \u2026 einfach raus zu sein&#8217;: Von Ostberlin an die Ostk\u00fcste Amerikas. Ein Gespr\u00e4ch mit Wolfgang M\u00fcller, dem [&hellip;]<\/p>\n","protected":false},"author":282,"featured_media":0,"parent":119,"menu_order":0,"comment_status":"closed","ping_status":"closed","template":"","meta":{"footnotes":""},"class_list":["post-4915","page","type-page","status-publish","hentry"],"_links":{"self":[{"href":"https:\/\/blogs.dickinson.edu\/glossen\/wp-json\/wp\/v2\/pages\/4915","targetHints":{"allow":["GET"]}}],"collection":[{"href":"https:\/\/blogs.dickinson.edu\/glossen\/wp-json\/wp\/v2\/pages"}],"about":[{"href":"https:\/\/blogs.dickinson.edu\/glossen\/wp-json\/wp\/v2\/types\/page"}],"author":[{"embeddable":true,"href":"https:\/\/blogs.dickinson.edu\/glossen\/wp-json\/wp\/v2\/users\/282"}],"replies":[{"embeddable":true,"href":"https:\/\/blogs.dickinson.edu\/glossen\/wp-json\/wp\/v2\/comments?post=4915"}],"version-history":[{"count":0,"href":"https:\/\/blogs.dickinson.edu\/glossen\/wp-json\/wp\/v2\/pages\/4915\/revisions"}],"up":[{"embeddable":true,"href":"https:\/\/blogs.dickinson.edu\/glossen\/wp-json\/wp\/v2\/pages\/119"}],"wp:attachment":[{"href":"https:\/\/blogs.dickinson.edu\/glossen\/wp-json\/wp\/v2\/media?parent=4915"}],"curies":[{"name":"wp","href":"https:\/\/api.w.org\/{rel}","templated":true}]}}