{"id":4931,"date":"2016-08-17T05:35:40","date_gmt":"2016-08-17T09:35:40","guid":{"rendered":"http:\/\/blogs.dickinson.edu\/glossen\/?page_id=4931"},"modified":"2016-12-31T10:02:42","modified_gmt":"2016-12-31T15:02:42","slug":"autoren-glossen-41-2016","status":"publish","type":"page","link":"https:\/\/blogs.dickinson.edu\/glossen\/archive\/glossen-41-august-2016\/autoren-glossen-41-2016\/","title":{"rendered":"Autoren | Glossen 41 | 2016"},"content":{"rendered":"<p><strong>Gabrielle Alioth<\/strong> ist eine in Basel geborene Journalistin, \u00dcbersetzerin und Autorin, die seit 2004 an der Hochschule Luzern f\u00fcr Design und Kunst t\u00e4tig ist. Seit 2010 unterrichtet sie Schreibkurse am Literaturhaus und der Volkshochschule in Basel. <a href=\"http:\/\/www.gabriellealioth.com\/home.html\" target=\"_blank\">Website<\/a><\/p>\n<p><strong>Reinhard Andress<\/strong> ist Professor f\u00fcr deutsche Sprache, Kultur und Literatur an der Loyola University-Chicago, USA. Er war u.a. Gastprofessor an der Pontificia Universidad Cat\u00f3lica del Ecuador. Zu seinen Buchver\u00f6ffentlichungen geh\u00f6ren: <em>Protokolliteratur in der DDR<\/em> (2000) und <em>\u201eDer Inselgarten\u201c &#8211; das Exil deutschsprachiger Schriftsteller auf Mallorca, 1931-1936<\/em> (2001). Eine \u00dcbersetzung aus dem Spanischen ins Deutsche von Benno Weiser Varons Exilroman <em>Yo era europeo<\/em> als <em>Ich war Europ\u00e4er<\/em> (zusammen mit Egon Schwarz) ist 2009 erschienen. Herausgeber von Fred Hellers <em>Das Leben beginnt noch einmal<\/em> (2016). Zahlreiche weitere Ver\u00f6ffentlichungen zu Exilthemen und Alexander von Humboldt.<\/p>\n<p><strong>Gabriele Eckart<\/strong>, born in Falkenstein, GDR, in 1954, moved to the US in 1987.\u00a0 She studied philosophy, Spanish, and Germanistik and teaches Spanish and German at Southeast Missouri State University.\u00a0 She published books of poetry and prose, as well as scholarly books and articles on contemporary German culture and comparative literature.\u00a0 Latest publication: <em>Shifting Viewpoints: Cervantes in 20<sup>th<\/sup> and 21<sup>st<\/sup> Century Literature written in German<\/em>.\u00a0 Cambridge: Cambridge Scholars Publishing, 2013. Co-author: Meg Brown. New poetry is published regularly in TransLit II.<\/p>\n<p><strong>Klaus Rainer Goll<\/strong> ist ein L\u00fcbecker Schriftsteller, der seit 1965 vor allem durch seine Gedichte und Kurzprosa bekannt geworden ist. Er ist Gr\u00fcnder des L\u00fcbecker Autorenkreises und Empf\u00e4nger verschiedener Literaturpreise. Im Jahre 2010 wurde er mit der Verdienstmedaille des Bundesverdienstkreuzes ausgezeichnet. <a href=\"http:\/\/www.kr-goll.de\/\" target=\"_blank\">Website<\/a><\/p>\n<p><strong>Rachel J. Halverson<\/strong> unterrichtete 26 Jahre im Department of Foreign Languages and Cultures an der Washington State University. Seit August 2016 ist sie \u201cProfessor of German\u201d und Abteilungsleiterin des Departments of Modern Languages and Cultures an der University of Idaho in Moscow, Idaho.<\/p>\n<p><strong>Frederick Lubich,<\/strong> 1951 als Kind m\u00e4hrischer Eltern im schw\u00e4bischen G\u00f6ppingen geboren und aufgewachsen. Autor von \u00fcber 350 Ver\u00f6ffentlichungen einschlie\u03b2lich Fachb\u00fcchern zu Thomas Mann, Max Frisch, Paradigmenwechseln der Moderne, sowie literaturwissenschaftlichen Aufs\u00e4tzen, journalistischen Essays (<em>Argentinisches Tageblatt,<\/em> <em>New Yorker Aufbau,<\/em> <em>Frankfurter Allgemeine Zeitung<\/em> etc), \u00dcbersetzer (u.a. von Yoko Onos Rockoper <em>New York Story<\/em> und deutsch-amerikanischen Drehb\u00fcchern), Herausgeber mehrerer Sammelb\u00e4nde und Autor von rund hundert lyrischen Publikationen auf Schallplatte, in Literaturzeitschriften und Lyrik-Anthologien. Lehrauftr\u00e4ge an sieben amerikanischen Colleges und Universit\u00e4ten und Gastvortr\u00e4ge in \u00fcber 30 L\u00e4ndern, sowie Features und Interviews in Rundfunk und Fernsehen in Deutschland, Amerika, Finnland, Marokko und \u00c4gypten.<\/p>\n<p><strong>Kurt S. Maier<\/strong> was born 1930 in Kippenheim, Germany. He studied German history and literature at Hunter College and at Columbia University, before teaching German language and literature in New York. From 1975-1978, he worked at Leo Baeck Institute in New York. Since 1978, he has worked as a librarian in Washington, D.C.<\/p>\n<p>Geboren in G\u00f6ppingen lebt <strong>Hans Mayer<\/strong> heute in Berlin, ist Autor und verfasst wissenschaftliche B\u00fccher und Artikel. Derzeit geht er der Geschichte einer deutsch-j\u00fcdischen Spirituosenfirma nach.<\/p>\n<p><strong>Beret Norman<\/strong> ist Associate Professor of German an der Boise State University in Boise, ID, wo sie Sprache, Kultur, Literatur, Film und Cultural Studies unterrichtet.\u00a0\u00a0 Neben einigen Artikel und Pr\u00e4sentationen \u00fcber Antje R\u00e1vic Strubels literarische Werke, hat sie auch schon \u00fcber den Hip-Hop Versuch des FP\u00d6 Bundesparteiobmannes, HC Strache, und \u00fcber Neo Rauchs bildende Kunst ver\u00f6ffentlicht.<\/p>\n<p>Die 1960 in Passau geborene US-Staatsb\u00fcrgerin <strong>Anna Elisabeth Rosmus<\/strong> widmete ihr Leben der Aufdeckung von Diskriminierung, Ausl\u00e4nderfeindlichkeit, Manipulation der \u00d6ffentlichkeit, sowie der Befreiung Europas von der Nazi-Diktatur. Jahrzehntelang arbeitete sie mit Fl\u00fcchtlingen, Emigranten und KZ-\u00dcberlebenden in und aus Europa. Sie organisierte Wiedersehenstreffen mit US-Veteranen, publizierte zahlreiche Werke und erhielt in mehreren L\u00e4ndern renommierte Auszeichnungen. Sie arbeitete im Holocaust Museum in Washington DC und wird zu Konferenzen wie auch an Universit\u00e4ten eingeladen, um vor allem Jugendliche f\u00fcr Menschenrechte und ein \u201eNiemals wieder\u201c zu sensibilisieren. Seit 1994 lebt sie in der N\u00e4he der Chesapeake Bay in Maryland.<\/p>\n<p><strong>Susan Wansink<\/strong> ist \u201cProfessor of German\u201d am Virginia Wesleyan College in Norfolk, VA und Architekturfotografin. <a href=\"http:\/\/susanwansink.com\/about\/\" target=\"_blank\">Website<\/a><\/p>\n","protected":false},"excerpt":{"rendered":"<p>Gabrielle Alioth ist eine in Basel geborene Journalistin, \u00dcbersetzerin und Autorin, die seit 2004 an der Hochschule Luzern f\u00fcr Design und Kunst t\u00e4tig ist. Seit 2010 unterrichtet sie Schreibkurse am Literaturhaus und der Volkshochschule in Basel. Website Reinhard Andress ist Professor f\u00fcr deutsche Sprache, Kultur und Literatur an der Loyola University-Chicago, USA. Er war u.a. [&hellip;]<\/p>\n","protected":false},"author":282,"featured_media":0,"parent":4915,"menu_order":0,"comment_status":"closed","ping_status":"closed","template":"","meta":{"footnotes":""},"class_list":["post-4931","page","type-page","status-publish","hentry"],"_links":{"self":[{"href":"https:\/\/blogs.dickinson.edu\/glossen\/wp-json\/wp\/v2\/pages\/4931","targetHints":{"allow":["GET"]}}],"collection":[{"href":"https:\/\/blogs.dickinson.edu\/glossen\/wp-json\/wp\/v2\/pages"}],"about":[{"href":"https:\/\/blogs.dickinson.edu\/glossen\/wp-json\/wp\/v2\/types\/page"}],"author":[{"embeddable":true,"href":"https:\/\/blogs.dickinson.edu\/glossen\/wp-json\/wp\/v2\/users\/282"}],"replies":[{"embeddable":true,"href":"https:\/\/blogs.dickinson.edu\/glossen\/wp-json\/wp\/v2\/comments?post=4931"}],"version-history":[{"count":0,"href":"https:\/\/blogs.dickinson.edu\/glossen\/wp-json\/wp\/v2\/pages\/4931\/revisions"}],"up":[{"embeddable":true,"href":"https:\/\/blogs.dickinson.edu\/glossen\/wp-json\/wp\/v2\/pages\/4915"}],"wp:attachment":[{"href":"https:\/\/blogs.dickinson.edu\/glossen\/wp-json\/wp\/v2\/media?parent=4931"}],"curies":[{"name":"wp","href":"https:\/\/api.w.org\/{rel}","templated":true}]}}