{"id":5033,"date":"2016-08-18T12:26:15","date_gmt":"2016-08-18T16:26:15","guid":{"rendered":"http:\/\/blogs.dickinson.edu\/glossen\/?page_id=5033"},"modified":"2016-12-27T13:54:38","modified_gmt":"2016-12-27T18:54:38","slug":"in-memoriam-gunter-grass-poetische-reminiszenzen-eines-lubeckers-an-einen-wahl-lubecker","status":"publish","type":"page","link":"https:\/\/blogs.dickinson.edu\/glossen\/archive\/glossen-41-august-2016\/in-memoriam-gunter-grass-poetische-reminiszenzen-eines-lubeckers-an-einen-wahl-lubecker\/","title":{"rendered":"&#8220;In Memoriam G\u00fcnter Grass: Poetische Reminiszenzen eines L\u00fcbeckers an einen Wahl-L\u00fcbecker&#8221;"},"content":{"rendered":"<p>von <strong>Klaus Rainer Goll<\/strong><\/p>\n<p><em>der dichter<\/em><\/p>\n<p>tanzend<br \/>\nkam er \u00fcber die h\u00fcgel<br \/>\njeder h\u00fcgel<br \/>\nein h\u00fcpfendes enjambement<br \/>\nein zauberwort<br \/>\naus zarten m\u00e4dchenbr\u00fcsten<br \/>\nkopfgeburt<br \/>\nim schneckengang<br \/>\nvorbei<br \/>\nein schattenri\u00df<br \/>\ndie zeiten \u00e4ndern sich<br \/>\ngeschm\u00e4hter ruf<br \/>\nist l\u00e4ngst gekr\u00f6nt<br \/>\nmit nobelglanz<br \/>\nim auge<br \/>\nlauern die gefahren<br \/>\nverg\u00e4nglichkeit<br \/>\nim letzten tanz<\/p>\n<p><em>der fr\u00f6liche steinew\u00e4lzer<\/em><br \/>\n<em>an g\u00fcnter grass denkend<\/em><\/p>\n<p>ins bett gegangen<br \/>\nwie die fliege ins netz<br \/>\ndie maus in die falle arglos<br \/>\nim traum um freiheit gek\u00e4mpft<br \/>\nin dunklen stunden<br \/>\num arglose zeit \/ mit dem<br \/>\nstein wieder und wieder fr\u00f6hlich<br \/>\nden berg hinauf den steilen<br \/>\nbis zum bleigrauen morgen<br \/>\ngew\u00e4lzt und weiter und immer<br \/>\nso weiter bewegbar bleiben<\/p>\n<p><em>sp\u00e4ter.vielleicht<\/em><\/p>\n<p>auch mit einem gedicht<br \/>\nkann man<br \/>\nins offene messer<br \/>\nlaufen<br \/>\nsp\u00e4ter (vielleicht)<br \/>\nwird<br \/>\ngras (s)<br \/>\n\u00fcber die geschichte<br \/>\nwachsen<\/p>\n<p><em>spuren<\/em><\/p>\n<p>die du hinterl\u00e4sst<br \/>\nauf dem papier \/ an der wand<br \/>\nwie lange werden sie bleiben<br \/>\nl\u00e4nger als die spuren im sand<\/p>\n<p>27. august 2004<br \/>\n\u201eWelch eine Freude! Im Krebsgang nach Weimar. Just im Elephant, intimes Geplauder mit Lotte \u2026\u201c  (Dazu eine Krebszeichnung von G\u00fcnter Grass)<\/p>\n<p>Grass\u00b4 Eintragung ins G\u00e4stebuch des \u201eElephant\u201c in Weimar h\u00e4ngt nun unter Glas an der Wand des Hotels.<\/p>\n<p><em>zum tod des dichters<\/em><br \/>\n<em>g\u00fcnter g.<\/em><\/p>\n<p>immer wieder<br \/>\nlegt der wind<br \/>\nseinen finger auf die wunden<br \/>\nerhebt die stimme<br \/>\nbis zum schluss<br \/>\ngras(s)narben \/ die<br \/>\nnicht heilen wollen<br \/>\ngeben keine ruh<br \/>\nhalten die zeit<br \/>\nam leben<\/p>\n","protected":false},"excerpt":{"rendered":"<p>von Klaus Rainer Goll der dichter tanzend kam er \u00fcber die h\u00fcgel jeder h\u00fcgel ein h\u00fcpfendes enjambement ein zauberwort aus zarten m\u00e4dchenbr\u00fcsten kopfgeburt im schneckengang vorbei ein schattenri\u00df die zeiten \u00e4ndern sich geschm\u00e4hter ruf ist l\u00e4ngst gekr\u00f6nt mit nobelglanz im auge lauern die gefahren verg\u00e4nglichkeit im letzten tanz der fr\u00f6liche steinew\u00e4lzer an g\u00fcnter grass denkend [&hellip;]<\/p>\n","protected":false},"author":282,"featured_media":0,"parent":4915,"menu_order":0,"comment_status":"closed","ping_status":"closed","template":"","meta":{"footnotes":""},"class_list":["post-5033","page","type-page","status-publish","hentry"],"_links":{"self":[{"href":"https:\/\/blogs.dickinson.edu\/glossen\/wp-json\/wp\/v2\/pages\/5033","targetHints":{"allow":["GET"]}}],"collection":[{"href":"https:\/\/blogs.dickinson.edu\/glossen\/wp-json\/wp\/v2\/pages"}],"about":[{"href":"https:\/\/blogs.dickinson.edu\/glossen\/wp-json\/wp\/v2\/types\/page"}],"author":[{"embeddable":true,"href":"https:\/\/blogs.dickinson.edu\/glossen\/wp-json\/wp\/v2\/users\/282"}],"replies":[{"embeddable":true,"href":"https:\/\/blogs.dickinson.edu\/glossen\/wp-json\/wp\/v2\/comments?post=5033"}],"version-history":[{"count":0,"href":"https:\/\/blogs.dickinson.edu\/glossen\/wp-json\/wp\/v2\/pages\/5033\/revisions"}],"up":[{"embeddable":true,"href":"https:\/\/blogs.dickinson.edu\/glossen\/wp-json\/wp\/v2\/pages\/4915"}],"wp:attachment":[{"href":"https:\/\/blogs.dickinson.edu\/glossen\/wp-json\/wp\/v2\/media?parent=5033"}],"curies":[{"name":"wp","href":"https:\/\/api.w.org\/{rel}","templated":true}]}}