{"id":5116,"date":"2016-08-29T13:03:54","date_gmt":"2016-08-29T17:03:54","guid":{"rendered":"http:\/\/blogs.dickinson.edu\/glossen\/?page_id=5116"},"modified":"2016-10-21T12:10:47","modified_gmt":"2016-10-21T16:10:47","slug":"cfp-glossen-42-mauerbau-und-mauerschau","status":"publish","type":"page","link":"https:\/\/blogs.dickinson.edu\/glossen\/archive\/glossen-41-august-2016\/cfp-glossen-42-mauerbau-und-mauerschau\/","title":{"rendered":"Call for Contributions | Glossen 42: Mauerbau und Mauerschau"},"content":{"rendered":"<p>Mauerbau und Mauerschau: Im polemischen Rahmen dieser kritisch-kreativen Perspektive sind alle Interessenten eingeladen, sich mit entsprechenden Beitr\u00e4gen an der n\u00e4chsten <em>Glossen<\/em>-Nummer zu beteiligen. Das Format schlie\u00dft dem bew\u00e4hrten Konzept von<em> Glossen<\/em> folgend s\u00e4mtliche kommunikative Gattungen ein von sprechenden Bildern und aufschlussreichen Geschichten bis zu kulturkritischen Analysen und sozialpolitischen Berichten. Da sich die sprichw\u00f6rtliche Mauerschau, die bekanntlich auf die homerische Kassandra im kleinasiatischen Troja zur\u00fcckgeht, letztlich vor allem auf pers\u00f6nliche Eindr\u00fccke und emotional-impressionistische Augenblicke beruft, sind entsprechend ebenso kurze Texte willkommen, in anderen Worten Schm\u00e4hgedichte, Hohe Lieder, Scherbengerichte \u2026 anything goes. You go. In German or in English.<\/p>\n<p>Im Idealfall bildet die auf diese Weise entstehende Meinungsvielfalt ein facettenreiches Panorama, das Gegenwart und Zukunft so kontrovers wie konstruktiv zu illuminieren vermag. Da erfahrungsgem\u00e4\u00df die Beitr\u00e4ger von <em>Glossen<\/em> auf Grund der transatlantischen Spannbreite und internationalen Reichweite des Journals ebenfalls verschiedenster Herkunft sind, bitten wir entsprechend, dem jeweiligen Beitrag auch einen kurzen Lebensabriss mit wesentlichen bio-bibliografischen Daten bis zu maximal hundert W\u00f6rtern beizuf\u00fcgen. Einsendetermin f\u00fcr die n\u00e4chste <em>Glossen<\/em>-Nummer ist der <strong>30. November 2016<\/strong>.<\/p>\n<p>&nbsp;<\/p>\n<p>From falling walls to building walls: Kassandra calls from Europe and America<br \/>\n<em>Glossen<\/em> invites all interested to submit relevant contributions to our next volume. In the tradition of <em>Glossen<\/em>\u2019s conception and online format, we encourage all forms of communicative contributions from audio-images and insightful stories to critical cultural analyses and socio-political reports. We also welcome short texts, such as poetic graffiti, canticles, ostracism \u2026 anything goes. You go. In German or English. Ideally, the resulting diversity of opinions and forms will create a panorama that is as controversial as it is constructive in illuminating the present and the future.<\/p>\n<p>To highlight the transatlantic range and international reach of the journal as well as the diversity of contributors to <em>Glossen<\/em>, we would also like a short, max. 100-word, biographical text to accompany submissions. Deadline for submissions is <strong>November 30, 2016<\/strong>.<\/p>\n","protected":false},"excerpt":{"rendered":"<p>Mauerbau und Mauerschau: Im polemischen Rahmen dieser kritisch-kreativen Perspektive sind alle Interessenten eingeladen, sich mit entsprechenden Beitr\u00e4gen an der n\u00e4chsten Glossen-Nummer zu beteiligen. Das Format schlie\u00dft dem bew\u00e4hrten Konzept von Glossen folgend s\u00e4mtliche kommunikative Gattungen ein von sprechenden Bildern und aufschlussreichen Geschichten bis zu kulturkritischen Analysen und sozialpolitischen Berichten. Da sich die sprichw\u00f6rtliche Mauerschau, die [&hellip;]<\/p>\n","protected":false},"author":282,"featured_media":0,"parent":4915,"menu_order":0,"comment_status":"closed","ping_status":"closed","template":"","meta":{"footnotes":""},"class_list":["post-5116","page","type-page","status-publish","hentry"],"_links":{"self":[{"href":"https:\/\/blogs.dickinson.edu\/glossen\/wp-json\/wp\/v2\/pages\/5116","targetHints":{"allow":["GET"]}}],"collection":[{"href":"https:\/\/blogs.dickinson.edu\/glossen\/wp-json\/wp\/v2\/pages"}],"about":[{"href":"https:\/\/blogs.dickinson.edu\/glossen\/wp-json\/wp\/v2\/types\/page"}],"author":[{"embeddable":true,"href":"https:\/\/blogs.dickinson.edu\/glossen\/wp-json\/wp\/v2\/users\/282"}],"replies":[{"embeddable":true,"href":"https:\/\/blogs.dickinson.edu\/glossen\/wp-json\/wp\/v2\/comments?post=5116"}],"version-history":[{"count":0,"href":"https:\/\/blogs.dickinson.edu\/glossen\/wp-json\/wp\/v2\/pages\/5116\/revisions"}],"up":[{"embeddable":true,"href":"https:\/\/blogs.dickinson.edu\/glossen\/wp-json\/wp\/v2\/pages\/4915"}],"wp:attachment":[{"href":"https:\/\/blogs.dickinson.edu\/glossen\/wp-json\/wp\/v2\/media?parent=5116"}],"curies":[{"name":"wp","href":"https:\/\/api.w.org\/{rel}","templated":true}]}}