{"id":5190,"date":"2016-12-26T11:09:51","date_gmt":"2016-12-26T16:09:51","guid":{"rendered":"http:\/\/blogs.dickinson.edu\/glossen\/?page_id=5190"},"modified":"2017-12-29T14:52:36","modified_gmt":"2017-12-29T19:52:36","slug":"glossen-42-dec-2016","status":"publish","type":"page","link":"https:\/\/blogs.dickinson.edu\/glossen\/archive\/glossen-42-dec-2016\/","title":{"rendered":"Glossen 42 | 2016"},"content":{"rendered":"<p style=\"text-align: center\"><strong>Mauerbau &amp; Mauerschau<br \/>\nCassandra Calls from Falling and Rising Walls<\/strong><\/p>\n<p>Frederick A. Lubich | <a href=\"http:\/\/blogs.dickinson.edu\/glossen\/introduction-to-mauerbau-mauerschau\/\">Introduction to <em>Mauerbau &amp; Mauerschau<\/em><\/a><\/p>\n<p style=\"text-align: left\"><strong>I: The Writing on the Wall: von Berlin \u00fcber Aleppo nach Mexiko<\/strong><\/p>\n<p>Rita Dove | <a href=\"http:\/\/blogs.dickinson.edu\/glossen\/?page_id=5202&amp;preview=true\">&#8220;Nike&#8221;<\/a><br \/>\nGabrielle Alioth | <a href=\"http:\/\/blogs.dickinson.edu\/glossen\/10-dinge-die-wir-uber-amerikanische-prasidentschaftswahlen-wissen-und-lieber-vergessen-wurden\/\">&#8220;10 Dinge, die wir \u00fcber die amerikanischen Pr\u00e4sidentschaftswahlen wissen und lieber vergessen w\u00fcrden&#8221;<\/a><br \/>\nLee Slater \u00a0| <a href=\"http:\/\/blogs.dickinson.edu\/glossen\/falling-in-new-america\/\">&#8220;Falling in New America&#8221;<\/a><br \/>\nAlbrecht Classen \u00a0| <a href=\"http:\/\/blogs.dickinson.edu\/glossen\/amerika-du\/\">&#8220;Amerika, du \u2026&#8221;<\/a><br \/>\nPeter Wortsman | <a href=\"http:\/\/blogs.dickinson.edu\/glossen\/my-own-private-hieroglyphs-mr-mrs-kkk-making-hate-and-the-woman-and-the-devil\/\">&#8220;My Own Private Hieroglyphs: &#8216;Mr. &amp; Mrs. KKK Making Hate&#8217; and &#8216;The Woman and the Devil'&#8221;<\/a><br \/>\nAxel Reitel | <a href=\"http:\/\/blogs.dickinson.edu\/glossen\/die-mauerschau\/\">&#8220;Die Mauerschau&#8221;<\/a><br \/>\nLuisa A. Igloria | <a href=\"http:\/\/blogs.dickinson.edu\/glossen\/tipping-point\/\">&#8220;Tipping Point&#8221;<\/a><br \/>\nMichael Blumenthal | <a href=\"http:\/\/blogs.dickinson.edu\/glossen\/villanelle-of-east-and-west\/\">&#8220;Villanelle of East and West&#8221;<\/a><\/p>\n<p><strong>II: Von Grenzerfahrungen und anderen Offenbarungen<\/strong><\/p>\n<p>Michael Panitz | <a href=\"http:\/\/blogs.dickinson.edu\/glossen\/and-in-her-heart-a-wall-a-jewish-lens-on-a-walled-world\/\">&#8220;&#8216;And in Her Heart, a Wall&#8217;. A Jewish Lens on a Walled World&#8221;<\/a><br \/>\nUtz Rachowski | <a href=\"http:\/\/blogs.dickinson.edu\/glossen\/jurgen-fuchs-kommt-nach-polen\/\">&#8220;J\u00fcrgen Fuchs kommt nach Polen.\u00a0Er\u00f6ffnungsvortrag an einer internationalen Germanisten-Konferenz \u00fcber J\u00fcrgen Fuchs in Wroclaw (Breslau) im November 2016&#8221;<\/a><br \/>\nFreya Klier | <a href=\"http:\/\/blogs.dickinson.edu\/glossen\/wider-die-ruckkehr-der-apokalyptischen-reiter\/\">&#8220;Wider die R\u00fcckkehr der apokalyptischen Reiter. Dankrede zur Verleihung des Franz-Werfel-Menschenrechtspreises des Zentrums gegen Vertreibungen. Paulskirche, Frankfurt am Main am 6. November 2016&#8221;<\/a><br \/>\nMichael Eskin | <a href=\"http:\/\/blogs.dickinson.edu\/glossen\/grenzen-ziehen-oder-die-kunst-bartleby-zu-sein-2\/\">&#8220;Grenzen ziehen \u2026 oder die Kunst Bartleby zu sein. Ein Versuch uber Migration&#8221;<\/a><br \/>\nHans Mayer | <a href=\"http:\/\/blogs.dickinson.edu\/glossen\/vom-stand-der-dinge-aus-berliner-perspektive\/\">&#8220;Vom Stand der Dinge aus Berliner Perspektive&#8221;<br \/>\n<\/a>Bettina Matthias | <a href=\"http:\/\/blogs.dickinson.edu\/glossen\/grenzstreifen\/\">&#8220;Grenzstreifen&#8221;<\/a><br \/>\nAnna Rosmus | <a href=\"http:\/\/blogs.dickinson.edu\/glossen\/trump-and-the-fear-factor\/\">&#8220;Trump and the Fear Factor&#8221;<\/a><br \/>\nFrederick Lubich | <a href=\"http:\/\/blogs.dickinson.edu\/glossen\/manhattan-menetekel-access-hollywood-babylon\/\">&#8220;Manhattan Menetekel: Access Hollywood-Babylon: From Age-Old Prophesies to Latter-Day Realities&#8221;<\/a><\/p>\n<p><strong>III: Alles wandelt sich: Auf der Suche nach der verlorenen Zeit<\/strong><\/p>\n<p>Albrecht Classen | <a href=\"http:\/\/blogs.dickinson.edu\/glossen\/rezension-von-alles-wandelt-sich-echos-auf-ovid\/\">Rezension\u00a0von <em>Alles wandelt sich. Echos auf Ovid<\/em>.<\/a><br \/>\nAchim Viereck | <a href=\"http:\/\/blogs.dickinson.edu\/glossen\/glossen-42-dec-2016\/auf-der-suche-robert-schopflocher\/\">&#8220;Auf der Suche: Robert Schopflocher&#8221;<\/a><br \/>\nFrederick A. Lubich | <a href=\"http:\/\/blogs.dickinson.edu\/glossen\/glossen-42-dec-2016\/cafe-einstein-unter-den-linden\/\">&#8220;Caf\u00e9 Einstein Unter den Linden. Ein transatlantischer Gedanken- und Erinnerungsaustausch mit Gerald Uhlig-Romero, dem K\u00f6nig der Berliner Kaffeehauskultur&#8221;<\/a><\/p>\n<p><strong>IV: Autoren<\/strong><\/p>\n<p><a href=\"http:\/\/blogs.dickinson.edu\/glossen\/autorenbiografien\/\">Autorenbiografien zu Glossen 42, Dec. 2016<\/a><\/p>\n","protected":false},"excerpt":{"rendered":"<p>Mauerbau &amp; Mauerschau Cassandra Calls from Falling and Rising Walls Frederick A. Lubich | Introduction to Mauerbau &amp; Mauerschau I: The Writing on the Wall: von Berlin \u00fcber Aleppo nach Mexiko Rita Dove | &#8220;Nike&#8221; Gabrielle Alioth | &#8220;10 Dinge, die wir \u00fcber die amerikanischen Pr\u00e4sidentschaftswahlen wissen und lieber vergessen w\u00fcrden&#8221; Lee Slater \u00a0| &#8220;Falling [&hellip;]<\/p>\n","protected":false},"author":282,"featured_media":0,"parent":119,"menu_order":0,"comment_status":"closed","ping_status":"closed","template":"","meta":{"footnotes":""},"class_list":["post-5190","page","type-page","status-publish","hentry"],"_links":{"self":[{"href":"https:\/\/blogs.dickinson.edu\/glossen\/wp-json\/wp\/v2\/pages\/5190","targetHints":{"allow":["GET"]}}],"collection":[{"href":"https:\/\/blogs.dickinson.edu\/glossen\/wp-json\/wp\/v2\/pages"}],"about":[{"href":"https:\/\/blogs.dickinson.edu\/glossen\/wp-json\/wp\/v2\/types\/page"}],"author":[{"embeddable":true,"href":"https:\/\/blogs.dickinson.edu\/glossen\/wp-json\/wp\/v2\/users\/282"}],"replies":[{"embeddable":true,"href":"https:\/\/blogs.dickinson.edu\/glossen\/wp-json\/wp\/v2\/comments?post=5190"}],"version-history":[{"count":0,"href":"https:\/\/blogs.dickinson.edu\/glossen\/wp-json\/wp\/v2\/pages\/5190\/revisions"}],"up":[{"embeddable":true,"href":"https:\/\/blogs.dickinson.edu\/glossen\/wp-json\/wp\/v2\/pages\/119"}],"wp:attachment":[{"href":"https:\/\/blogs.dickinson.edu\/glossen\/wp-json\/wp\/v2\/media?parent=5190"}],"curies":[{"name":"wp","href":"https:\/\/api.w.org\/{rel}","templated":true}]}}