{"id":5207,"date":"2016-12-27T10:09:32","date_gmt":"2016-12-27T15:09:32","guid":{"rendered":"http:\/\/blogs.dickinson.edu\/glossen\/?page_id=5207"},"modified":"2017-10-19T11:01:25","modified_gmt":"2017-10-19T15:01:25","slug":"10-dinge-die-wir-uber-amerikanische-prasidentschaftswahlen-wissen-und-lieber-vergessen-wurden","status":"publish","type":"page","link":"https:\/\/blogs.dickinson.edu\/glossen\/archive\/glossen-42-dec-2016\/10-dinge-die-wir-uber-amerikanische-prasidentschaftswahlen-wissen-und-lieber-vergessen-wurden\/","title":{"rendered":"10 Dinge, die wir \u00fcber amerikanische Pr\u00e4sidentschaftswahlen wissen und lieber vergessen w\u00fcrden"},"content":{"rendered":"<p>von\u00a0<strong>Gabrielle Alioth<\/strong><\/p>\n<ol>\n<li>Amerikanische Pr\u00e4sidentschaftswahlen sind eine Unterkategorie des amerikanischen Showbusiness.<\/li>\n<\/ol>\n<ol start=\"2\">\n<li>\u00dcber den Ausgang der Show entscheiden wei\u00dfe gewehrtragende M\u00e4nner.<\/li>\n<\/ol>\n<ol start=\"3\">\n<li>Rassismus und Sexismus sind genauso wenig Grund zur Disqualifikation von der Teilnahme an der Show wie Steuerhinterziehung, Betrug oder andere kriminelle Aktivit\u00e4ten.<\/li>\n<\/ol>\n<ol start=\"4\">\n<li>Die Pointen der B\u00f6sewichte in der Show sind immer besser als die der Helden.<\/li>\n<\/ol>\n<ol start=\"5\">\n<li>Nicht der kl\u00fcgste, unterhaltsamste, geschickteste, sondern der vulg\u00e4rste Teilnehmer gewinnt.<\/li>\n<\/ol>\n<ol start=\"6\">\n<li>Das FBI spielt dabei eine zweifelhafte Rolle.<\/li>\n<\/ol>\n<ol start=\"7\">\n<li>Was die Medien \u00fcber die Show berichten, hat nichts mit der Show zu tun.<\/li>\n<\/ol>\n<ol start=\"8\">\n<li>Die Vorhersagen der Simpsons \u00fcber den Ausgang der Show sind zuverl\u00e4ssiger als die der New York Times.<\/li>\n<\/ol>\n<ol start=\"9\">\n<li>Sobald der Sieger der Show fest steht, entdeckt man seine schlummernden F\u00e4higkeiten als Staatsmann.<\/li>\n<\/ol>\n<ol start=\"10\">\n<li>Nicht-Amerikaner sind genetisch nicht in der Lage, die Show zu verstehen.<\/li>\n<\/ol>\n","protected":false},"excerpt":{"rendered":"<p>von\u00a0Gabrielle Alioth Amerikanische Pr\u00e4sidentschaftswahlen sind eine Unterkategorie des amerikanischen Showbusiness. \u00dcber den Ausgang der Show entscheiden wei\u00dfe gewehrtragende M\u00e4nner. Rassismus und Sexismus sind genauso wenig Grund zur Disqualifikation von der Teilnahme an der Show wie Steuerhinterziehung, Betrug oder andere kriminelle Aktivit\u00e4ten. Die Pointen der B\u00f6sewichte in der Show sind immer besser als die der Helden. [&hellip;]<\/p>\n","protected":false},"author":282,"featured_media":0,"parent":5190,"menu_order":0,"comment_status":"closed","ping_status":"closed","template":"","meta":{"footnotes":""},"class_list":["post-5207","page","type-page","status-publish","hentry"],"_links":{"self":[{"href":"https:\/\/blogs.dickinson.edu\/glossen\/wp-json\/wp\/v2\/pages\/5207","targetHints":{"allow":["GET"]}}],"collection":[{"href":"https:\/\/blogs.dickinson.edu\/glossen\/wp-json\/wp\/v2\/pages"}],"about":[{"href":"https:\/\/blogs.dickinson.edu\/glossen\/wp-json\/wp\/v2\/types\/page"}],"author":[{"embeddable":true,"href":"https:\/\/blogs.dickinson.edu\/glossen\/wp-json\/wp\/v2\/users\/282"}],"replies":[{"embeddable":true,"href":"https:\/\/blogs.dickinson.edu\/glossen\/wp-json\/wp\/v2\/comments?post=5207"}],"version-history":[{"count":0,"href":"https:\/\/blogs.dickinson.edu\/glossen\/wp-json\/wp\/v2\/pages\/5207\/revisions"}],"up":[{"embeddable":true,"href":"https:\/\/blogs.dickinson.edu\/glossen\/wp-json\/wp\/v2\/pages\/5190"}],"wp:attachment":[{"href":"https:\/\/blogs.dickinson.edu\/glossen\/wp-json\/wp\/v2\/media?parent=5207"}],"curies":[{"name":"wp","href":"https:\/\/api.w.org\/{rel}","templated":true}]}}