{"id":5214,"date":"2016-12-27T10:14:31","date_gmt":"2016-12-27T15:14:31","guid":{"rendered":"http:\/\/blogs.dickinson.edu\/glossen\/?page_id=5214"},"modified":"2017-10-19T11:01:25","modified_gmt":"2017-10-19T15:01:25","slug":"amerika-du","status":"publish","type":"page","link":"https:\/\/blogs.dickinson.edu\/glossen\/archive\/glossen-42-dec-2016\/amerika-du\/","title":{"rendered":"Amerika, du"},"content":{"rendered":"<p>von <strong>Albrecht Classen<\/strong><\/p>\n<p>Hoffnungstr\u00e4ger,<br \/>\nder Abendschimmer,<br \/>\nes k\u00f6nnte ja<br \/>\nein realer Traum<br \/>\nder Demokratie<br \/>\ngewesen sein.<\/p>\n<p>Gutm\u00fctig<br \/>\nund \u00fcberzeugt<br \/>\ngeben wir alle<br \/>\nunsere Stimme ab,<br \/>\ndie niemand z\u00e4hlt,<br \/>\ndie niemals z\u00e4hlen<br \/>\nund gar nicht z\u00e4hlen d\u00fcrfen.<\/p>\n<p>Schaut euch doch<br \/>\ndie Gelder an,<br \/>\nim schwarzen Loch!<br \/>\nGestern z\u00e4hlten wir gar nichts,<br \/>\nheute spielen wir als Statisten<br \/>\nin einer hohlen Demokratie.<br \/>\nL\u00e4cherlich zu glauben,<br \/>\nes k\u00f6nnte der Wille<br \/>\ndes Volkes<br \/>\nwirklich etwas gelten.<\/p>\n<p>Ihr Bankm\u00e4nner,<br \/>\nihr gro\u00dfen Spekulanten,<br \/>\nihr Aktienbesitzer<br \/>\nund Firmengr\u00fcnder,<br \/>\neuch kenne ich<br \/>\nviel zu gut,<br \/>\nals dass ich nachts<br \/>\nberuhigt<br \/>\nschlafen gehen k\u00f6nnte.<\/p>\n<p>Freut euch<br \/>\n\u00fcber die alte Tradition<br \/>\nvom verrotteten Rom<br \/>\nhin zum Pariser<br \/>\nAbsolutismus.<br \/>\nSelbst in Moskau<br \/>\nwetzen sie st\u00e4ndig<br \/>\nihre blutigen Hauer.<\/p>\n<p>Die Freiheit<br \/>\nund vermeintliche Gleichheit<br \/>\nmachen sich gut aus<br \/>\nauf der B\u00fchne<br \/>\nder politischen Gefechte.<br \/>\nFeigenbl\u00e4tter sind sie,<br \/>\nnichts als L\u00fcgengeflechte.<\/p>\n","protected":false},"excerpt":{"rendered":"<p>von Albrecht Classen Hoffnungstr\u00e4ger, der Abendschimmer, es k\u00f6nnte ja ein realer Traum der Demokratie gewesen sein. Gutm\u00fctig und \u00fcberzeugt geben wir alle unsere Stimme ab, die niemand z\u00e4hlt, die niemals z\u00e4hlen und gar nicht z\u00e4hlen d\u00fcrfen. Schaut euch doch die Gelder an, im schwarzen Loch! Gestern z\u00e4hlten wir gar nichts, heute spielen wir als Statisten [&hellip;]<\/p>\n","protected":false},"author":282,"featured_media":0,"parent":5190,"menu_order":0,"comment_status":"closed","ping_status":"closed","template":"","meta":{"footnotes":""},"class_list":["post-5214","page","type-page","status-publish","hentry"],"_links":{"self":[{"href":"https:\/\/blogs.dickinson.edu\/glossen\/wp-json\/wp\/v2\/pages\/5214","targetHints":{"allow":["GET"]}}],"collection":[{"href":"https:\/\/blogs.dickinson.edu\/glossen\/wp-json\/wp\/v2\/pages"}],"about":[{"href":"https:\/\/blogs.dickinson.edu\/glossen\/wp-json\/wp\/v2\/types\/page"}],"author":[{"embeddable":true,"href":"https:\/\/blogs.dickinson.edu\/glossen\/wp-json\/wp\/v2\/users\/282"}],"replies":[{"embeddable":true,"href":"https:\/\/blogs.dickinson.edu\/glossen\/wp-json\/wp\/v2\/comments?post=5214"}],"version-history":[{"count":0,"href":"https:\/\/blogs.dickinson.edu\/glossen\/wp-json\/wp\/v2\/pages\/5214\/revisions"}],"up":[{"embeddable":true,"href":"https:\/\/blogs.dickinson.edu\/glossen\/wp-json\/wp\/v2\/pages\/5190"}],"wp:attachment":[{"href":"https:\/\/blogs.dickinson.edu\/glossen\/wp-json\/wp\/v2\/media?parent=5214"}],"curies":[{"name":"wp","href":"https:\/\/api.w.org\/{rel}","templated":true}]}}