{"id":5218,"date":"2016-12-27T10:25:15","date_gmt":"2016-12-27T15:25:15","guid":{"rendered":"http:\/\/blogs.dickinson.edu\/glossen\/?page_id=5218"},"modified":"2017-10-19T11:01:25","modified_gmt":"2017-10-19T15:01:25","slug":"my-own-private-hieroglyphs-mr-mrs-kkk-making-hate-and-the-woman-and-the-devil","status":"publish","type":"page","link":"https:\/\/blogs.dickinson.edu\/glossen\/archive\/glossen-42-dec-2016\/my-own-private-hieroglyphs-mr-mrs-kkk-making-hate-and-the-woman-and-the-devil\/","title":{"rendered":"My Own Private Hieroglyphs: &#8220;Mr. &amp; Mrs. KKK Making Hate&#8221; and &#8220;The Woman and the Devil&#8221;"},"content":{"rendered":"<p>von\u00a0<strong>Peter Wortsman<\/strong><\/p>\n<p>In j\u00fcngeren Jahren fehlte mir manchmal die gen\u00fcgende Klarheit, mich in Worte auszudr\u00fccken. Da griff ich als Zuflucht in eine Bildersprache zur\u00fcck, my own private Hieroglyphs. Sie sind Produkte eines verkrampften Unmutes. Die meisten Cartoons, die ich damals mit der linken Hand kritzelte, landeten sofort im M\u00fclleimer.\u00a0Unter den \u00fcberlebenden Bildern sind ein paar, die vielleicht etwas \u00fcber die heutige Unruhe aussagen. Ich \u00fcberlasse es dem Leser, oder vielmehr dem Betrachter, die zwei Skizzen \u201eMr. and Mrs. KKK Making Hate\u201c und \u201eThe Woman and the Devil\u201c als <em>Trump<\/em>-l\u2019oeis im heutigen Teufelskreis der Unvernunft zu deuten.<\/p>\n<p style=\"text-align: center\"><a href=\"http:\/\/blogs.dickinson.edu\/glossen\/files\/2016\/12\/Wortsman-Mr.-and-Mrs.-KKK-Making-Hate.jpg\" rel=\"attachment wp-att-5220\"><img loading=\"lazy\" decoding=\"async\" class=\"wp-image-5220 aligncenter\" src=\"http:\/\/blogs.dickinson.edu\/glossen\/files\/2016\/12\/Wortsman-Mr.-and-Mrs.-KKK-Making-Hate-776x1024.jpg\" alt=\"Wortsman Mr. and Mrs. KKK Making Hate\" width=\"500\" height=\"660\" srcset=\"https:\/\/blogs.dickinson.edu\/glossen\/files\/2016\/12\/Wortsman-Mr.-and-Mrs.-KKK-Making-Hate-776x1024.jpg 776w, https:\/\/blogs.dickinson.edu\/glossen\/files\/2016\/12\/Wortsman-Mr.-and-Mrs.-KKK-Making-Hate-227x300.jpg 227w, https:\/\/blogs.dickinson.edu\/glossen\/files\/2016\/12\/Wortsman-Mr.-and-Mrs.-KKK-Making-Hate-768x1014.jpg 768w, https:\/\/blogs.dickinson.edu\/glossen\/files\/2016\/12\/Wortsman-Mr.-and-Mrs.-KKK-Making-Hate.jpg 1204w\" sizes=\"auto, (max-width: 500px) 100vw, 500px\" \/><\/a><\/p>\n<p style=\"text-align: center\"><a href=\"http:\/\/blogs.dickinson.edu\/glossen\/files\/2016\/12\/Wortsman-The-Woman-and-the-Devil.jpg\" rel=\"attachment wp-att-5221\"><img loading=\"lazy\" decoding=\"async\" class=\"wp-image-5221 aligncenter\" src=\"http:\/\/blogs.dickinson.edu\/glossen\/files\/2016\/12\/Wortsman-The-Woman-and-the-Devil-676x1024.jpg\" alt=\"Wortsman The Woman and the Devil\" width=\"450\" height=\"681\" srcset=\"https:\/\/blogs.dickinson.edu\/glossen\/files\/2016\/12\/Wortsman-The-Woman-and-the-Devil-676x1024.jpg 676w, https:\/\/blogs.dickinson.edu\/glossen\/files\/2016\/12\/Wortsman-The-Woman-and-the-Devil-198x300.jpg 198w, https:\/\/blogs.dickinson.edu\/glossen\/files\/2016\/12\/Wortsman-The-Woman-and-the-Devil-768x1163.jpg 768w, https:\/\/blogs.dickinson.edu\/glossen\/files\/2016\/12\/Wortsman-The-Woman-and-the-Devil.jpg 874w\" sizes=\"auto, (max-width: 450px) 100vw, 450px\" \/><\/a><\/p>\n","protected":false},"excerpt":{"rendered":"<p>von\u00a0Peter Wortsman In j\u00fcngeren Jahren fehlte mir manchmal die gen\u00fcgende Klarheit, mich in Worte auszudr\u00fccken. Da griff ich als Zuflucht in eine Bildersprache zur\u00fcck, my own private Hieroglyphs. Sie sind Produkte eines verkrampften Unmutes. Die meisten Cartoons, die ich damals mit der linken Hand kritzelte, landeten sofort im M\u00fclleimer.\u00a0Unter den \u00fcberlebenden Bildern sind ein paar, [&hellip;]<\/p>\n","protected":false},"author":282,"featured_media":0,"parent":5190,"menu_order":0,"comment_status":"closed","ping_status":"closed","template":"","meta":{"footnotes":""},"class_list":["post-5218","page","type-page","status-publish","hentry"],"_links":{"self":[{"href":"https:\/\/blogs.dickinson.edu\/glossen\/wp-json\/wp\/v2\/pages\/5218","targetHints":{"allow":["GET"]}}],"collection":[{"href":"https:\/\/blogs.dickinson.edu\/glossen\/wp-json\/wp\/v2\/pages"}],"about":[{"href":"https:\/\/blogs.dickinson.edu\/glossen\/wp-json\/wp\/v2\/types\/page"}],"author":[{"embeddable":true,"href":"https:\/\/blogs.dickinson.edu\/glossen\/wp-json\/wp\/v2\/users\/282"}],"replies":[{"embeddable":true,"href":"https:\/\/blogs.dickinson.edu\/glossen\/wp-json\/wp\/v2\/comments?post=5218"}],"version-history":[{"count":0,"href":"https:\/\/blogs.dickinson.edu\/glossen\/wp-json\/wp\/v2\/pages\/5218\/revisions"}],"up":[{"embeddable":true,"href":"https:\/\/blogs.dickinson.edu\/glossen\/wp-json\/wp\/v2\/pages\/5190"}],"wp:attachment":[{"href":"https:\/\/blogs.dickinson.edu\/glossen\/wp-json\/wp\/v2\/media?parent=5218"}],"curies":[{"name":"wp","href":"https:\/\/api.w.org\/{rel}","templated":true}]}}