{"id":5231,"date":"2016-12-27T10:35:43","date_gmt":"2016-12-27T15:35:43","guid":{"rendered":"http:\/\/blogs.dickinson.edu\/glossen\/?page_id=5231"},"modified":"2017-10-19T11:01:25","modified_gmt":"2017-10-19T15:01:25","slug":"die-mauerschau","status":"publish","type":"page","link":"https:\/\/blogs.dickinson.edu\/glossen\/archive\/glossen-42-dec-2016\/die-mauerschau\/","title":{"rendered":"Die Mauerschau"},"content":{"rendered":"<p>von <strong>Axel Reitel<\/strong><\/p>\n<p>(eine freundliche Mahnung an Donald Trump)<strong>\u00a0 <\/strong><\/p>\n<p>Die Mauer blieb ein Ort der Flucht,<br \/>\nmit Vergatterung, mit M\u00f6rder-Ehre,<br \/>\nwer war der Feind, f\u00fcr den ich gestorben w\u00e4re?<\/p>\n<p>Der Mauerl\u00e4ufer flieht den Unterkriechschutz<a href=\"#_edn1\" name=\"_ednref1\">[i]<\/a>,<br \/>\ner sucht die in Freiheit flirrenden Jahre, sportive Klippen,<br \/>\ner glaubt an die verschaute Bucht.<\/p>\n<p>Im Osten legte man den Finger auf die Lippen,<br \/>\nman sp\u00fcrte das Unwillige, fast Bockige, den falsche Putz,<br \/>\ndie gewaltsame Aneignung des Anderen<a href=\"#_edn2\" name=\"_ednref2\">[ii]<\/a>, das Gegenlicht,<\/p>\n<p>das \u00fcbergrelle. Jetzt mach aber mal halb lang,<br \/>\nwer kann einem das sagen, das harte Denken, die harte Sicht,<br \/>\ngeh zu den zersprungenen Spiegeln und betrachte Dich.<\/p>\n<p>Dein Beitrag ist jetzt der eines vorher Unbekannten, Du bist<br \/>\nins Wei\u00dfe Haus gefahren, in Deinem Gesicht<br \/>\nwar der der verbl\u00fcffte Bluff zu sehen. Das Erbe als List<\/p>\n<p>gibt es auch in Mexiko-Tristesse. Hast Du hast das Buch<a href=\"#_edn3\" name=\"_ednref3\">[iii]<\/a> gelesen?<br \/>\nKeiner wei\u00df von Dir jetzt, in was Du vordringst,<br \/>\nanderw\u00e4rts in Jahren hei\u00dft es, wo warst du gewesen?<\/p>\n<p>Und weil es einmal Dinge gibt, die Menschen fliehen<br \/>\nwie grausch\u00e4lende Tage:\u00a0 Wenn du erbrichst die Siegel,<br \/>\ngeh nicht verloren, es ziehen, es schweben die huldvollen Toten,<\/p>\n<p>sie strecken ihre Arme nach hundert Seiten aus,<br \/>\nDu hast <em>ein<\/em> Haus, du blickst in die Spiegel, Du siehst<br \/>\ndein Profil, als mag es das Unbegangenheitsmeer ausloten.<\/p>\n<p>(12. Dezember 2015 &#8211; 15. Dezember 2016)<\/p>\n<p>&nbsp;<\/p>\n<p>&nbsp;<\/p>\n<p><a href=\"#_ednref1\" name=\"_edn1\"><sup><sup>[i]<\/sup><\/sup><\/a> Drahtvorrichtung mit Widerhaken am unteren Ende des innerdeutschen Grenzzaunes.<\/p>\n<p><a href=\"#_ednref2\" name=\"_edn2\"><sup><sup>[ii]<\/sup><\/sup><\/a> Vgl. Byung-Cul Han, <em>Agonie des Eros<\/em>, Matthes&amp;Seitz, vierte Auflage, 2015, S.33.<\/p>\n<p><a href=\"#_ednref3\" name=\"_edn3\"><sup><sup>[iii]<\/sup><\/sup><\/a> Gemeint sind sowohl die in Mexiko spielende Erz\u00e4hlung \u201eTristesse\u201c von Jack Kerouac als auch die Bergpredigt, <em>Das Buch der Offenbarung und Selbstbetrachtungen<\/em> von Marc Aurel als Kritiken der reinen (machiavellistischen) Staatstheorie.<\/p>\n","protected":false},"excerpt":{"rendered":"<p>von Axel Reitel (eine freundliche Mahnung an Donald Trump)\u00a0 Die Mauer blieb ein Ort der Flucht, mit Vergatterung, mit M\u00f6rder-Ehre, wer war der Feind, f\u00fcr den ich gestorben w\u00e4re? Der Mauerl\u00e4ufer flieht den Unterkriechschutz[i], er sucht die in Freiheit flirrenden Jahre, sportive Klippen, er glaubt an die verschaute Bucht. Im Osten legte man den Finger [&hellip;]<\/p>\n","protected":false},"author":282,"featured_media":0,"parent":5190,"menu_order":0,"comment_status":"closed","ping_status":"closed","template":"","meta":{"footnotes":""},"class_list":["post-5231","page","type-page","status-publish","hentry"],"_links":{"self":[{"href":"https:\/\/blogs.dickinson.edu\/glossen\/wp-json\/wp\/v2\/pages\/5231","targetHints":{"allow":["GET"]}}],"collection":[{"href":"https:\/\/blogs.dickinson.edu\/glossen\/wp-json\/wp\/v2\/pages"}],"about":[{"href":"https:\/\/blogs.dickinson.edu\/glossen\/wp-json\/wp\/v2\/types\/page"}],"author":[{"embeddable":true,"href":"https:\/\/blogs.dickinson.edu\/glossen\/wp-json\/wp\/v2\/users\/282"}],"replies":[{"embeddable":true,"href":"https:\/\/blogs.dickinson.edu\/glossen\/wp-json\/wp\/v2\/comments?post=5231"}],"version-history":[{"count":0,"href":"https:\/\/blogs.dickinson.edu\/glossen\/wp-json\/wp\/v2\/pages\/5231\/revisions"}],"up":[{"embeddable":true,"href":"https:\/\/blogs.dickinson.edu\/glossen\/wp-json\/wp\/v2\/pages\/5190"}],"wp:attachment":[{"href":"https:\/\/blogs.dickinson.edu\/glossen\/wp-json\/wp\/v2\/media?parent=5231"}],"curies":[{"name":"wp","href":"https:\/\/api.w.org\/{rel}","templated":true}]}}