{"id":5332,"date":"2016-12-29T18:00:06","date_gmt":"2016-12-29T23:00:06","guid":{"rendered":"http:\/\/blogs.dickinson.edu\/glossen\/?page_id=5332"},"modified":"2017-12-06T10:17:49","modified_gmt":"2017-12-06T15:17:49","slug":"autorenbiografien","status":"publish","type":"page","link":"https:\/\/blogs.dickinson.edu\/glossen\/archive\/glossen-42-dec-2016\/autorenbiografien\/","title":{"rendered":"Autorenbiografien | Glossen 42"},"content":{"rendered":"<p><strong>Gabrielle Alioth<\/strong>, born in Basel, Switzerland, studied Economics and the History of Art and worked in Econometric Forecasting before emigrating to Ireland in 1984. Her first novel <em>Der Narr<\/em> (1990) received the Hamburg literary award for best first novel. Her ninth and most recent novel <em>Die entwendete Handschrift<\/em> appeared in 2016. She was inter alia Swiss writer in residence at the University of Southern California, Los Angeles, guest lecturer at the Case Western Reserve University, Cleveland, and writer in residence at University College Dublin. Since 2004 she also teaches at the Lucerne University of Applied Sciences and Arts.<\/p>\n<p><strong>Michael Blumenthal, <\/strong>is Visiting Professor of Law at The WV University College of Law, and the author of eight books of poetry, most recently <em>No Hurry: Poems 2000-2012,<\/em> published in 2012. Formerly Director of Creative Writing at Harvard, he is the author of the memoir <em>All My Mothers and Fathers<\/em> (Vandalia Press, 2016), and <em>Dusty Angel<\/em> (BOA Editions, 1999). His novel <em>Weinstock Among the Dying <\/em>won Hadassah Magazine&#8217;s Harold U. Ribelow Prize for the best work of Jewish fiction.<em> \u201cBecause They Needed Me:\u201d <\/em><em>The Incredible Struggle of Rita Miljo<\/em><em> to Save the <\/em><em>Baboons of South Africa<\/em> was published in Germany in 2012 and in the U.S. in May of 2016.<\/p>\n<p><strong>Albrecht Classen<\/strong> ist University Distinguished Professor of German Studies an der University of Arizona. Einerseits hat er ein umfangreiches wissenschaftliches Programm zum Mittelalter und zur Fr\u00fchneuzeit vorgelegt (ca. 90 B\u00fccher, ca. 630 Aufs\u00e4tze), andererseits hat er sich auch zu einem produktiven Dichter entwickelt (9 B\u00e4nde eigene Gedichte bisher). Er ver\u00f6ffentlicht regelm\u00e4\u00dfig in <em>Trans-Lit2<\/em> u.a. Er ist Hrsg. der wiss. Zeitschriften <em>Mediaevistik<\/em> und <em>Humanities Open Access<\/em>, dazu auch der Redakteur f\u00fcr Rezensionen in <em>Trans-Lit2<\/em>.<\/p>\n<p><strong>Rita Dove<\/strong> was born in Akron, Ohio in 1952. She served as Poet Laureate of the United States (1993-1995) and as Poet Laureate of the Commonwealth of Virginia (2004-2006). Among numerous literary and academic honors, she has received the 1987 Pulitzer Prize in Poetry and the 2003 Emily Couric Leadership Award. President Clinton awarded her the 1996 National Humanities Medal, and President Barack Obama presented her with the 2011 National Medal of Arts. Her latest book is <em>Collected Poems 1974-2004<\/em> (W.W. Norton &amp; Co. 2016). Rita Dove currently holds the chair of Commonwealth Professor of English at the University of Virginia in Charlottesville.<\/p>\n<p><strong>Michael Eskin<\/strong>\u00a0is an award-winning author, critic, translator, and publisher. He was educated in Israel, Germany, France, and the U.S. and is the co-founder and Vice President of Upper West Side Philosophers, Inc. He has taught at the University of Cambridge and at Columbia University. He has many publications on cultural, literary, and philosophical subjects and his translations have appeared in\u00a0<em>The New Yorker<\/em>\u00a0and\u00a0<em>Sport 40<\/em>. A member of The Authors Guild, the Academy of American Poets, and\u00a0P.E.N. International, he has been on radio programs and lectured regularly across the US and Europe. He lives in New York City.<\/p>\n<p><strong>Jeanne Finkelstein Goodman<\/strong>\u00a0(<a href=\"http:\/\/www.jeannegoodman.com\/\">Website<\/a>) grew up in New Rochelle, NY and received her BFA from Syracuse University. \u00a0She taught at the University of Massachusetts as an\u00a0MFA candidate.\u00a0Her work is included in numerous collections in the United States, including many universities and college galleries. She is included in the Jane Voorhees Zimmerli Art Museum as part of the\u00a0permanent\u00a0collection of the National Association of Women\u2019s art, and her work has been in juried exhibitions and received awards, most recently in the\u00a0\u201cSmall Works Exhibit\u201d\u00a0at The Charles Taylor Art Center in Hampton, VA (2016). In addition to being included in\u00a0<em>100<\/em> <em>Southern Artists<\/em> (2012),\u00a0her work is published widely.<\/p>\n<p><strong>Luisa A. Igloria<\/strong> (<a href=\"http:\/\/www.luisaigloria.com\">http:\/\/www.luisaigloria.com<\/a>) is the winner of the 2015 <a href=\"http:\/\/www.resurgenceprize.org\/awards\/\">Resurgence Prize (UK)<\/a>, the world&#8217;s first major award for ecopoetry, selected by former UK poet laureate Sir Andrew Motion, Alice Oswald, and Jo Shapcott. She is the author of <a href=\"http:\/\/kudzuhouse.org\/echapbooks\/5.1\/intro.html\"><em>Bright as Mirrors Left in the Grass<\/em><\/a> (Kudzu House Press eChapbook selection for Spring 2015), <a href=\"http:\/\/www.upcolorado.com\/utah-state-university-press\/item\/2393-ode-to-the-heart-smaller-than-a-pencil-eraser\"><em>Ode to the Heart Smaller than a Pencil Eraser<\/em><\/a> (selected by Mark Doty for the 2014 May Swenson Prize, Utah State University Press), <a href=\"http:\/\/www.phoeniciapublishing.com\/night-willow.html\"><em>Night Willow<\/em><\/a> (Phoenicia Publishing, Montreal, 2014), <a href=\"http:\/\/therumpus.net\/2014\/04\/the-saints-of-streets-by-luisa-igloria\/\"><em>The Saints of Streets<\/em><\/a> (University of Santo Tomas Publishing House, 2013), <a href=\"http:\/\/undpress.nd.edu\/books\/P01279\"><em>Juan Luna\u2019s Revolver<\/em><\/a> (2009 Ernest Sandeen Prize, University of Notre Dame Press), and nine other books. She teaches on the faculty of the MFA Creative Writing Program at Old Dominion University, which she directed from 2009-2015.<\/p>\n<p><strong>Freya Klier<\/strong>, born in 1950 in Dresden, is an author, film director, and freedom activist. She began her career in theater in the German Democratic Republic (GDR) in the 1970s. In the 1980s, Klier became active in the peace movement in Pankow, demanding reforms and calling for the awareness of state crimes. In 1987, the Ministry for State Security (<em>Ministerium for Staatssicherheit<\/em>) attempted to murder Klier and her husband, imprisoned them both in early 1988, and forced them to leave the GDR in the same year. Klier is dedicated to making the public aware of past and present human rights violations in Germany and abroad. She is a founding member of the B\u00fcrgerb\u00fcro e.V. and a member of the PEN Center of German-Speaking Writers Abroad. She has received many prizes for her activism and her writing.<\/p>\n<p><strong>Frederick A. Lubich,<\/strong> 1951 als Kind m\u00e4hrischer Eltern im schw\u00e4bischen G\u00f6ppingen geboren und aufgewachsen. Autor von \u00fcber 350 Ver\u00f6ffentlichungen einschlie\u03b2lich Fachb\u00fcchern zu Thomas Mann, Max Frisch, Paradigmenwechseln der Moderne, sowie literaturwissenschaftlichen Aufs\u00e4tzen, journalistischen Essays (<em>Argentinisches Tageblatt,<\/em> <em>New Yorker Aufbau,<\/em> <em>Frankfurter Allgemeine Zeitung<\/em> etc), \u00dcbersetzer (u.a. von Yoko Onos Rockoper <em>New York Story<\/em> und deutsch-amerikanischen Drehb\u00fcchern), Herausgeber mehrerer Sammelb\u00e4nde und Autor von rund hundert lyrischen Publikationen auf Schallplatte, in Literaturzeitschriften und Lyrik-Anthologien. Lehrauftr\u00e4ge an sieben amerikanischen Colleges und Universit\u00e4ten und Gastvortr\u00e4ge in \u00fcber 30 L\u00e4ndern, sowie Features und Interviews in Rundfunk und Fernsehen in Deutschland, Amerika, Finnland, Marokko und \u00c4gypten.<\/p>\n<p><strong>Bettina Matthias<\/strong> is Professor of German at Middlebury College and Director of the German Summer Language School at Middlebury. As an academic, she has written books and articles on Arthur Schnitzler, turn-of-the century Vienna, Weimar Germany, and hotel-culture in early twentieth century German and Austrian literature, on the German humorist Loriot, as well as on the place of the arts in foreign language teaching. As a creative writer, she mostly writes short stories, and her true creative passion lies in theater\u2014since 2001, she has produced and directed more than thirty German-language plays and operas with her students.<\/p>\n<p><strong>Hans Mayer<\/strong> wurde 1951 in G\u00f6ppingen\/Baden W\u00fcrttemberg geboren und hat nach dem Studium der Soziologie, Politologie, Volkswirtschaftslehre, des V\u00f6lkerrechts und der Verwaltungswissenschaften eine T\u00e4tigkeit in der Entwicklungspolitischen Zusammenarbeit aufgenommen. Er verbrachte viele Jahre im s\u00fcdlichen Afrika und im arabischen Raum und arbeitete nach dem Zusammenbruch der Sowjetunion f\u00fcr die postkommunistischen Nachfolgestaaten, unter anderem auch in Kasachstan. Nach dem Ende seiner beruflichen T\u00e4tigkeit hat er wieder angefangen zu schreiben, verfasst biografische B\u00fccher und Artikel. Derzeit geht er der Geschichte einer deutsch-j\u00fcdischen Spirituosenfirma nach. Autobiografisches Material ist in Vorbereitung.<\/p>\n<p><strong>Michael Panitz<\/strong> is an academician and a rabbi. He teaches courses in Hebrew language, Religious Studies, and History at Old Dominion University and at Virginia Wesleyan College, and serves as the spiritual leader of \u201cTemple Israel\u201d, all in Norfolk, Virginia. Dr. Panitz sees the pastoral and the academic sides of his career as several means to the end of fostering ethical and multi- cultural community. In his scholarly publications, Dr. Panitz has focused on aspects of Jewish intellectual and social history illuminating the interaction of Jews with the cultures and ideas of their contemporaries. He is currently researching and writing \u201cSee, O Israel\u201d, an intellectual-historical guide to cinematic retellings of Bible stories.<\/p>\n<p><strong>Utz Rachowski<\/strong>, born 1954 in Saxony (Germany). He was a former political prisoner in East Germany and was sentenced to 27 months in jail due to five of his own poems. He published 14 books with stories, essays and poetry. He has received the Reiner Kunze Prize (2007), the Hermann-Hesse-Grant (2008), and the Nikolaus-Lenau-Prize (2014). In 2013 he was nominated in the US for a Pushcart Prize. He is a member of the P.E.N.-Centre of German-Speaking Writers Abroad.<\/p>\n<p><strong>Axel Reitel<\/strong> was born in April 1961 in Plauen, Vogtland, near the inner German border. As a result of the visible, public violence directed against the people, he took an early stand under the second Herman dictatorship. After two arrests and convictions by the Stasi, he was ransomed in the year 1982 by the Federal Democratic Republic. From 1985 to 1990, he studied art history and philosophy at the TU-Berlin (West). Since 1990 he is an anti-totalitarian freelance writer of prose, poetry, essay, and songs.<\/p>\n<p><strong>Anna Rosmus<\/strong>, real-life heroine of the film <em>The Nasty Girl<\/em>, has dedicated her life to uncovering the Nazi past of her hometown and to combating neo-Nazis. As a freelance writer, she has contributed numerous essays to magazines and newspapers, such as <em>La Pens\u00e9e et les Hommes<\/em>, <em>Holocaust and Genocide Studies<\/em>, <em>The New York Times<\/em>, and <em>The European<\/em>. Twice, Anna Rosmus was featured in a <em>60 Minutes<\/em> profile. To many, she represents the legacy of the Holocaust in memory, education, and action in the continuing struggle against bigotry. The D.C. Chapter of the American Immigration Lawyers Association and the American Immigration Law Foundation honored her with the Immigrant Achievement Award as a \u201cdistinguished Immigrant who through her extraordinary endeavors has made a substantial contribution to the United States of America and is a proud reflection of the values of this nation.\u201d<\/p>\n<p><strong>Lee Slater<\/strong> studied at Brown University before teaching world literature and French at Old Dominion University in Norfolk, Virginia.\u00a0 Her work includes scholarly essays on emergent cultural expressions in post-conflict Rwanda, from spoken word poetry to stand-up comedy, and translations of contemporary African poetry. Since 2009 she has traveled often to Kigali, Rwanda to teach creative writing workshops to a young generation of Rwandan writers and spoken word artists and seminars on African women\u2019s literature.<\/p>\n<p><strong>Gerald Uhlig-Romero\u00a0<\/strong>wurde in Heidelberg geboren. Er studierte Musik und darstellende Kunst in Wien und ist Regisseur, Schauspieler, Gr\u00fcnder des Cafe und der Galerie Einstein in Berlin, wo er Fotoausstellungen mit internationalen Fotok\u00fcnstlern wie Dennis Hopper, Wim Wenders, Helmut Newton realisiert.<\/p>\n<p><strong>Achim Viereck<\/strong>, geboren 1951 in W\u00fcrzburg. Studium der Agrarwissenschaften an der Universit\u00e4t Hohenheim. Er arbeitet in der Agrarforschung (Mexiko), Entwicklungshilfe (Kapverden und Philippinen), danach im Bundesern\u00e4hrungsministerium in Bonn und Berlin. Im Rahmen dieser T\u00e4tigkeit auch \u00fcber zehn Jahre in Lateinamerika als Landwirtschaftsreferent an den Botschaften Brasilia und Buenos Aires t\u00e4tig. Er lernte Robert Schopflocher in Buenos Aires kennen und betrachtet seine Freundschaft mit diesem Autor als gr\u00f6\u00dftes Geschenk seiner Auslandst\u00e4tigkeit.<\/p>\n<p><strong>Susan Wansink<\/strong>\u00a0is\u00a0Professor of German at Virginia Wesleyan College in Norfolk, VA and architecture photographer. <a href=\"http:\/\/susanwansink.com\/about\/\" target=\"_blank\" rel=\"noopener\">Website<\/a><\/p>\n<p><strong>Peter Wortsman<\/strong>, the American-born son of Austrian-Jewish refugees, writes in English and German.\u00a0His most recent publications are: Cold Earth Wanderers, a novel; Footprints in Wet Cement,\u00a0short prose; <em>New York, NY 1978<\/em>, a photo essay with photographs by Jean-Luc Dubin and text by Peter Wortsman; and <em>Konundrum, Selected Prose of Franz Kafka<\/em>,\u00a0a new translation. He was a Holtzbrinck Fellow at the American\u00a0Academy in Berlin\u00a0in 2010 and\u00a0a fellow of\u00a0the \u00d6sterreichische Gesellschaft f\u00fcr Literatur in Vienna in 2016.<\/p>\n","protected":false},"excerpt":{"rendered":"<p>Gabrielle Alioth, born in Basel, Switzerland, studied Economics and the History of Art and worked in Econometric Forecasting before emigrating to Ireland in 1984. Her first novel Der Narr (1990) received the Hamburg literary award for best first novel. Her ninth and most recent novel Die entwendete Handschrift appeared in 2016. She was inter alia [&hellip;]<\/p>\n","protected":false},"author":282,"featured_media":0,"parent":5190,"menu_order":0,"comment_status":"closed","ping_status":"closed","template":"","meta":{"footnotes":""},"class_list":["post-5332","page","type-page","status-publish","hentry"],"_links":{"self":[{"href":"https:\/\/blogs.dickinson.edu\/glossen\/wp-json\/wp\/v2\/pages\/5332","targetHints":{"allow":["GET"]}}],"collection":[{"href":"https:\/\/blogs.dickinson.edu\/glossen\/wp-json\/wp\/v2\/pages"}],"about":[{"href":"https:\/\/blogs.dickinson.edu\/glossen\/wp-json\/wp\/v2\/types\/page"}],"author":[{"embeddable":true,"href":"https:\/\/blogs.dickinson.edu\/glossen\/wp-json\/wp\/v2\/users\/282"}],"replies":[{"embeddable":true,"href":"https:\/\/blogs.dickinson.edu\/glossen\/wp-json\/wp\/v2\/comments?post=5332"}],"version-history":[{"count":0,"href":"https:\/\/blogs.dickinson.edu\/glossen\/wp-json\/wp\/v2\/pages\/5332\/revisions"}],"up":[{"embeddable":true,"href":"https:\/\/blogs.dickinson.edu\/glossen\/wp-json\/wp\/v2\/pages\/5190"}],"wp:attachment":[{"href":"https:\/\/blogs.dickinson.edu\/glossen\/wp-json\/wp\/v2\/media?parent=5332"}],"curies":[{"name":"wp","href":"https:\/\/api.w.org\/{rel}","templated":true}]}}