{"id":5549,"date":"2017-12-20T09:19:15","date_gmt":"2017-12-20T14:19:15","guid":{"rendered":"http:\/\/blogs.dickinson.edu\/glossen\/?page_id=5549"},"modified":"2017-12-29T14:46:33","modified_gmt":"2017-12-29T19:46:33","slug":"traume","status":"publish","type":"page","link":"https:\/\/blogs.dickinson.edu\/glossen\/archive\/glossen-43-2017-current-issue\/traume\/","title":{"rendered":"Tr\u00e4ume"},"content":{"rendered":"<p>von <strong>Albrecht Classen<\/strong><\/p>\n<p>Im Abendlicht<br \/>\n\u00fcber der Neuen Welt<br \/>\nentstehen<br \/>\nmancherlei Tr\u00e4ume,<br \/>\nwie es h\u00e4tte sein k\u00f6nnen,<br \/>\nwas besser gewesen w\u00e4re,<br \/>\nwenn nicht die Umst\u00e4nde<br \/>\nso gewesen w\u00e4ren,<br \/>\noder gewisse Personen<br \/>\ndie Herrschaft und Macht<br \/>\nnicht an sich gerissen h\u00e4tten.<\/p>\n<p>&nbsp;<\/p>\n<p>Kopfsch\u00fcttelnd<br \/>\nversinkt die Sonne<br \/>\nhinter dem Horizont,<br \/>\nungl\u00e4ubig<br \/>\ndas menschliche Treiben<br \/>\nnoch einmal betrachtend,<br \/>\nwas habt ihr euch nur dabei gedacht,<br \/>\nden W\u00f6lfen zu glauben?<br \/>\nSolche Unschuldsl\u00e4mmer!<\/p>\n<p>&nbsp;<\/p>\n<p>Es war einmal gewesen,<br \/>\nso beginnen die M\u00e4rchen<br \/>\nvon Gerechtigkeit und Frieden.<br \/>\nInzwischen klopft es \u00fcberall,<br \/>\nder Dollar hat das einzige Sagen,<br \/>\ndie Feinde stehen <em>ad portas<\/em>,<br \/>\nwer sie auch immer sein m\u00f6gen,<br \/>\nzeig nur nicht eure dunkle Haut,<br \/>\nund der Halbmond darf es auch nicht sein.<\/p>\n<p>&nbsp;<\/p>\n<p>Unter dem (Haken)kreuz stehend,<br \/>\ndie Waffen blank und schussbereit,<br \/>\nr\u00fcstet sich der gute Amerikaner,<br \/>\nsoll ja die fr\u00fchere Welt<br \/>\nganz neu erschaffen werden.<br \/>\nFrauen zur\u00fcck an den Herd,<br \/>\ndie Schwulen schwupps davon,<br \/>\nFremde d\u00fcrfen drau\u00dfen bleiben,<br \/>\nund die Schwarzen, ja die Schwarzen,<br \/>\nd\u00fcrfen die Felder wieder bearbeiten,<br \/>\nganz so wie es Gott befohlen hat,<\/p>\n<p>&nbsp;<\/p>\n<p>denn wir, ja wir, hail America!,<br \/>\nwir sind die guten Menschen,<br \/>\nganz wie unsere Haut es zeigt.<br \/>\nVon Angst wollen wir nicht reden,<br \/>\nstark ist unsere gro\u00dfe Nation,<br \/>\njawohl mein Kreditgeber,<br \/>\nbald kriechen wir allesamt ins Grab.<\/p>\n","protected":false},"excerpt":{"rendered":"<p>von Albrecht Classen Im Abendlicht \u00fcber der Neuen Welt entstehen mancherlei Tr\u00e4ume, wie es h\u00e4tte sein k\u00f6nnen, was besser gewesen w\u00e4re, wenn nicht die Umst\u00e4nde so gewesen w\u00e4ren, oder gewisse Personen die Herrschaft und Macht nicht an sich gerissen h\u00e4tten. &nbsp; Kopfsch\u00fcttelnd versinkt die Sonne hinter dem Horizont, ungl\u00e4ubig das menschliche Treiben noch einmal betrachtend, [&hellip;]<\/p>\n","protected":false},"author":282,"featured_media":0,"parent":5496,"menu_order":0,"comment_status":"closed","ping_status":"closed","template":"","meta":{"footnotes":""},"class_list":["post-5549","page","type-page","status-publish","hentry"],"_links":{"self":[{"href":"https:\/\/blogs.dickinson.edu\/glossen\/wp-json\/wp\/v2\/pages\/5549","targetHints":{"allow":["GET"]}}],"collection":[{"href":"https:\/\/blogs.dickinson.edu\/glossen\/wp-json\/wp\/v2\/pages"}],"about":[{"href":"https:\/\/blogs.dickinson.edu\/glossen\/wp-json\/wp\/v2\/types\/page"}],"author":[{"embeddable":true,"href":"https:\/\/blogs.dickinson.edu\/glossen\/wp-json\/wp\/v2\/users\/282"}],"replies":[{"embeddable":true,"href":"https:\/\/blogs.dickinson.edu\/glossen\/wp-json\/wp\/v2\/comments?post=5549"}],"version-history":[{"count":0,"href":"https:\/\/blogs.dickinson.edu\/glossen\/wp-json\/wp\/v2\/pages\/5549\/revisions"}],"up":[{"embeddable":true,"href":"https:\/\/blogs.dickinson.edu\/glossen\/wp-json\/wp\/v2\/pages\/5496"}],"wp:attachment":[{"href":"https:\/\/blogs.dickinson.edu\/glossen\/wp-json\/wp\/v2\/media?parent=5549"}],"curies":[{"name":"wp","href":"https:\/\/api.w.org\/{rel}","templated":true}]}}