{"id":5552,"date":"2017-12-20T12:03:00","date_gmt":"2017-12-20T17:03:00","guid":{"rendered":"http:\/\/blogs.dickinson.edu\/glossen\/?page_id=5552"},"modified":"2017-12-29T14:45:28","modified_gmt":"2017-12-29T19:45:28","slug":"am-griebnitzsee-mit-christa-speidel","status":"publish","type":"page","link":"https:\/\/blogs.dickinson.edu\/glossen\/archive\/glossen-43-2017-current-issue\/am-griebnitzsee-mit-christa-speidel\/","title":{"rendered":"Am Griebnitzsee (mit Christa Speidel)"},"content":{"rendered":"<p>von <strong>Axel Reitel<\/strong><\/p>\n<p style=\"text-align: right\"><em>Quamvis sint sub aqua,<br \/>\n<\/em><em>sub aqua maledicere temptant.<a href=\"#_edn1\" name=\"_ednref1\"><strong>[i]\n<\/strong><\/a><\/em>Ovid<\/p>\n<p>Schau das Paar diagonaler Laternen-Sterne da,<br \/>\nim Maul der grauen Stichlings-Wolke<br \/>\nund die Quadrille Mandarin-Enten<br \/>\nals Raumpatrouille quasi im blau-wei\u00df-karpfengeschuppten Himmel.<br \/>\nUnd wie die Wolkenkratzer der W\u00e4lder dicht an dicht in den See h\u00e4ngen.<br \/>\nUnd da am Seegrund erwacht das Wolkengebirge als Atoll<br \/>\nund erst da dr\u00fcben Eibe und Esche kopfunter echt gespiegelte W\u00e4chterfiguren.<br \/>\nUnd wir schauten weiter die magischen Gebilde<br \/>\nam Kai der lachsfarbenen Babelsberg-Lagune:<br \/>\nMondtupfen hier und auch D\u00e4mmerkraut &#8211; wenn Nebel fliehen, ist uns Gl\u00fcck erlaubt.<br \/>\nWo die gro\u00dfen Drei<a href=\"#_edn1\" name=\"_ednref1\">[ii]<\/a>, die oberen Zeitgeister, das Nachgetier entzerrten, obsiegen,<br \/>\nin der Lichtneige, die werbenden herdenden heimelnden Fr\u00f6sche.<br \/>\nStille. Im See ruht der Wald.<\/p>\n<p><a href=\"#_ednref1\" name=\"_edn1\"><\/a><\/p>\n<p>&nbsp;<\/p>\n<p><a href=\"#_ednref1\" name=\"_edn1\">[i]<\/a> Obwohl sie schon unter Wasser sind, schm\u00e4hen sie unter Wasser weiter. Vgl. <em>Metamorphosen<\/em>: 6, 335-381. Die G\u00f6ttin Latona verwandelt die Lykischen Bauern in Fr\u00f6sche, nachdem diese ihr verboten hatten, von deren See zu trinken.\u00a0 Latona: \u201eQuid prohibetis\u00a0 aquis? Usus communis\u00a0 aquarum est.\u201c\u00a0 \u201eWarum verbietet ihr mir das Wasser? Ist doch der Gebrauch des Wassers allen erlaubt.\u201c<\/p>\n<p><a href=\"#_edn1\" name=\"_ednref1\"><\/a><\/p>\n<p><a href=\"#_ednref2\" name=\"_edn1\">[ii]<\/a> Gemeint sind Churchill, Truman und Stalin, die von Aufbau bis Unterzeichnung des Warschauer Vertrages im Jahr 1945 drei Villen am Griebnitzsee bewohnten.<\/p>\n","protected":false},"excerpt":{"rendered":"<p>von Axel Reitel Quamvis sint sub aqua, sub aqua maledicere temptant.[i] Ovid Schau das Paar diagonaler Laternen-Sterne da, im Maul der grauen Stichlings-Wolke und die Quadrille Mandarin-Enten als Raumpatrouille quasi im blau-wei\u00df-karpfengeschuppten Himmel. Und wie die Wolkenkratzer der W\u00e4lder dicht an dicht in den See h\u00e4ngen. Und da am Seegrund erwacht das Wolkengebirge als Atoll [&hellip;]<\/p>\n","protected":false},"author":282,"featured_media":0,"parent":5496,"menu_order":0,"comment_status":"closed","ping_status":"closed","template":"","meta":{"footnotes":""},"class_list":["post-5552","page","type-page","status-publish","hentry"],"_links":{"self":[{"href":"https:\/\/blogs.dickinson.edu\/glossen\/wp-json\/wp\/v2\/pages\/5552","targetHints":{"allow":["GET"]}}],"collection":[{"href":"https:\/\/blogs.dickinson.edu\/glossen\/wp-json\/wp\/v2\/pages"}],"about":[{"href":"https:\/\/blogs.dickinson.edu\/glossen\/wp-json\/wp\/v2\/types\/page"}],"author":[{"embeddable":true,"href":"https:\/\/blogs.dickinson.edu\/glossen\/wp-json\/wp\/v2\/users\/282"}],"replies":[{"embeddable":true,"href":"https:\/\/blogs.dickinson.edu\/glossen\/wp-json\/wp\/v2\/comments?post=5552"}],"version-history":[{"count":0,"href":"https:\/\/blogs.dickinson.edu\/glossen\/wp-json\/wp\/v2\/pages\/5552\/revisions"}],"up":[{"embeddable":true,"href":"https:\/\/blogs.dickinson.edu\/glossen\/wp-json\/wp\/v2\/pages\/5496"}],"wp:attachment":[{"href":"https:\/\/blogs.dickinson.edu\/glossen\/wp-json\/wp\/v2\/media?parent=5552"}],"curies":[{"name":"wp","href":"https:\/\/api.w.org\/{rel}","templated":true}]}}