{"id":5902,"date":"2019-01-01T03:45:32","date_gmt":"2019-01-01T08:45:32","guid":{"rendered":"http:\/\/blogs.dickinson.edu\/glossen\/?page_id=5902"},"modified":"2020-09-09T12:40:47","modified_gmt":"2020-09-09T16:40:47","slug":"glossen-44-2019-current-issue","status":"publish","type":"page","link":"https:\/\/blogs.dickinson.edu\/glossen\/archive\/glossen-44-2019-current-issue\/","title":{"rendered":"Glossen 44 | 2019"},"content":{"rendered":"<p style=\"text-align: center;\"><strong>Glossen #44 | Jan 2019<\/strong><\/p>\n<p style=\"text-align: center;\"><strong>I: Introduction<\/strong><\/p>\n<p style=\"text-align: center;\">Sarah McGaughey | <a href=\"http:\/\/blogs.dickinson.edu\/glossen\/glossen-44-2019-current-issue\/glossen-44-an-introduction\/\">Exile and Emigration. An Introduction<\/a><\/p>\n<p style=\"text-align: center;\"><strong>II: In Memoriam: Gerald Uhlig-Romero und Egon Schwarz<\/strong><\/p>\n<p style=\"text-align: center;\">Hans Mayer | <a href=\"http:\/\/blogs.dickinson.edu\/glossen\/zum-tod-von-gerald-uhlig-romero-dem-begrunder-des-berliner-cafe-einsteins-unter-den-linden\/\">Zum Tod von Gerald Uhlig-Romero<br \/>\nDem Begr\u00fcnder des Berliner Caf\u00e9 Einstein Unter den Linden<\/a><\/p>\n<p style=\"text-align: center;\">Gerald Uhlig-Romero | <a href=\"http:\/\/blogs.dickinson.edu\/glossen\/endlich-der-fruhling-kommt\/\">Endlich &#8211; Der Fr\u00fchling kommt<\/a><\/p>\n<p style=\"text-align: center;\">Reinhard Andress | <a href=\"http:\/\/blogs.dickinson.edu\/glossen\/texte-aus-dem-nachlass-von-egon-schwarz-lebe-wohl-sudamerika-und-dank-an-die-emigration\/\">\u201eLeb wohl S\u00fcdamerika\u201d und \u201eDank an die Emigration\u201d \u2013<br \/>\nTexte aus dem Nachlass von Egon Schwarz<\/a><\/p>\n<p style=\"text-align: center;\"><strong>III: Essays<\/strong><\/p>\n<p style=\"text-align: center;\">Anna Rosmus | <a href=\"http:\/\/blogs.dickinson.edu\/glossen\/from-passau-to-broadway-kurt-burian-and-his-roots\/\">From Passau to Broadway<\/a><\/p>\n<p style=\"text-align: center;\">Hans Mayer | <a href=\"http:\/\/blogs.dickinson.edu\/glossen\/sanary-sur-mer-die-vorubergehende-hauptstadt-des-deutschen-exils\/\">Sanary-sur-Mer:<br \/>\nDie vor\u00fcbergehende Hauptstadt des deutschen Exils\u00a0<\/a><\/p>\n<p style=\"text-align: center;\"><strong>IV: Prosa, Poesie, Satire<\/strong><\/p>\n<p style=\"text-align: center;\">Peter Arnds | <a href=\"http:\/\/blogs.dickinson.edu\/glossen\/the-bard-of-glendalough-valley\/\">The Bard of Glendalough Valley<\/a><\/p>\n<p style=\"text-align: center;\">Albrecht Classen | <a href=\"http:\/\/blogs.dickinson.edu\/glossen\/heil-dir-amerika-du-alteste-demokratie-der-welt\/\">Heil dir Amerika \u2013 du \u00e4lteste Demokratie der Welt!<\/a><\/p>\n<p style=\"text-align: center;\">Albrecht Classen | <a href=\"http:\/\/blogs.dickinson.edu\/glossen\/bose-sprache\/\">B\u00f6se Sprache<\/a><\/p>\n<p style=\"text-align: center;\">Ute Jansen-Alonzo | <a href=\"http:\/\/blogs.dickinson.edu\/glossen\/the-amis-are-coming\/\">The Amis are Coming. U. S. Occupation on April 1945<\/a><\/p>\n<p style=\"text-align: center;\">Geertje Potash-Suhr | <a href=\"http:\/\/blogs.dickinson.edu\/glossen\/befehl\/\">Befehl<\/a><\/p>\n<p style=\"text-align: center;\">Geertje Potash-Suhr | <a href=\"http:\/\/blogs.dickinson.edu\/glossen\/gretchen-am-lenkrad\/\">Gretchen am Lenkrad<\/a><\/p>\n<p style=\"text-align: center;\">Axel Reitel | <a href=\"http:\/\/blogs.dickinson.edu\/glossen\/bericht-an-eine-jury\/\">Bericht an eine Jury. Eine Stasi-Satire<\/a><\/p>\n<p style=\"text-align: center;\">Israel Zoberman |\u00a0<a href=\"http:\/\/blogs.dickinson.edu\/glossen\/at-maidanek\/\">At Maidanek<\/a><\/p>\n<p style=\"text-align: center;\"><strong>V: Analyse<\/strong><\/p>\n<p style=\"text-align: center;\">Karin Schestokat | <a href=\"http:\/\/blogs.dickinson.edu\/glossen\/ausgestiegen-aus-der-ddr\/\">Ausgestiegen aus der DDR: Ein Vergleich von<br \/>\nLutz Seilers <em>Kruso<\/em> und Ulrich Plenzdorfs <em>Die neuen Leiden des jungen W.<\/em><\/a><\/p>\n<p style=\"text-align: center;\">Ernest Kuczy\u0144ski | <a href=\"http:\/\/blogs.dickinson.edu\/glossen\/glossen-44-2019-current-issue\/uber-grenzen-hinweg\/\">\u00dcber Grenzen hinweg: Die Wahrnehmung des literarischen Werks<br \/>\nvon J\u00fcrgen Fuchs au\u00dferhalb des deutschsprachigen Raumes<\/a><\/p>\n<p style=\"text-align: center;\"><strong>VI: Interview<\/strong><\/p>\n<p style=\"text-align: center;\">Helga Druxes | <a href=\"http:\/\/blogs.dickinson.edu\/glossen\/plotzlich-liegt-die-vergangenheit-vor-uns\/\">\u201ePl\u00f6tzlich liegt die Vergangenheit vor uns\u201d:<br \/>\nInterview mit Anne Weber zu ihrem Familienbuch <em>Ahnen<\/em><\/a><strong>\u00a0<\/strong><\/p>\n<p style=\"text-align: center;\"><strong>VII: Rezensionen und Leseerfahrungen<\/strong><\/p>\n<p style=\"text-align: center;\">Theo Buck | <a href=\"http:\/\/blogs.dickinson.edu\/glossen\/rezension-hans-joachim-schadlichs-felix-und-felka\/\">Hans Joachim Sch\u00e4dlich.\u00a0<em>Felix und Felka.<\/em><\/a><\/p>\n<p style=\"text-align: center;\">Dani\u00e8le Buck | <a href=\"http:\/\/blogs.dickinson.edu\/glossen\/collage-zu-hans-joachim-schadlichs-felix-und-felka\/\">Collage zu\u00a0<em>Felix und Felka<\/em><\/a><\/p>\n<p style=\"text-align: center;\">Gabriele Eckart | <a href=\"http:\/\/blogs.dickinson.edu\/glossen\/rezension-jochanan-trilse-finkelstein-with-esther-grunwald-so-kam-ich-unter-die-deutschen\/\">Jochanan Trilse-Finkelstein with Esther Gr\u00fcnwald.<br \/>\n<em>So kam ich unter die Deutschen: Jochanan Trilse-Finkelstein. Die Saga<\/em>.<\/a><\/p>\n<p style=\"text-align: center;\">Gabriele Eckart | <a href=\"http:\/\/blogs.dickinson.edu\/glossen\/rezension-gisela-holfter-and-horst-dickel-ed-an-irish-sanctuary\/\">Gisela Holfter and Horst Dickel, eds.<br \/>\n<em>An Irish Sanctuary: German Speaking Refugees in Ireland 1933-1945<\/em>.<\/a><\/p>\n<p style=\"text-align: center;\">Frederick A. Lubich | <a href=\"http:\/\/blogs.dickinson.edu\/glossen\/rezension-nadja-und-freya-kliers-die-oderberger-strase\/\">Freya und Nadja Klier.<br \/>\n<em>Die Oderberger Stra\u00dfe<\/em>.<\/a><\/p>\n<p style=\"text-align: center;\">Achim Viereck | <a href=\"http:\/\/blogs.dickinson.edu\/glossen\/rezension-robert-schopflocher-eine-kindheit\/\">Robert Schopflocher.<br \/>\n<em>Eine Kindheit. Erz\u00e4hlungen<\/em>.<\/a><\/p>\n<p style=\"text-align: center;\"><strong>VIII: <a href=\"http:\/\/blogs.dickinson.edu\/glossen\/autorenbiografien-glossen-44\/\">Autorenbiografien<\/a><\/strong><\/p>\n","protected":false},"excerpt":{"rendered":"<p>Glossen #44 | Jan 2019 I: Introduction Sarah McGaughey | Exile and Emigration. An Introduction II: In Memoriam: Gerald Uhlig-Romero und Egon Schwarz Hans Mayer | Zum Tod von Gerald Uhlig-Romero Dem Begr\u00fcnder des Berliner Caf\u00e9 Einstein Unter den Linden Gerald Uhlig-Romero | Endlich &#8211; Der Fr\u00fchling kommt Reinhard Andress | \u201eLeb wohl S\u00fcdamerika\u201d und [&hellip;]<\/p>\n","protected":false},"author":282,"featured_media":0,"parent":119,"menu_order":0,"comment_status":"closed","ping_status":"closed","template":"","meta":{"footnotes":""},"class_list":["post-5902","page","type-page","status-publish","hentry"],"_links":{"self":[{"href":"https:\/\/blogs.dickinson.edu\/glossen\/wp-json\/wp\/v2\/pages\/5902","targetHints":{"allow":["GET"]}}],"collection":[{"href":"https:\/\/blogs.dickinson.edu\/glossen\/wp-json\/wp\/v2\/pages"}],"about":[{"href":"https:\/\/blogs.dickinson.edu\/glossen\/wp-json\/wp\/v2\/types\/page"}],"author":[{"embeddable":true,"href":"https:\/\/blogs.dickinson.edu\/glossen\/wp-json\/wp\/v2\/users\/282"}],"replies":[{"embeddable":true,"href":"https:\/\/blogs.dickinson.edu\/glossen\/wp-json\/wp\/v2\/comments?post=5902"}],"version-history":[{"count":0,"href":"https:\/\/blogs.dickinson.edu\/glossen\/wp-json\/wp\/v2\/pages\/5902\/revisions"}],"up":[{"embeddable":true,"href":"https:\/\/blogs.dickinson.edu\/glossen\/wp-json\/wp\/v2\/pages\/119"}],"wp:attachment":[{"href":"https:\/\/blogs.dickinson.edu\/glossen\/wp-json\/wp\/v2\/media?parent=5902"}],"curies":[{"name":"wp","href":"https:\/\/api.w.org\/{rel}","templated":true}]}}