{"id":5953,"date":"2019-01-01T08:49:54","date_gmt":"2019-01-01T13:49:54","guid":{"rendered":"http:\/\/blogs.dickinson.edu\/glossen\/?page_id=5953"},"modified":"2019-02-13T00:29:00","modified_gmt":"2019-02-13T05:29:00","slug":"autorenbiografien-glossen-44","status":"publish","type":"page","link":"https:\/\/blogs.dickinson.edu\/glossen\/archive\/glossen-44-2019-current-issue\/autorenbiografien-glossen-44\/","title":{"rendered":"Autorenbiografien | Glossen 44"},"content":{"rendered":"<p><strong>Reinhard Andress<\/strong>\u00a0ist Professor f\u00fcr deutsche Sprache, Kultur und Literatur an der Loyola University-Chicago, USA. Er war u.a. Gastprofessor an der Pontificia Universidad Cat\u00f3lica del Ecuador. Zu seinen Buchver\u00f6ffentlichungen geh\u00f6ren:\u00a0<em>Protokolliteratur in der DDR<\/em>\u00a0(2000) und\u00a0<em>\u201eDer Inselgarten\u201c \u2013 das Exil deutschsprachiger Schriftsteller auf Mallorca, 1931-1936<\/em>\u00a0(2001). Eine \u00dcbersetzung aus dem Spanischen ins Deutsche von Benno Weiser Varons Exilroman\u00a0<em>Yo era europeo<\/em>\u00a0als\u00a0<em>Ich war Europ\u00e4er<\/em>\u00a0(zusammen mit Egon Schwarz) ist 2009 erschienen. Herausgeber von Fred Hellers\u00a0<em>Das Leben beginnt noch einmal<\/em>\u00a0(2016). Zahlreiche weitere Ver\u00f6ffentlichungen zu Exilthemen und Alexander von Humboldt.<\/p>\n<p><strong>Peter Arnds<\/strong> is currently Head of Italian and Director of Comparative Literature at Trinity College Dublin. He is a member of PEN International and the Academia Europaea. His latest book is the novel <em>Searching for Alice<\/em>\u00a0published with Dalkey Archive Press.<\/p>\n<p><strong>Theo Buck<\/strong> ist freier Literaturwissenschaftler und Publizist. Er war bis zu seiner Emeritierung Lehrstuhlinhaber f\u00fcr Neuere Deutsche Literatur an der Rheinisch-westf\u00e4lischen Technischen Hochschule Aachen.<\/p>\n<p><strong>Albrecht Classen<\/strong> ist University Distinguished Professor an der University of Arizona, wo er seit mehr als 30 Jahren deutsche Literatur, Sprache und Kultur vor allem des Mittelalters und der Fr\u00fchneuzeit lehrt. Er hat ca. 100 wissenschaftliche B\u00fccher und ca. 650 Aufs\u00e4tze verfasst, dazu ca. 2500 Buchbesprechungen. Prof. Classen ist der Herausgeber der Zeitschriften <em>Mediaevistik<\/em> und <em>Humanities Open Access<\/em>. Zugleich schreibt er viel eigene Texte, vor allem Gedichte (mittlerweile 9 B\u00e4nde im Druck) und j\u00fcngst auch ein Band mit Satiren (<em>Amerikanische Satiren<\/em>, 2018). Er ist aktiv an der Zeitschrift <em>Trans-Lit2<\/em> beteiligt, ver\u00f6ffentlicht dort regelm\u00e4\u00dfig Gedichte und Rezensionen. Er erhielt 2004 das Bundesverdienstkreuz am Bande.<\/p>\n<p><strong>Helga Druxes<\/strong> is Professor of German Studies and Comparative Literature at Williams College. She authored the monographs\u00a0<em>The Feminization of Dr. Faustus\u00a0<\/em>(Penn State, 1993),\u00a0<em>Resisting Bodies\u00a0<\/em>(Wayne State, 1996) the co-edited volumes\u00a0<em>Digital Media Strategies of the Far Right Across Europe and the United States<\/em>(Lexington Books, 2015) and\u00a0<em>Navid Kermani\u00a0<\/em>(Lang\u00a0Oxford, 2016). Other publications include book chapters and articles on feminist critiques of neo-liberalism, and female labor migrants in global migration documentaries.\u00a0<a href=\"https:\/\/doi.org\/10.1353\/fgs.2018.0007\" target=\"_blank\" rel=\"noopener\">Her recent\u00a0article on Anne\u00a0Weber and Esther Kinsky<\/a> can be\u00a0found in <em>Feminist German Studies<\/em> Nr. 34 (2018).<\/p>\n<p><strong>Gabriele Eckart<\/strong>\u00a0ist eine deutsche Autorin und \u201cProfessor of German and Spanish\u201d an der Southeast Missouri State University.<\/p>\n<p><strong>Ute Jansen-Alonzo<\/strong> grew up in Post-WWII Germany and studied design at the Folkwangschule f\u00fcr Gestaltung in Essen, Germany, before she came to the United States. She was Design Director for Ebony Magazine for twenty years, where she collaborated with international photographers throughout the fashion world. Her award-winning career in book design started at the University of Chicago Press. For ten years, she had her own studio for conceptualizing special visual projects in Chicago. She also served as guest instructor in the Marketing Department of Columbia College Chicago. She was chosen \u201cWoman of the Year\u201d by Chicago Women in Publishing.<\/p>\n<p><strong>Ernest Kuczy\u0144ski<\/strong>, geb. 1979, ist Germanist und Deutschlandforscher, wissenschaftlicher Mitarbeiter am Lehrstuhl f\u00fcr Theorie und Geschichte der Internationalen Beziehungen (Universit\u00e4t Lodz, Polen). Verfasser und (Mit)Herausgeber von Buchpublikationen und wissenschaftlichen Aufs\u00e4tzen mit folgenden Schwerpunkten: deutsch-polnische Beziehungen nach 1945, Deutschland nach 1945, Opposition in der DDR, Aufarbeitung der SED-Diktatur.\u00a0 Mitglied des Verbandes polnischer Germanisten. Letzte Ver\u00f6ffentlichungen: \u201e<em>Im Dialog mit der Wirklichkeit. Ann\u00e4herungen an Leben und Werk von J\u00fcrgen Fuchs\u201c <\/em>(Mitteldeutscher Verlag, Halle 2014); \u201e<em>Sagen, was ist! J\u00fcrgen Fuchs zwischen Interpretation, Forschung und Kritik<\/em>\u201c (Neisse Verlag, Dresden-Breslau 2017)<\/p>\n<p><strong>Frederick A. Lubich,<\/strong> 1951 als Kind m\u00e4hrischer Eltern im schw\u00e4bischen G\u00f6ppingen geboren und aufgewachsen. Autor von \u00fcber 400 Ver\u00f6ffentlichungen einschlie\u03b2lich Fachb\u00fcchern zu Thomas Mann, Max Frisch, Paradigmenwechseln der Moderne, sowie literaturwissenschaftlichen Aufs\u00e4tzen, journalistischen Essays (<em>Argentinisches Tageblatt,<\/em> <em>New Yorker Aufbau,<\/em> <em>Frankfurter Allgemeine Zeitung<\/em> etc), \u00dcbersetzer (u.a. von Yoko Onos Rockoper <em>New York Story<\/em> und deutsch-amerikanischen Drehb\u00fcchern), Herausgeber mehrerer Sammelb\u00e4nde und Autor von rund hundert lyrischen Publikationen auf Schallplatte, in Literaturzeitschriften und Lyrik-Anthologien. Lehrauftr\u00e4ge an sieben amerikanischen Colleges und Universit\u00e4ten und Gastvortr\u00e4ge in \u00fcber 30 L\u00e4ndern, sowie Features und Interviews in Rundfunk und Fernsehen in Deutschland, Amerika, Finnland, Marokko und \u00c4gypten. Er schreibt in letzter Zeit an einem autobiographischen Text und postet regelm\u00e4\u00dfig <a href=\"http:\/\/blogs.dickinson.edu\/glossen\/2018\/11\/08\/5818\/\">&#8220;Recent Posts.&#8221;<\/a><\/p>\n<p><strong>Hans Mayer<\/strong> wurde 1951 in G\u00f6ppingen\/Baden W\u00fcrttemberg geboren und hat nach dem Studium der Soziologie, Politologie, Volkswirtschaftslehre, des V\u00f6lkerrechts und der Verwaltungswissenschaften eine T\u00e4tigkeit in der Entwicklungspolitischen Zusammenarbeit aufgenommen. Er verbrachte viele Jahre im s\u00fcdlichen Afrika und im arabischen Raum und arbeitete nach dem Zusammenbruch der Sowjetunion f\u00fcr die postkommunistischen Nachfolgestaaten, unter anderem auch in Kasachstan. Nach dem Ende seiner beruflichen T\u00e4tigkeit hat er wieder angefangen zu schreiben, verfasst biografische B\u00fccher und Artikel. Derzeit geht er der Geschichte einer deutsch-j\u00fcdischen Spirituosenfirma nach. Seine letzte Ver\u00f6ffentlichung:\u00a0<em>Die Firma Bernheimer und der G\u00f6ppinger Kraeutergeist &#8220;Borato&#8221;<\/em> (G\u00f6ppingen, 2018).<\/p>\n<p><strong>Sarah McGaughey<\/strong> is Associate Professor of German at Dickinson College. She is a scholar of modernist studies, in particular of the region of German-speaking Central Europe and of the interwar period. She focuses on the Viennese author Hermann Broch and the relationship between literature and architecture as a means of understanding modernism and modernity. She is author of <em>Ornament as Crisis: Architecture, Design, and Modernity in Hermann Broch&#8217;s &#8220;The Sleepwalkers&#8221;<\/em> (Northwestern UP, 2016) and a co-editor of the forthcoming <em>Companion to the Works of Hermann Broch<\/em>\u00a0(Camden House, April 2019). She is also currently the interim online editor of\u00a0<em>Glossen.<\/em><\/p>\n<p><strong>Axel Reitel<\/strong>, geboren 1961 in Plauen\/Vogtland, Schriftsteller und Journalist. Ging 1982 nach Haft und Freikauf nach Berlin und studierte an der TU Kunstgeschichte und Philosophie. Schreibt Prosa, Lyrik sowie Features, Reportagen und Essays f\u00fcrs Radio. Mitglied des PEN-Zentrum deutschsprachiger Autoren im Ausland. 2016 Verleihung der Solidarno\u015b\u0107-Dankbarkeitsmedaille durch das Europ\u00e4ische Solidarno\u015b\u0107-Zentrum in Gdansk.<\/p>\n<p><strong>Geertje Potash-Suhr<\/strong> is an author and scholar based in Chicago, Illinois. Born in Prague, Potash-Suhr studied in T\u00fcbingen, Freiburg, Lausanne, and the University of Illinios. She has written many volumes of poems, most recently\u00a0<em>Immer rein ins Herz mit der Feder\u00a0<\/em>(Grupello-Verlag, 2018), and novels, including her autobiographical novel\u00a0<em>Baby im Dritten Reich\u00a0<\/em>(Grupello-Verlag, 2016). Her work on female figures of Heinrich Heine&#8217;s poetry,\u00a0<em>Venus und Loreley<\/em> was published in 1998, also with Grupello-Verlag.\u00a0She endowed the Geertje Potash-Suhr Prize, has won numerous prizes herself, and is nominated for the Else-Lasker-Sch\u00fcler Lyrik Preis (2020).<\/p>\n<p><strong>Anna Rosmus<\/strong>, real-life heroine of the film\u00a0<em>The Nasty Girl<\/em>, has dedicated her life to uncovering the Nazi past of her hometown and to combating neo-Nazis. As a freelance writer, she has contributed numerous essays to magazines and newspapers, such as\u00a0<em>La Pens\u00e9e et les Hommes<\/em>,\u00a0<em>Holocaust and Genocide Studies<\/em>,\u00a0<em>The New York Times<\/em>, and\u00a0<em>The European<\/em>. Twice, Anna Rosmus was featured in a\u00a0<em>60 Minutes<\/em>\u00a0profile. To many, she represents the legacy of the Holocaust in memory, education, and action in the continuing struggle against bigotry. The D.C. Chapter of the American Immigration Lawyers Association and the American Immigration Law Foundation honored her with the Immigrant Achievement Award as a \u201cdistinguished Immigrant who through her extraordinary endeavors has made a substantial contribution to the United States of America and is a proud reflection of the values of this nation.\u201d<\/p>\n<p><strong>Karin Schestokat<\/strong>\u2019s research interest focused on German women (minority) writers, and she has published articles on Yoko Tawada, May Ayim, African-Germans in Germany, and also on Monika Maron and Stefanie Zweig. She published a book on <em>German Women in Cameroon: Travelogues from Colonial Times<\/em> in 2003. For the last 6 years, her work has shifted to language instruction, and she co-authored the textbook <em>Denk Mal<\/em> for Intermediate German. A third edition of this textbook will be available in Fall 2019. Due to teaching demands and students\u2019 interest, she is currently focusing on how the GDR past is discussed in contemporary German literature.<\/p>\n<p><strong>Achim Viereck<\/strong>, geboren 1951 in W\u00fcrzburg, studierte Agrarwissenschaft\u00a0 an der Universit\u00e4t Hohenheim. Auslandsaufenthalte in Asien, Afrika und S\u00fcdamerika. Arbeitete nach der Promotion in Mexiko in der Agrarforschung. Danach war er mehrere Jahre als Entwicklungshelfer aktiv (Philippinen und Kapverdische Inseln). Seit 1999 im Bundeslandwirtschaftsministerium besch\u00e4ftigt. Als Landwirtschaftsreferent mehrfache Eins\u00e4tze in Lateinamerika (Brasilia und Buenos Aires). 2012 lernte er den aus Franken emigrierten Autoren Robert Schopflocher in Argentinien kennen, mit dem ihn bald eine Freundschaft verband. Seit 2016 im Ruhestand und seitdem in der Betreuung von Fl\u00fcchtlingskindern engagiert. Er lebt mit seiner Frau Corina in Berlin.<\/p>\n<p><strong>Israel Zoberman<\/strong> is the founding rabbi of Congregation Beth Chaverim in Virginia Beach. The son of Polish Holocaust survivors he was born in Chu , Kazakhstan in 1945. He spent his early childhood in Germany\u2019s Wetzlar Displaced Persons Camp, 1947-1949. He grew up in Haifa, Israel. He is Honorary Senior Rabbi Scholar at Eastern Shore Chapel Episcopal Church in Virginia Beach, Virginia.<\/p>\n","protected":false},"excerpt":{"rendered":"<p>Reinhard Andress\u00a0ist Professor f\u00fcr deutsche Sprache, Kultur und Literatur an der Loyola University-Chicago, USA. Er war u.a. Gastprofessor an der Pontificia Universidad Cat\u00f3lica del Ecuador. Zu seinen Buchver\u00f6ffentlichungen geh\u00f6ren:\u00a0Protokolliteratur in der DDR\u00a0(2000) und\u00a0\u201eDer Inselgarten\u201c \u2013 das Exil deutschsprachiger Schriftsteller auf Mallorca, 1931-1936\u00a0(2001). Eine \u00dcbersetzung aus dem Spanischen ins Deutsche von Benno Weiser Varons Exilroman\u00a0Yo era [&hellip;]<\/p>\n","protected":false},"author":282,"featured_media":0,"parent":5902,"menu_order":0,"comment_status":"closed","ping_status":"closed","template":"","meta":{"footnotes":""},"class_list":["post-5953","page","type-page","status-publish","hentry"],"_links":{"self":[{"href":"https:\/\/blogs.dickinson.edu\/glossen\/wp-json\/wp\/v2\/pages\/5953","targetHints":{"allow":["GET"]}}],"collection":[{"href":"https:\/\/blogs.dickinson.edu\/glossen\/wp-json\/wp\/v2\/pages"}],"about":[{"href":"https:\/\/blogs.dickinson.edu\/glossen\/wp-json\/wp\/v2\/types\/page"}],"author":[{"embeddable":true,"href":"https:\/\/blogs.dickinson.edu\/glossen\/wp-json\/wp\/v2\/users\/282"}],"replies":[{"embeddable":true,"href":"https:\/\/blogs.dickinson.edu\/glossen\/wp-json\/wp\/v2\/comments?post=5953"}],"version-history":[{"count":0,"href":"https:\/\/blogs.dickinson.edu\/glossen\/wp-json\/wp\/v2\/pages\/5953\/revisions"}],"up":[{"embeddable":true,"href":"https:\/\/blogs.dickinson.edu\/glossen\/wp-json\/wp\/v2\/pages\/5902"}],"wp:attachment":[{"href":"https:\/\/blogs.dickinson.edu\/glossen\/wp-json\/wp\/v2\/media?parent=5953"}],"curies":[{"name":"wp","href":"https:\/\/api.w.org\/{rel}","templated":true}]}}