{"id":5982,"date":"2019-01-04T14:05:47","date_gmt":"2019-01-04T19:05:47","guid":{"rendered":"http:\/\/blogs.dickinson.edu\/glossen\/?page_id=5982"},"modified":"2019-02-01T02:53:19","modified_gmt":"2019-02-01T07:53:19","slug":"bose-sprache","status":"publish","type":"page","link":"https:\/\/blogs.dickinson.edu\/glossen\/archive\/glossen-44-2019-current-issue\/bose-sprache\/","title":{"rendered":"B\u00f6se Sprache"},"content":{"rendered":"<p>von <strong>Albrecht Classen<\/strong><\/p>\n<p>&nbsp;<\/p>\n<p>Flucht nur,<br \/>\npoltert herum,<br \/>\nw\u00fchlt vulg\u00e4r<br \/>\nim Schlamm,<br \/>\nf\u00e4kal oder vaginal,<br \/>\nrassistisch oder nationalistisch,<br \/>\npatriotisch oder fanatisch,<br \/>\nflucht nur immer weiter,<br \/>\nihr Analiker,<br \/>\nam Ende bleibt doch<br \/>\nalles auf eurer Nase<br \/>\nh\u00e4sslich sitzen.<\/p>\n<p>Der Pr\u00e4sident,<br \/>\nso breitbeinig,<br \/>\nein st\u00e4mmiger Kerl,<br \/>\ndarf jedes Wort benutzen,<br \/>\nScheiss drauf,<br \/>\ner will sein Golf spielen,<br \/>\ndie Gegner kitzeln,<br \/>\nda ist jeder Ausdruck recht.<\/p>\n<p>Ihr Schlammw\u00fchler,<br \/>\nVulgaristen,<br \/>\nSprachzerst\u00f6rer,<br \/>\nWertezetr\u00fcmmerer,<br \/>\nso findet ihr niemals<br \/>\nden Weg zu den Sternen<br \/>\nund bleibt im Staub der Welt<br \/>\nerb\u00e4rmlich stecken.<\/p>\n","protected":false},"excerpt":{"rendered":"<p>von Albrecht Classen &nbsp; Flucht nur, poltert herum, w\u00fchlt vulg\u00e4r im Schlamm, f\u00e4kal oder vaginal, rassistisch oder nationalistisch, patriotisch oder fanatisch, flucht nur immer weiter, ihr Analiker, am Ende bleibt doch alles auf eurer Nase h\u00e4sslich sitzen. Der Pr\u00e4sident, so breitbeinig, ein st\u00e4mmiger Kerl, darf jedes Wort benutzen, Scheiss drauf, er will sein Golf spielen, [&hellip;]<\/p>\n","protected":false},"author":282,"featured_media":0,"parent":5902,"menu_order":0,"comment_status":"closed","ping_status":"closed","template":"","meta":{"footnotes":""},"class_list":["post-5982","page","type-page","status-publish","hentry"],"_links":{"self":[{"href":"https:\/\/blogs.dickinson.edu\/glossen\/wp-json\/wp\/v2\/pages\/5982","targetHints":{"allow":["GET"]}}],"collection":[{"href":"https:\/\/blogs.dickinson.edu\/glossen\/wp-json\/wp\/v2\/pages"}],"about":[{"href":"https:\/\/blogs.dickinson.edu\/glossen\/wp-json\/wp\/v2\/types\/page"}],"author":[{"embeddable":true,"href":"https:\/\/blogs.dickinson.edu\/glossen\/wp-json\/wp\/v2\/users\/282"}],"replies":[{"embeddable":true,"href":"https:\/\/blogs.dickinson.edu\/glossen\/wp-json\/wp\/v2\/comments?post=5982"}],"version-history":[{"count":0,"href":"https:\/\/blogs.dickinson.edu\/glossen\/wp-json\/wp\/v2\/pages\/5982\/revisions"}],"up":[{"embeddable":true,"href":"https:\/\/blogs.dickinson.edu\/glossen\/wp-json\/wp\/v2\/pages\/5902"}],"wp:attachment":[{"href":"https:\/\/blogs.dickinson.edu\/glossen\/wp-json\/wp\/v2\/media?parent=5982"}],"curies":[{"name":"wp","href":"https:\/\/api.w.org\/{rel}","templated":true}]}}