{"id":6134,"date":"2019-01-31T05:29:42","date_gmt":"2019-01-31T10:29:42","guid":{"rendered":"http:\/\/blogs.dickinson.edu\/glossen\/?page_id=6134"},"modified":"2019-02-01T04:09:49","modified_gmt":"2019-02-01T09:09:49","slug":"glossen-44-an-introduction","status":"publish","type":"page","link":"https:\/\/blogs.dickinson.edu\/glossen\/archive\/glossen-44-2019-current-issue\/glossen-44-an-introduction\/","title":{"rendered":"Glossen 44. Exile and Emigration. An Introduction"},"content":{"rendered":"<p>Many <em>Glossen<\/em> authors, past and present, live between two or more cultures, many have fled or have been forced to flee one country for another (and another), and many are scholars of authors whose life and work are defined by such experiences. <em>Glossen 44 <\/em>looks anew at exile and emigration in essays and analyses, creative writing, and through the review of recent publications in the field. Contributions address Jewish experiences, GDR experiences, and contemporary experiences.<\/p>\n<p>Unfortunately, we continue to learn about the horrors of contemporary exile and emigration: the children separated from families by the U.S. government, the families struggling to find a way to stay in Europe, or the individuals who are risking their lives to get the chance to fight to stay in exile. The variety and intensity of the exile experiences documented here are not easily compared to such contemporary experiences, but they provide insight into the associated processes of resistance, memory, and memorialization.<\/p>\n<p>Anna Rosmus presents <a href=\"http:\/\/blogs.dickinson.edu\/glossen\/from-passau-to-broadway-kurt-burian-and-his-roots\/\">the life of a lesser-known artist, Kurt Burian<\/a>, a Passau native who fled the Nazis and led a life as a well-known and successful musician in the U.S. A noted biographer and historian, Rosmus weaves personal memories with archival materials and leads the reader into history through Burian\u2019s life, which is marked by multiple emigrations. At home in Europe and then in the U.S., Burian returned to Germany in the 70s, where he lived until his death in 1978.<\/p>\n<p>While Rosmus searches for traces of Burian in archives, documents, and with living family members in the U.S. and in Passau, Hans Mayer travels to <a href=\"http:\/\/blogs.dickinson.edu\/glossen\/sanary-sur-mer-die-vorubergehende-hauptstadt-des-deutschen-exils\/\">the town of Sanary-sur-Mer<\/a> on the French Riviera for the physical traces of well-known exiles such as the Manns, the Feuchtwanglers, and Hessel. Mayer\u2019s piece reveals the challenges facing memory and memorialization in contemporary landscapes, particularly in France, and in his conclusion he asserts that it is our task to understand that \u201cwas und wie erinnert wird, hat Auswirkungen f\u00fcr den Blick auf die Gegenwart\u201d (what and how [we] remember has effects upon [our] view of the present).<\/p>\n<p>Understanding and processing past experience through the lens of the present is of particular importance in the two works of Egon Schwarz, \u201c<a href=\"http:\/\/blogs.dickinson.edu\/glossen\/dank-an-die-emigration\/\">Dank an die Emigration<\/a>\u201d and \u201c<a href=\"http:\/\/blogs.dickinson.edu\/glossen\/lebe-wohl-sudamerika\/\">Lebe wohl S\u00fcdamerika<\/a>.\u201d Reinhard Andress, friend and collaborator of Schwarz, returns as a contributor and describes how these two posthumously published works illuminate <a href=\"http:\/\/blogs.dickinson.edu\/glossen\/texte-aus-dem-nachlass-von-egon-schwarz-lebe-wohl-sudamerika-und-dank-an-die-emigration\/\">Schwarz\u2019s positive view of his experience of exile and emigration<\/a>.<\/p>\n<p>Anne Weber chose to leave Germany and currently lives and works in Paris, writing in and translating between French and German. <a href=\"http:\/\/blogs.dickinson.edu\/glossen\/plotzlich-liegt-die-vergangenheit-vor-uns\/\">In her interview with Helga Druxes<\/a>, Weber describes the family reasons for this and discusses the many ways to respond to the uncomfortable reality of being German. Weber sees her experiences in her chosen exile as a way of better seeing her own history and her own identity.<\/p>\n<p>Weber is not alone in her choice to leave Germany. Many of the works of short prose and poetry in <em>Glossen <\/em>are also about life outside of Germany and the ways that geographical and historical distance influence current life. Ute Jansen-Alonzo, Albrecht Classen, Peter Arnds, Geertje Potash-Suhr, and Israel Zoberman are (or were) in the U.S. by choice and their perspective benefits from the U.S. context, provides insight into histories, and presents the U.S. in a refreshingly new and, these days, increasingly critical light.<\/p>\n<p>Prosecution and oppression have often been the focus of <em>Glossen <\/em>through attention to the writings and the lives of GDR citizens and dissidents. Karin Schestokat\u2019s essay for this volume <a href=\"http:\/\/blogs.dickinson.edu\/glossen\/ausgestiegen-aus-der-ddr\/\">compares a classic of GDR literature, <em>Die neuen Leiden des jungen W. <\/em>with the recent novel <em>Kruso<\/em><\/a>, and Ernest Kuczy\u0144ski highlights <a href=\"http:\/\/blogs.dickinson.edu\/glossen\/ausgestiegen-aus-der-ddr\/\">the international reception of J\u00fcrgen Fuchs\u2019s prose and poetry<\/a>. Axel Reitel contributes again with a prose piece from his volume <em>Z\u00fcndh\u00f6lzer f\u00fcr ein Man\u00f6ver<\/em> (1987), \u201c<a href=\"http:\/\/blogs.dickinson.edu\/glossen\/bericht-an-eine-jury\/\">Bericht an eine Jury. Eine Stasi-Satire<\/a>,\u201d about the experience of persecution and exile.<\/p>\n<p>Five reviews of recent publications by and about exiled authors and artists also contribute to the theme of this <em>Glossen <\/em>issue. <a href=\"http:\/\/blogs.dickinson.edu\/glossen\/collage-zu-hans-joachim-schadlichs-felix-und-felka\/\">Dani\u00e8le Buck\u2019s collage<\/a> created in response to Hans Joachim Sch\u00e4dlich\u2019s novel <em>Felix und Felka <\/em>(2018) explores the everyday material remnants of the lives of Felix and Felka Nussbaum in exile.<\/p>\n<p>Of course, <em>Glossen <\/em>does not limit its volumes to a single theme, although exile and emigration is the topic of much of this edition. In the past, <em>Glossen <\/em>has highlighted the life and work of Gerald Uhlig-Romero, founder of the famous Berliner Caf\u00e9 Einstein Unter den Linden, in interviews, his own writing, and more. <em>Glossen 44<\/em> sees the return of Gerald Uhlig-Romero as author and the <a href=\"http:\/\/blogs.dickinson.edu\/glossen\/zum-tod-von-gerald-uhlig-romero-dem-begrunder-des-berliner-cafe-einsteins-unter-den-linden\/\">commemoration of his life<\/a> by Hans Mayer. Uhlig-Romero&#8217;s \u201c<a href=\"http:\/\/blogs.dickinson.edu\/glossen\/endlich-der-fruhling-kommt\/\">Endlich \u2013 Der Fr\u00fchling kommt<\/a>\u201d is most likely the last work he wrote before his death in July of 2018.<\/p>\n<p>In my role as interim online editor, I do most of my work in the background, making sure that the technology of our blog functions and the texts of our contributors look good on a computer screen. I write the introduction for <em>Glossen 44<\/em> in part to participate in the journal\u2019s content, but more because of the generosity and work of <em>Glossen<\/em>\u2019s true editor, Frederick A. Lubich. As many have read in our most \u201cRecent Posts,\u201d Frederick is battling cancer of the tongue. The cancer has robbed him of the ability to speak and eat, but he is refusing to be silent. <a href=\"http:\/\/blogs.dickinson.edu\/glossen\/2018\/11\/08\/5818\/\">His recent posts tell a story of cancer, but also one of life, love, and joy, accompanied with melodies, lyrics, and poetry.<\/a> In the coming weeks, he will continue to contribute such posts to <em>Glossen<\/em>. Please remember to check <a href=\"http:\/\/blogs.dickinson.edu\/glossen\/\">our main page<\/a> often and read his work.<\/p>\n<p>Finally, we invite our readers to <a href=\"http:\/\/blogs.dickinson.edu\/glossen\/editorial-policy-and-submissions\/\">submit works for upcoming <em>Glossen <\/em>editions<\/a>. In particular, we seek texts on current events and developments in the cultural realm of German-American relations for our unique segment \u201cRecent Posts.\u201d<\/p>\n<p><strong>Sarah McGaughey<\/strong><br \/>\nInterim Online Editor<br \/>\nmcgaughs (at) dickinson.edu<\/p>\n","protected":false},"excerpt":{"rendered":"<p>Many Glossen authors, past and present, live between two or more cultures, many have fled or have been forced to flee one country for another (and another), and many are scholars of authors whose life and work are defined by such experiences. Glossen 44 looks anew at exile and emigration in essays and analyses, creative [&hellip;]<\/p>\n","protected":false},"author":282,"featured_media":0,"parent":5902,"menu_order":0,"comment_status":"closed","ping_status":"closed","template":"","meta":{"footnotes":""},"class_list":["post-6134","page","type-page","status-publish","hentry"],"_links":{"self":[{"href":"https:\/\/blogs.dickinson.edu\/glossen\/wp-json\/wp\/v2\/pages\/6134","targetHints":{"allow":["GET"]}}],"collection":[{"href":"https:\/\/blogs.dickinson.edu\/glossen\/wp-json\/wp\/v2\/pages"}],"about":[{"href":"https:\/\/blogs.dickinson.edu\/glossen\/wp-json\/wp\/v2\/types\/page"}],"author":[{"embeddable":true,"href":"https:\/\/blogs.dickinson.edu\/glossen\/wp-json\/wp\/v2\/users\/282"}],"replies":[{"embeddable":true,"href":"https:\/\/blogs.dickinson.edu\/glossen\/wp-json\/wp\/v2\/comments?post=6134"}],"version-history":[{"count":0,"href":"https:\/\/blogs.dickinson.edu\/glossen\/wp-json\/wp\/v2\/pages\/6134\/revisions"}],"up":[{"embeddable":true,"href":"https:\/\/blogs.dickinson.edu\/glossen\/wp-json\/wp\/v2\/pages\/5902"}],"wp:attachment":[{"href":"https:\/\/blogs.dickinson.edu\/glossen\/wp-json\/wp\/v2\/media?parent=6134"}],"curies":[{"name":"wp","href":"https:\/\/api.w.org\/{rel}","templated":true}]}}