{"id":622,"date":"2011-06-27T13:07:41","date_gmt":"2011-06-27T17:07:41","guid":{"rendered":"http:\/\/blogs.dickinson.edu\/glossen\/"},"modified":"2011-12-08T11:19:03","modified_gmt":"2011-12-08T15:19:03","slug":"most-recent-issue-322011","status":"publish","type":"page","link":"https:\/\/blogs.dickinson.edu\/glossen\/archive\/most-recent-issue-322011\/","title":{"rendered":"Most recent Issue &#8212; 32\/2011"},"content":{"rendered":"<h3>Lyrik<\/h3>\n<p><a href=\"=..\/archive\/michael-augustin-mauersplitter-glossen32\">Michael Augustin: Mauersplitter<\/a><br \/>\n<a href=\"..\/archive\/anton-leitner-glossen32\"> Anton G. Leitner: Gedichte<\/a><br \/>\n<a href=\"..\/archive\/tom-schulz-glossen32\">Tom Schulz: Drei Gedichte<\/a><\/p>\n<h3>Prosa<\/h3>\n<p><a href=\"..\/archive\/michael-augustin-glossen32\">Michael Augustin: Reisebilder<\/a><br \/>\n<a href=\"..\/archive\/katharina-born-glossen32\">Katharina Born: Drei Geschichten.<\/a><br \/>\n<a href=\"..\/archive\/utz-rachowski-glossen32\">Utz Rachowski: Die Stimmen des Sommers<\/a><\/p>\n<h3>Essay<\/h3>\n<p><a href=\"..archive\/harri-engelmann-glossen32\">Harri Engelmann: Rindersch\u00e4del und Priesterb\u00e4rte. Ein Traktat \u00fcber das Alphabet und das Verfassen von Texten<\/a><br \/>\n<a href=\"...archive\/gabriele-haefs-glossen32\">Gabriele Haefs: Dem Hamsun eine Gasse?<\/a><\/p>\n<h3>\u00d6ffentliche Lesung &#8212; Videoaufzeichnung<\/h3>\n<p><a href=\"..\/archive\/alissa-walser-glossen32\">Alissa Walser: \u00d6ffentliche Lesung aus dem Roman <em>Am Anfang war die Nacht Musik<\/em><\/a><\/p>\n<h3>Artikel<\/h3>\n<p><a href=\"..\/archive\/carol-anne-constabile-heming-glossen32\">Carole Anne Costabile-Heming, The Stasi on Display in Berlin: The Role of the Museum in the GDR\u2019s Contested Legacy<\/a><br \/>\n<a href=\"..\/archive\/doris-liebermann-glossen32\">Doris Liebermann: Die Mauer in der Literatur<\/a><br \/>\n<a href=\"..\/archive\/beret-norman-glossen32\">Beret Norman, Carousel of Consumerism: Austrian Filmmaker Barbara Albert\u2019s Critique of Contemporary Society in <em>B\u00f6se Zellen<\/em><\/a><br \/>\n<a href=\"..\/archive\/gabriele-eckart-32\">Gabriele Eckart,\u00a0The Reception of Miguel de Cervantes\u2019s Texts <em>Don Quixote<\/em> and <em>El Coloquio de los Perros <\/em>in Post-Reunification German Literature<\/a><\/p>\n<h3>Rezensionen<\/h3>\n<p><a href=\"archive\/rezensionen-glossen-322011\">David-Christopher Assmann: Hubert Winkels: <em>Kann man B\u00fccher lieben? Vom Umgang mit neuer Literatur<\/em>. K\u00f6ln: Kiepenheuer und Witsch 2010.<\/a><br \/>\n<a href=\"archive\/rezensionen-glossen-322011\">Christine Cosentino: Kathrin Schmidt, <em>Du stirbst nicht. Roman<\/em>. K\u00f6ln: Kiepenheuer &amp; Witsch, 2009. 348 Seiten.<\/a><\/p>\n<h3>Autoren<\/h3>\n<p><a href=\"..\/archive\/autoren-glossen-322011\">Autoren Glossen 32\/2011<\/a><\/p>\n<hr>\n<p>  &nbsp;&nbsp;&nbsp;<br \/>\n<div id=\"attachment_1476\" style=\"width: 310px\" class=\"wp-caption aligncenter\"><img loading=\"lazy\" decoding=\"async\" aria-describedby=\"caption-attachment-1476\" src=\"http:\/\/blogs.dickinson.edu\/glossen\/files\/2011\/01\/berliner-mauer-in-Kreuzberg2-300x208.jpg\" alt=\"\" width=\"300\" height=\"208\" class=\"size-medium wp-image-1476\" srcset=\"https:\/\/blogs.dickinson.edu\/glossen\/files\/2011\/01\/berliner-mauer-in-Kreuzberg2-300x208.jpg 300w, https:\/\/blogs.dickinson.edu\/glossen\/files\/2011\/01\/berliner-mauer-in-Kreuzberg2.jpg 578w\" sizes=\"auto, (max-width: 300px) 100vw, 300px\" \/><p id=\"caption-attachment-1476\" class=\"wp-caption-text\">50. Jahrestag des Baus der Berliner Mauer<br \/>\n1961 - 1989 <\/p><\/div>\n<hr>\n","protected":false},"excerpt":{"rendered":"<p>Lyrik Michael Augustin: Mauersplitter Anton G. Leitner: Gedichte Tom Schulz: Drei Gedichte Prosa Michael Augustin: Reisebilder Katharina Born: Drei Geschichten. Utz Rachowski: Die Stimmen des Sommers Essay Harri Engelmann: Rindersch\u00e4del und Priesterb\u00e4rte. Ein Traktat \u00fcber das Alphabet und das Verfassen von Texten Gabriele Haefs: Dem Hamsun eine Gasse? \u00d6ffentliche Lesung &#8212; Videoaufzeichnung Alissa Walser: \u00d6ffentliche [&hellip;]<\/p>\n","protected":false},"author":394,"featured_media":0,"parent":119,"menu_order":0,"comment_status":"open","ping_status":"open","template":"","meta":{"footnotes":""},"class_list":["post-622","page","type-page","status-publish","hentry"],"_links":{"self":[{"href":"https:\/\/blogs.dickinson.edu\/glossen\/wp-json\/wp\/v2\/pages\/622","targetHints":{"allow":["GET"]}}],"collection":[{"href":"https:\/\/blogs.dickinson.edu\/glossen\/wp-json\/wp\/v2\/pages"}],"about":[{"href":"https:\/\/blogs.dickinson.edu\/glossen\/wp-json\/wp\/v2\/types\/page"}],"author":[{"embeddable":true,"href":"https:\/\/blogs.dickinson.edu\/glossen\/wp-json\/wp\/v2\/users\/394"}],"replies":[{"embeddable":true,"href":"https:\/\/blogs.dickinson.edu\/glossen\/wp-json\/wp\/v2\/comments?post=622"}],"version-history":[{"count":0,"href":"https:\/\/blogs.dickinson.edu\/glossen\/wp-json\/wp\/v2\/pages\/622\/revisions"}],"up":[{"embeddable":true,"href":"https:\/\/blogs.dickinson.edu\/glossen\/wp-json\/wp\/v2\/pages\/119"}],"wp:attachment":[{"href":"https:\/\/blogs.dickinson.edu\/glossen\/wp-json\/wp\/v2\/media?parent=622"}],"curies":[{"name":"wp","href":"https:\/\/api.w.org\/{rel}","templated":true}]}}