{"id":7006,"date":"2020-12-23T06:14:43","date_gmt":"2020-12-23T11:14:43","guid":{"rendered":"http:\/\/blogs.dickinson.edu\/glossen\/?page_id=7006"},"modified":"2020-12-23T06:26:35","modified_gmt":"2020-12-23T11:26:35","slug":"ii-gedichte-poetry-freudentanz","status":"publish","type":"page","link":"https:\/\/blogs.dickinson.edu\/glossen\/home-2\/glossen-46-2020-current-issue\/ii-gedichte-poetry-freudentanz\/","title":{"rendered":"II. Gedichte: Freudentanz"},"content":{"rendered":"<h1 style=\"text-align: center;\"><strong>Freudentanz<\/strong><\/h1>\n<p>&nbsp;<\/p>\n<h3 style=\"text-align: center;\">Susanna Piontek, West Bloomfield, Michigan<\/h3>\n<p>&nbsp;<\/p>\n<p>&nbsp;<\/p>\n<p>Mit s\u00fcdamerikanischen Schritten wirble ich durchs Haus<\/p>\n<p>zu den Gitarrenkl\u00e4ngen von Baden Powell.<\/p>\n<p>Es beginnt mit Tristeza und geht dann \u00fcber<\/p>\n<p>Canto de Ossanha zu meinem geliebten Casa Velha.<\/p>\n<p>An dem Punkt h\u00e4mmert mein aufgepeitschtes Herz,<\/p>\n<p>ich sp\u00fcre meine Muskeln und springe, trippele,<\/p>\n<p>schwebe, schleife, stampfe und verrenke mich,<\/p>\n<p>dass es nur so eine Freude ist.<\/p>\n<p>Meine Gummibeine konnten bei dieser Musik<\/p>\n<p>noch nie still bleiben, sie machen sich selbstst\u00e4ndig,<\/p>\n<p>sowie die ersten Takte erklingen.<\/p>\n<p>Es ist wie ein Nachhausekommen,<\/p>\n<p>wie Ying und Yang und Seligkeit.<\/p>\n<p>L\u00e4ngst haben die Gipsy Kings \u00fcbernommen;<\/p>\n<p>weiter geht es von einem Zimmer ins n\u00e4chste und zur\u00fcck,<\/p>\n<p>das ganze Haus eine bebende Salsah\u00f6hle, und ich mit<\/p>\n<p>Bauchtanz, Cha Cha, Konga und Phantasieschritten<\/p>\n<p>in gl\u00fccklichen Pirouetten und atemloser Hingabe.<\/p>\n<p>&nbsp;<\/p>\n<p>Nach dieser Eruption sitze ich f\u00fcr einige Minuten<\/p>\n<p>ganz still und komme langsam zur Ruhe.<\/p>\n<p>&nbsp;<\/p>\n<p>Es klingelt an der T\u00fcr.<\/p>\n<p>Drau\u00dfen steht Fred Astaire<\/p>\n<p>mit Frack und Spazierstock.<\/p>\n<p>Er strahlt mich an und fragt<\/p>\n<p>\u201eShall we dance?\u201c<\/p>\n<p>Ich sage ihm: \u201eHeute nicht.<\/p>\n<p>Jetzt bin ich zu ersch\u00f6pft.<\/p>\n<p>Frag doch morgen Abend noch mal.\u201c<\/p>\n<p>Lachend tippt er an den Rand seines Zylinders<\/p>\n<p>und verschwindet mit Steppschritten<\/p>\n<p>In der Dunkelheit.<\/p>\n","protected":false},"excerpt":{"rendered":"<p>Freudentanz &nbsp; Susanna Piontek, West Bloomfield, Michigan &nbsp; &nbsp; Mit s\u00fcdamerikanischen Schritten wirble ich durchs Haus zu den Gitarrenkl\u00e4ngen von Baden Powell. Es beginnt mit Tristeza und geht dann \u00fcber Canto de Ossanha zu meinem geliebten Casa Velha. An dem Punkt h\u00e4mmert mein aufgepeitschtes Herz, ich sp\u00fcre meine Muskeln und springe, trippele, schwebe, schleife, stampfe [&hellip;]<\/p>\n","protected":false},"author":4340,"featured_media":0,"parent":6974,"menu_order":0,"comment_status":"closed","ping_status":"closed","template":"","meta":{"footnotes":""},"class_list":["post-7006","page","type-page","status-publish","hentry"],"_links":{"self":[{"href":"https:\/\/blogs.dickinson.edu\/glossen\/wp-json\/wp\/v2\/pages\/7006","targetHints":{"allow":["GET"]}}],"collection":[{"href":"https:\/\/blogs.dickinson.edu\/glossen\/wp-json\/wp\/v2\/pages"}],"about":[{"href":"https:\/\/blogs.dickinson.edu\/glossen\/wp-json\/wp\/v2\/types\/page"}],"author":[{"embeddable":true,"href":"https:\/\/blogs.dickinson.edu\/glossen\/wp-json\/wp\/v2\/users\/4340"}],"replies":[{"embeddable":true,"href":"https:\/\/blogs.dickinson.edu\/glossen\/wp-json\/wp\/v2\/comments?post=7006"}],"version-history":[{"count":0,"href":"https:\/\/blogs.dickinson.edu\/glossen\/wp-json\/wp\/v2\/pages\/7006\/revisions"}],"up":[{"embeddable":true,"href":"https:\/\/blogs.dickinson.edu\/glossen\/wp-json\/wp\/v2\/pages\/6974"}],"wp:attachment":[{"href":"https:\/\/blogs.dickinson.edu\/glossen\/wp-json\/wp\/v2\/media?parent=7006"}],"curies":[{"name":"wp","href":"https:\/\/api.w.org\/{rel}","templated":true}]}}