{"id":7909,"date":"2022-12-29T12:04:33","date_gmt":"2022-12-29T17:04:33","guid":{"rendered":"https:\/\/blogs.dickinson.edu\/glossen\/?page_id=7909"},"modified":"2024-11-08T03:37:07","modified_gmt":"2024-11-08T08:37:07","slug":"glossen-49","status":"publish","type":"page","link":"https:\/\/blogs.dickinson.edu\/glossen\/archive\/glossen-49\/","title":{"rendered":"Glossen 49 | 2022"},"content":{"rendered":"<h2><\/h2>\n<h2 style=\"text-align: center;\">Glossen 49 |\u00a0<em>Schlehweins Giraffe<br \/>\n<\/em>1. Wende-Reader f\u00fcr den Unterricht<\/h2>\n<p>&nbsp;<\/p>\n<p>Vorwort zu den 4 Ausgaben<\/p>\n<p style=\"padding-left: 40px;\">Janine Ludwig | <a href=\"https:\/\/blogs.dickinson.edu\/glossen\/wendereader-vorwort\/\">Von der Wende erz\u00e4hlen: Die Ereignisse von 1989\/90 in vier Wenderomanen aus den 1990er-Jahren<\/a><\/p>\n<h3><\/h3>\n<p>&nbsp;<\/p>\n<h3 style=\"text-align: center;\"><em>Schlehweins Giraffe\u00a0<\/em>von Bernd Schirmer<\/h3>\n<p>&nbsp;<\/p>\n<p><a href=\"https:\/\/blogs.dickinson.edu\/glossen\/schlehweins-giraffe-allgemeines\/\"><em>Schlehweins Giraffe<\/em> | Allgemeines<\/a><\/p>\n<p style=\"padding-left: 40px;\">Inhalt und Struktur<br \/>\nFigurenkonstellation und Charakteristika<br \/>\nZeitliche Einordnung<\/p>\n<p>&nbsp;<\/p>\n<p>Sekund\u00e4rliteratur zu\u00a0<em>Schlehweins Giraffe<\/em><\/p>\n<p style=\"padding-left: 40px;\">Janine Ludwig | <a href=\"https:\/\/blogs.dickinson.edu\/glossen\/?page_id=7928&amp;preview=true\">\u201e\u201aIn der letzten Zeit ist viel Zeit vergangen.\u2018 Zeitenwende, \u00dcbergangszeit und Umbr\u00fcche in Bernd Schirmers Wenderoman Schlehweins Giraffe\u201c (Nachdruck)<\/a><\/p>\n<p style=\"padding-left: 40px;\">Janine Ludwig | <a href=\"https:\/\/blogs.dickinson.edu\/glossen\/von-der-erfahrung-zur-erinnerung-wenderomane-im-wandel-nachdruck\/\">\u201eVon der Erfahrung zur Erinnerung \u2013 Wenderomane im Wandel.\u201c (Nachdruck)<\/a><\/p>\n<p>&nbsp;<\/p>\n<p><a href=\"https:\/\/blogs.dickinson.edu\/glossen\/ich-war-zu-spat-dran\/\">\u201eIch war zu sp\u00e4t dran.\u201c Carsten Gansel im Gespr\u00e4ch mit Bernd Schirmer (Nachdruck)<\/a><\/p>\n<p><a href=\"https:\/\/blogs.dickinson.edu\/glossen\/rezeption-von-schleweins-giraffe\/\">Rezeption von <em>Schlehweins Giraffe<\/em><\/a><\/p>\n<p>&nbsp;<\/p>\n<p><a href=\"https:\/\/blogs.dickinson.edu\/glossen\/bernd-schirmer-und-sein-werk\/\">Bernd Schirmer und sein Werk<\/a><\/p>\n<p style=\"padding-left: 40px;\">Biografisches zu Bernd Schirmer<br \/>\nPrim\u00e4rliteratur von Bernd Schirmer<br \/>\nSekund\u00e4rliteratur zu Bernd Schirmer und seinem Werk<\/p>\n<p>&nbsp;<\/p>\n<p>F\u00fcr den Unterricht |\u00a0<a href=\"https:\/\/blogs.dickinson.edu\/glossen\/auszuge\/\">Ausz\u00fcge aus der Erz\u00e4hlung mit Diskussionsvorschl\u00e4gen<\/a><\/p>\n<p>&nbsp;<\/p>\n<h3 style=\"text-align: center;\">Anhang | Wende-Reader in 4 Ausgaben<\/h3>\n<p><a href=\"https:\/\/blogs.dickinson.edu\/glossen\/zeitstrahl-und-chroniken-zur-wende\/\">Zeitstrahl und Chroniken zur Wende<\/a><\/p>\n<p><a href=\"https:\/\/blogs.dickinson.edu\/glossen\/umstrittene-begriffe\/\">Umstrittene Begriffe<\/a><\/p>\n<p><a href=\"https:\/\/blogs.dickinson.edu\/glossen\/sekundarliteratur-zur-ddr-und-wendeliteratur\/\">Sekund\u00e4rliteratur zur DDR- und Wendeliteratur<\/a><\/p>\n<p><a href=\"https:\/\/blogs.dickinson.edu\/glossen\/wende-geschichte-materialien\/\" target=\"_blank\" rel=\"noopener\">Materialien zur Wende-Geschichte<\/a><\/p>\n<p>&nbsp;<\/p>\n<h3><a href=\"https:\/\/blogs.dickinson.edu\/glossen\/redaktion-und-mitwirkende\/\">Herausgabe, Redaktion und Mitwirkende<\/a> | Wende-Reader in 4 Ausgaben<\/h3>\n<p><a href=\"https:\/\/blogs.dickinson.edu\/glossen\/glossen-50\/\" target=\"_blank\" rel=\"noopener\">Glossen 50 | <em>Der Zimmerspringbrunnen<\/em><\/a><\/p>\n<p><a href=\"https:\/\/blogs.dickinson.edu\/glossen\/glossen-51\/\" target=\"_blank\" rel=\"noopener\">Glossen 51 | <em>Tanz am Kanal<\/em><\/a><\/p>\n<p>Glossen 52 | <em>Wiesinger<\/em><\/p>\n","protected":false},"excerpt":{"rendered":"<p>Glossen 49 |\u00a0Schlehweins Giraffe 1. Wende-Reader f\u00fcr den Unterricht &nbsp; Vorwort zu den 4 Ausgaben Janine Ludwig | Von der Wende erz\u00e4hlen: Die Ereignisse von 1989\/90 in vier Wenderomanen aus den 1990er-Jahren &nbsp; Schlehweins Giraffe\u00a0von Bernd Schirmer &nbsp; Schlehweins Giraffe | Allgemeines Inhalt und Struktur Figurenkonstellation und Charakteristika Zeitliche Einordnung &nbsp; Sekund\u00e4rliteratur zu\u00a0Schlehweins Giraffe Janine [&hellip;]<\/p>\n","protected":false},"author":282,"featured_media":0,"parent":119,"menu_order":0,"comment_status":"closed","ping_status":"closed","template":"","meta":{"footnotes":""},"class_list":["post-7909","page","type-page","status-publish","hentry"],"_links":{"self":[{"href":"https:\/\/blogs.dickinson.edu\/glossen\/wp-json\/wp\/v2\/pages\/7909","targetHints":{"allow":["GET"]}}],"collection":[{"href":"https:\/\/blogs.dickinson.edu\/glossen\/wp-json\/wp\/v2\/pages"}],"about":[{"href":"https:\/\/blogs.dickinson.edu\/glossen\/wp-json\/wp\/v2\/types\/page"}],"author":[{"embeddable":true,"href":"https:\/\/blogs.dickinson.edu\/glossen\/wp-json\/wp\/v2\/users\/282"}],"replies":[{"embeddable":true,"href":"https:\/\/blogs.dickinson.edu\/glossen\/wp-json\/wp\/v2\/comments?post=7909"}],"version-history":[{"count":0,"href":"https:\/\/blogs.dickinson.edu\/glossen\/wp-json\/wp\/v2\/pages\/7909\/revisions"}],"up":[{"embeddable":true,"href":"https:\/\/blogs.dickinson.edu\/glossen\/wp-json\/wp\/v2\/pages\/119"}],"wp:attachment":[{"href":"https:\/\/blogs.dickinson.edu\/glossen\/wp-json\/wp\/v2\/media?parent=7909"}],"curies":[{"name":"wp","href":"https:\/\/api.w.org\/{rel}","templated":true}]}}