{"id":7916,"date":"2022-12-29T13:53:33","date_gmt":"2022-12-29T18:53:33","guid":{"rendered":"https:\/\/blogs.dickinson.edu\/glossen\/?page_id=7916"},"modified":"2024-11-08T03:33:06","modified_gmt":"2024-11-08T08:33:06","slug":"wendereader-vorwort","status":"publish","type":"page","link":"https:\/\/blogs.dickinson.edu\/glossen\/archive\/glossen-49\/wendereader-vorwort\/","title":{"rendered":"Vorwort"},"content":{"rendered":"<h3>Von der Wende erz\u00e4hlen: Die Ereignisse von 1989\/90 in vier Wenderomanen aus den 1990er-Jahren<\/h3>\n<p>von Janine Ludwig<\/p>\n<p>&nbsp;<\/p>\n<p style=\"text-align: justify;\">Dieser Reader stellt Materialien zum Unterrichten in Seminaren vor, die die sogenannte Wende behandeln. Er soll die Erfahrungen der Ostdeutschen mit den Umbr\u00fcchen im Zuge von Wende und Wiedervereinigung vermitteln, indem er literarische Erz\u00e4hlungen von dieser Zeit vorstellt, analysiert, kontextualisiert, kommentiert und interpretiert. Dazu wurden vier Romane bzw. Erz\u00e4hlungen aus den 1990er-Jahren ausgew\u00e4hlt, die jeweils im Zentrum einer der vier Ausgaben von <em>Glossen <\/em>stehen werden.<\/p>\n<p style=\"text-align: justify;\">Alle Ausgaben enthalten Buchzusammenfassungen bzw. Inhaltsangaben, Schaubilder zu Figurenkonstellationen und Zeitabl\u00e4ufen und je ein oder mehrere interpretierende und \u00fcbergreifende Essays\/Artikel. Dazu gibt es einen Themen \u00fcbergreifenden Apparat mit zus\u00e4tzlichem Material, etwa Chroniken und einem Zeitstrahl der Zeit 1989\/90 sowie Erl\u00e4uterungen zu zentralen, aber umstrittenen Begriffen und ein Literaturverzeichnis.<\/p>\n<p style=\"text-align: justify;\">Der hier ver\u00f6ffentlichte Reader wurde von den Dozenten Janine Ludwig und Uwe Sp\u00f6rl im Sommersemester 2020 an der Universit\u00e4t Bremen in ihrem Online-Seminar \u201eVergessene, \u00fcbersehene und \u00fcberlesene Wendeliteratur\u201c erfolgreich erprobt. Die Interessen von 35 Teilnehmern im Seminar und die Erfahrungen in m\u00fcndlichen Pr\u00fcfungen und in der Sichtung eingereichter Arbeiten, Referate und Protokolle sind in die Ausarbeitung des Readers eingeflossen. Julia M\u00fcller unterst\u00fctzte unsere Arbeit.<\/p>\n<p style=\"text-align: justify;\">Die vier behandelten und besprochenen Wenderomane oder -erz\u00e4hlungen sind:<\/p>\n<p style=\"text-align: justify;\"><a href=\"https:\/\/blogs.dickinson.edu\/glossen\/glossen-49\/\" target=\"_blank\" rel=\"noopener\">Glossen 49 | Dez 2022<\/a><br \/>\nSchirmer, Bernd. <em>Schlehweins Giraffe. Die Grenze verschwindet, die Giraffe sieht fern.<\/em> Frankfurt am Main: Fischer Verlag, 1994. [Erstver\u00f6ffentlichung: Frankfurt am Main: Eichborn Verlag, 1992; weitere Ausgabe: Berlin: Edition Schwarzdruck, 2000.]\n<p style=\"text-align: justify;\"><a href=\"https:\/\/blogs.dickinson.edu\/glossen\/glossen-50\/\" target=\"_blank\" rel=\"noopener\">Glossen 50 | M\u00e4rz 2023<\/a><br \/>\nSparschuh, Jens. <em>Der Zimmerspringbrunnen.<\/em> <em>Ein Heimatroman<\/em>. M\u00fcnchen: btb Verlag \/ Random House, 1997. [Erstver\u00f6ffentlichung: K\u00f6ln: Kiepenheuer &amp; Witsch, 1995].<\/p>\n<p style=\"text-align: justify;\"><a href=\"https:\/\/blogs.dickinson.edu\/glossen\/glossen-51\/\" target=\"_blank\" rel=\"noopener\">Glossen 51 | November 2024<\/a><br \/>\nHensel, Kerstin. <em>Tanz am Kanal.<\/em> <em>Erz\u00e4hlung<\/em>. Frankfurt am Main: Suhrkamp, 1994.<\/p>\n<p style=\"text-align: justify;\">Glossen 52 | TBA<br \/>\nWonneberger, Jens: <em>Wiesinger. Der Mann mit Hacke und Spaten.<\/em> Roman. Berlin: Kowalke &amp; Co. Verlag, 1999.<\/p>\n","protected":false},"excerpt":{"rendered":"<p>Von der Wende erz\u00e4hlen: Die Ereignisse von 1989\/90 in vier Wenderomanen aus den 1990er-Jahren von Janine Ludwig &nbsp; Dieser Reader stellt Materialien zum Unterrichten in Seminaren vor, die die sogenannte Wende behandeln. Er soll die Erfahrungen der Ostdeutschen mit den Umbr\u00fcchen im Zuge von Wende und Wiedervereinigung vermitteln, indem er literarische Erz\u00e4hlungen von dieser Zeit [&hellip;]<\/p>\n","protected":false},"author":282,"featured_media":0,"parent":7909,"menu_order":0,"comment_status":"closed","ping_status":"closed","template":"","meta":{"footnotes":""},"class_list":["post-7916","page","type-page","status-publish","hentry"],"_links":{"self":[{"href":"https:\/\/blogs.dickinson.edu\/glossen\/wp-json\/wp\/v2\/pages\/7916","targetHints":{"allow":["GET"]}}],"collection":[{"href":"https:\/\/blogs.dickinson.edu\/glossen\/wp-json\/wp\/v2\/pages"}],"about":[{"href":"https:\/\/blogs.dickinson.edu\/glossen\/wp-json\/wp\/v2\/types\/page"}],"author":[{"embeddable":true,"href":"https:\/\/blogs.dickinson.edu\/glossen\/wp-json\/wp\/v2\/users\/282"}],"replies":[{"embeddable":true,"href":"https:\/\/blogs.dickinson.edu\/glossen\/wp-json\/wp\/v2\/comments?post=7916"}],"version-history":[{"count":0,"href":"https:\/\/blogs.dickinson.edu\/glossen\/wp-json\/wp\/v2\/pages\/7916\/revisions"}],"up":[{"embeddable":true,"href":"https:\/\/blogs.dickinson.edu\/glossen\/wp-json\/wp\/v2\/pages\/7909"}],"wp:attachment":[{"href":"https:\/\/blogs.dickinson.edu\/glossen\/wp-json\/wp\/v2\/media?parent=7916"}],"curies":[{"name":"wp","href":"https:\/\/api.w.org\/{rel}","templated":true}]}}