{"id":7922,"date":"2022-12-29T14:11:46","date_gmt":"2022-12-29T19:11:46","guid":{"rendered":"https:\/\/blogs.dickinson.edu\/glossen\/?page_id=7922"},"modified":"2023-02-04T13:54:06","modified_gmt":"2023-02-04T18:54:06","slug":"schlehweins-giraffe-allgemeines","status":"publish","type":"page","link":"https:\/\/blogs.dickinson.edu\/glossen\/archive\/glossen-49\/schlehweins-giraffe-allgemeines\/","title":{"rendered":"Schlehweins Giraffe | Allgemeines"},"content":{"rendered":"<p><a href=\"#Inhalt\">Inhalt und Struktur des Romans <em>Schlehweins Giraffe<\/em><\/a><br \/>\n<a href=\"#Figurenkonstellation\">Figurenkonstellation und Charakteristika<\/a><br \/>\n<a href=\"#Einordnung\">Zeitliche Einordnung<\/a><\/p>\n<p>&nbsp;<\/p>\n<h3><a id=\"Inhalt\"><\/a>Inhalt und Struktur des Romans\u00a0<em>Schlehweins Giraffe<\/em><\/h3>\n<p style=\"text-align: justify;\">Der namenlose Ich-Erz\u00e4hler bekommt von seinem Freund Carl-Ernst Schlehwein eine Giraffe, welcher diese vor der \u201eAbwicklung\u201c eines Zoos gerettet hat, da er der Meinung ist, sein Freund br\u00e4uchte eine neue Aufgabe. Wohlm\u00f6glich w\u00e4re die Giraffe sonst geschlachtet und verf\u00fcttert worden. Der arbeitslose Ich-Erz\u00e4hler, der seinen Alltag nach der Wende bestreiten muss und schon das dritte Mal von seiner Frau Kristina verlassen worden ist, beginnt mit der Giraffe zusammenzuleben (Kapitel I bis V). Ab Kapitel VI beginnt der Protagonist, der Giraffe von seinem bisherigen Leben zu erz\u00e4hlen, zum Beispiel von seinem Onkel Alfred, der in M\u00fcnchen erfolgreicher Besitzer einer Ladenkette ist und ihn immer motivieren wollte, weiter Germanistik zu studieren, oder von seinen Freunden Br\u00f6ckle, Hasselblatt und Kleingrube, die \u201ealle nichts Richtiges gelernt\u201c hatten (S. 11).<a href=\"#_ftn1\" name=\"_ftnref1\">[1]<\/a> Der Ich-Erz\u00e4hler stattet seinen Freunden \u2013 weil er von den automatischen Antworten des Anrufbeantworters genug hat \u2013 gemeinsam mit der Giraffe einen pers\u00f6nlichen Besuch ab.<\/p>\n<p style=\"text-align: justify;\">Er erz\u00e4hlt der Giraffe auch davon, wie Kristina und er sich in der DDR kennengelernt hatten. Je mehr der Ich-Erz\u00e4hler von sich preisgibt, desto schweigsamer wird die Giraffe. Der Maler Schlehwein ist verschwunden. Schon in der DDR hatte er Schwierigkeiten wegen seiner \u201esystemkritische[n], regimefeindliche[n]\u201c Bilder gehabt (S. 85). Nachdem die Polizei vor der T\u00fcr des Ich-Erz\u00e4hlers gestanden \u00a0und ihn zum Verbleib von Schlehwein befragt hat, macht er sich zum Haus von Schlehwein im Oderbruch auf. Er besucht den B\u00fcrgermeister des Dorfes und gibt sich als rechtm\u00e4\u00dfiger westdeutscher Besitzer von Schlehweins Grundst\u00fcck aus und erf\u00e4hrt, Schlehwein sei in Afrika. Vor seinem Verschwinden habe er jedoch alle Grundb\u00fccher des Ortes entwendet.<\/p>\n<p style=\"text-align: justify;\">Der Protagonist hatte eine Aff\u00e4re mit der Frau seines Freundes, Lydia Br\u00f6ckle. Nach einer Lesung des ihm zum Verwechseln \u00e4hnlich sehenden Autors Ralph B. Schneiderheinze aus dessen neuester Parabelgeschichte \u00fcber die Wiedervereinigung trifft er Kristina wieder. Die Geschichte endet damit, dass die drei gemeinsam zu dritt in der Wohnung leben, denn sie werden die Giraffe wohl \u201enie wieder los\u201c (S. 123).<\/p>\n<p style=\"text-align: justify;\"><a href=\"#_ftnref1\" name=\"_ftn1\">[1]<\/a> Alle Zitatbelege nach der Taschenbuch-Ausgabe des Fischer-Verlags von 1994.<\/p>\n<p>&nbsp;<\/p>\n<h3><a id=\"Figurenkonstellation\"><\/a>Figurenkonstellation und Charakteristika<\/h3>\n<p>(Klicken Sie auf die Grafik f\u00fcr eine barrierefreie PDF-Version)<br \/>\n<a href=\"https:\/\/blogs.dickinson.edu\/glossen\/files\/2023\/01\/Figurenkonstellation-und-Charakteristika-.pdf\"><img loading=\"lazy\" decoding=\"async\" class=\"alignnone size-full wp-image-7986\" src=\"https:\/\/blogs.dickinson.edu\/glossen\/files\/2023\/01\/Figurenkonstellation-und-Charakteristika-1-1.png\" alt=\"\" width=\"1486\" height=\"1044\" srcset=\"https:\/\/blogs.dickinson.edu\/glossen\/files\/2023\/01\/Figurenkonstellation-und-Charakteristika-1-1.png 1486w, https:\/\/blogs.dickinson.edu\/glossen\/files\/2023\/01\/Figurenkonstellation-und-Charakteristika-1-1-300x211.png 300w, https:\/\/blogs.dickinson.edu\/glossen\/files\/2023\/01\/Figurenkonstellation-und-Charakteristika-1-1-1024x719.png 1024w, https:\/\/blogs.dickinson.edu\/glossen\/files\/2023\/01\/Figurenkonstellation-und-Charakteristika-1-1-768x540.png 768w\" sizes=\"auto, (max-width: 1486px) 100vw, 1486px\" \/><\/a><\/p>\n<p>&nbsp;<\/p>\n<h3><a id=\"Einordnung\"><\/a>Zeitliche Einordnung<\/h3>\n<p>(Klicken Sie auf die Grafik f\u00fcr eine barrierefreie PDF-Version)<\/p>\n<p><a href=\"https:\/\/blogs.dickinson.edu\/glossen\/files\/2023\/01\/eitliche-Einordnung-.pdf\"><img loading=\"lazy\" decoding=\"async\" class=\"alignnone size-full wp-image-7990\" src=\"https:\/\/blogs.dickinson.edu\/glossen\/files\/2023\/01\/eitliche-Einordnung-.jpg\" alt=\"\" width=\"1487\" height=\"1999\" srcset=\"https:\/\/blogs.dickinson.edu\/glossen\/files\/2023\/01\/eitliche-Einordnung-.jpg 1487w, https:\/\/blogs.dickinson.edu\/glossen\/files\/2023\/01\/eitliche-Einordnung--223x300.jpg 223w, https:\/\/blogs.dickinson.edu\/glossen\/files\/2023\/01\/eitliche-Einordnung--762x1024.jpg 762w, https:\/\/blogs.dickinson.edu\/glossen\/files\/2023\/01\/eitliche-Einordnung--768x1032.jpg 768w, https:\/\/blogs.dickinson.edu\/glossen\/files\/2023\/01\/eitliche-Einordnung--1143x1536.jpg 1143w\" sizes=\"auto, (max-width: 1487px) 100vw, 1487px\" \/><\/a><\/p>\n","protected":false},"excerpt":{"rendered":"<p>Inhalt und Struktur des Romans Schlehweins Giraffe Figurenkonstellation und Charakteristika Zeitliche Einordnung &nbsp; Inhalt und Struktur des Romans\u00a0Schlehweins Giraffe Der namenlose Ich-Erz\u00e4hler bekommt von seinem Freund Carl-Ernst Schlehwein eine Giraffe, welcher diese vor der \u201eAbwicklung\u201c eines Zoos gerettet hat, da er der Meinung ist, sein Freund br\u00e4uchte eine neue Aufgabe. Wohlm\u00f6glich w\u00e4re die Giraffe sonst [&hellip;]<\/p>\n","protected":false},"author":282,"featured_media":0,"parent":7909,"menu_order":0,"comment_status":"closed","ping_status":"closed","template":"","meta":{"footnotes":""},"class_list":["post-7922","page","type-page","status-publish","hentry"],"_links":{"self":[{"href":"https:\/\/blogs.dickinson.edu\/glossen\/wp-json\/wp\/v2\/pages\/7922","targetHints":{"allow":["GET"]}}],"collection":[{"href":"https:\/\/blogs.dickinson.edu\/glossen\/wp-json\/wp\/v2\/pages"}],"about":[{"href":"https:\/\/blogs.dickinson.edu\/glossen\/wp-json\/wp\/v2\/types\/page"}],"author":[{"embeddable":true,"href":"https:\/\/blogs.dickinson.edu\/glossen\/wp-json\/wp\/v2\/users\/282"}],"replies":[{"embeddable":true,"href":"https:\/\/blogs.dickinson.edu\/glossen\/wp-json\/wp\/v2\/comments?post=7922"}],"version-history":[{"count":0,"href":"https:\/\/blogs.dickinson.edu\/glossen\/wp-json\/wp\/v2\/pages\/7922\/revisions"}],"up":[{"embeddable":true,"href":"https:\/\/blogs.dickinson.edu\/glossen\/wp-json\/wp\/v2\/pages\/7909"}],"wp:attachment":[{"href":"https:\/\/blogs.dickinson.edu\/glossen\/wp-json\/wp\/v2\/media?parent=7922"}],"curies":[{"name":"wp","href":"https:\/\/api.w.org\/{rel}","templated":true}]}}