{"id":7962,"date":"2022-12-29T15:04:04","date_gmt":"2022-12-29T20:04:04","guid":{"rendered":"https:\/\/blogs.dickinson.edu\/glossen\/?page_id=7962"},"modified":"2024-11-10T03:35:51","modified_gmt":"2024-11-10T08:35:51","slug":"redaktion-und-mitwirkende","status":"publish","type":"page","link":"https:\/\/blogs.dickinson.edu\/glossen\/archive\/glossen-49\/redaktion-und-mitwirkende\/","title":{"rendered":"Herausgabe, Redaktion und Mitwirkende | Wende-Reader"},"content":{"rendered":"<p><em>Wende-Reader f\u00fcr den Unterricht<\/em> ist eine Vierfachausgabe von\u00a0<em>Glossen.<\/em><\/p>\n<p style=\"padding-left: 40px;\"><a href=\"https:\/\/blogs.dickinson.edu\/glossen\/home-2\/glossen-49\/\">Glossen 49 | Bernd Schirmer, <em>Schlehweins Giraffe\u00a0<\/em>(1992)<\/a><br \/>\n<a href=\"https:\/\/blogs.dickinson.edu\/glossen\/glossen-50\/\" target=\"_blank\" rel=\"noopener\">Glossen 50 | Jens Sparschuh, <em>Der Zimmerspringbrunnen. Ein Heimatroman\u00a0<\/em>(1995)<\/a><br \/>\n<a href=\"https:\/\/blogs.dickinson.edu\/glossen\/glossen-51\/\" target=\"_blank\" rel=\"noopener\">Glossen 51 | Kerstin Hensel, <em>Tanz am Kanal. Erz\u00e4hlung <\/em>(1994)<\/a><br \/>\nGlossen 52 | Jens Wonneberger, <em>Wiesinger. Der Mann mit Hacke und Spaten<\/em> (1999)<\/p>\n<p>Beitr\u00e4ge von Autor:innen in der Spalte &#8220;Sekund\u00e4rliteratur&#8221; der Ausgaben 50 bis 52 wurden von Sarah McGaughey angeworben und durch ein Double-Blind-Peer-Review-Verfahren von ihr auch betreut<\/p>\n<p>Unterrichtsmaterialien wurden geschrieben sowie herausgegeben von Janine Ludwig und Uwe Sp\u00f6rl unter Mitarbeit von Julia M\u00fcller<\/p>\n<p><em>Glossen<\/em>-Redaktion: Sarah McGaughey und Abby Jones<\/p>\n<p>Weitere Beitr\u00e4ge der vier Ausgaben von: Carsten Gansel, Janine Ludwig, Jill Twark, Melissa Sheedy, Elizabeth Mittman uvm.<\/p>\n<p>&nbsp;<\/p>\n<p><strong>Kurzbiografien<br \/>\n<\/strong><\/p>\n<p style=\"text-align: justify;\"><strong>Carsten Gansel<\/strong>, Studium der Germanistik\/Slawistik, Promotion und Habilitation, Lehre an verschiedenen Hochschulen und Universit\u00e4ten, bis 1995 Universit\u00e4t Greifswald, 1992 Lehrstuhlvertretung Universit\u00e4t Bielefeld, 1993 Gastprofessur an der Universit\u00e4t Frankfurt\/M., seit 1995 Professor f\u00fcr Neuere deutsche Literatur und Germanistische Literatur- und Mediendidaktik am Institut f\u00fcr Germanistik der Justus-Liebig-Universit\u00e4t Gie\u00dfen. Mitglied des P.E.N-Zentrums Deutschland, Vorsitzender der Jury zur Verleihung des Uwe-Johnson-Literaturpreises, Sprecher des Beirates der Arbeitsstelle f\u00fcr Lessing-Rezeption (Kamenz), seit 2021 Vorsitzender der Christa-Wolf-Gesellschaft. 2017 Bundesverdienstkreuz. Lehr- und Forschungsschwerpunkte: Deutsche Literatur des 19.-21. Jahrhunderts; System- und Modernisierungstheorie; kulturwissenschaftliche Ged\u00e4chtnisforschung, KJL, Medien- und Filmanalyse; Literaturkritik; Popkultur und Adoleszenzforschung, Narratologie. Letzte Publikation: <em>Kind einer schwierigen Zeit. Otfried Preu\u00dflers fr\u00fche Jahre<\/em>. Berlin: Verlag Galiani 2022.<\/p>\n<p style=\"text-align: justify;\"><strong>Janine Ludwig<\/strong> studierte NdL, Theaterwissenschaft\/Kulturelle Kommunikation und Philosophie. Publikationen: <em>Heiner Mu\u0308ller, Ikone West. Das dramatische Werk Heiner Mu\u0308llers in der Bundesrepublik<\/em>. Peter Lang 2009; <em>Macht und Ohnmacht des Schreibens. Spa\u0308te Texte Heiner Mu\u0308llers<\/em>. Kadmos 2009; <em>Literatur ohne Land? Schreibstrategien einer DDR-Literatur im vereinten Deutschland<\/em>, 2 Bde., hrsg. mit Mirjam Meuser. FWPF 2009, 2014, BasisDruck Verlag 2015; derzeit zus. mit Florian Becker: <em>Mu\u0308ller-Handbuch<\/em>. Sie ist Akademische Direktorin des Durden Dickinson Bremen Program und Contributing Faculty Member, German Dept. Au\u00dferdem Stellvertretende Sprecherin des Instituts f\u00fcr kulturwissenschaftliche Deutschlandstudien an der Universit\u00e4t Bremen (ifkud). Forschungsschwerpunkte: DDR-Literatur; Heiner Mu\u0308ller; Gegenwartsliteratur; Film, Theater. Sie unterrichtete mit Uwe Spo\u0308rl das Seminar \u201eVergessene\/u\u0308bersehene\/u\u0308berlesene Wendeliteratur\u201c, in Kooperation mit dem ifkud (<a href=\"https:\/\/nam12.safelinks.protection.outlook.com\/?url=https%3A%2F%2Fwww.deutschlandstudien.uni-bremen.de%2F&amp;data=05%7C01%7Cmcgaughs%40dickinson.edu%7Cec6ec66898c54273945708db06d9c7e8%7C6232b05576b94c139b88b562ae7db6fb%7C0%7C0%7C638111304672099884%7CUnknown%7CTWFpbGZsb3d8eyJWIjoiMC4wLjAwMDAiLCJQIjoiV2luMzIiLCJBTiI6Ik1haWwiLCJXVCI6Mn0%3D%7C3000%7C%7C%7C&amp;sdata=BbpzgsXuXc47Tpkn3LcESTG0FxpECXxKtn%2BAxCamJb0%3D&amp;reserved=0\">https:\/\/www.deutschlandstudien.uni-bremen.de\/<\/a>).<\/p>\n<p><span data-olk-copy-source=\"MessageBody\"><strong>Elizabeth Mittman<\/strong> is Associate Professor of German at Michigan State University. Her teaching and research interests include East German and postsocialist studies, film and visual culture, autobiography and gender studies. Her current book project focuses on the relationship between gender and voice in representations of the German Democratic Republic. Recent articles have explored love and poetry in \u00d6zdamar\u2019s autobiographical fiction and critical issues in graduate education.<\/span><\/p>\n<p style=\"text-align: justify;\"><strong>Uwe Sp\u00f6rl<\/strong>, born 1965, is a Senior Lecturer in modern German literature at the University of Bremen. In 1997 he received his Ph.D. from the University of Erlangen with a dissertation on German fin de si\u00e8cle literature. He is the author of the <em>Basislexikon Literaturwissenschaft<\/em> (2004) and has taught and published in numerous fields, including the relationship between knowledge and literature, modes of literary perception, space and order, and reception of antiquity. His research interests include narrative theory, hermeneutics and literary theory, contemporary literature, and the crime novel, and, most recently, science in fiction. With Janine Ludwig, he taught the seminar \u201eVergessene\/u\u0308bersehene\/u\u0308berlesene Wendeliteratur\u201c, in cooperation with ifkud (<a href=\"https:\/\/nam12.safelinks.protection.outlook.com\/?url=https%3A%2F%2Fwww.deutschlandstudien.uni-bremen.de%2F&amp;data=05%7C01%7Cmcgaughs%40dickinson.edu%7Cec6ec66898c54273945708db06d9c7e8%7C6232b05576b94c139b88b562ae7db6fb%7C0%7C0%7C638111304672099884%7CUnknown%7CTWFpbGZsb3d8eyJWIjoiMC4wLjAwMDAiLCJQIjoiV2luMzIiLCJBTiI6Ik1haWwiLCJXVCI6Mn0%3D%7C3000%7C%7C%7C&amp;sdata=BbpzgsXuXc47Tpkn3LcESTG0FxpECXxKtn%2BAxCamJb0%3D&amp;reserved=0\">https:\/\/www.deutschlandstudien.uni-bremen.de\/<\/a>).<\/p>\n<p><strong>Melissa Sheedy<\/strong> is an Assistant Teaching Professor in the Department of German, Nordic, and Slavic+ at the University of Wisconsin\u2013Madison and Book Review Editor at <em>Monatshefte<\/em>. Her research and teaching interests include German Romanticism, fairytales, feminist and queer theories, ecocriticism, and literary intersections of violence and gender. Recent publications include \u201c\u2018The between is her realm\u2019: Rebel Witches and Disorderly Nature in Juli Zeh\u2019s <em>The Method<\/em>\u201d (<em>Juli Zeh: A Critical Companion<\/em>) and \u201cQueering Material Nature: Bewitched Bodies and the Limits of the Enlightenment\u201d (<em>Goethe Yearbook<\/em>). Her favorite place to write about these things is at home surrounded by cats.<\/p>\n<p><strong>Jill Twark<\/strong> is Professor of German at East Carolina University. Her research interests include late twentieth- and early twenty-first-century German literature and culture. She has published widely on humor and satire in post-unification German literature, including the book\u00a0<i>Humor, Satire, and Identity: Eastern German Literature in the 1990s\u00a0<\/i>and the edited volume\u00a0<i>Strategies of Humor in Post-Unification German Literature, Film, and Other Media<\/i>. She recently shifted her focus\u00a0to\u00a0social-justice\u00a0dilemmas with the edited volumes\u00a0<i>Envisioning Social Justice in Contemporary German Culture<\/i>\u00a0and\u00a0<i>Invested Narratives: German Responses to Economic Crisis<\/i>. She is currently working on a textbook for teaching German graphic novels.<\/p>\n<p>&nbsp;<\/p>\n","protected":false},"excerpt":{"rendered":"<p>Wende-Reader f\u00fcr den Unterricht ist eine Vierfachausgabe von\u00a0Glossen. Glossen 49 | Bernd Schirmer, Schlehweins Giraffe\u00a0(1992) Glossen 50 | Jens Sparschuh, Der Zimmerspringbrunnen. Ein Heimatroman\u00a0(1995) Glossen 51 | Kerstin Hensel, Tanz am Kanal. Erz\u00e4hlung (1994) Glossen 52 | Jens Wonneberger, Wiesinger. Der Mann mit Hacke und Spaten (1999) Beitr\u00e4ge von Autor:innen in der Spalte &#8220;Sekund\u00e4rliteratur&#8221; der [&hellip;]<\/p>\n","protected":false},"author":282,"featured_media":0,"parent":7909,"menu_order":0,"comment_status":"closed","ping_status":"closed","template":"","meta":{"footnotes":""},"class_list":["post-7962","page","type-page","status-publish","hentry"],"_links":{"self":[{"href":"https:\/\/blogs.dickinson.edu\/glossen\/wp-json\/wp\/v2\/pages\/7962","targetHints":{"allow":["GET"]}}],"collection":[{"href":"https:\/\/blogs.dickinson.edu\/glossen\/wp-json\/wp\/v2\/pages"}],"about":[{"href":"https:\/\/blogs.dickinson.edu\/glossen\/wp-json\/wp\/v2\/types\/page"}],"author":[{"embeddable":true,"href":"https:\/\/blogs.dickinson.edu\/glossen\/wp-json\/wp\/v2\/users\/282"}],"replies":[{"embeddable":true,"href":"https:\/\/blogs.dickinson.edu\/glossen\/wp-json\/wp\/v2\/comments?post=7962"}],"version-history":[{"count":0,"href":"https:\/\/blogs.dickinson.edu\/glossen\/wp-json\/wp\/v2\/pages\/7962\/revisions"}],"up":[{"embeddable":true,"href":"https:\/\/blogs.dickinson.edu\/glossen\/wp-json\/wp\/v2\/pages\/7909"}],"wp:attachment":[{"href":"https:\/\/blogs.dickinson.edu\/glossen\/wp-json\/wp\/v2\/media?parent=7962"}],"curies":[{"name":"wp","href":"https:\/\/api.w.org\/{rel}","templated":true}]}}