{"id":8218,"date":"2024-03-11T20:15:38","date_gmt":"2024-03-12T00:15:38","guid":{"rendered":"https:\/\/blogs.dickinson.edu\/glossen\/?page_id=8218"},"modified":"2024-11-08T03:38:29","modified_gmt":"2024-11-08T08:38:29","slug":"glossen-50","status":"publish","type":"page","link":"https:\/\/blogs.dickinson.edu\/glossen\/archive\/glossen-50\/","title":{"rendered":"Glossen 50 | 2023"},"content":{"rendered":"<h2><\/h2>\n<h2 class=\"p1\" style=\"text-align: center;\">Glossen 50 | <i>Der Zimmerspringbrunnen<br \/>\n<\/i>2. Wende-Reader f\u00fcr den Unterricht<\/h2>\n<p>Vorwort zu den 4 Ausgaben<\/p>\n<p style=\"padding-left: 40px;\">Janine Ludwig | <a href=\"https:\/\/blogs.dickinson.edu\/glossen\/wendereader-vorwort\/\" target=\"_blank\" rel=\"noopener\">Von der Wende erz\u00e4hlen: Die Ereignisse von 1989\/90 in vier Wenderomanen aus den 1990er-Jahren<\/a><\/p>\n<h3 style=\"text-align: center;\"><em>Der Zimmerspringbrunnen <\/em>von Jens Sparschuh<\/h3>\n<p>&nbsp;<\/p>\n<p><a href=\"https:\/\/blogs.dickinson.edu\/glossen\/der-zimmerspringbrunnen-allgemeines\/\" target=\"_blank\" rel=\"noopener\"><em>Der Zimmerspringbrunnen<\/em> | Allgemeines<\/a><\/p>\n<p style=\"padding-left: 40px;\">Inhalt und Struktur<br \/>\nFigurenkonstellation und Charakteristika<br \/>\nZeitliche Einordnung<\/p>\n<p>&nbsp;<\/p>\n<p>Sekund\u00e4rliteratur zu\u00a0<em>Der Zimmerspringbrunnen<\/em><\/p>\n<p style=\"padding-left: 40px;\">Jill Twark | <a href=\"https:\/\/blogs.dickinson.edu\/glossen\/twark-selling-ostalgie\/\" target=\"_blank\" rel=\"noopener\">Selling Ostalgie:\u00a0<em>Der Zimmerspringbrunnen\u00a0<\/em>as a Tragicomic Salesman&#8217;s Tale of German Unification<\/a><\/p>\n<p>&nbsp;<\/p>\n<p>Allgemeine Texte zur Wende-Literatur<\/p>\n<p style=\"padding-left: 40px;\">Uwe Sp\u00f6rl | <a href=\"https:\/\/blogs.dickinson.edu\/glossen\/glossen-50\/sporl-wissen-vermitteln\/\" target=\"_blank\" rel=\"noopener\">K\u00f6nnen fiktionale Erz\u00e4hltexte Wissen \u00fcber die Wende vermitteln? Drei Gr\u00fcnde, die Frage mit Ja zu beantworten, diskutiert am Beispiel von Jens Sparschuhs Roman <em>Der Zimmerspringbrunnen<\/em><\/a><\/p>\n<p>&nbsp;<\/p>\n<p><a href=\"https:\/\/blogs.dickinson.edu\/glossen\/rezeption-von-der-zimmerspringbrunnen\/\" target=\"_blank\" rel=\"noopener\">Rezeption von <em>Der Zimmerspringbrunnen<\/em><\/a><\/p>\n<p>&nbsp;<\/p>\n<p><a href=\"https:\/\/blogs.dickinson.edu\/glossen\/jens-sparschuh-und-sein-werk\/\" target=\"_blank\" rel=\"noopener\">Jens Sparschuh und sein Werk<\/a><\/p>\n<p style=\"padding-left: 40px;\">Biografisches zu Jens Sparschuh<br \/>\nPrim\u00e4rliteratur von Jens Sparschuh<br \/>\nSekund\u00e4rliteratur zu Jens Sparschuh und seinem Werk<\/p>\n<p>&nbsp;<\/p>\n<p>F\u00fcr den Unterricht |\u00a0<a href=\"https:\/\/blogs.dickinson.edu\/glossen\/glossen-50\/auszuge-aus-der-erzahlung-mit-diskussionsvorschlagen-fur-den-unterricht\/\" target=\"_blank\" rel=\"noopener\">Ausz\u00fcge aus der Erz\u00e4hlung mit Diskussionsvorschl\u00e4gen<\/a><\/p>\n<p>&nbsp;<\/p>\n<h3 style=\"text-align: center;\">Anhang | Wende-Reader in 4 Ausgaben<\/h3>\n<p><a href=\"https:\/\/blogs.dickinson.edu\/glossen\/zeitstrahl-und-chroniken-zur-wende\/\" target=\"_blank\" rel=\"noopener\">Zeitstrahl und Chroniken zur Wende<\/a><\/p>\n<p><a href=\"https:\/\/blogs.dickinson.edu\/glossen\/umstrittene-begriffe\/\" target=\"_blank\" rel=\"noopener\">Umstrittene Begriffe<\/a><\/p>\n<p><a href=\"https:\/\/blogs.dickinson.edu\/glossen\/sekundarliteratur-zur-ddr-und-wendeliteratur\/\" target=\"_blank\" rel=\"noopener\">Sekund\u00e4rliteratur zur DDR- und Wendeliteratur<\/a><\/p>\n<p><a href=\"https:\/\/blogs.dickinson.edu\/glossen\/wende-geschichte-materialien\/\" target=\"_blank\" rel=\"noopener\">Materialien zur Wende-Geschichte<\/a><\/p>\n<h3><\/h3>\n<h3><a href=\"https:\/\/blogs.dickinson.edu\/glossen\/redaktion-und-mitwirkende\/\" target=\"_blank\" rel=\"noopener\">Herausgabe, Redaktion und Mitwirkende<\/a> | Wende-Reader in 4 Ausgaben<\/h3>\n<p><a href=\"https:\/\/blogs.dickinson.edu\/glossen\/glossen-49\/\" target=\"_blank\" rel=\"noopener\">Glossen 49 | <em>Schlehweins Giraffe<\/em><\/a><\/p>\n<p><a href=\"https:\/\/blogs.dickinson.edu\/glossen\/glossen-51\/\" target=\"_blank\" rel=\"noopener\">Glossen 51 | <em>Tanz am Kanal<\/em><\/a><\/p>\n<p>Glossen 52 | <em>Wiesinger<\/em><\/p>\n<p>&nbsp;<\/p>\n<p>&nbsp;<\/p>\n<h3><\/h3>\n","protected":false},"excerpt":{"rendered":"<p>Glossen 50 | Der Zimmerspringbrunnen 2. Wende-Reader f\u00fcr den Unterricht Vorwort zu den 4 Ausgaben Janine Ludwig | Von der Wende erz\u00e4hlen: Die Ereignisse von 1989\/90 in vier Wenderomanen aus den 1990er-Jahren Der Zimmerspringbrunnen von Jens Sparschuh &nbsp; Der Zimmerspringbrunnen | Allgemeines Inhalt und Struktur Figurenkonstellation und Charakteristika Zeitliche Einordnung &nbsp; Sekund\u00e4rliteratur zu\u00a0Der Zimmerspringbrunnen Jill [&hellip;]<\/p>\n","protected":false},"author":4985,"featured_media":0,"parent":119,"menu_order":0,"comment_status":"closed","ping_status":"closed","template":"","meta":{"footnotes":""},"class_list":["post-8218","page","type-page","status-publish","hentry"],"_links":{"self":[{"href":"https:\/\/blogs.dickinson.edu\/glossen\/wp-json\/wp\/v2\/pages\/8218","targetHints":{"allow":["GET"]}}],"collection":[{"href":"https:\/\/blogs.dickinson.edu\/glossen\/wp-json\/wp\/v2\/pages"}],"about":[{"href":"https:\/\/blogs.dickinson.edu\/glossen\/wp-json\/wp\/v2\/types\/page"}],"author":[{"embeddable":true,"href":"https:\/\/blogs.dickinson.edu\/glossen\/wp-json\/wp\/v2\/users\/4985"}],"replies":[{"embeddable":true,"href":"https:\/\/blogs.dickinson.edu\/glossen\/wp-json\/wp\/v2\/comments?post=8218"}],"version-history":[{"count":0,"href":"https:\/\/blogs.dickinson.edu\/glossen\/wp-json\/wp\/v2\/pages\/8218\/revisions"}],"up":[{"embeddable":true,"href":"https:\/\/blogs.dickinson.edu\/glossen\/wp-json\/wp\/v2\/pages\/119"}],"wp:attachment":[{"href":"https:\/\/blogs.dickinson.edu\/glossen\/wp-json\/wp\/v2\/media?parent=8218"}],"curies":[{"name":"wp","href":"https:\/\/api.w.org\/{rel}","templated":true}]}}