{"id":8229,"date":"2023-09-18T19:54:57","date_gmt":"2023-09-18T23:54:57","guid":{"rendered":"https:\/\/blogs.dickinson.edu\/glossen\/?page_id=8229"},"modified":"2024-03-24T15:29:25","modified_gmt":"2024-03-24T19:29:25","slug":"der-zimmerspringbrunnen-allgemeines","status":"publish","type":"page","link":"https:\/\/blogs.dickinson.edu\/glossen\/archive\/glossen-50\/der-zimmerspringbrunnen-allgemeines\/","title":{"rendered":"Der Zimmerspringbrunnen | Allgemeines"},"content":{"rendered":"<p><a href=\"#Inhalt\">Inhalt und Struktur des Romans <em>Der Zimmerspringbrunnen<\/em><\/a><br \/>\n<a href=\"#Figurenkonstellation\">Figurenkonstellation und Charakteristika<\/a><br \/>\n<a href=\"#Einordnung\">Zeitliche Einordnung<\/a><\/p>\n<p>&nbsp;<\/p>\n<h3><a id=\"Inhalt\"><\/a>Inhalt und Struktur des Romans\u00a0<em>Der Zimmerspringbrunnen<\/em><\/h3>\n<p style=\"text-align: justify;\"><span class=\"TextRun SCXW227190999 BCX0\" lang=\"DE-DE\" xml:lang=\"DE-DE\" data-contrast=\"auto\"><span class=\"NormalTextRun SCXW227190999 BCX0\">Anhand des Protagonisten Hinrich <\/span><span class=\"NormalTextRun SpellingErrorV2Themed SCXW227190999 BCX0\">Lobek<\/span><span class=\"NormalTextRun SCXW227190999 BCX0\">, der<\/span> <span class=\"NormalTextRun SCXW227190999 BCX0\">als homodiegetischer Ich-Erz\u00e4hler aus der eigenen <\/span><span class=\"NormalTextRun SCXW227190999 BCX0\">Perspektive erz\u00e4hlt<\/span><span class=\"NormalTextRun SCXW227190999 BCX0\">,<\/span><span class=\"NormalTextRun SCXW227190999 BCX0\"> wird im Roman der Ost-West-Konflikt nach der Wende bearbeitet<\/span><span class=\"NormalTextRun SCXW227190999 BCX0\">. <\/span><span class=\"NormalTextRun SCXW227190999 BCX0\">Nach mehr<\/span><span class=\"NormalTextRun SCXW227190999 BCX0\">j\u00e4hriger T\u00e4tigkeit bei der Ostberliner kommunalen Wohnungsverwaltung ist Hinrich <\/span><span class=\"NormalTextRun SCXW227190999 BCX0\">nach der Wende <\/span><span class=\"NormalTextRun SCXW227190999 BCX0\">arbeitslos. Zahlreiche Versuche, eine<\/span> <span class=\"NormalTextRun SCXW227190999 BCX0\">Arbeit zu finden, sind fehlgeschla<\/span><span class=\"NormalTextRun SCXW227190999 BCX0\">g<\/span><span class=\"NormalTextRun SCXW227190999 BCX0\">en<\/span><span class=\"NormalTextRun SCXW227190999 BCX0\">. Vor allem die Berufst\u00e4<\/span><span class=\"NormalTextRun SCXW227190999 BCX0\">tigkeit seiner Frau Julia macht<\/span><span class=\"NormalTextRun SCXW227190999 BCX0\"> ihn misstrauisch: Mit seinem Protokollbuch, in dem er alles notiert, spioniert er ihr nach. Er vermutet, dass sie eine Aff\u00e4re mit ihrem Abteilungsleiter <\/span><span class=\"NormalTextRun SpellingErrorV2Themed SCXW227190999 BCX0\">Hugelmann<\/span><span class=\"NormalTextRun SCXW227190999 BCX0\"> hat. Auf <\/span><span class=\"NormalTextRun SCXW227190999 BCX0\">Empfehlung<\/span><span class=\"NormalTextRun SCXW227190999 BCX0\"> eines Wochenhoroskops<\/span><span class=\"NormalTextRun SCXW227190999 BCX0\"> hin<\/span><span class=\"NormalTextRun SCXW227190999 BCX0\"> bewirbt er sich bei der<\/span> <span class=\"NormalTextRun SCXW227190999 BCX0\">westdeutschen <\/span><span class=\"NormalTextRun SCXW227190999 BCX0\">Firma Panta Rhein<\/span><span class=\"NormalTextRun SCXW227190999 BCX0\"> und <\/span><span class=\"NormalTextRun SCXW227190999 BCX0\">wird als <\/span><span class=\"NormalTextRun SCXW227190999 BCX0\">Vertreter f\u00fcr Zimmerspringbrunnen <\/span><span class=\"NormalTextRun SCXW227190999 BCX0\">verpflichtet<\/span><span class=\"NormalTextRun SCXW227190999 BCX0\">.<\/span><span class=\"NormalTextRun SCXW227190999 BCX0\"> Auf der Vertreterkonferenz im Hochschwarzwald wird er mit seinem Chef und seinen Arbeitskollegen bekannt<\/span> <span class=\"NormalTextRun SCXW227190999 BCX0\">gemacht<\/span><span class=\"NormalTextRun SCXW227190999 BCX0\">. Hier lernt er auch <\/span><span class=\"NormalTextRun SCXW227190999 BCX0\">das neue Springbrunnenmodell <\/span><span class=\"NormalTextRun SCXW227190999 BCX0\">Jona<\/span> <span class=\"NormalTextRun SCXW227190999 BCX0\">kennen<\/span><span class=\"NormalTextRun SCXW227190999 BCX0\">. In Herr<\/span><span class=\"NormalTextRun SCXW227190999 BCX0\">n<\/span><span class=\"NormalTextRun SCXW227190999 BCX0\"> St<\/span><span class=\"NormalTextRun SCXW227190999 BCX0\">r<\/span><span class=\"NormalTextRun SCXW227190999 BCX0\">\u00fcvers Verkaufsseminar <\/span><span class=\"NormalTextRun SCXW227190999 BCX0\">versucht sich <\/span><span class=\"NormalTextRun SpellingErrorV2Themed SCXW227190999 BCX0\">Lobek<\/span><span class=\"NormalTextRun SCXW227190999 BCX0\"> das erste <\/span><span class=\"NormalTextRun SCXW227190999 BCX0\">M<\/span><span class=\"NormalTextRun SCXW227190999 BCX0\">al im Rollenspiel <\/span><span class=\"NormalTextRun SCXW227190999 BCX0\">als Zimmerspringbrunnenvertr<\/span><span class=\"NormalTextRun SCXW227190999 BCX0\">e<\/span><span class=\"NormalTextRun SCXW227190999 BCX0\">ter<\/span> <span class=\"NormalTextRun SCXW227190999 BCX0\">\u2013 und scheitert <\/span><span class=\"NormalTextRun SCXW227190999 BCX0\">dem eigenen Eindruck<\/span><span class=\"NormalTextRun SCXW227190999 BCX0\"> nach kl\u00e4glich. Doch der Ch<\/span><span class=\"NormalTextRun SCXW227190999 BCX0\">ef <\/span><span class=\"NormalTextRun SpellingErrorV2Themed SCXW227190999 BCX0\">Boldinger<\/span><span class=\"NormalTextRun SCXW227190999 BCX0\"> sieht das anders: S<\/span><span class=\"NormalTextRun SCXW227190999 BCX0\">eine \u201e\u00f6stliche Ruhe und meditative Kraft\u201c<\/span> <span class=\"NormalTextRun SCXW227190999 BCX0\">h\u00e4tten ihn <\/span><span class=\"NormalTextRun SCXW227190999 BCX0\">davon \u00fcberzeugt, <\/span><span class=\"NormalTextRun SCXW227190999 BCX0\">dass \u201e<\/span><span class=\"NormalTextRun SCXW227190999 BCX0\">auch <\/span><span class=\"NormalTextRun SCXW227190999 BCX0\">wi<\/span><span class=\"NormalTextRun SCXW227190999 BCX0\">r hier im Westen [\u2026]<\/span><span class=\"NormalTextRun SCXW227190999 BCX0\"> von I<\/span><span class=\"NormalTextRun SCXW227190999 BCX0\">hnen lernen<\/span><span class=\"NormalTextRun SCXW227190999 BCX0\">\u201c<\/span> <span class=\"NormalTextRun ContextualSpellingAndGrammarErrorV2Themed SCXW227190999 BCX0\">k\u00f6nnen<\/span><span class=\"NormalTextRun ContextualSpellingAndGrammarErrorV2Themed SCXW227190999 BCX0\">.<\/span><\/span><span class=\"TextRun Footnote BlobObject DragDrop ContextualSpellingAndGrammarErrorV2Themed SCXW227190999 BCX0\" lang=\"DE-DE\" xml:lang=\"DE-DE\" data-contrast=\"auto\"><span class=\"Superscript SCXW227190999 BCX0\" data-fontsize=\"12\"><a href=\"#_ftn1\" name=\"_ftnref1\">[1]<\/a><\/span><\/span><span class=\"TextRun SCXW227190999 BCX0\" lang=\"DE-DE\" xml:lang=\"DE-DE\" data-contrast=\"auto\"><span class=\"NormalTextRun SCXW227190999 BCX0\"> Und s<\/span><span class=\"NormalTextRun SCXW227190999 BCX0\">ein <\/span><span class=\"NormalTextRun SpellingErrorV2Themed SCXW227190999 BCX0\">torhafter<\/span><span class=\"NormalTextRun SCXW227190999 BCX0\"> Erfolg setzt sich fort: <\/span><span class=\"NormalTextRun SCXW227190999 BCX0\">V<\/span><span class=\"NormalTextRun SCXW227190999 BCX0\">or den staunenden Augen der Ehefrau und des e<\/span><span class=\"NormalTextRun SCXW227190999 BCX0\">twas ungezogenen Sch\u00e4ferhundes Freitag<\/span><span class=\"NormalTextRun SCXW227190999 BCX0\"> beginnt der unaufhaltsame Aufstieg von Hinrich <\/span><span class=\"NormalTextRun SpellingErrorV2Themed SCXW227190999 BCX0\">Lobek<\/span><span class=\"NormalTextRun SCXW227190999 BCX0\"> zum erfolgreichen V<\/span><span class=\"NormalTextRun SCXW227190999 BCX0\">ertriebsleiter<\/span><span class=\"NormalTextRun SCXW227190999 BCX0\"> Ost f\u00fcr Zimmerspringbrunnen. Ein Meilenstein auf dem Weg dahin ist die Entwicklung des Modells <\/span><span class=\"NormalTextRun SCXW227190999 BCX0\">Atlantis<\/span><span class=\"NormalTextRun SCXW227190999 BCX0\">, das <\/span><span class=\"NormalTextRun SCXW227190999 BCX0\">der leidenschaftliche Heimwerker <\/span><span class=\"NormalTextRun SpellingErrorV2Themed SCXW227190999 BCX0\">Lobek<\/span> <span class=\"NormalTextRun SCXW227190999 BCX0\">aus <\/span><span class=\"NormalTextRun SCXW227190999 BCX0\">einem <\/span><span class=\"NormalTextRun SCXW227190999 BCX0\">Jona<\/span><span class=\"NormalTextRun SCXW227190999 BCX0\">-Modell <\/span><span class=\"NormalTextRun SCXW227190999 BCX0\">entwickelt<\/span><span class=\"NormalTextRun SCXW227190999 BCX0\"> \u2013 eine Hommage an die <\/span><span class=\"NormalTextRun SCXW227190999 BCX0\">Vergangenheit in der DDR, die der Protagonist schmerzlich<\/span><span class=\"NormalTextRun SCXW227190999 BCX0\"> vermisst: \u201eIch liebe meine Heimat, die Deutsche Demokratische Republik.\u201c<a href=\"#_ftn2\" name=\"_ftnref2\"><span style=\"font-size: 10pt;\">[2]<\/span><\/a><span class=\"TextRun Footnote BlobObject DragDrop ContextualSpellingAndGrammarErrorV2Themed SCXW227190999 BCX0\" lang=\"DE-DE\" xml:lang=\"DE-DE\" data-contrast=\"auto\"><span class=\"Superscript SCXW227190999 BCX0\" data-fontsize=\"12\"><a href=\"#_ftn2\" name=\"_ftnref1\"><\/a><\/span><\/span><\/span><\/span><span class=\"TextRun SCXW227190999 BCX0\" lang=\"DE-DE\" xml:lang=\"DE-DE\" data-contrast=\"auto\"><span class=\"NormalTextRun SCXW227190999 BCX0\">\u00a0Bei seinen Kunden kommt dieses Zimmerspringbrunnen gewordene<\/span><span class=\"NormalTextRun SCXW227190999 BCX0\"> Symbol der Ostalgie jedoch <\/span><span class=\"NormalTextRun SCXW227190999 BCX0\">bestens an <\/span><span class=\"NormalTextRun SCXW227190999 BCX0\">und wird zum Verkaufsschlager. <\/span><span class=\"NormalTextRun SCXW227190999 BCX0\">Doch entgegen und mit seinem beruflichen Aufstieg<\/span> <span class=\"NormalTextRun SCXW227190999 BCX0\">schwindet<\/span><span class=\"NormalTextRun SCXW227190999 BCX0\"> sein privates Gl\u00fcck dahin: <\/span><span class=\"NormalTextRun SCXW227190999 BCX0\">Julia, <\/span><span class=\"NormalTextRun SCXW227190999 BCX0\">seine Frau<\/span><span class=\"NormalTextRun SCXW227190999 BCX0\">,<\/span><span class=\"NormalTextRun SCXW227190999 BCX0\"> verl\u00e4sst ihn<\/span><span class=\"NormalTextRun SCXW227190999 BCX0\"> und fl\u00fcchtet zu ihrer Freundin Conny. <\/span><span class=\"NormalTextRun SCXW227190999 BCX0\">Zu Weihnachten l\u00e4dt er sie ein und hofft auf Vers\u00f6hnung. Julia aber kommt nicht<\/span><span class=\"NormalTextRun SCXW227190999 BCX0\">.\u00a0 <\/span><span class=\"NormalTextRun SCXW227190999 BCX0\">In der Annahme, sie sei verreist, wartet er<\/span> <span class=\"NormalTextRun SCXW227190999 BCX0\">von<\/span><span class=\"NormalTextRun SCXW227190999 BCX0\"> Weihnachten <\/span><span class=\"NormalTextRun SCXW227190999 BCX0\">bis<\/span><span class=\"NormalTextRun SCXW227190999 BCX0\"> Neujahr<\/span><span class=\"NormalTextRun SCXW227190999 BCX0\"> am Bahnhof unter Reisenden und Obdachlosen vergeblich auf sie. Zwar hat <\/span><span class=\"NormalTextRun SCXW227190999 BCX0\">er <\/span><span class=\"NormalTextRun SCXW227190999 BCX0\">inzwischen <\/span><span class=\"NormalTextRun SCXW227190999 BCX0\">von ihr erfahren, dass sie ihn liebt, aber nicht mit ihm zusammenleben kann, <\/span><span class=\"NormalTextRun SCXW227190999 BCX0\">zur Wiedervereinigung mit Julia kommt es <\/span><span class=\"NormalTextRun SCXW227190999 BCX0\">dennoch<\/span><span class=\"NormalTextRun SCXW227190999 BCX0\"> nicht, und s<\/span><span class=\"NormalTextRun SCXW227190999 BCX0\">o endet der Roman.<\/span><\/span><\/p>\n<p><a href=\"#_ftnref1\" name=\"_ftn1\">[1]<\/a> <span class=\"TextRun SCXW139809698 BCX0\" lang=\"DE-DE\" xml:lang=\"DE-DE\" data-contrast=\"auto\"><span class=\"NormalTextRun SCXW139809698 BCX0\" data-ccp-parastyle=\"footnote text\">Sparschuh,<\/span><span class=\"NormalTextRun SCXW139809698 BCX0\" data-ccp-parastyle=\"footnote text\">\u00a0Jens<\/span><span class=\"NormalTextRun SCXW139809698 BCX0\" data-ccp-parastyle=\"footnote text\">.\u00a0<\/span><\/span><span class=\"TextRun SCXW139809698 BCX0\" lang=\"DE-DE\" xml:lang=\"DE-DE\" data-contrast=\"auto\"><span class=\"NormalTextRun SCXW139809698 BCX0\" data-ccp-parastyle=\"footnote text\">Der Zimmerspringbrunnen.\u00a0<\/span><span class=\"NormalTextRun SCXW139809698 BCX0\" data-ccp-parastyle=\"footnote text\">Ein Heimatroman<\/span><\/span><span class=\"TextRun SCXW139809698 BCX0\" lang=\"DE-DE\" xml:lang=\"DE-DE\" data-contrast=\"auto\"><span class=\"NormalTextRun SCXW139809698 BCX0\" data-ccp-parastyle=\"footnote text\">. K\u00f6ln: Kiepenheuer &amp; Witsch, 1995, S. 52 f.<\/span><\/span><span class=\"EOP SCXW139809698 BCX0\" data-ccp-props=\"{&quot;201341983&quot;:0,&quot;335559739&quot;:0,&quot;335559740&quot;:360}\">\u00a0<\/span><\/p>\n<p><span style=\"font-size: 10pt; font-family: georgia, palatino, serif;\"><a href=\"#_ftnref2\" name=\"_ftn2\">[2]<\/a><\/span> <span class=\"TextRun SCXW101374784 BCX0\" lang=\"DE-DE\" xml:lang=\"DE-DE\" data-contrast=\"auto\"><span class=\"NormalTextRun SCXW101374784 BCX0\" data-ccp-parastyle=\"footnote text\">Ebd., S. 55.<\/span><\/span><\/p>\n<h3><a id=\"Figurenkonstellation\"><\/a>Figurenkonstellation und Charakteristika<\/h3>\n<p>(Klicken Sie auf die Grafik f\u00fcr eine barrierefreie PDF-Version)<\/p>\n<p><a href=\"https:\/\/blogs.dickinson.edu\/glossen\/files\/2023\/09\/PDF-Figurenkonstellation-und-Charakteristika.pdf\"><img loading=\"lazy\" decoding=\"async\" class=\"alignnone wp-image-8237 size-full\" src=\"https:\/\/blogs.dickinson.edu\/glossen\/files\/2023\/09\/JPEG-Figurenkonstellation-und-Charakteristika-e1695080768607.png\" alt=\"\" width=\"2394\" height=\"1929\" srcset=\"https:\/\/blogs.dickinson.edu\/glossen\/files\/2023\/09\/JPEG-Figurenkonstellation-und-Charakteristika-e1695080768607.png 2394w, https:\/\/blogs.dickinson.edu\/glossen\/files\/2023\/09\/JPEG-Figurenkonstellation-und-Charakteristika-e1695080768607-300x242.png 300w, https:\/\/blogs.dickinson.edu\/glossen\/files\/2023\/09\/JPEG-Figurenkonstellation-und-Charakteristika-e1695080768607-1024x825.png 1024w, https:\/\/blogs.dickinson.edu\/glossen\/files\/2023\/09\/JPEG-Figurenkonstellation-und-Charakteristika-e1695080768607-768x619.png 768w, https:\/\/blogs.dickinson.edu\/glossen\/files\/2023\/09\/JPEG-Figurenkonstellation-und-Charakteristika-e1695080768607-1536x1238.png 1536w, https:\/\/blogs.dickinson.edu\/glossen\/files\/2023\/09\/JPEG-Figurenkonstellation-und-Charakteristika-e1695080768607-2048x1650.png 2048w\" sizes=\"auto, (max-width: 2394px) 100vw, 2394px\" \/><\/a><\/p>\n<h3><a id=\"Einordnung\"><\/a>Zeitliche Einordnung<\/h3>\n<p>(Klicken Sie auf die Grafik f\u00fcr eine barrierefreie PDF-Version)<\/p>\n<p><a href=\"https:\/\/blogs.dickinson.edu\/glossen\/files\/2023\/09\/PDF-Zeitliche-Einordnung.pdf\"><img loading=\"lazy\" decoding=\"async\" class=\"alignnone wp-image-8240 size-full\" src=\"https:\/\/blogs.dickinson.edu\/glossen\/files\/2023\/09\/JPEG-Zeitliche-Einordnung-e1695080894971.png\" alt=\"\" width=\"2481\" height=\"2438\" srcset=\"https:\/\/blogs.dickinson.edu\/glossen\/files\/2023\/09\/JPEG-Zeitliche-Einordnung-e1695080894971.png 2481w, https:\/\/blogs.dickinson.edu\/glossen\/files\/2023\/09\/JPEG-Zeitliche-Einordnung-e1695080894971-300x295.png 300w, https:\/\/blogs.dickinson.edu\/glossen\/files\/2023\/09\/JPEG-Zeitliche-Einordnung-e1695080894971-1024x1006.png 1024w, https:\/\/blogs.dickinson.edu\/glossen\/files\/2023\/09\/JPEG-Zeitliche-Einordnung-e1695080894971-768x755.png 768w, https:\/\/blogs.dickinson.edu\/glossen\/files\/2023\/09\/JPEG-Zeitliche-Einordnung-e1695080894971-1536x1509.png 1536w, https:\/\/blogs.dickinson.edu\/glossen\/files\/2023\/09\/JPEG-Zeitliche-Einordnung-e1695080894971-2048x2013.png 2048w\" sizes=\"auto, (max-width: 2481px) 100vw, 2481px\" \/><\/a><\/p>\n","protected":false},"excerpt":{"rendered":"<p>Inhalt und Struktur des Romans Der Zimmerspringbrunnen Figurenkonstellation und Charakteristika Zeitliche Einordnung &nbsp; Inhalt und Struktur des Romans\u00a0Der Zimmerspringbrunnen Anhand des Protagonisten Hinrich Lobek, der als homodiegetischer Ich-Erz\u00e4hler aus der eigenen Perspektive erz\u00e4hlt, wird im Roman der Ost-West-Konflikt nach der Wende bearbeitet. Nach mehrj\u00e4hriger T\u00e4tigkeit bei der Ostberliner kommunalen Wohnungsverwaltung ist Hinrich nach der Wende [&hellip;]<\/p>\n","protected":false},"author":4985,"featured_media":0,"parent":8218,"menu_order":0,"comment_status":"closed","ping_status":"closed","template":"","meta":{"footnotes":""},"class_list":["post-8229","page","type-page","status-publish","hentry"],"_links":{"self":[{"href":"https:\/\/blogs.dickinson.edu\/glossen\/wp-json\/wp\/v2\/pages\/8229","targetHints":{"allow":["GET"]}}],"collection":[{"href":"https:\/\/blogs.dickinson.edu\/glossen\/wp-json\/wp\/v2\/pages"}],"about":[{"href":"https:\/\/blogs.dickinson.edu\/glossen\/wp-json\/wp\/v2\/types\/page"}],"author":[{"embeddable":true,"href":"https:\/\/blogs.dickinson.edu\/glossen\/wp-json\/wp\/v2\/users\/4985"}],"replies":[{"embeddable":true,"href":"https:\/\/blogs.dickinson.edu\/glossen\/wp-json\/wp\/v2\/comments?post=8229"}],"version-history":[{"count":0,"href":"https:\/\/blogs.dickinson.edu\/glossen\/wp-json\/wp\/v2\/pages\/8229\/revisions"}],"up":[{"embeddable":true,"href":"https:\/\/blogs.dickinson.edu\/glossen\/wp-json\/wp\/v2\/pages\/8218"}],"wp:attachment":[{"href":"https:\/\/blogs.dickinson.edu\/glossen\/wp-json\/wp\/v2\/media?parent=8229"}],"curies":[{"name":"wp","href":"https:\/\/api.w.org\/{rel}","templated":true}]}}