{"id":8244,"date":"2023-09-18T20:40:36","date_gmt":"2023-09-19T00:40:36","guid":{"rendered":"https:\/\/blogs.dickinson.edu\/glossen\/?page_id=8244"},"modified":"2024-03-24T15:29:38","modified_gmt":"2024-03-24T19:29:38","slug":"rezeption-von-der-zimmerspringbrunnen","status":"publish","type":"page","link":"https:\/\/blogs.dickinson.edu\/glossen\/archive\/glossen-50\/rezeption-von-der-zimmerspringbrunnen\/","title":{"rendered":"Rezeption von Der Zimmerspringbrunnen"},"content":{"rendered":"<p style=\"text-align: justify;\"><span data-contrast=\"auto\">Als \u201eHeimatroman\u201c, den der Titel verspricht, ist Sparschuhs Roman heimatlos, und auch von dem \u201erasanten Gesellschaftsroman\u201c, den der Klappentext verspricht, kann keine Rede sein. Zwischen zwei Buchdeckeln jedenfalls macht \u201eder Zimmerspringbrunnen\u201c einen ebenso schlechten Eindruck wie mutma\u00dflich als Original im Wohnzimmer. Nur da\u00df man das monotone Gepl\u00e4tscher abstellen k\u00f6nnte. <\/span><span data-ccp-props=\"{&quot;201341983&quot;:0,&quot;335559685&quot;:708,&quot;335559739&quot;:0,&quot;335559740&quot;:360}\">\u00a0<\/span><\/p>\n<p style=\"text-align: right;\"><span data-contrast=\"auto\">Andreas Platthaus, <\/span><i><span data-contrast=\"auto\">F.A.Z.<\/span><\/i><span data-contrast=\"auto\"> vom 14. Dezember 1995, S. 34\u00a0<\/span><span data-ccp-props=\"{&quot;201341983&quot;:0,&quot;335559739&quot;:0,&quot;335559740&quot;:360}\">\u00a0<\/span><\/p>\n<p><span data-ccp-props=\"{&quot;201341983&quot;:0,&quot;335559739&quot;:0,&quot;335559740&quot;:360}\">\u00a0<\/span><\/p>\n<p style=\"text-align: justify;\"><span data-contrast=\"auto\">Mit diesem burlesken Vertreterroman aus dem Jahr 1995 ist Sparschuh das Kunstst\u00fcck gelungen, alle komischen und tragischen Aspekte der Ost-West-Spaltung aufzugreifen und ohne Larmoyanz durchzuspielen. Eine gekonnte \u2013 2001 auch f\u00fcrs Kino verfilmte \u2013 Satire \u00fcber den Erfolg.<\/span><span data-ccp-props=\"{&quot;201341983&quot;:0,&quot;335559685&quot;:708,&quot;335559739&quot;:0,&quot;335559740&quot;:360}\">\u00a0<\/span><\/p>\n<p style=\"text-align: right;\"><a href=\"https:\/\/www.mdr.de\/kultur\/radio\/ipg\/sendung885744.html\"><span data-contrast=\"none\">https:\/\/www.mdr.de\/kultur\/radio\/ipg\/sendung885744.html<\/span><\/a><span data-contrast=\"auto\"> (eingesehen am 25. August 2020)<\/span><span data-ccp-props=\"{&quot;201341983&quot;:0,&quot;335559739&quot;:0,&quot;335559740&quot;:360}\">\u00a0<\/span><\/p>\n<p><span data-ccp-props=\"{&quot;201341983&quot;:0,&quot;335559739&quot;:0,&quot;335559740&quot;:360}\">\u00a0<\/span><\/p>\n<p style=\"text-align: justify;\"><span data-contrast=\"auto\">Jens Sparschuhs satirischer Heimatroman \u201eDer Zimmerspringbrunnen\u201c bereitet schier grenzenloses Lesevergn\u00fcgen: Verspottet werden ost- wie westdeutsche Eigenarten gleicherma\u00dfen, sei es die zum bequemen Ritual gewordene Opferhaltung der einen, sei es die Kolonisierungswut der anderen Deutschen. Sparschuh erz\u00e4hlt sicher, schnell und witzig. \u201eEin Buch f\u00fcr den Urlaub und f\u00fcr den ICE\u201c, meint der Autor \u2013 \u00fcbrigens ohne jede Bescheidenheit. [\u2026] Sparschuh spielt mit der g\u00e4ngigen DDR-Nostalgie, ohne sie zu verachten. \u201eF\u00fcr viele Leute ist das Alte allzu pl\u00f6tzlich zu Ende gegangen\u201c, meint der Ost-Berliner Autor, \u201ewie eine ausgebrannte Raketenstufe irrt die DDR noch in deren K\u00f6pfen herum.\u201c\u00a0<\/span><span data-ccp-props=\"{&quot;201341983&quot;:0,&quot;335559685&quot;:708,&quot;335559739&quot;:0,&quot;335559740&quot;:360}\">\u00a0<\/span><\/p>\n<p style=\"text-align: right;\"><span data-contrast=\"auto\">Martin Doerry, <\/span><i><span data-contrast=\"auto\">Der Spiegel<\/span><\/i><span data-contrast=\"auto\"> vom 25. September 1995<\/span><span data-ccp-props=\"{&quot;201341983&quot;:0,&quot;335559739&quot;:0,&quot;335559740&quot;:360}\">\u00a0<\/span><\/p>\n","protected":false},"excerpt":{"rendered":"<p>Als \u201eHeimatroman\u201c, den der Titel verspricht, ist Sparschuhs Roman heimatlos, und auch von dem \u201erasanten Gesellschaftsroman\u201c, den der Klappentext verspricht, kann keine Rede sein. Zwischen zwei Buchdeckeln jedenfalls macht \u201eder Zimmerspringbrunnen\u201c einen ebenso schlechten Eindruck wie mutma\u00dflich als Original im Wohnzimmer. Nur da\u00df man das monotone Gepl\u00e4tscher abstellen k\u00f6nnte. \u00a0 Andreas Platthaus, F.A.Z. vom 14. [&hellip;]<\/p>\n","protected":false},"author":4985,"featured_media":0,"parent":8218,"menu_order":0,"comment_status":"closed","ping_status":"closed","template":"","meta":{"footnotes":""},"class_list":["post-8244","page","type-page","status-publish","hentry"],"_links":{"self":[{"href":"https:\/\/blogs.dickinson.edu\/glossen\/wp-json\/wp\/v2\/pages\/8244","targetHints":{"allow":["GET"]}}],"collection":[{"href":"https:\/\/blogs.dickinson.edu\/glossen\/wp-json\/wp\/v2\/pages"}],"about":[{"href":"https:\/\/blogs.dickinson.edu\/glossen\/wp-json\/wp\/v2\/types\/page"}],"author":[{"embeddable":true,"href":"https:\/\/blogs.dickinson.edu\/glossen\/wp-json\/wp\/v2\/users\/4985"}],"replies":[{"embeddable":true,"href":"https:\/\/blogs.dickinson.edu\/glossen\/wp-json\/wp\/v2\/comments?post=8244"}],"version-history":[{"count":0,"href":"https:\/\/blogs.dickinson.edu\/glossen\/wp-json\/wp\/v2\/pages\/8244\/revisions"}],"up":[{"embeddable":true,"href":"https:\/\/blogs.dickinson.edu\/glossen\/wp-json\/wp\/v2\/pages\/8218"}],"wp:attachment":[{"href":"https:\/\/blogs.dickinson.edu\/glossen\/wp-json\/wp\/v2\/media?parent=8244"}],"curies":[{"name":"wp","href":"https:\/\/api.w.org\/{rel}","templated":true}]}}