{"id":8248,"date":"2023-09-18T20:48:36","date_gmt":"2023-09-19T00:48:36","guid":{"rendered":"https:\/\/blogs.dickinson.edu\/glossen\/?page_id=8248"},"modified":"2024-03-26T11:41:29","modified_gmt":"2024-03-26T15:41:29","slug":"jens-sparschuh-und-sein-werk","status":"publish","type":"page","link":"https:\/\/blogs.dickinson.edu\/glossen\/archive\/glossen-50\/jens-sparschuh-und-sein-werk\/","title":{"rendered":"Jens Sparschuh und sein Werk"},"content":{"rendered":"<p><a href=\"#Biografisches\">Biografisches zu Jens Sparschuh<\/a><br \/>\n<a href=\"#Primaerliteratur\">Prim\u00e4rliteratur von Jens Sparschuh<\/a><br \/>\n<a href=\"#Kinderb\u00fccher\">Kinder- und Bilderb\u00fccher<\/a><br \/>\n<a href=\"#Sekund\u00e4rliteratur\">Sekund\u00e4rliteratur<\/a><\/p>\n<p>&nbsp;<\/p>\n<h3><a id=\"Biografisches\"><\/a>Biografisches zu Jens Sparschuh<\/h3>\n<p style=\"text-align: justify;\"><span data-contrast=\"auto\">1955 wurde Jens Sparschuh in Karl-Marx-Stadt (heute Chemnitz) geboren. Sein Abitur legte er in Halle an der Saale ab. Sparschuh studierte 1973 bis 1978 Philosophie und Logik in Leningrad (heute St. Petersburg). Dann \u00fcbernahm er 1978 eine Assistenzstelle an der Humboldt-Universit\u00e4t in (Ost-)-Berlin und wurde 1983 zum Doktor der Philosophie promoviert. Seitdem arbeitet er als freiberuflicher Schriftsteller. Sparschuh ver\u00f6ffentlichte eine Vielzahl von Romanen, H\u00f6rspielen und Kinderb\u00fcchern. Zur Umbruchszeit engagierte er sich in der B\u00fcrgerrechtsbewegung der DDR und war Mitglied im \u201eNeuen Forum\u201c. Er lebte und lebt in Berlin.\u00a0<\/span><span data-ccp-props=\"{&quot;201341983&quot;:0,&quot;335559739&quot;:0,&quot;335559740&quot;:360}\">\u00a0<\/span><\/p>\n<p style=\"text-align: justify;\"><span data-contrast=\"auto\">Sparschuhs vielf\u00e4ltiges schriftstellerisches Werk ist gepr\u00e4gt von Themen wie Identit\u00e4t und Ich-Verlust, Regression und Verstummen, der Analyse herrschender Rationalit\u00e4tsstrukturen sowie innere Leere und Orientierungslosigkeit. Zur Darstellung nutzt er, so von Bormann und Nause in\u00a0 <\/span><i><span data-contrast=\"auto\">Killys Literaturlexikon<\/span><\/i><span data-contrast=\"auto\">, \u201eein[en] leichte[n], anspielungsreiche[n] Erz\u00e4hlton<\/span><span data-ccp-props=\"{&quot;201341983&quot;:0,&quot;335559739&quot;:0,&quot;335559740&quot;:360}\">\u00a0<\/span><span data-contrast=\"auto\">voller Sprachwitz, Humor, Parodie, Groteske.\u201c<a href=\"#_ftn1\" name=\"_ftnref1\">[1]<\/a><\/span><span data-contrast=\"auto\">\u00a0Einige seiner Werke sind: <\/span><i><span data-contrast=\"auto\">Der gro\u00dfe Coup<\/span><\/i><span data-contrast=\"auto\"> (Berlin 1987), <\/span><i><span data-contrast=\"auto\">Der Schneemensch<\/span><\/i><span data-contrast=\"auto\"> (K\u00f6ln 1993), <\/span><i><span data-contrast=\"auto\">Der Zimmerspringbrunnen<\/span><\/i><span data-contrast=\"auto\"> (K\u00f6ln 1995), <\/span><i><span data-contrast=\"auto\">Lavaters Maske<\/span><\/i><span data-contrast=\"auto\"> (K\u00f6ln 1999) und <\/span><i><span data-contrast=\"auto\">Schwarze Dame<\/span><\/i><span data-contrast=\"auto\"> (K\u00f6ln 2007). Sein aktuellster Roman ist <\/span><i><span data-contrast=\"auto\">Jakobs Muschel<\/span><\/i><span data-contrast=\"auto\"> (Hildesheim 2019).<\/span><span data-ccp-props=\"{&quot;201341983&quot;:0,&quot;335559739&quot;:0,&quot;335559740&quot;:360}\">\u00a0<\/span><\/p>\n<p><span style=\"font-size: 10pt; font-family: 'times new roman', times, serif;\"><a href=\"#_ftnref1\" name=\"_ftn1\"><span style=\"font-family: georgia, palatino, serif;\">[1]<\/span><\/a> <\/span><span class=\"TextRun SCXW156536146 BCX0\" lang=\"DE-DE\" xml:lang=\"DE-DE\" data-contrast=\"auto\"><span class=\"NormalTextRun SCXW156536146 BCX0\" data-ccp-parastyle=\"footnote text\">Von Bormann, Alexander \/ Nause, Tanja. \u201eJens Sparschuh\u201c. In:\u00a0<\/span><\/span><span class=\"TextRun SCXW156536146 BCX0\" lang=\"DE-DE\" xml:lang=\"DE-DE\" data-contrast=\"auto\"><span class=\"NormalTextRun SCXW156536146 BCX0\" data-ccp-parastyle=\"footnote text\">Killy Literaturlexikon<\/span><\/span><span class=\"TextRun SCXW156536146 BCX0\" lang=\"DE-DE\" xml:lang=\"DE-DE\" data-contrast=\"auto\"><span class=\"NormalTextRun SCXW156536146 BCX0\" data-ccp-parastyle=\"footnote text\">. 2., vollst\u00e4ndig \u00fcberarbeitete Auflage. Bd. 11: Si &#8211; Vi. Berlin, Boston: de Gruyter, 2011 , S. 88-89, hier: S. 89.<\/span><\/span><span class=\"EOP SCXW156536146 BCX0\" data-ccp-props=\"{&quot;201341983&quot;:0,&quot;335559739&quot;:0,&quot;335559740&quot;:360}\">\u00a0<\/span><\/p>\n<p>&nbsp;<\/p>\n<h3><a id=\"Primaerliteratur\"><\/a>Prim\u00e4rliteratur von Jens Sparschuh<\/h3>\n<p><em>Waldw\u00e4rts<\/em>. <em>Eine Reiseroman von A bis Z erlogen. <\/em>Berlin: Buchverlag Der Morgen, 1985, wieder aufgelegt: Frankfurt am Main: Edition B\u00fcchergilde, 2004.<\/p>\n<p><em>Der gro\u00dfe Coup<\/em>. <em>Aus den geheimen Tage- und Nachtb\u00fcchern des Johann Peter Eckermann<\/em>. Berlin: Buchverlag Der Morgen, 1987, wieder aufgelegt: K\u00f6ln: Kiepenheuer &amp; Witsch, 1996.<\/p>\n<p><em>KopfSprung.<\/em> <em>Aus den Memoiren des letzten deutschen Gedankenlesers<\/em>. Berlin: Buchverlag Der Morgen, 1989.<\/p>\n<p><em>Indwendig<\/em>. Winsen \/ Luhe: Winsener Verl.-Vermittlung, 1990.<\/p>\n<p><em>Der Schneemensch<\/em>. K\u00f6ln: Kiepenheuer &amp; Witsch, 1993.<\/p>\n<p><em>Der Zimmerspringbrunnen.<\/em> <em>Ein Heimatroman<\/em>. K\u00f6ln: Kiepenheuer &amp; Witsch, 1995.<\/p>\n<p><em>Ich dachte, sie finden uns nicht.<\/em> K\u00f6ln: Kiepenheuer &amp; Witsch, 1997.<\/p>\n<p><em>Lavaters Maske. <\/em>K\u00f6ln: Kiepenheuer &amp; Witsch, 1999.<\/p>\n<p><em>Eins zu eins. <\/em>K\u00f6ln: Kiepenheuer &amp; Witsch, 2003.<\/p>\n<p><em>Silberblick.<\/em> <em>Zwei Unterhaltungen. <\/em>K\u00f6ln: Kiepenheuer &amp; Witsch, 2004.<\/p>\n<p><em>Ich glaube, sie haben uns nicht gesucht. Zerstreute Prosa.<\/em> K\u00f6ln: Kiepenheuer &amp; Witsch, 2005.<\/p>\n<p><em>Schwarze Dame. <\/em>K\u00f6ln: Kiepenheuer &amp; Witsch, 2007.<\/p>\n[mit Sten Nadolny] <em>Putz- und Flickstunde. Zwei Kalte Krieger erinnern sich. <\/em>M\u00fcnchen: Piper, 2009.<\/p>\n<p><em>Im Kasten<\/em>. K\u00f6ln: Kiepenheuer &amp; Witsch 2012.<\/p>\n<p><em>Ende der Sommerzeit. <\/em>K\u00f6ln: Kiepenheuer &amp; Witsch, 2014.<\/p>\n<p><em>Das Leben kostet viel Zeit. <\/em>K\u00f6ln: Kiepenheuer &amp; Witsch, 2018.<\/p>\n<p><em>Die Matrosen der Zeit. Ein Logbuch<\/em>. K\u00f6ln: Kiepenheuer &amp; Witsch, 2021.<\/p>\n<p><em>Nicht wirklich<\/em>. K\u00f6ln: Kiepenheuer &amp; Witsch, 2023.<\/p>\n<p>&nbsp;<\/p>\n<h3><a id=\"Kinderb\u00fccher\"><\/a>Kinder- und Bilderb\u00fccher<\/h3>\n<p><em>Parzival Pechvogel.<\/em> Kinderroman. Z\u00fcrich: Nagel &amp; Kimche, 1994.<\/p>\n<p><em>Die sch\u00f6ne Belinda und ihr Erfinder<\/em>. Z\u00fcrich: Nagel &amp; Kimche, 1997.<\/p>\n<p><em>Stinkstiefel. <\/em>Z\u00fcrich: Nagel &amp; Kimche, 2000.<\/p>\n<p><em>Mit Lieschen M\u00fcller muss man rechnen. Eine Geschichte mit Zahlen. <\/em>Z\u00fcrich: Nagel &amp; Kimche, 2006.<\/p>\n<p><em>Morgens fr\u00fch um sechs\u2026 Die Geschichte von der kleinen Hexe und dem dicken Heinz. <\/em>Bilderbuch. Rostock: Hinstorff, 2009.<\/p>\n<p><em>Sibylle Prinzessin von Schwanstein.<\/em> Rostock: Hinstorff, 2012.<\/p>\n<p><em>Der alte Mann und das Meerschweinchen. <\/em>Hildesheim: Gerstenberg, 2017.<\/p>\n<p><em>Jakobs Muschel.<\/em> Hildesheim: Gerstenberg, 2019.<\/p>\n<p><em>Julia und ihr kleiner Gro\u00dfvater<\/em>. Hildesheim: Gerstenberg, 2022.<\/p>\n<p>&nbsp;<\/p>\n<h3><a id=\"Sekund\u00e4rliteratur\"><\/a>Sekund\u00e4rliteratur<\/h3>\n<p>Bachmann, Robert. <em>Jens Sparschuh und die Wende: \u201eDer Zimmerspringbrunnen\u201c im Kontext der Wiedervereinigung<\/em>. M\u00fcnchen: GRIN, 2011.<\/p>\n<p>Bonitz, Sven. <em>Das Wendebild in Jens Sparschuhs \u201eDer Zimmerspringbrunnen\u201c<\/em>. M\u00fcnchen: GRIN, 2009.<\/p>\n<p>Cosentino, Christine. \u201eSparschuh, Jens: Der Zimmerspringbrunnen\u201c [Rezension]. In: <em>Glossen<\/em> 1998, H. 5. Online verf\u00fcgbar unter: <a href=\"http:\/\/www2.dickinson.edu\/glossen\/heft5\/sparschuh.html\" target=\"_blank\" rel=\"noopener\">http:\/\/www2.dickinson.edu\/glossen\/heft5\/sparschuh.html<\/a> (abgerufen am 06.11.23).<\/p>\n<p>Cosentino, Christine. \u201eScherz, Satire und Ironie in der ostdeutschen Literatur der neunziger Jahre\u201c. In:\u00a0<em>The Journal of English and Germanic Philology<\/em> 1998, 97:4, 467-487. Online verf\u00fcgbar unter: <a href=\"https:\/\/www.jstor.org\/stable\/27711725\" target=\"_blank\" rel=\"noopener\">https:\/\/www.jstor.org\/stable\/27711725<\/a><\/p>\n<p>Criser, Regine. \u201eZwischen Anpassung und Instrumentalisierung. Hybride Lebensnarrative in der Literatur nach 1989\u201c. In: <em>Ostdeutsche Erinnerungsdiskurse nach 1989<\/em>. <em>Narrative kultureller Identit\u00e4t.<\/em> Hg. Goudin-Steinmann, Elisa \/ H\u00e4hnel-Mesnard, Carola. Berlin: Frank &amp; Timme, 2013, S. 199-212.<\/p>\n<p>Depka Prondzinska, Danuta. <em>Der spanische Schelmenroman und seine deutschen Verwandten.<\/em> M\u00fcnchen: GRIN, 2008.<\/p>\n<p>Fuchs, Mareen: <em>Dazwischen. Between the GDR and a United Germany<\/em>. Diss. New Brunswick, New Jersey, 2016. Online verf\u00fcgbar unter: <a href=\"https:\/\/doi.org\/doi:10.7282\/T3DV1N6C\" target=\"_blank\" rel=\"noopener\">https:\/\/doi.org\/doi:10.7282\/T3DV1N6C<\/a><\/p>\n<p>Galli, Matteo. \u201eSparschuh, Jens: Der Zimmerspringbrunnen. Ein Heimatroman (K\u00f6ln: Kiepenheuer &amp; Witsch)\u201c. In: <em>Wendejahr 1995. Transformationen der deutschsprachigen Literatur. <\/em>Hg. Tommek, Heribert \/ Galli, Matteo \/ Geisenhansl\u00fcke, Achim. Berlin \/ Boston: de Gruyter, 2015, S. 497-501.<\/p>\n<p>Gebauer, Mirjam. <em>Wendekrisen: der Pikaro im deutschen Roman der 1990er Jahre<\/em>, Trier: Wissenschaftlocher Verlag, 2006.<\/p>\n<p>Grub, Frank Thomas. \u201eGest\u00fcrzte Denkm\u00e4ler \u2013 ratlose Helden: Autorenportr\u00e4t Jens Sparschuh\u201c. In: <em>Der Deutschunterricht LII <\/em>(2000) H. 1, S. 87-95.<\/p>\n<p>Kormann, Julia. \u201eSatire und Ironie in der Literatur nach 1989. Texte nach der Wende von Thomas Brussig, Thomas Rosenl\u00f6cher und Jens Sparschuh\u201c. In: <em>Mentalit\u00e4tswandel in der deutschen Literatur zur Einheit<\/em>: Hg. Wehdeking, Volker. Berlin: Erich Schmidt, 2000, S.\u00a0165-176.<\/p>\n<p>Nause, Tanja. <em>Inszenierungen von Naivit\u00e4t. Tendenzen und Auswirkungen einer Erz\u00e4hlstrategie der Nachwendeliteratur.<\/em> Leipzig: Leipziger Universit\u00e4tsverlag, 2002.<\/p>\n<p>Neumann, Christian. \u201eOstalgie als Abwehr von Trauer. Zur Heimatsehnsucht in Jens Sparschuhs Nachwenderoman <em>Der Zimmerspringbrunnen<\/em>\u201c. In: <em>Literatur f\u00fcr Leser <\/em>2004, H. 2, S. 102-112.<\/p>\n<p>Nilges, Yvonne. \u201eFrei-Zeit im Konsum-Dispositiv. Gleichzeitigkeit, Beschleunigung, Zeichenprozesse im deutschsprachigen Roman der Jahrtausendwende\u201c. In: Hg. Dies. <em>Frei-Zeit in der Gegenwartsliteratur. Wissensordnungen im Wandel<\/em>. G\u00f6ttingen: V &amp; R Unipress 2021, S. 51-73.<\/p>\n<p>Orth, Dominik. \u201eLiterarisch archivierte Zeitgeschichte? Das Leben nach der Wende in Jens Sparschuhs <em>Der Zimmerspringbrunnen<\/em> und Alexander Osangs <em>Die Nachrichten<\/em>\u201c. In: <em>Nach-Wende-Narrationen. Das wiedervereinigte Deutschland im Spiegel von Literatur und Film<\/em>. Hg. L\u00fcdeker, Gerhard Jens. G\u00f6ttingen: V &amp; R Unipress, 2010, S. 103-118.<\/p>\n<p>Peters, Peter. [Art.] \u201eJens Sparschuh\u201c. In: <em>Kritisches Lexikon zur deutschsprachigen Gegenwartsliteratur \u2013 KLG<\/em>. Hg. Arnold, Heinz Ludwig.\u00a0 46. Nlg. (Stand: 1.1.1994, 4 + 4 S.). Online verf\u00fcgbar unter: <a href=\"http:\/\/www.nachschlage.net\/search\/klg\/Jens+Sparschuh\/534.html\" target=\"_blank\" rel=\"noopener\">http:\/\/www.nachschlage.net\/search\/klg\/Jens+Sparschuh\/534.html<\/a> (abgerufen am 06.11.23)-<\/p>\n<p>Reitzammer, Wolfgang<em>. Sparschuh, Der Zimmerspringbrunnen. Text &amp; Kommentar<\/em>. Bamberg: Buchners Schulbibliothek der Moderne, 2007.<\/p>\n<p>Schmidt, Karl-Wilhelm. \u201eEin rasanter Gegenwartsroman\u201c. In<em>: Praxis Deutsch <\/em>1998, H. 150: Unterhaltungsliteratur.<\/p>\n<p>Skare, Roswitha. \u201eText und Paratext und deren Remedierung im Film: Jens Sparschuhs Heimatroman <em>Der Zimmerspringbrunnen<\/em> (1995)\u201c. In: <em>A Document (Re)turn.<\/em> Hg. Skare, Roswitha \/ Windfeld Lund, Niels \/ V\u00e5rheim, Andreas. Frankfurt am Main: Peter Lang, 2007, S. 135-151.<\/p>\n<p>St\u00f6hr, Anna. <em>Klischee- oder Charakterstudie? Selbst- und Fremdbilder in Jens Sparschuhs \u201eDer Zimmerspringbrunnen\u201c. <\/em>M\u00fcnchen: GRIN, 2010.<\/p>\n<p>Twark, Jill. \u201eThe Comic Survivor: Self-Irony and Defensiveness in the Post-Wende Transition\u201c. In: Twark, Jill.\u00a0<em>Humor, Satire and Identiy<\/em>, Berlin: de Gruyter, 2007, S. 25-71.<\/p>\n<p>Wilczek, Reinhard. \u201eVergleichende Textaufgaben und ihre Bewertung. Beispiele aus einer Unterrichtssequenz zu Jens Sparschuhs <em>Zimmerspringbrunnen<\/em>\u201c<em>.<\/em> In: <em>Deutschunterricht<\/em> 2000, H. 53, S. 50-59.<\/p>\n<p>&nbsp;<\/p>\n","protected":false},"excerpt":{"rendered":"<p>Biografisches zu Jens Sparschuh Prim\u00e4rliteratur von Jens Sparschuh Kinder- und Bilderb\u00fccher Sekund\u00e4rliteratur &nbsp; Biografisches zu Jens Sparschuh 1955 wurde Jens Sparschuh in Karl-Marx-Stadt (heute Chemnitz) geboren. Sein Abitur legte er in Halle an der Saale ab. Sparschuh studierte 1973 bis 1978 Philosophie und Logik in Leningrad (heute St. Petersburg). Dann \u00fcbernahm er 1978 eine Assistenzstelle [&hellip;]<\/p>\n","protected":false},"author":4985,"featured_media":0,"parent":8218,"menu_order":0,"comment_status":"closed","ping_status":"closed","template":"","meta":{"footnotes":""},"class_list":["post-8248","page","type-page","status-publish","hentry"],"_links":{"self":[{"href":"https:\/\/blogs.dickinson.edu\/glossen\/wp-json\/wp\/v2\/pages\/8248","targetHints":{"allow":["GET"]}}],"collection":[{"href":"https:\/\/blogs.dickinson.edu\/glossen\/wp-json\/wp\/v2\/pages"}],"about":[{"href":"https:\/\/blogs.dickinson.edu\/glossen\/wp-json\/wp\/v2\/types\/page"}],"author":[{"embeddable":true,"href":"https:\/\/blogs.dickinson.edu\/glossen\/wp-json\/wp\/v2\/users\/4985"}],"replies":[{"embeddable":true,"href":"https:\/\/blogs.dickinson.edu\/glossen\/wp-json\/wp\/v2\/comments?post=8248"}],"version-history":[{"count":0,"href":"https:\/\/blogs.dickinson.edu\/glossen\/wp-json\/wp\/v2\/pages\/8248\/revisions"}],"up":[{"embeddable":true,"href":"https:\/\/blogs.dickinson.edu\/glossen\/wp-json\/wp\/v2\/pages\/8218"}],"wp:attachment":[{"href":"https:\/\/blogs.dickinson.edu\/glossen\/wp-json\/wp\/v2\/media?parent=8248"}],"curies":[{"name":"wp","href":"https:\/\/api.w.org\/{rel}","templated":true}]}}