{"id":8403,"date":"2024-10-08T09:32:59","date_gmt":"2024-10-08T13:32:59","guid":{"rendered":"https:\/\/blogs.dickinson.edu\/glossen\/?page_id=8403"},"modified":"2024-11-08T04:03:36","modified_gmt":"2024-11-08T09:03:36","slug":"glossen-51-current-issue","status":"publish","type":"page","link":"https:\/\/blogs.dickinson.edu\/glossen\/glossen-51-current-issue\/","title":{"rendered":"Glossen 51 | Current Issue"},"content":{"rendered":"<h2 class=\"p1\" style=\"text-align: center;\">Glossen 51 | <i>Tanz am Kanal<br \/>\n<\/i>3. Wende-Reader f\u00fcr den Unterricht<\/h2>\n<p>Vorwort zu den 4 Ausgaben<\/p>\n<p style=\"padding-left: 40px;\">Janine Ludwig | <a href=\"https:\/\/blogs.dickinson.edu\/glossen\/wendereader-vorwort\/\" target=\"_blank\" rel=\"noopener\">Von der Wende erz\u00e4hlen: Die Ereignisse von 1989\/90 in vier Wenderomanen aus den 1990er-Jahren<\/a><\/p>\n<h3 style=\"text-align: center;\"><em>Tanz am Kanal <\/em>von Kerstin Hensel<\/h3>\n<p>&nbsp;<\/p>\n<p><a href=\"https:\/\/blogs.dickinson.edu\/glossen\/tanz-am-kanal-allgemeines\" target=\"_blank\" rel=\"noopener\"><em>Tanz am Kanal<\/em> | Allgemeines<\/a><\/p>\n<p style=\"padding-left: 40px;\">Inhalt und Struktur<br \/>\nFigurenkonstellation und Charakteristika<br \/>\nZeitliche Einordnung<\/p>\n<p>&nbsp;<\/p>\n<p>Sekund\u00e4rliteratur zu\u00a0<em>Tanz am Kanal<\/em><\/p>\n<p style=\"padding-left: 40px;\">Elizabeth Mittman | <a href=\"https:\/\/blogs.dickinson.edu\/glossen\/narrative-ventriloquism\/\" target=\"_blank\" rel=\"noopener\">Narrative Ventriloquism: Writing Between Citation and Imagination in Kerstin Hensel&#8217;s\u00a0<em>Tanz am Kanal<\/em><\/a><\/p>\n<p style=\"padding-left: 40px;\">Melissa Ann Sheedy | <a href=\"https:\/\/blogs.dickinson.edu\/glossen\/meine-krankheit-heist-erwachen\/\" target=\"_blank\" rel=\"noopener\">\u201cMeine Krankheit hei\u00dft Erwachen\u201d: Queering Violence and Desire in Kerstin Hensel\u2019s <em>Tanz am Kanal<\/em><\/a><\/p>\n<p>&nbsp;<\/p>\n<p>Allgemeine Texte zur Wende-Literatur<\/p>\n<p style=\"padding-left: 40px;\">Janine Ludwig | <a href=\"https:\/\/blogs.dickinson.edu\/glossen\/glossen-51-current-issue\/viele-ostalgien\/\" target=\"_blank\" rel=\"noopener\">Viele Ostalgien <strong>\u2013 <\/strong>ein Kontext f\u00fcr den Wende-Reader<\/a><\/p>\n<p>&nbsp;<\/p>\n<p><a href=\"https:\/\/blogs.dickinson.edu\/glossen\/rezeption-tanz-am-kanal\/\" target=\"_blank\" rel=\"noopener\">Rezeption von <em>Tanz am Kanal<\/em><\/a><\/p>\n<p>&nbsp;<\/p>\n<p><a href=\"https:\/\/blogs.dickinson.edu\/glossen\/kerstin-hensel-und-ihr-werk\/\" target=\"_blank\" rel=\"noopener\">Kerstin Hensel und ihr Werk<\/a><\/p>\n<p style=\"padding-left: 40px;\">Biografisches zu Kerstin Hensel<br \/>\nPrim\u00e4rliteratur von Kerstin Hensel<br \/>\nSekund\u00e4rliteratur zu Kerstin Hensel und ihrem Werk<\/p>\n<p>&nbsp;<\/p>\n<p>F\u00fcr den Unterricht |\u00a0<a href=\"https:\/\/blogs.dickinson.edu\/glossen\/hensel-auszuge-aus-der-erzahlung-mit-diskussionsvorschlagen\/\" target=\"_blank\" rel=\"noopener\">Ausz\u00fcge aus der Erz\u00e4hlung mit Diskussionsvorschl\u00e4gen<\/a><\/p>\n<p>&nbsp;<\/p>\n<h3 style=\"text-align: center;\">Anhang | Wende-Reader in 4 Ausgaben<\/h3>\n<p><a href=\"https:\/\/blogs.dickinson.edu\/glossen\/zeitstrahl-und-chroniken-zur-wende\/\" target=\"_blank\" rel=\"noopener\">Zeitstrahl und Chroniken zur Wende<\/a><\/p>\n<p><a href=\"https:\/\/blogs.dickinson.edu\/glossen\/umstrittene-begriffe\/\" target=\"_blank\" rel=\"noopener\">Umstrittene Begriffe<\/a><\/p>\n<p><a href=\"https:\/\/blogs.dickinson.edu\/glossen\/sekundarliteratur-zur-ddr-und-wendeliteratur\/\" target=\"_blank\" rel=\"noopener\">Sekund\u00e4rliteratur zur DDR- und Wendeliteratur<\/a><\/p>\n<p><a href=\"https:\/\/blogs.dickinson.edu\/glossen\/wende-geschichte-materialien\/\" target=\"_blank\" rel=\"noopener\">Materialien zur Wende-Geschichte<\/a><\/p>\n<h3><\/h3>\n<h3><a href=\"https:\/\/blogs.dickinson.edu\/glossen\/redaktion-und-mitwirkende\/\" target=\"_blank\" rel=\"noopener\">Herausgabe, Redaktion und Mitwirkende<\/a> | Wende-Reader in 4 Ausgaben<\/h3>\n<p><a href=\"https:\/\/blogs.dickinson.edu\/glossen\/glossen-49\/\" target=\"_blank\" rel=\"noopener\">Glossen 49 | <em>Schlehweins Giraffe<\/em><\/a><\/p>\n<p><a href=\"https:\/\/blogs.dickinson.edu\/glossen\/glossen-50\/\" target=\"_blank\" rel=\"noopener\">Glossen 50 | <em>Der Zimmerspringbrunnen<\/em><\/a><\/p>\n<p>Glossen 52 | <em>Wiesinger<\/em><\/p>\n<p>&nbsp;<\/p>\n","protected":false},"excerpt":{"rendered":"<p>Glossen 51 | Tanz am Kanal 3. Wende-Reader f\u00fcr den Unterricht Vorwort zu den 4 Ausgaben Janine Ludwig | Von der Wende erz\u00e4hlen: Die Ereignisse von 1989\/90 in vier Wenderomanen aus den 1990er-Jahren Tanz am Kanal von Kerstin Hensel &nbsp; Tanz am Kanal | Allgemeines Inhalt und Struktur Figurenkonstellation und Charakteristika Zeitliche Einordnung &nbsp; Sekund\u00e4rliteratur [&hellip;]<\/p>\n","protected":false},"author":282,"featured_media":0,"parent":0,"menu_order":0,"comment_status":"closed","ping_status":"closed","template":"","meta":{"footnotes":""},"class_list":["post-8403","page","type-page","status-publish","hentry"],"_links":{"self":[{"href":"https:\/\/blogs.dickinson.edu\/glossen\/wp-json\/wp\/v2\/pages\/8403","targetHints":{"allow":["GET"]}}],"collection":[{"href":"https:\/\/blogs.dickinson.edu\/glossen\/wp-json\/wp\/v2\/pages"}],"about":[{"href":"https:\/\/blogs.dickinson.edu\/glossen\/wp-json\/wp\/v2\/types\/page"}],"author":[{"embeddable":true,"href":"https:\/\/blogs.dickinson.edu\/glossen\/wp-json\/wp\/v2\/users\/282"}],"replies":[{"embeddable":true,"href":"https:\/\/blogs.dickinson.edu\/glossen\/wp-json\/wp\/v2\/comments?post=8403"}],"version-history":[{"count":0,"href":"https:\/\/blogs.dickinson.edu\/glossen\/wp-json\/wp\/v2\/pages\/8403\/revisions"}],"wp:attachment":[{"href":"https:\/\/blogs.dickinson.edu\/glossen\/wp-json\/wp\/v2\/media?parent=8403"}],"curies":[{"name":"wp","href":"https:\/\/api.w.org\/{rel}","templated":true}]}}