{"id":8476,"date":"2024-10-01T09:01:32","date_gmt":"2024-10-01T13:01:32","guid":{"rendered":"https:\/\/blogs.dickinson.edu\/glossen\/?page_id=8476"},"modified":"2024-11-08T03:39:54","modified_gmt":"2024-11-08T08:39:54","slug":"rezeption-tanz-am-kanal","status":"publish","type":"page","link":"https:\/\/blogs.dickinson.edu\/glossen\/glossen-51-current-issue\/rezeption-tanz-am-kanal\/","title":{"rendered":"Rezeption von Tanz am Kanal"},"content":{"rendered":"<p><strong>Rezeption von\u00a0<em>Tanz am Kanal<\/em><\/strong><\/p>\n<p>\u201eDenn mit dem Schelmenroman teilt die Erz\u00e4hlung <em>Tanz am Kanal<\/em> die Motive des Abenteuerlichen, des Vagabundierens. Von der Villa des privilegierten Arztes in die Penner-Kneipe und in die Obdachlosigkeit, aber auch ins Sensationslicht der Medien und auf die Schlafcouch eines Hauptkommissars f\u00fchrt der Weg dieses weiblichen Pikaro, dem auch eine Vergewaltigung nicht erspart bleibt. Viele Berufst\u00e4tigkeiten durcheilt die Schelmin: vom Lehrling \u00fcber die Mitarbeiterin in einer Kulturabteilung und der Betriebskabarettistin zur Rindermagd, Hilfsarbeiterin und Abw\u00e4scherin. Mit dem \u201aabenteuerlichen\u2018 Simplizissimus des Grimmelshausen verbindet sie mehr als die adlige Herkunft.\u201c (Walter Hinck, FAZ, 2.\u00a0November 1994, Nr. 255, S. 36)<\/p>\n<p>&nbsp;<\/p>\n<p>\u201eDer Leser f\u00fchlt sich nicht, wie er wohl soll, irgendwo in einem sozialistischen Land. Er f\u00fchlt sich verarscht. Dieses Wort ist hier so fehl am Platze wie in der Erz\u00e4hlung. \u201aSchei\u00dfe\u2018 kann durchgehen, das ist ja inzwischen Allerweltsdeutsch. [\u2026] Ein bi\u00dfchen Ironie t\u00e4te der Erz\u00e4hlung \u00fcberhaupt manchmal gut, damit sie nicht zeitweilig so gespreizt daherkommt, als w\u00e4re sie geschrieben von jemandem \u201amit diversen Ost-West-\u00dcberschneidungen und Preisen\u2018 (Klappentext). [\u2026] Vielleicht ist \u201averschleiert\u2018 auch das richtige Wort f\u00fcr Kerstin Hensels behutsame Art, mit dem Ost-West Konflikt umzugehen.\u201c (Rudolf Walter Leonhardt, DIE ZEIT, 7. Oktober 1994, Nr. 41\/1994)<\/p>\n<p>&nbsp;<\/p>\n<p><strong>Literaturverzeichnis<\/strong><\/p>\n<p>Hensel, Kerstin. <em>Tanz am Kanal. Erz\u00e4hlung<\/em>. Frankfurt am Main: Suhrkamp, 1994.<\/p>\n","protected":false},"excerpt":{"rendered":"<p>Rezeption von\u00a0Tanz am Kanal \u201eDenn mit dem Schelmenroman teilt die Erz\u00e4hlung Tanz am Kanal die Motive des Abenteuerlichen, des Vagabundierens. Von der Villa des privilegierten Arztes in die Penner-Kneipe und in die Obdachlosigkeit, aber auch ins Sensationslicht der Medien und auf die Schlafcouch eines Hauptkommissars f\u00fchrt der Weg dieses weiblichen Pikaro, dem auch eine Vergewaltigung [&hellip;]<\/p>\n","protected":false},"author":282,"featured_media":0,"parent":8403,"menu_order":0,"comment_status":"closed","ping_status":"closed","template":"","meta":{"footnotes":""},"class_list":["post-8476","page","type-page","status-publish","hentry"],"_links":{"self":[{"href":"https:\/\/blogs.dickinson.edu\/glossen\/wp-json\/wp\/v2\/pages\/8476","targetHints":{"allow":["GET"]}}],"collection":[{"href":"https:\/\/blogs.dickinson.edu\/glossen\/wp-json\/wp\/v2\/pages"}],"about":[{"href":"https:\/\/blogs.dickinson.edu\/glossen\/wp-json\/wp\/v2\/types\/page"}],"author":[{"embeddable":true,"href":"https:\/\/blogs.dickinson.edu\/glossen\/wp-json\/wp\/v2\/users\/282"}],"replies":[{"embeddable":true,"href":"https:\/\/blogs.dickinson.edu\/glossen\/wp-json\/wp\/v2\/comments?post=8476"}],"version-history":[{"count":0,"href":"https:\/\/blogs.dickinson.edu\/glossen\/wp-json\/wp\/v2\/pages\/8476\/revisions"}],"up":[{"embeddable":true,"href":"https:\/\/blogs.dickinson.edu\/glossen\/wp-json\/wp\/v2\/pages\/8403"}],"wp:attachment":[{"href":"https:\/\/blogs.dickinson.edu\/glossen\/wp-json\/wp\/v2\/media?parent=8476"}],"curies":[{"name":"wp","href":"https:\/\/api.w.org\/{rel}","templated":true}]}}